{"id":331435,"date":"2025-04-16T14:02:04","date_gmt":"2025-04-16T06:02:04","guid":{"rendered":"https:\/\/crudo-leather.com\/?post_type=product&#038;p=331435"},"modified":"2025-05-20T11:23:40","modified_gmt":"2025-05-20T03:23:40","slug":"my-melody-customized-metal-tag-keychain-white-gold","status":"publish","type":"product","link":"https:\/\/crudo-leather.com\/de\/product\/my-melody-customized-metal-tag-keychain-white-gold\/","title":{"rendered":"My Melody Limited Edition personalisiertes Stahlanh\u00e4nger Schl\u00fcsselanh\u00e4nger"},"content":{"rendered":"","protected":false},"excerpt":{"rendered":"**Bitte w\u00e4hlen Sie mindestens ein My Melody Metall-Anh\u00e4nger aus, sonst wird das Produkt nur mit dem urspr\u00fcnglichen Crudo runden Anh\u00e4nger geliefert und nicht mit der My Melody Special Edition Geschenkbox**\n\n<strong><u>My Melody Special Edition<\/u><\/strong>\n\nLassen Sie zarte rosa Bl\u00fctenbl\u00e4tter sanft auf Ihr Handgelenk fallen. Kombinieren Sie frei den My Melody ma\u00dfgeschneiderten Schl\u00fcsselanh\u00e4nger und fangen Sie die ewige Romantik des Fr\u00fchlingsbl\u00fctenzaubers ein \u2013 jedes Bl\u00fctenblatt ist ein Zeichen der Verliebtheit.\n\n<strong>Klicken Sie auf \"Zum Warenkorb hinzuf\u00fcgen und gestalten\", um Ihren Gravurtext zu gestalten<\/strong>\n\n- Offiziell lizenziertes Sanrio Produkt\n- Verschiedene My Melody Emaille-Metall- oder 925 Sterlingsilber-Anh\u00e4nger k\u00f6nnen frei kombiniert und am Schl\u00fcsselring befestigt werden\n- Beim Kauf eines My Melody Special Edition Lederarmbands erhalten Sie eine My Melody Special Edition Geschenkbox mit abziehbarer Gru\u00dfkarte (inklusive Geschenkkarte und Produktgarantieschein)\n- Kostenloser Gravurservice, verschiedene Schriftarten und Gravurvorschl\u00e4ge zur Auswahl\n- Raffiniertes schr\u00e4ges Design\n- Farbkombination aus Metall verleiht modischen Touch\n- Kompakte Ma\u00dfe f\u00fcr einfachen Transport, kann auch als Anh\u00e4nger verwendet werden\n\n<strong>Herstellungszeit und Versanddetails<\/strong>\n- Jedes Produkt ben\u00f6tigt nur 1-5 Werktage zur Fertigstellung\n- Bestellungen von heute k\u00f6nnen bereits morgen versendet werden\n- Nur erh\u00e4ltlich in Hongkong, Macau, Festlandchina, Japan, S\u00fcdkorea und S\u00fcdamerika (au\u00dfer Panama)","protected":false},"featured_media":331437,"comment_status":"open","ping_status":"closed","template":"","meta":{"inline_featured_image":false},"collection":[3028],"trending_cat":[],"product_cat":[89],"product_tag":[2966],"class_list":{"0":"post-331435","1":"product","2":"type-product","3":"status-publish","4":"has-post-thumbnail","6":"product_cat-others-accessories","7":"product_tag-my-melody-special-edition","9":"first","10":"instock","11":"sale","12":"shipping-taxable","13":"purchasable","14":"product-type-variable"},"yoast_head":"<!-- This site is optimized with the Yoast SEO plugin v23.4 - https:\/\/yoast.com\/wordpress\/plugins\/seo\/ -->\n<title>Crudo My Melody Platin-Metallanh\u00e4nger Schl\u00fcsselanh\u00e4nger<\/title>\n<meta name=\"description\" content=\"Crudo My Melody personalisiertes Metallanh\u00e4nger-Schl\u00fcsselband. Platin, offiziell lizenziert, feine Gravur. Weltweiter Versand, einj\u00e4hrige Garantie.\" \/>\n<meta name=\"robots\" content=\"index, follow, max-snippet:-1, max-image-preview:large, max-video-preview:-1\" \/>\n<link rel=\"canonical\" href=\"https:\/\/crudo-leather.com\/de\/product\/my-melody-customized-metal-tag-keychain-white-gold\/\" \/>\n<meta property=\"og:locale\" content=\"en_US\" \/>\n<meta property=\"og:type\" content=\"article\" \/>\n<meta property=\"og:title\" content=\"Crudo My Melody Platin-Metallanh\u00e4nger Schl\u00fcsselanh\u00e4nger\" \/>\n<meta property=\"og:description\" content=\"Crudo My Melody personalisiertes Metallanh\u00e4nger-Schl\u00fcsselband. Platin, offiziell lizenziert, feine Gravur. Weltweiter Versand, einj\u00e4hrige Garantie.\" \/>\n<meta property=\"og:url\" content=\"https:\/\/crudo-leather.com\/product\/my-melody-customized-metal-tag-keychain-white-gold\/\" \/>\n<meta property=\"og:site_name\" content=\"Crudo\" \/>\n<meta property=\"article:modified_time\" content=\"2025-05-20T03:23:40+00:00\" \/>\n<meta property=\"og:image\" content=\"https:\/\/crudo-leather.com\/wp-content\/uploads\/2025\/04\/MM_KEC02_Silver.jpg\" \/>\n\t<meta property=\"og:image:width\" content=\"2000\" \/>\n\t<meta property=\"og:image:height\" content=\"2000\" \/>\n\t<meta property=\"og:image:type\" content=\"image\/jpeg\" \/>\n<meta name=\"twitter:card\" content=\"summary_large_image\" \/>\n<meta name=\"twitter:label1\" content=\"Est. reading time\" \/>\n\t<meta name=\"twitter:data1\" content=\"1 minute\" \/>\n<script type=\"application\/ld+json\" class=\"yoast-schema-graph\">{\"@context\":\"https:\/\/schema.org\",\"@graph\":[{\"@type\":\"WebPage\",\"@id\":\"https:\/\/crudo-leather.com\/product\/my-melody-customized-metal-tag-keychain-white-gold\/\",\"url\":\"https:\/\/crudo-leather.com\/product\/my-melody-customized-metal-tag-keychain-white-gold\/\",\"name\":\"My Melody Customized Metal Tag Keychain - White Gold\",\"isPartOf\":{\"@id\":\"https:\/\/crudo-leather.com\/#website\"},\"primaryImageOfPage\":{\"@id\":\"https:\/\/crudo-leather.com\/product\/my-melody-customized-metal-tag-keychain-white-gold\/#primaryimage\"},\"image\":{\"@id\":\"https:\/\/crudo-leather.com\/product\/my-melody-customized-metal-tag-keychain-white-gold\/#primaryimage\"},\"thumbnailUrl\":\"https:\/\/crudo-leather.com\/wp-content\/uploads\/2025\/04\/MM_KEC02_Silver.jpg\",\"datePublished\":\"2025-04-16T06:02:04+00:00\",\"dateModified\":\"2025-05-20T03:23:40+00:00\",\"description\":\"Explore officially licensed My Melody metal tag keychain. White gold color, free engraving service & luxury gift box. Create your exclusive My Melody accessory. Shop now!\",\"breadcrumb\":{\"@id\":\"https:\/\/crudo-leather.com\/product\/my-melody-customized-metal-tag-keychain-white-gold\/#breadcrumb\"},\"inLanguage\":\"en-US\",\"potentialAction\":[{\"@type\":\"ReadAction\",\"target\":[\"https:\/\/crudo-leather.com\/product\/my-melody-customized-metal-tag-keychain-white-gold\/\"]}]},{\"@type\":\"ImageObject\",\"inLanguage\":\"en-US\",\"@id\":\"https:\/\/crudo-leather.com\/product\/my-melody-customized-metal-tag-keychain-white-gold\/#primaryimage\",\"url\":\"https:\/\/crudo-leather.com\/wp-content\/uploads\/2025\/04\/MM_KEC02_Silver.jpg\",\"contentUrl\":\"https:\/\/crudo-leather.com\/wp-content\/uploads\/2025\/04\/MM_KEC02_Silver.jpg\",\"width\":2000,\"height\":2000},{\"@type\":\"BreadcrumbList\",\"@id\":\"https:\/\/crudo-leather.com\/product\/my-melody-customized-metal-tag-keychain-white-gold\/#breadcrumb\",\"itemListElement\":[{\"@type\":\"ListItem\",\"position\":1,\"name\":\"Shop\",\"item\":\"https:\/\/crudo-leather.com\/shop\/\"},{\"@type\":\"ListItem\",\"position\":2,\"name\":\"My Melody Customized Metal Tag Keychain\"}]},{\"@type\":\"WebSite\",\"@id\":\"https:\/\/crudo-leather.com\/#website\",\"url\":\"https:\/\/crudo-leather.com\/\",\"name\":\"Crudo\",\"description\":\"\",\"potentialAction\":[{\"@type\":\"SearchAction\",\"target\":{\"@type\":\"EntryPoint\",\"urlTemplate\":\"https:\/\/crudo-leather.com\/?s={search_term_string}\"},\"query-input\":{\"@type\":\"PropertyValueSpecification\",\"valueRequired\":true,\"valueName\":\"search_term_string\"}}],\"inLanguage\":\"en-US\"}]}<\/script>\n<!-- \/ Yoast SEO plugin. -->","yoast_head_json":{"title":"Crudo My Melody Platin-Metallanh\u00e4nger Schl\u00fcsselanh\u00e4nger","description":"Crudo My Melody personalisiertes Metallanh\u00e4nger-Schl\u00fcsselband. Platin, offiziell lizenziert, feine Gravur. Weltweiter Versand, einj\u00e4hrige Garantie.","robots":{"index":"index","follow":"follow","max-snippet":"max-snippet:-1","max-image-preview":"max-image-preview:large","max-video-preview":"max-video-preview:-1"},"canonical":"https:\/\/crudo-leather.com\/de\/product\/my-melody-customized-metal-tag-keychain-white-gold\/","og_locale":"en_US","og_type":"article","og_title":"Crudo My Melody Platin-Metallanh\u00e4nger Schl\u00fcsselanh\u00e4nger","og_description":"Crudo My Melody personalisiertes Metallanh\u00e4nger-Schl\u00fcsselband. Platin, offiziell lizenziert, feine Gravur. Weltweiter Versand, einj\u00e4hrige Garantie.","og_url":"https:\/\/crudo-leather.com\/product\/my-melody-customized-metal-tag-keychain-white-gold\/","og_site_name":"Crudo","article_modified_time":"2025-05-20T03:23:40+00:00","og_image":[{"width":2000,"height":2000,"url":"https:\/\/crudo-leather.com\/wp-content\/uploads\/2025\/04\/MM_KEC02_Silver.jpg","type":"image\/jpeg"}],"twitter_card":"summary_large_image","twitter_misc":{"Est. reading time":"1 minute"},"schema":{"@context":"https:\/\/schema.org","@graph":[{"@type":"WebPage","@id":"https:\/\/crudo-leather.com\/product\/my-melody-customized-metal-tag-keychain-white-gold\/","url":"https:\/\/crudo-leather.com\/product\/my-melody-customized-metal-tag-keychain-white-gold\/","name":"My Melody Customized Metal Tag Keychain - White Gold","isPartOf":{"@id":"https:\/\/crudo-leather.com\/#website"},"primaryImageOfPage":{"@id":"https:\/\/crudo-leather.com\/product\/my-melody-customized-metal-tag-keychain-white-gold\/#primaryimage"},"image":{"@id":"https:\/\/crudo-leather.com\/product\/my-melody-customized-metal-tag-keychain-white-gold\/#primaryimage"},"thumbnailUrl":"https:\/\/crudo-leather.com\/wp-content\/uploads\/2025\/04\/MM_KEC02_Silver.jpg","datePublished":"2025-04-16T06:02:04+00:00","dateModified":"2025-05-20T03:23:40+00:00","description":"Explore officially licensed My Melody metal tag keychain. White gold color, free engraving service & luxury gift box. Create your exclusive My Melody accessory. Shop now!","breadcrumb":{"@id":"https:\/\/crudo-leather.com\/product\/my-melody-customized-metal-tag-keychain-white-gold\/#breadcrumb"},"inLanguage":"en-US","potentialAction":[{"@type":"ReadAction","target":["https:\/\/crudo-leather.com\/product\/my-melody-customized-metal-tag-keychain-white-gold\/"]}]},{"@type":"ImageObject","inLanguage":"en-US","@id":"https:\/\/crudo-leather.com\/product\/my-melody-customized-metal-tag-keychain-white-gold\/#primaryimage","url":"https:\/\/crudo-leather.com\/wp-content\/uploads\/2025\/04\/MM_KEC02_Silver.jpg","contentUrl":"https:\/\/crudo-leather.com\/wp-content\/uploads\/2025\/04\/MM_KEC02_Silver.jpg","width":2000,"height":2000},{"@type":"BreadcrumbList","@id":"https:\/\/crudo-leather.com\/product\/my-melody-customized-metal-tag-keychain-white-gold\/#breadcrumb","itemListElement":[{"@type":"ListItem","position":1,"name":"Shop","item":"https:\/\/crudo-leather.com\/shop\/"},{"@type":"ListItem","position":2,"name":"My Melody Customized Metal Tag Keychain"}]},{"@type":"WebSite","@id":"https:\/\/crudo-leather.com\/#website","url":"https:\/\/crudo-leather.com\/","name":"Crudo","description":"","potentialAction":[{"@type":"SearchAction","target":{"@type":"EntryPoint","urlTemplate":"https:\/\/crudo-leather.com\/?s={search_term_string}"},"query-input":{"@type":"PropertyValueSpecification","valueRequired":true,"valueName":"search_term_string"}}],"inLanguage":"en-US"}]}},"_links":{"self":[{"href":"https:\/\/crudo-leather.com\/de\/wp-json\/wp\/v2\/product\/331435"}],"collection":[{"href":"https:\/\/crudo-leather.com\/de\/wp-json\/wp\/v2\/product"}],"about":[{"href":"https:\/\/crudo-leather.com\/de\/wp-json\/wp\/v2\/types\/product"}],"replies":[{"embeddable":true,"href":"https:\/\/crudo-leather.com\/de\/wp-json\/wp\/v2\/comments?post=331435"}],"wp:featuredmedia":[{"embeddable":true,"href":"https:\/\/crudo-leather.com\/de\/wp-json\/wp\/v2\/media\/331437"}],"wp:attachment":[{"href":"https:\/\/crudo-leather.com\/de\/wp-json\/wp\/v2\/media?parent=331435"}],"wp:term":[{"taxonomy":"collection","embeddable":true,"href":"https:\/\/crudo-leather.com\/de\/wp-json\/wp\/v2\/collection?post=331435"},{"taxonomy":"trending_cat","embeddable":true,"href":"https:\/\/crudo-leather.com\/de\/wp-json\/wp\/v2\/trending_cat?post=331435"},{"taxonomy":"product_cat","embeddable":true,"href":"https:\/\/crudo-leather.com\/de\/wp-json\/wp\/v2\/product_cat?post=331435"},{"taxonomy":"product_tag","embeddable":true,"href":"https:\/\/crudo-leather.com\/de\/wp-json\/wp\/v2\/product_tag?post=331435"}],"curies":[{"name":"wp","href":"https:\/\/api.w.org\/{rel}","templated":true}]}}