{"id":332274,"date":"2025-04-24T16:37:05","date_gmt":"2025-04-24T08:37:05","guid":{"rendered":"https:\/\/crudo-leather.com\/?post_type=product&#038;p=332274"},"modified":"2025-07-14T12:26:16","modified_gmt":"2025-07-14T04:26:16","slug":"aurora-diamond-x-shaped-studs-earrings-aurluster","status":"publish","type":"product","link":"https:\/\/crudo-leather.com\/de\/product\/aurora-diamond-x-shaped-studs-earrings-aurluster\/","title":{"rendered":"Aurora Diamantohrringe"},"content":{"rendered":"","protected":false},"excerpt":{"rendered":"Die Aurora Diamant Ohrring Kollektion ist von den faszinierenden Farben des Polarlichts inspiriert, jedes Schmuckst\u00fcck ist auf Leichtigkeit und dezente Luxusoptik ausgelegt und speziell f\u00fcr den t\u00e4glichen Gebrauch von Damen konzipiert.\n\nDer Moment, in dem sich die Polarlichter kreuzen, ist in den eisigen und feurigen Linien dieses X-f\u00f6rmigen Ohrsteckers eingefroren. Die Sch\u00f6nheit des Polarlichts wird durch die Verflechtung der X-f\u00f6rmigen Doppellinien dargestellt, wobei eine Seite aus k\u00fchlen, platinfarbenen Linien aus 925 Sterlingsilber besteht und die andere Seite mit funkelnden Diamanten besetzt ist. Der Kontrast der Materialien erzeugt das Lied aus Eis und Feuer des Polarlichts und l\u00e4sst das Ohrl\u00e4ppchen auf dezente Weise die romantische Formel der Sterne interpretieren.\n\n<strong>Unvergleichliche Diamantqualit\u00e4t\n<\/strong>Jeder Diamant ist klar und strahlend. Die dreifache Exzellenz in Politur, Schliff und Symmetrie verleiht ihm au\u00dfergew\u00f6hnlichen Glanz und Charme.\n\n<strong>Einzigartiges Kunstwerk\n<\/strong>Von geschickten Handwerkern von Hand geschliffen, ist jeder Ohrring ein einzigartiges Kunstwerk.\n\n<strong>Umfassende Garantie\n<\/strong>Genie\u00dfen Sie einj\u00e4hrigen Produktschutz\nSieben Tage bedingungslose R\u00fcckgabegarantie (au\u00dfer bei gravierten Artikeln)\n\n<strong>Edle Verpackung\n<\/strong>Upgrade auf eine exquisite Geschenkbox-Verpackung inklusive Geschenkkarte und Garantieschein.\n\n<strong>Schneller Versand\n<\/strong>Bestellen Sie heute, Versand erfolgt schnellstm\u00f6glich, weltweiter Versand ohne Sorgen.","protected":false},"featured_media":332277,"comment_status":"open","ping_status":"closed","template":"","meta":{"inline_featured_image":false},"collection":[],"trending_cat":[],"product_cat":[2767],"product_tag":[],"class_list":{"0":"post-332274","1":"product","2":"type-product","3":"status-publish","4":"has-post-thumbnail","6":"product_cat-diamond","8":"first","9":"instock","10":"sale","11":"shipping-taxable","12":"purchasable","13":"product-type-variable"},"yoast_head":"<!-- This site is optimized with the Yoast SEO plugin v23.4 - https:\/\/yoast.com\/wordpress\/plugins\/seo\/ -->\n<title>Crudo Aurora Diamant X-f\u00f6rmige Ohrstecker - Strahlender Glanz<\/title>\n<meta name=\"description\" content=\"Entdecken Sie die Crudo Aurora Diamant-X-Ohrstecker, hergestellt aus ausgew\u00e4hlten funkelnden Diamanten und 925er Silber. Das schlichte und modische Design bringt ein einzigartiges Funkeln zur Geltung. Kaufen Sie jetzt und verleihen Sie Ihrem t\u00e4glichen Look Eleganz.\" \/>\n<meta name=\"robots\" content=\"index, follow, max-snippet:-1, max-image-preview:large, max-video-preview:-1\" \/>\n<link rel=\"canonical\" href=\"https:\/\/crudo-leather.com\/de\/product\/aurora-diamond-x-shaped-studs-earrings-aurluster\/\" \/>\n<meta property=\"og:locale\" content=\"en_US\" \/>\n<meta property=\"og:type\" content=\"article\" \/>\n<meta property=\"og:title\" content=\"Crudo Aurora Diamant X-f\u00f6rmige Ohrstecker - Strahlender Glanz\" \/>\n<meta property=\"og:description\" content=\"Entdecken Sie die Crudo Aurora Diamant-X-Ohrstecker, hergestellt aus ausgew\u00e4hlten funkelnden Diamanten und 925er Silber. Das schlichte und modische Design bringt ein einzigartiges Funkeln zur Geltung. Kaufen Sie jetzt und verleihen Sie Ihrem t\u00e4glichen Look Eleganz.\" \/>\n<meta property=\"og:url\" content=\"https:\/\/crudo-leather.com\/product\/aurora-diamond-x-shaped-studs-earrings-aurluster\/\" \/>\n<meta property=\"og:site_name\" content=\"Crudo\" \/>\n<meta property=\"article:modified_time\" content=\"2025-07-14T04:26:16+00:00\" \/>\n<meta property=\"og:image\" content=\"https:\/\/crudo-leather.com\/wp-content\/uploads\/2025\/04\/ZNK55_Ring03a.jpg\" \/>\n\t<meta property=\"og:image:width\" content=\"2000\" \/>\n\t<meta property=\"og:image:height\" content=\"2000\" \/>\n\t<meta property=\"og:image:type\" content=\"image\/jpeg\" \/>\n<meta name=\"twitter:card\" content=\"summary_large_image\" \/>\n<meta name=\"twitter:label1\" content=\"Est. reading time\" \/>\n\t<meta name=\"twitter:data1\" content=\"1 minute\" \/>\n<script type=\"application\/ld+json\" class=\"yoast-schema-graph\">{\"@context\":\"https:\/\/schema.org\",\"@graph\":[{\"@type\":\"WebPage\",\"@id\":\"https:\/\/crudo-leather.com\/product\/aurora-diamond-x-shaped-studs-earrings-aurluster\/\",\"url\":\"https:\/\/crudo-leather.com\/product\/aurora-diamond-x-shaped-studs-earrings-aurluster\/\",\"name\":\"Aurora Diamond X-Shaped Stud Earrings - Aurluster\",\"isPartOf\":{\"@id\":\"https:\/\/crudo-leather.com\/#website\"},\"primaryImageOfPage\":{\"@id\":\"https:\/\/crudo-leather.com\/product\/aurora-diamond-x-shaped-studs-earrings-aurluster\/#primaryimage\"},\"image\":{\"@id\":\"https:\/\/crudo-leather.com\/product\/aurora-diamond-x-shaped-studs-earrings-aurluster\/#primaryimage\"},\"thumbnailUrl\":\"https:\/\/crudo-leather.com\/wp-content\/uploads\/2025\/04\/ZNK55_Ring03a.jpg\",\"datePublished\":\"2025-04-24T08:37:05+00:00\",\"dateModified\":\"2025-07-14T04:26:16+00:00\",\"description\":\"Discover Aurora diamond X-shaped studs earrings in Aurluster design. A delicate and elegant piece, perfect for adding a touch of sparkle. Shop now!\",\"breadcrumb\":{\"@id\":\"https:\/\/crudo-leather.com\/product\/aurora-diamond-x-shaped-studs-earrings-aurluster\/#breadcrumb\"},\"inLanguage\":\"en-US\",\"potentialAction\":[{\"@type\":\"ReadAction\",\"target\":[\"https:\/\/crudo-leather.com\/product\/aurora-diamond-x-shaped-studs-earrings-aurluster\/\"]}]},{\"@type\":\"ImageObject\",\"inLanguage\":\"en-US\",\"@id\":\"https:\/\/crudo-leather.com\/product\/aurora-diamond-x-shaped-studs-earrings-aurluster\/#primaryimage\",\"url\":\"https:\/\/crudo-leather.com\/wp-content\/uploads\/2025\/04\/ZNK55_Ring03a.jpg\",\"contentUrl\":\"https:\/\/crudo-leather.com\/wp-content\/uploads\/2025\/04\/ZNK55_Ring03a.jpg\",\"width\":2000,\"height\":2000},{\"@type\":\"BreadcrumbList\",\"@id\":\"https:\/\/crudo-leather.com\/product\/aurora-diamond-x-shaped-studs-earrings-aurluster\/#breadcrumb\",\"itemListElement\":[{\"@type\":\"ListItem\",\"position\":1,\"name\":\"Shop\",\"item\":\"https:\/\/crudo-leather.com\/shop\/\"},{\"@type\":\"ListItem\",\"position\":2,\"name\":\"Aurora Diamond X-Shaped Studs Earrings\"}]},{\"@type\":\"WebSite\",\"@id\":\"https:\/\/crudo-leather.com\/#website\",\"url\":\"https:\/\/crudo-leather.com\/\",\"name\":\"Crudo\",\"description\":\"\",\"potentialAction\":[{\"@type\":\"SearchAction\",\"target\":{\"@type\":\"EntryPoint\",\"urlTemplate\":\"https:\/\/crudo-leather.com\/?s={search_term_string}\"},\"query-input\":{\"@type\":\"PropertyValueSpecification\",\"valueRequired\":true,\"valueName\":\"search_term_string\"}}],\"inLanguage\":\"en-US\"}]}<\/script>\n<!-- \/ Yoast SEO plugin. -->","yoast_head_json":{"title":"Crudo Aurora Diamant X-f\u00f6rmige Ohrstecker - Strahlender Glanz","description":"Entdecken Sie die Crudo Aurora Diamant-X-Ohrstecker, hergestellt aus ausgew\u00e4hlten funkelnden Diamanten und 925er Silber. Das schlichte und modische Design bringt ein einzigartiges Funkeln zur Geltung. Kaufen Sie jetzt und verleihen Sie Ihrem t\u00e4glichen Look Eleganz.","robots":{"index":"index","follow":"follow","max-snippet":"max-snippet:-1","max-image-preview":"max-image-preview:large","max-video-preview":"max-video-preview:-1"},"canonical":"https:\/\/crudo-leather.com\/de\/product\/aurora-diamond-x-shaped-studs-earrings-aurluster\/","og_locale":"en_US","og_type":"article","og_title":"Crudo Aurora Diamant X-f\u00f6rmige Ohrstecker - Strahlender Glanz","og_description":"Entdecken Sie die Crudo Aurora Diamant-X-Ohrstecker, hergestellt aus ausgew\u00e4hlten funkelnden Diamanten und 925er Silber. Das schlichte und modische Design bringt ein einzigartiges Funkeln zur Geltung. Kaufen Sie jetzt und verleihen Sie Ihrem t\u00e4glichen Look Eleganz.","og_url":"https:\/\/crudo-leather.com\/product\/aurora-diamond-x-shaped-studs-earrings-aurluster\/","og_site_name":"Crudo","article_modified_time":"2025-07-14T04:26:16+00:00","og_image":[{"width":2000,"height":2000,"url":"https:\/\/crudo-leather.com\/wp-content\/uploads\/2025\/04\/ZNK55_Ring03a.jpg","type":"image\/jpeg"}],"twitter_card":"summary_large_image","twitter_misc":{"Est. reading time":"1 minute"},"schema":{"@context":"https:\/\/schema.org","@graph":[{"@type":"WebPage","@id":"https:\/\/crudo-leather.com\/product\/aurora-diamond-x-shaped-studs-earrings-aurluster\/","url":"https:\/\/crudo-leather.com\/product\/aurora-diamond-x-shaped-studs-earrings-aurluster\/","name":"Aurora Diamond X-Shaped Stud Earrings - Aurluster","isPartOf":{"@id":"https:\/\/crudo-leather.com\/#website"},"primaryImageOfPage":{"@id":"https:\/\/crudo-leather.com\/product\/aurora-diamond-x-shaped-studs-earrings-aurluster\/#primaryimage"},"image":{"@id":"https:\/\/crudo-leather.com\/product\/aurora-diamond-x-shaped-studs-earrings-aurluster\/#primaryimage"},"thumbnailUrl":"https:\/\/crudo-leather.com\/wp-content\/uploads\/2025\/04\/ZNK55_Ring03a.jpg","datePublished":"2025-04-24T08:37:05+00:00","dateModified":"2025-07-14T04:26:16+00:00","description":"Discover Aurora diamond X-shaped studs earrings in Aurluster design. A delicate and elegant piece, perfect for adding a touch of sparkle. Shop now!","breadcrumb":{"@id":"https:\/\/crudo-leather.com\/product\/aurora-diamond-x-shaped-studs-earrings-aurluster\/#breadcrumb"},"inLanguage":"en-US","potentialAction":[{"@type":"ReadAction","target":["https:\/\/crudo-leather.com\/product\/aurora-diamond-x-shaped-studs-earrings-aurluster\/"]}]},{"@type":"ImageObject","inLanguage":"en-US","@id":"https:\/\/crudo-leather.com\/product\/aurora-diamond-x-shaped-studs-earrings-aurluster\/#primaryimage","url":"https:\/\/crudo-leather.com\/wp-content\/uploads\/2025\/04\/ZNK55_Ring03a.jpg","contentUrl":"https:\/\/crudo-leather.com\/wp-content\/uploads\/2025\/04\/ZNK55_Ring03a.jpg","width":2000,"height":2000},{"@type":"BreadcrumbList","@id":"https:\/\/crudo-leather.com\/product\/aurora-diamond-x-shaped-studs-earrings-aurluster\/#breadcrumb","itemListElement":[{"@type":"ListItem","position":1,"name":"Shop","item":"https:\/\/crudo-leather.com\/shop\/"},{"@type":"ListItem","position":2,"name":"Aurora Diamond X-Shaped Studs Earrings"}]},{"@type":"WebSite","@id":"https:\/\/crudo-leather.com\/#website","url":"https:\/\/crudo-leather.com\/","name":"Crudo","description":"","potentialAction":[{"@type":"SearchAction","target":{"@type":"EntryPoint","urlTemplate":"https:\/\/crudo-leather.com\/?s={search_term_string}"},"query-input":{"@type":"PropertyValueSpecification","valueRequired":true,"valueName":"search_term_string"}}],"inLanguage":"en-US"}]}},"_links":{"self":[{"href":"https:\/\/crudo-leather.com\/de\/wp-json\/wp\/v2\/product\/332274"}],"collection":[{"href":"https:\/\/crudo-leather.com\/de\/wp-json\/wp\/v2\/product"}],"about":[{"href":"https:\/\/crudo-leather.com\/de\/wp-json\/wp\/v2\/types\/product"}],"replies":[{"embeddable":true,"href":"https:\/\/crudo-leather.com\/de\/wp-json\/wp\/v2\/comments?post=332274"}],"wp:featuredmedia":[{"embeddable":true,"href":"https:\/\/crudo-leather.com\/de\/wp-json\/wp\/v2\/media\/332277"}],"wp:attachment":[{"href":"https:\/\/crudo-leather.com\/de\/wp-json\/wp\/v2\/media?parent=332274"}],"wp:term":[{"taxonomy":"collection","embeddable":true,"href":"https:\/\/crudo-leather.com\/de\/wp-json\/wp\/v2\/collection?post=332274"},{"taxonomy":"trending_cat","embeddable":true,"href":"https:\/\/crudo-leather.com\/de\/wp-json\/wp\/v2\/trending_cat?post=332274"},{"taxonomy":"product_cat","embeddable":true,"href":"https:\/\/crudo-leather.com\/de\/wp-json\/wp\/v2\/product_cat?post=332274"},{"taxonomy":"product_tag","embeddable":true,"href":"https:\/\/crudo-leather.com\/de\/wp-json\/wp\/v2\/product_tag?post=332274"}],"curies":[{"name":"wp","href":"https:\/\/api.w.org\/{rel}","templated":true}]}}