{"id":332288,"date":"2025-04-24T16:52:28","date_gmt":"2025-04-24T08:52:28","guid":{"rendered":"https:\/\/crudo-leather.com\/?post_type=product&#038;p=332288"},"modified":"2025-07-14T12:29:13","modified_gmt":"2025-07-14T04:29:13","slug":"aurora-diamond-huggie-earrings-crystalis","status":"publish","type":"product","link":"https:\/\/crudo-leather.com\/de\/product\/aurora-diamond-huggie-earrings-crystalis\/","title":{"rendered":"Aurora Diamant Ohrringe"},"content":{"rendered":"","protected":false},"excerpt":{"rendered":"Die Aurora Diamant Ohrring Kollektion ist von den faszinierenden Farben des Polarlichts inspiriert, jedes Schmuckst\u00fcck ist auf Leichtigkeit und dezente Luxuri\u00f6sit\u00e4t ausgelegt und speziell f\u00fcr den t\u00e4glichen Gebrauch von Damen konzipiert.\n\nDas Polarlicht wirbelt zu einem Ring und wird zur diamantbesetzten Kurve des Ohrrings. Der mit Diamanten besetzte Bogen umschlie\u00dft das Ohrl\u00e4ppchen wie die ewige Bahn des Polarlichts am Himmel. Das leichte Design, das sich perfekt an das Ohr anschmiegt, l\u00e4sst den Diamantenglanz mit jedem Schritt sanft schimmern und bringt den magischen Moment des flie\u00dfenden Polarlichts zur\u00fcck.\n\n<strong>Unvergleichliche Diamantqualit\u00e4t\n<\/strong>Jeder Diamant ist klar und funkelnd. Die dreifache Exzellenz in Politur, Schliff und Symmetrie verleiht ihm au\u00dfergew\u00f6hnlichen Glanz und Charme.\n\n<strong>Einzigartiges Kunstwerk\n<\/strong>Von geschickten Handwerkern von Hand geschliffen, ist jeder Ohrring ein einzigartiges Kunstwerk.\n\n<strong>Umfassende Garantie\n<\/strong>Genie\u00dfen Sie eine einj\u00e4hrige Produktgarantie.\nSieben Tage bedingungslose R\u00fcckgabegarantie (au\u00dfer bei gravierten Artikeln).\n\n<strong>Exquisite Verpackung\n<\/strong>Upgrade auf eine elegante Geschenkbox-Verpackung inklusive Geschenkkarte und Garantieschein.\n\n<strong>Schneller Versand\n<\/strong>Bestellen Sie heute, Versand erfolgt schnellstm\u00f6glich morgen, weltweit sorgenfrei.","protected":false},"featured_media":332290,"comment_status":"open","ping_status":"closed","template":"","meta":{"inline_featured_image":false},"collection":[],"trending_cat":[],"product_cat":[2767],"product_tag":[],"class_list":{"0":"post-332288","1":"product","2":"type-product","3":"status-publish","4":"has-post-thumbnail","6":"product_cat-diamond","8":"first","9":"instock","10":"sale","11":"shipping-taxable","12":"purchasable","13":"product-type-variable"},"yoast_head":"<!-- This site is optimized with the Yoast SEO plugin v23.4 - https:\/\/yoast.com\/wordpress\/plugins\/seo\/ -->\n<title>Crudo Aurora Diamant umarmende Ohrringe - Kristallglanz<\/title>\n<meta name=\"description\" content=\"Entdecken Sie die Crudo Aurora Diamant-Ohrringe mit umschlie\u00dfendem Design, besetzt mit funkelnden Diamanten, leicht und bequem. Perfekt an das Ohrl\u00e4ppchen angepasst, zeigen sie diskreten Luxus. Kaufen Sie jetzt und verleihen Sie Ihren Ohren einen bezaubernden Glanz.\" \/>\n<meta name=\"robots\" content=\"index, follow, max-snippet:-1, max-image-preview:large, max-video-preview:-1\" \/>\n<link rel=\"canonical\" href=\"https:\/\/crudo-leather.com\/de\/product\/aurora-diamond-huggie-earrings-crystalis\/\" \/>\n<meta property=\"og:locale\" content=\"en_US\" \/>\n<meta property=\"og:type\" content=\"article\" \/>\n<meta property=\"og:title\" content=\"Crudo Aurora Diamant umarmende Ohrringe - Kristallglanz\" \/>\n<meta property=\"og:description\" content=\"Entdecken Sie die Crudo Aurora Diamant-Ohrringe mit umschlie\u00dfendem Design, besetzt mit funkelnden Diamanten, leicht und bequem. Perfekt an das Ohrl\u00e4ppchen angepasst, zeigen sie diskreten Luxus. Kaufen Sie jetzt und verleihen Sie Ihren Ohren einen bezaubernden Glanz.\" \/>\n<meta property=\"og:url\" content=\"https:\/\/crudo-leather.com\/product\/aurora-diamond-huggie-earrings-crystalis\/\" \/>\n<meta property=\"og:site_name\" content=\"Crudo\" \/>\n<meta property=\"article:modified_time\" content=\"2025-07-14T04:29:13+00:00\" \/>\n<meta property=\"og:image\" content=\"https:\/\/crudo-leather.com\/wp-content\/uploads\/2025\/04\/ZNK55_Ring02a.jpg\" \/>\n\t<meta property=\"og:image:width\" content=\"2000\" \/>\n\t<meta property=\"og:image:height\" content=\"2000\" \/>\n\t<meta property=\"og:image:type\" content=\"image\/jpeg\" \/>\n<meta name=\"twitter:card\" content=\"summary_large_image\" \/>\n<meta name=\"twitter:label1\" content=\"Est. reading time\" \/>\n\t<meta name=\"twitter:data1\" content=\"1 minute\" \/>\n<script type=\"application\/ld+json\" class=\"yoast-schema-graph\">{\"@context\":\"https:\/\/schema.org\",\"@graph\":[{\"@type\":\"WebPage\",\"@id\":\"https:\/\/crudo-leather.com\/product\/aurora-diamond-huggie-earrings-crystalis\/\",\"url\":\"https:\/\/crudo-leather.com\/product\/aurora-diamond-huggie-earrings-crystalis\/\",\"name\":\"Aurora Diamond Huggie Earrings: Crystalis Collection\",\"isPartOf\":{\"@id\":\"https:\/\/crudo-leather.com\/#website\"},\"primaryImageOfPage\":{\"@id\":\"https:\/\/crudo-leather.com\/product\/aurora-diamond-huggie-earrings-crystalis\/#primaryimage\"},\"image\":{\"@id\":\"https:\/\/crudo-leather.com\/product\/aurora-diamond-huggie-earrings-crystalis\/#primaryimage\"},\"thumbnailUrl\":\"https:\/\/crudo-leather.com\/wp-content\/uploads\/2025\/04\/ZNK55_Ring02a.jpg\",\"datePublished\":\"2025-04-24T08:52:28+00:00\",\"dateModified\":\"2025-07-14T04:29:13+00:00\",\"description\":\"Embrace effortless elegance with the Aurora Diamond Huggie Earrings from the Crystalis Collection. Subtle sparkle for everyday luxury.\",\"breadcrumb\":{\"@id\":\"https:\/\/crudo-leather.com\/product\/aurora-diamond-huggie-earrings-crystalis\/#breadcrumb\"},\"inLanguage\":\"en-US\",\"potentialAction\":[{\"@type\":\"ReadAction\",\"target\":[\"https:\/\/crudo-leather.com\/product\/aurora-diamond-huggie-earrings-crystalis\/\"]}]},{\"@type\":\"ImageObject\",\"inLanguage\":\"en-US\",\"@id\":\"https:\/\/crudo-leather.com\/product\/aurora-diamond-huggie-earrings-crystalis\/#primaryimage\",\"url\":\"https:\/\/crudo-leather.com\/wp-content\/uploads\/2025\/04\/ZNK55_Ring02a.jpg\",\"contentUrl\":\"https:\/\/crudo-leather.com\/wp-content\/uploads\/2025\/04\/ZNK55_Ring02a.jpg\",\"width\":2000,\"height\":2000},{\"@type\":\"BreadcrumbList\",\"@id\":\"https:\/\/crudo-leather.com\/product\/aurora-diamond-huggie-earrings-crystalis\/#breadcrumb\",\"itemListElement\":[{\"@type\":\"ListItem\",\"position\":1,\"name\":\"Shop\",\"item\":\"https:\/\/crudo-leather.com\/shop\/\"},{\"@type\":\"ListItem\",\"position\":2,\"name\":\"Aurora Diamond Huggie Earrings\"}]},{\"@type\":\"WebSite\",\"@id\":\"https:\/\/crudo-leather.com\/#website\",\"url\":\"https:\/\/crudo-leather.com\/\",\"name\":\"Crudo\",\"description\":\"\",\"potentialAction\":[{\"@type\":\"SearchAction\",\"target\":{\"@type\":\"EntryPoint\",\"urlTemplate\":\"https:\/\/crudo-leather.com\/?s={search_term_string}\"},\"query-input\":{\"@type\":\"PropertyValueSpecification\",\"valueRequired\":true,\"valueName\":\"search_term_string\"}}],\"inLanguage\":\"en-US\"}]}<\/script>\n<!-- \/ Yoast SEO plugin. -->","yoast_head_json":{"title":"Crudo Aurora Diamant umarmende Ohrringe - Kristallglanz","description":"Entdecken Sie die Crudo Aurora Diamant-Ohrringe mit umschlie\u00dfendem Design, besetzt mit funkelnden Diamanten, leicht und bequem. Perfekt an das Ohrl\u00e4ppchen angepasst, zeigen sie diskreten Luxus. Kaufen Sie jetzt und verleihen Sie Ihren Ohren einen bezaubernden Glanz.","robots":{"index":"index","follow":"follow","max-snippet":"max-snippet:-1","max-image-preview":"max-image-preview:large","max-video-preview":"max-video-preview:-1"},"canonical":"https:\/\/crudo-leather.com\/de\/product\/aurora-diamond-huggie-earrings-crystalis\/","og_locale":"en_US","og_type":"article","og_title":"Crudo Aurora Diamant umarmende Ohrringe - Kristallglanz","og_description":"Entdecken Sie die Crudo Aurora Diamant-Ohrringe mit umschlie\u00dfendem Design, besetzt mit funkelnden Diamanten, leicht und bequem. Perfekt an das Ohrl\u00e4ppchen angepasst, zeigen sie diskreten Luxus. Kaufen Sie jetzt und verleihen Sie Ihren Ohren einen bezaubernden Glanz.","og_url":"https:\/\/crudo-leather.com\/product\/aurora-diamond-huggie-earrings-crystalis\/","og_site_name":"Crudo","article_modified_time":"2025-07-14T04:29:13+00:00","og_image":[{"width":2000,"height":2000,"url":"https:\/\/crudo-leather.com\/wp-content\/uploads\/2025\/04\/ZNK55_Ring02a.jpg","type":"image\/jpeg"}],"twitter_card":"summary_large_image","twitter_misc":{"Est. reading time":"1 minute"},"schema":{"@context":"https:\/\/schema.org","@graph":[{"@type":"WebPage","@id":"https:\/\/crudo-leather.com\/product\/aurora-diamond-huggie-earrings-crystalis\/","url":"https:\/\/crudo-leather.com\/product\/aurora-diamond-huggie-earrings-crystalis\/","name":"Aurora Diamond Huggie Earrings: Crystalis Collection","isPartOf":{"@id":"https:\/\/crudo-leather.com\/#website"},"primaryImageOfPage":{"@id":"https:\/\/crudo-leather.com\/product\/aurora-diamond-huggie-earrings-crystalis\/#primaryimage"},"image":{"@id":"https:\/\/crudo-leather.com\/product\/aurora-diamond-huggie-earrings-crystalis\/#primaryimage"},"thumbnailUrl":"https:\/\/crudo-leather.com\/wp-content\/uploads\/2025\/04\/ZNK55_Ring02a.jpg","datePublished":"2025-04-24T08:52:28+00:00","dateModified":"2025-07-14T04:29:13+00:00","description":"Embrace effortless elegance with the Aurora Diamond Huggie Earrings from the Crystalis Collection. Subtle sparkle for everyday luxury.","breadcrumb":{"@id":"https:\/\/crudo-leather.com\/product\/aurora-diamond-huggie-earrings-crystalis\/#breadcrumb"},"inLanguage":"en-US","potentialAction":[{"@type":"ReadAction","target":["https:\/\/crudo-leather.com\/product\/aurora-diamond-huggie-earrings-crystalis\/"]}]},{"@type":"ImageObject","inLanguage":"en-US","@id":"https:\/\/crudo-leather.com\/product\/aurora-diamond-huggie-earrings-crystalis\/#primaryimage","url":"https:\/\/crudo-leather.com\/wp-content\/uploads\/2025\/04\/ZNK55_Ring02a.jpg","contentUrl":"https:\/\/crudo-leather.com\/wp-content\/uploads\/2025\/04\/ZNK55_Ring02a.jpg","width":2000,"height":2000},{"@type":"BreadcrumbList","@id":"https:\/\/crudo-leather.com\/product\/aurora-diamond-huggie-earrings-crystalis\/#breadcrumb","itemListElement":[{"@type":"ListItem","position":1,"name":"Shop","item":"https:\/\/crudo-leather.com\/shop\/"},{"@type":"ListItem","position":2,"name":"Aurora Diamond Huggie Earrings"}]},{"@type":"WebSite","@id":"https:\/\/crudo-leather.com\/#website","url":"https:\/\/crudo-leather.com\/","name":"Crudo","description":"","potentialAction":[{"@type":"SearchAction","target":{"@type":"EntryPoint","urlTemplate":"https:\/\/crudo-leather.com\/?s={search_term_string}"},"query-input":{"@type":"PropertyValueSpecification","valueRequired":true,"valueName":"search_term_string"}}],"inLanguage":"en-US"}]}},"_links":{"self":[{"href":"https:\/\/crudo-leather.com\/de\/wp-json\/wp\/v2\/product\/332288"}],"collection":[{"href":"https:\/\/crudo-leather.com\/de\/wp-json\/wp\/v2\/product"}],"about":[{"href":"https:\/\/crudo-leather.com\/de\/wp-json\/wp\/v2\/types\/product"}],"replies":[{"embeddable":true,"href":"https:\/\/crudo-leather.com\/de\/wp-json\/wp\/v2\/comments?post=332288"}],"wp:featuredmedia":[{"embeddable":true,"href":"https:\/\/crudo-leather.com\/de\/wp-json\/wp\/v2\/media\/332290"}],"wp:attachment":[{"href":"https:\/\/crudo-leather.com\/de\/wp-json\/wp\/v2\/media?parent=332288"}],"wp:term":[{"taxonomy":"collection","embeddable":true,"href":"https:\/\/crudo-leather.com\/de\/wp-json\/wp\/v2\/collection?post=332288"},{"taxonomy":"trending_cat","embeddable":true,"href":"https:\/\/crudo-leather.com\/de\/wp-json\/wp\/v2\/trending_cat?post=332288"},{"taxonomy":"product_cat","embeddable":true,"href":"https:\/\/crudo-leather.com\/de\/wp-json\/wp\/v2\/product_cat?post=332288"},{"taxonomy":"product_tag","embeddable":true,"href":"https:\/\/crudo-leather.com\/de\/wp-json\/wp\/v2\/product_tag?post=332288"}],"curies":[{"name":"wp","href":"https:\/\/api.w.org\/{rel}","templated":true}]}}