{"id":332296,"date":"2025-04-24T17:00:18","date_gmt":"2025-04-24T09:00:18","guid":{"rendered":"https:\/\/crudo-leather.com\/?post_type=product&#038;p=332296"},"modified":"2025-07-14T12:24:56","modified_gmt":"2025-07-14T04:24:56","slug":"aurora-diamond-hoop-studs-earrings-lunarglow","status":"publish","type":"product","link":"https:\/\/crudo-leather.com\/de\/product\/aurora-diamond-hoop-studs-earrings-lunarglow\/","title":{"rendered":"Aurora Diamant Ohrringe"},"content":{"rendered":"","protected":false},"excerpt":{"rendered":"Die Aurora Diamant Ohrring Kollektion ist von den faszinierenden Farben des Polarlichts inspiriert, jedes Schmuckst\u00fcck ist mit einem leichten und luxuri\u00f6sen Design gestaltet, speziell f\u00fcr den t\u00e4glichen Gebrauch von Damen konzipiert.\n\nDas Polarlicht durchdringt den Mondhof und verwandelt sich in durchbrochene Diamantringe als Ohrringe, die Leere interpretiert den Dialog zwischen Polarlicht und Mondhof. Diamantbes\u00e4umte Konturen zeichnen die Leere nach, wie Sterne, die den Nachthimmel bewachen, und lassen die Leere am Ohr unendliche Polarlichtfantasien tragen, dezent und doch tiefgr\u00fcndig...\n\n<strong>Unvergleichliche Diamantqualit\u00e4t\n<\/strong>Jeder Diamant ist klar und funkelnd. Dreifache Exzellenz in Politur, Schliff und Symmetrie verleiht ihm au\u00dfergew\u00f6hnlichen Glanz und Charme.\n\n<strong>Einzigartiges Kunstwerk\n<\/strong>Von geschickten Handwerkern handpoliert, ist jeder Ohrring ein einzigartiges Kunstwerk.\n\n<strong>Umfassende Garantie\n<\/strong>Genie\u00dfen Sie einj\u00e4hrige Produktpflege\nSieben Tage bedingungslose R\u00fcckgabegarantie (au\u00dfer bei gravierten Artikeln)\n\n<strong>Edle Verpackung\n<\/strong>Upgrade auf elegante Geschenkboxverpackung, inklusive Geschenkkarte und Garantieschein.\n\n<strong>Schneller Versand\n<\/strong>Bestellen Sie heute, Versand bereits morgen m\u00f6glich, weltweite Lieferung sorgenfrei.","protected":false},"featured_media":332298,"comment_status":"open","ping_status":"closed","template":"","meta":{"inline_featured_image":false},"collection":[],"trending_cat":[],"product_cat":[2767],"product_tag":[],"class_list":{"0":"post-332296","1":"product","2":"type-product","3":"status-publish","4":"has-post-thumbnail","6":"product_cat-diamond","8":"first","9":"instock","10":"sale","11":"shipping-taxable","12":"purchasable","13":"product-type-variable"},"yoast_head":"<!-- This site is optimized with the Yoast SEO plugin v23.4 - https:\/\/yoast.com\/wordpress\/plugins\/seo\/ -->\n<title>Crudo Aurora Diamantkreis Ohrstecker - Mondlichtglanz<\/title>\n<meta name=\"description\" content=\"Entdecken Sie die Crudo Aurora Diamant-Ohrringe im Kreisdesign, mit einem raffinierten Kreisdesign, das funkelnde Diamanten einfasst. Leicht und vielseitig kombinierbar, verleihen sie Ihrem Look einen mondlichtartigen, sanften Glanz. Kaufen Sie jetzt und zeigen Sie Ihren eleganten Geschmack.\" \/>\n<meta name=\"robots\" content=\"index, follow, max-snippet:-1, max-image-preview:large, max-video-preview:-1\" \/>\n<link rel=\"canonical\" href=\"https:\/\/crudo-leather.com\/de\/product\/aurora-diamond-hoop-studs-earrings-lunarglow\/\" \/>\n<meta property=\"og:locale\" content=\"en_US\" \/>\n<meta property=\"og:type\" content=\"article\" \/>\n<meta property=\"og:title\" content=\"Crudo Aurora Diamantkreis Ohrstecker - Mondlichtglanz\" \/>\n<meta property=\"og:description\" content=\"Entdecken Sie die Crudo Aurora Diamant-Ohrringe im Kreisdesign, mit einem raffinierten Kreisdesign, das funkelnde Diamanten einfasst. Leicht und vielseitig kombinierbar, verleihen sie Ihrem Look einen mondlichtartigen, sanften Glanz. Kaufen Sie jetzt und zeigen Sie Ihren eleganten Geschmack.\" \/>\n<meta property=\"og:url\" content=\"https:\/\/crudo-leather.com\/product\/aurora-diamond-hoop-studs-earrings-lunarglow\/\" \/>\n<meta property=\"og:site_name\" content=\"Crudo\" \/>\n<meta property=\"article:modified_time\" content=\"2025-07-14T04:24:56+00:00\" \/>\n<meta property=\"og:image\" content=\"https:\/\/crudo-leather.com\/wp-content\/uploads\/2025\/04\/ZNK55_Ring01a-1.jpg\" \/>\n\t<meta property=\"og:image:width\" content=\"2000\" \/>\n\t<meta property=\"og:image:height\" content=\"2000\" \/>\n\t<meta property=\"og:image:type\" content=\"image\/jpeg\" \/>\n<meta name=\"twitter:card\" content=\"summary_large_image\" \/>\n<meta name=\"twitter:label1\" content=\"Est. reading time\" \/>\n\t<meta name=\"twitter:data1\" content=\"1 minute\" \/>\n<script type=\"application\/ld+json\" class=\"yoast-schema-graph\">{\"@context\":\"https:\/\/schema.org\",\"@graph\":[{\"@type\":\"WebPage\",\"@id\":\"https:\/\/crudo-leather.com\/product\/aurora-diamond-hoop-studs-earrings-lunarglow\/\",\"url\":\"https:\/\/crudo-leather.com\/product\/aurora-diamond-hoop-studs-earrings-lunarglow\/\",\"name\":\"Aurora Diamond Hoop Studs: Lunarglow Collection\",\"isPartOf\":{\"@id\":\"https:\/\/crudo-leather.com\/#website\"},\"primaryImageOfPage\":{\"@id\":\"https:\/\/crudo-leather.com\/product\/aurora-diamond-hoop-studs-earrings-lunarglow\/#primaryimage\"},\"image\":{\"@id\":\"https:\/\/crudo-leather.com\/product\/aurora-diamond-hoop-studs-earrings-lunarglow\/#primaryimage\"},\"thumbnailUrl\":\"https:\/\/crudo-leather.com\/wp-content\/uploads\/2025\/04\/ZNK55_Ring01a-1.jpg\",\"datePublished\":\"2025-04-24T09:00:18+00:00\",\"dateModified\":\"2025-07-14T04:24:56+00:00\",\"description\":\"Illuminate your style with the Aurora Diamond Hoop Studs Earrings from the Lunarglow Collection. Modern elegance with a touch of sparkle.\",\"breadcrumb\":{\"@id\":\"https:\/\/crudo-leather.com\/product\/aurora-diamond-hoop-studs-earrings-lunarglow\/#breadcrumb\"},\"inLanguage\":\"en-US\",\"potentialAction\":[{\"@type\":\"ReadAction\",\"target\":[\"https:\/\/crudo-leather.com\/product\/aurora-diamond-hoop-studs-earrings-lunarglow\/\"]}]},{\"@type\":\"ImageObject\",\"inLanguage\":\"en-US\",\"@id\":\"https:\/\/crudo-leather.com\/product\/aurora-diamond-hoop-studs-earrings-lunarglow\/#primaryimage\",\"url\":\"https:\/\/crudo-leather.com\/wp-content\/uploads\/2025\/04\/ZNK55_Ring01a-1.jpg\",\"contentUrl\":\"https:\/\/crudo-leather.com\/wp-content\/uploads\/2025\/04\/ZNK55_Ring01a-1.jpg\",\"width\":2000,\"height\":2000},{\"@type\":\"BreadcrumbList\",\"@id\":\"https:\/\/crudo-leather.com\/product\/aurora-diamond-hoop-studs-earrings-lunarglow\/#breadcrumb\",\"itemListElement\":[{\"@type\":\"ListItem\",\"position\":1,\"name\":\"Shop\",\"item\":\"https:\/\/crudo-leather.com\/shop\/\"},{\"@type\":\"ListItem\",\"position\":2,\"name\":\"Aurora Diamond Hoop Studs Earrings\"}]},{\"@type\":\"WebSite\",\"@id\":\"https:\/\/crudo-leather.com\/#website\",\"url\":\"https:\/\/crudo-leather.com\/\",\"name\":\"Crudo\",\"description\":\"\",\"potentialAction\":[{\"@type\":\"SearchAction\",\"target\":{\"@type\":\"EntryPoint\",\"urlTemplate\":\"https:\/\/crudo-leather.com\/?s={search_term_string}\"},\"query-input\":{\"@type\":\"PropertyValueSpecification\",\"valueRequired\":true,\"valueName\":\"search_term_string\"}}],\"inLanguage\":\"en-US\"}]}<\/script>\n<!-- \/ Yoast SEO plugin. -->","yoast_head_json":{"title":"Crudo Aurora Diamantkreis Ohrstecker - Mondlichtglanz","description":"Entdecken Sie die Crudo Aurora Diamant-Ohrringe im Kreisdesign, mit einem raffinierten Kreisdesign, das funkelnde Diamanten einfasst. Leicht und vielseitig kombinierbar, verleihen sie Ihrem Look einen mondlichtartigen, sanften Glanz. Kaufen Sie jetzt und zeigen Sie Ihren eleganten Geschmack.","robots":{"index":"index","follow":"follow","max-snippet":"max-snippet:-1","max-image-preview":"max-image-preview:large","max-video-preview":"max-video-preview:-1"},"canonical":"https:\/\/crudo-leather.com\/de\/product\/aurora-diamond-hoop-studs-earrings-lunarglow\/","og_locale":"en_US","og_type":"article","og_title":"Crudo Aurora Diamantkreis Ohrstecker - Mondlichtglanz","og_description":"Entdecken Sie die Crudo Aurora Diamant-Ohrringe im Kreisdesign, mit einem raffinierten Kreisdesign, das funkelnde Diamanten einfasst. Leicht und vielseitig kombinierbar, verleihen sie Ihrem Look einen mondlichtartigen, sanften Glanz. Kaufen Sie jetzt und zeigen Sie Ihren eleganten Geschmack.","og_url":"https:\/\/crudo-leather.com\/product\/aurora-diamond-hoop-studs-earrings-lunarglow\/","og_site_name":"Crudo","article_modified_time":"2025-07-14T04:24:56+00:00","og_image":[{"width":2000,"height":2000,"url":"https:\/\/crudo-leather.com\/wp-content\/uploads\/2025\/04\/ZNK55_Ring01a-1.jpg","type":"image\/jpeg"}],"twitter_card":"summary_large_image","twitter_misc":{"Est. reading time":"1 minute"},"schema":{"@context":"https:\/\/schema.org","@graph":[{"@type":"WebPage","@id":"https:\/\/crudo-leather.com\/product\/aurora-diamond-hoop-studs-earrings-lunarglow\/","url":"https:\/\/crudo-leather.com\/product\/aurora-diamond-hoop-studs-earrings-lunarglow\/","name":"Aurora Diamond Hoop Studs: Lunarglow Collection","isPartOf":{"@id":"https:\/\/crudo-leather.com\/#website"},"primaryImageOfPage":{"@id":"https:\/\/crudo-leather.com\/product\/aurora-diamond-hoop-studs-earrings-lunarglow\/#primaryimage"},"image":{"@id":"https:\/\/crudo-leather.com\/product\/aurora-diamond-hoop-studs-earrings-lunarglow\/#primaryimage"},"thumbnailUrl":"https:\/\/crudo-leather.com\/wp-content\/uploads\/2025\/04\/ZNK55_Ring01a-1.jpg","datePublished":"2025-04-24T09:00:18+00:00","dateModified":"2025-07-14T04:24:56+00:00","description":"Illuminate your style with the Aurora Diamond Hoop Studs Earrings from the Lunarglow Collection. Modern elegance with a touch of sparkle.","breadcrumb":{"@id":"https:\/\/crudo-leather.com\/product\/aurora-diamond-hoop-studs-earrings-lunarglow\/#breadcrumb"},"inLanguage":"en-US","potentialAction":[{"@type":"ReadAction","target":["https:\/\/crudo-leather.com\/product\/aurora-diamond-hoop-studs-earrings-lunarglow\/"]}]},{"@type":"ImageObject","inLanguage":"en-US","@id":"https:\/\/crudo-leather.com\/product\/aurora-diamond-hoop-studs-earrings-lunarglow\/#primaryimage","url":"https:\/\/crudo-leather.com\/wp-content\/uploads\/2025\/04\/ZNK55_Ring01a-1.jpg","contentUrl":"https:\/\/crudo-leather.com\/wp-content\/uploads\/2025\/04\/ZNK55_Ring01a-1.jpg","width":2000,"height":2000},{"@type":"BreadcrumbList","@id":"https:\/\/crudo-leather.com\/product\/aurora-diamond-hoop-studs-earrings-lunarglow\/#breadcrumb","itemListElement":[{"@type":"ListItem","position":1,"name":"Shop","item":"https:\/\/crudo-leather.com\/shop\/"},{"@type":"ListItem","position":2,"name":"Aurora Diamond Hoop Studs Earrings"}]},{"@type":"WebSite","@id":"https:\/\/crudo-leather.com\/#website","url":"https:\/\/crudo-leather.com\/","name":"Crudo","description":"","potentialAction":[{"@type":"SearchAction","target":{"@type":"EntryPoint","urlTemplate":"https:\/\/crudo-leather.com\/?s={search_term_string}"},"query-input":{"@type":"PropertyValueSpecification","valueRequired":true,"valueName":"search_term_string"}}],"inLanguage":"en-US"}]}},"_links":{"self":[{"href":"https:\/\/crudo-leather.com\/de\/wp-json\/wp\/v2\/product\/332296"}],"collection":[{"href":"https:\/\/crudo-leather.com\/de\/wp-json\/wp\/v2\/product"}],"about":[{"href":"https:\/\/crudo-leather.com\/de\/wp-json\/wp\/v2\/types\/product"}],"replies":[{"embeddable":true,"href":"https:\/\/crudo-leather.com\/de\/wp-json\/wp\/v2\/comments?post=332296"}],"wp:featuredmedia":[{"embeddable":true,"href":"https:\/\/crudo-leather.com\/de\/wp-json\/wp\/v2\/media\/332298"}],"wp:attachment":[{"href":"https:\/\/crudo-leather.com\/de\/wp-json\/wp\/v2\/media?parent=332296"}],"wp:term":[{"taxonomy":"collection","embeddable":true,"href":"https:\/\/crudo-leather.com\/de\/wp-json\/wp\/v2\/collection?post=332296"},{"taxonomy":"trending_cat","embeddable":true,"href":"https:\/\/crudo-leather.com\/de\/wp-json\/wp\/v2\/trending_cat?post=332296"},{"taxonomy":"product_cat","embeddable":true,"href":"https:\/\/crudo-leather.com\/de\/wp-json\/wp\/v2\/product_cat?post=332296"},{"taxonomy":"product_tag","embeddable":true,"href":"https:\/\/crudo-leather.com\/de\/wp-json\/wp\/v2\/product_tag?post=332296"}],"curies":[{"name":"wp","href":"https:\/\/api.w.org\/{rel}","templated":true}]}}