{"id":334259,"date":"2025-05-09T15:00:15","date_gmt":"2025-05-09T07:00:15","guid":{"rendered":"https:\/\/crudo-leather.com\/?post_type=product&#038;p=334259"},"modified":"2026-01-02T09:55:11","modified_gmt":"2026-01-02T01:55:11","slug":"my-melody-customized-925-sterling-silver-pendant-necklace-sparkling-silver-melody","status":"publish","type":"product","link":"https:\/\/crudo-leather.com\/de\/product\/my-melody-customized-925-sterling-silver-pendant-necklace-sparkling-silver-melody\/","title":{"rendered":"My Melody Limited Edition personalisierte 925 Sterling Silber Anh\u00e4nger Halskette"},"content":{"rendered":"","protected":false},"excerpt":{"rendered":"<strong><u>My Melody Special Edition<\/u><\/strong>\nLassen Sie zarte rosa Bl\u00fctenbl\u00e4tter Ihre Schl\u00fcsselbeinkurve schm\u00fccken. Tragen Sie die ma\u00dfgefertigte My Melody Halskette und fangen Sie die ewige Romantik des fr\u00fchlingshaften Bl\u00fctenzaubers ein \u2013 jedes Bl\u00fctenblatt ist ein Zeichen der Verliebtheit.\n\n<strong> Klicken Sie auf \"Zum Warenkorb hinzuf\u00fcgen und gestalten\", um Ihren Gravurinhalt zu gestalten<\/strong>\n- Offiziell lizenziertes Sanrio Produkt\n- My Melody Anh\u00e4ngerhalskette aus Sterlingsilber\n- Beim Kauf eines My Melody Special Edition Armbands erhalten Sie eine My Melody Special Edition Geschenkbox mit abziehbarer Gru\u00dfkarte (inklusive Geschenkkarte und Produktgarantie)\n- Kostenloser Gravurservice, verschiedene Schriftarten zur Auswahl\n- Verstellbare Verschlussdesign, passt sich perfekt Ihren Tragebed\u00fcrfnissen an\n- 925 Silber, abriebfest und verblasst nicht\n- Glitzernde Kettendesign, betont die elegante Sch\u00f6nheit der Halskette\n\n<strong> Herstellungszeit und Versanddetails<\/strong>\n- Jedes Produkt ben\u00f6tigt nur 1-5 Arbeitstage zur Fertigstellung\n- Bei Bestellung heute kann es bereits morgen versendet werden\n- Nur in Hongkong, Macau, Festlandchina, Japan, S\u00fcdkorea und S\u00fcdamerika (au\u00dfer Panama) erh\u00e4ltlich","protected":false},"featured_media":334261,"comment_status":"open","ping_status":"closed","template":"","meta":{"inline_featured_image":false},"collection":[3028],"trending_cat":[2399],"product_cat":[85],"product_tag":[2966],"class_list":{"0":"post-334259","1":"product","2":"type-product","3":"status-publish","4":"has-post-thumbnail","6":"trending_cat-gift-for-her","7":"product_cat-925-silver-necklace","8":"product_tag-my-melody-special-edition","10":"first","11":"instock","12":"sale","13":"shipping-taxable","14":"purchasable","15":"product-type-variable"},"yoast_head":"<!-- This site is optimized with the Yoast SEO plugin v23.4 - https:\/\/yoast.com\/wordpress\/plugins\/seo\/ -->\n<title>Crudo My Melody 925 Sterlingsilber Anh\u00e4nger Halskette: Glitzernde Melodie<\/title>\n<meta name=\"description\" content=\"Crudo My Melody Limited Edition ma\u00dfgeschneiderte 925 Sterling Silber Anh\u00e4nger Halskette. Glitzernde Melodie-Design, offiziell lizenziert, feine Gravur. Weltweiter Versand, einj\u00e4hrige Garantie.\" \/>\n<meta name=\"robots\" content=\"index, follow, max-snippet:-1, max-image-preview:large, max-video-preview:-1\" \/>\n<link rel=\"canonical\" href=\"https:\/\/crudo-leather.com\/de\/product\/my-melody-customized-925-sterling-silver-pendant-necklace-sparkling-silver-melody\/\" \/>\n<meta property=\"og:locale\" content=\"en_US\" \/>\n<meta property=\"og:type\" content=\"article\" \/>\n<meta property=\"og:title\" content=\"Crudo My Melody 925 Sterlingsilber Anh\u00e4nger Halskette: Glitzernde Melodie\" \/>\n<meta property=\"og:description\" content=\"Crudo My Melody Limited Edition ma\u00dfgeschneiderte 925 Sterling Silber Anh\u00e4nger Halskette. Glitzernde Melodie-Design, offiziell lizenziert, feine Gravur. Weltweiter Versand, einj\u00e4hrige Garantie.\" \/>\n<meta property=\"og:url\" content=\"https:\/\/crudo-leather.com\/product\/my-melody-customized-925-sterling-silver-pendant-necklace-sparkling-silver-melody\/\" \/>\n<meta property=\"og:site_name\" content=\"Crudo\" \/>\n<meta property=\"article:modified_time\" content=\"2026-01-02T01:55:11+00:00\" \/>\n<meta property=\"og:image\" content=\"https:\/\/crudo-leather.com\/wp-content\/uploads\/2025\/05\/MM_Necklace_3.jpg\" \/>\n\t<meta property=\"og:image:width\" content=\"2000\" \/>\n\t<meta property=\"og:image:height\" content=\"2000\" \/>\n\t<meta property=\"og:image:type\" content=\"image\/jpeg\" \/>\n<meta name=\"twitter:card\" content=\"summary_large_image\" \/>\n<meta name=\"twitter:label1\" content=\"Est. reading time\" \/>\n\t<meta name=\"twitter:data1\" content=\"1 minute\" \/>\n<script type=\"application\/ld+json\" class=\"yoast-schema-graph\">{\"@context\":\"https:\/\/schema.org\",\"@graph\":[{\"@type\":\"WebPage\",\"@id\":\"https:\/\/crudo-leather.com\/product\/my-melody-customized-925-sterling-silver-pendant-necklace-sparkling-silver-melody\/\",\"url\":\"https:\/\/crudo-leather.com\/product\/my-melody-customized-925-sterling-silver-pendant-necklace-sparkling-silver-melody\/\",\"name\":\"My Melody Customized 925 Sterling Silver Pendant Necklace - Sparkling Silver Melody\",\"isPartOf\":{\"@id\":\"https:\/\/crudo-leather.com\/#website\"},\"primaryImageOfPage\":{\"@id\":\"https:\/\/crudo-leather.com\/product\/my-melody-customized-925-sterling-silver-pendant-necklace-sparkling-silver-melody\/#primaryimage\"},\"image\":{\"@id\":\"https:\/\/crudo-leather.com\/product\/my-melody-customized-925-sterling-silver-pendant-necklace-sparkling-silver-melody\/#primaryimage\"},\"thumbnailUrl\":\"https:\/\/crudo-leather.com\/wp-content\/uploads\/2025\/05\/MM_Necklace_3.jpg\",\"datePublished\":\"2025-05-09T07:00:15+00:00\",\"dateModified\":\"2026-01-02T01:55:11+00:00\",\"description\":\"Explore officially licensed My Melody customized 925 sterling silver pendant necklace in Sparkling Silver Melody design. A charming and personalized accessory. Shop now!\",\"breadcrumb\":{\"@id\":\"https:\/\/crudo-leather.com\/product\/my-melody-customized-925-sterling-silver-pendant-necklace-sparkling-silver-melody\/#breadcrumb\"},\"inLanguage\":\"en-US\",\"potentialAction\":[{\"@type\":\"ReadAction\",\"target\":[\"https:\/\/crudo-leather.com\/product\/my-melody-customized-925-sterling-silver-pendant-necklace-sparkling-silver-melody\/\"]}]},{\"@type\":\"ImageObject\",\"inLanguage\":\"en-US\",\"@id\":\"https:\/\/crudo-leather.com\/product\/my-melody-customized-925-sterling-silver-pendant-necklace-sparkling-silver-melody\/#primaryimage\",\"url\":\"https:\/\/crudo-leather.com\/wp-content\/uploads\/2025\/05\/MM_Necklace_3.jpg\",\"contentUrl\":\"https:\/\/crudo-leather.com\/wp-content\/uploads\/2025\/05\/MM_Necklace_3.jpg\",\"width\":2000,\"height\":2000},{\"@type\":\"BreadcrumbList\",\"@id\":\"https:\/\/crudo-leather.com\/product\/my-melody-customized-925-sterling-silver-pendant-necklace-sparkling-silver-melody\/#breadcrumb\",\"itemListElement\":[{\"@type\":\"ListItem\",\"position\":1,\"name\":\"Shop\",\"item\":\"https:\/\/crudo-leather.com\/shop\/\"},{\"@type\":\"ListItem\",\"position\":2,\"name\":\"My Melody Customized 925 Sterling Silver Pendant Necklace\"}]},{\"@type\":\"WebSite\",\"@id\":\"https:\/\/crudo-leather.com\/#website\",\"url\":\"https:\/\/crudo-leather.com\/\",\"name\":\"Crudo\",\"description\":\"\",\"potentialAction\":[{\"@type\":\"SearchAction\",\"target\":{\"@type\":\"EntryPoint\",\"urlTemplate\":\"https:\/\/crudo-leather.com\/?s={search_term_string}\"},\"query-input\":{\"@type\":\"PropertyValueSpecification\",\"valueRequired\":true,\"valueName\":\"search_term_string\"}}],\"inLanguage\":\"en-US\"}]}<\/script>\n<!-- \/ Yoast SEO plugin. -->","yoast_head_json":{"title":"Crudo My Melody 925 Sterlingsilber Anh\u00e4nger Halskette: Glitzernde Melodie","description":"Crudo My Melody Limited Edition ma\u00dfgeschneiderte 925 Sterling Silber Anh\u00e4nger Halskette. Glitzernde Melodie-Design, offiziell lizenziert, feine Gravur. Weltweiter Versand, einj\u00e4hrige Garantie.","robots":{"index":"index","follow":"follow","max-snippet":"max-snippet:-1","max-image-preview":"max-image-preview:large","max-video-preview":"max-video-preview:-1"},"canonical":"https:\/\/crudo-leather.com\/de\/product\/my-melody-customized-925-sterling-silver-pendant-necklace-sparkling-silver-melody\/","og_locale":"en_US","og_type":"article","og_title":"Crudo My Melody 925 Sterlingsilber Anh\u00e4nger Halskette: Glitzernde Melodie","og_description":"Crudo My Melody Limited Edition ma\u00dfgeschneiderte 925 Sterling Silber Anh\u00e4nger Halskette. Glitzernde Melodie-Design, offiziell lizenziert, feine Gravur. Weltweiter Versand, einj\u00e4hrige Garantie.","og_url":"https:\/\/crudo-leather.com\/product\/my-melody-customized-925-sterling-silver-pendant-necklace-sparkling-silver-melody\/","og_site_name":"Crudo","article_modified_time":"2026-01-02T01:55:11+00:00","og_image":[{"width":2000,"height":2000,"url":"https:\/\/crudo-leather.com\/wp-content\/uploads\/2025\/05\/MM_Necklace_3.jpg","type":"image\/jpeg"}],"twitter_card":"summary_large_image","twitter_misc":{"Est. reading time":"1 minute"},"schema":{"@context":"https:\/\/schema.org","@graph":[{"@type":"WebPage","@id":"https:\/\/crudo-leather.com\/product\/my-melody-customized-925-sterling-silver-pendant-necklace-sparkling-silver-melody\/","url":"https:\/\/crudo-leather.com\/product\/my-melody-customized-925-sterling-silver-pendant-necklace-sparkling-silver-melody\/","name":"My Melody Customized 925 Sterling Silver Pendant Necklace - Sparkling Silver Melody","isPartOf":{"@id":"https:\/\/crudo-leather.com\/#website"},"primaryImageOfPage":{"@id":"https:\/\/crudo-leather.com\/product\/my-melody-customized-925-sterling-silver-pendant-necklace-sparkling-silver-melody\/#primaryimage"},"image":{"@id":"https:\/\/crudo-leather.com\/product\/my-melody-customized-925-sterling-silver-pendant-necklace-sparkling-silver-melody\/#primaryimage"},"thumbnailUrl":"https:\/\/crudo-leather.com\/wp-content\/uploads\/2025\/05\/MM_Necklace_3.jpg","datePublished":"2025-05-09T07:00:15+00:00","dateModified":"2026-01-02T01:55:11+00:00","description":"Explore officially licensed My Melody customized 925 sterling silver pendant necklace in Sparkling Silver Melody design. A charming and personalized accessory. Shop now!","breadcrumb":{"@id":"https:\/\/crudo-leather.com\/product\/my-melody-customized-925-sterling-silver-pendant-necklace-sparkling-silver-melody\/#breadcrumb"},"inLanguage":"en-US","potentialAction":[{"@type":"ReadAction","target":["https:\/\/crudo-leather.com\/product\/my-melody-customized-925-sterling-silver-pendant-necklace-sparkling-silver-melody\/"]}]},{"@type":"ImageObject","inLanguage":"en-US","@id":"https:\/\/crudo-leather.com\/product\/my-melody-customized-925-sterling-silver-pendant-necklace-sparkling-silver-melody\/#primaryimage","url":"https:\/\/crudo-leather.com\/wp-content\/uploads\/2025\/05\/MM_Necklace_3.jpg","contentUrl":"https:\/\/crudo-leather.com\/wp-content\/uploads\/2025\/05\/MM_Necklace_3.jpg","width":2000,"height":2000},{"@type":"BreadcrumbList","@id":"https:\/\/crudo-leather.com\/product\/my-melody-customized-925-sterling-silver-pendant-necklace-sparkling-silver-melody\/#breadcrumb","itemListElement":[{"@type":"ListItem","position":1,"name":"Shop","item":"https:\/\/crudo-leather.com\/shop\/"},{"@type":"ListItem","position":2,"name":"My Melody Customized 925 Sterling Silver Pendant Necklace"}]},{"@type":"WebSite","@id":"https:\/\/crudo-leather.com\/#website","url":"https:\/\/crudo-leather.com\/","name":"Crudo","description":"","potentialAction":[{"@type":"SearchAction","target":{"@type":"EntryPoint","urlTemplate":"https:\/\/crudo-leather.com\/?s={search_term_string}"},"query-input":{"@type":"PropertyValueSpecification","valueRequired":true,"valueName":"search_term_string"}}],"inLanguage":"en-US"}]}},"_links":{"self":[{"href":"https:\/\/crudo-leather.com\/de\/wp-json\/wp\/v2\/product\/334259"}],"collection":[{"href":"https:\/\/crudo-leather.com\/de\/wp-json\/wp\/v2\/product"}],"about":[{"href":"https:\/\/crudo-leather.com\/de\/wp-json\/wp\/v2\/types\/product"}],"replies":[{"embeddable":true,"href":"https:\/\/crudo-leather.com\/de\/wp-json\/wp\/v2\/comments?post=334259"}],"wp:featuredmedia":[{"embeddable":true,"href":"https:\/\/crudo-leather.com\/de\/wp-json\/wp\/v2\/media\/334261"}],"wp:attachment":[{"href":"https:\/\/crudo-leather.com\/de\/wp-json\/wp\/v2\/media?parent=334259"}],"wp:term":[{"taxonomy":"collection","embeddable":true,"href":"https:\/\/crudo-leather.com\/de\/wp-json\/wp\/v2\/collection?post=334259"},{"taxonomy":"trending_cat","embeddable":true,"href":"https:\/\/crudo-leather.com\/de\/wp-json\/wp\/v2\/trending_cat?post=334259"},{"taxonomy":"product_cat","embeddable":true,"href":"https:\/\/crudo-leather.com\/de\/wp-json\/wp\/v2\/product_cat?post=334259"},{"taxonomy":"product_tag","embeddable":true,"href":"https:\/\/crudo-leather.com\/de\/wp-json\/wp\/v2\/product_tag?post=334259"}],"curies":[{"name":"wp","href":"https:\/\/api.w.org\/{rel}","templated":true}]}}