{"id":334835,"date":"2025-05-13T14:05:43","date_gmt":"2025-05-13T06:05:43","guid":{"rendered":"https:\/\/crudo-leather.com\/?post_type=product&#038;p=334835"},"modified":"2025-12-15T15:44:19","modified_gmt":"2025-12-15T07:44:19","slug":"disney-stitch-uv-printed-customized-rfid-slim-wallet-saffiano-black","status":"publish","type":"product","link":"https:\/\/crudo-leather.com\/de\/product\/disney-stitch-uv-printed-customized-rfid-slim-wallet-saffiano-black\/","title":{"rendered":"Disney Stitch Limited Edition UV bedrucktes personalisiertes RFID schlankes Portemonnaie"},"content":{"rendered":"","protected":false},"excerpt":{"rendered":"** Nachdem Sie ein Produkt ausgew\u00e4hlt und auf \"In den Warenkorb legen und gestalten\" geklickt haben, w\u00e4hlen Sie bitte auf der Gestaltungsseite mindestens ein spezielles Stitch-Motiv aus, um den UV-Druck zu vervollst\u00e4ndigen und das Stitch-Geschenkset zu verbessern.**\n\n<strong><u>Stitch Special Edition<\/u><\/strong>\nALOHA! Sp\u00fcren Sie den leidenschaftlichen hawaiianischen Stil, den Stitch f\u00fcr Sie bringt. Die verspielte Serie aus Lederportemonnaies und Accessoires l\u00e4sst Sie Ihren einzigartigen, charmanten Stil zeigen.\n\nKlicken Sie auf \"In den Warenkorb legen und gestalten\", um Ihren Gravurinhalt zu gestalten.\n\n- Offiziell lizenzierte Disney-Produkte\n- Bis zu 10 spezielle Stitch-Motive zur Auswahl, die zusammen mit Ihrer personalisierten Unterschrift per UV-Druck auf dem Lederportemonnaie angebracht werden\n- Beim Kauf eines Stitch-Lederportemonnaies erhalten Sie ein spezielles Stitch-Geschenkset mit abl\u00f6sbarer Gru\u00dfkarte (inklusive Geschenkkarte und Produktgarantie)\n- Hergestellt aus italienischem Nappaleder mit Kreuzpr\u00e4gung und Aluminium\n- Extrem leichtes und kompaktes Design f\u00fcr einfachen Transport\n- \u00c4u\u00dferst glattes, ausklappbares Kartenfach-Design, mit dem Sie alle Karten mit einer Hand entnehmen k\u00f6nnen\n- Mit RFID-Blocker-Funktion zum Schutz wichtiger Daten auf Ihren Karten vor Diebstahl\n- Separates Geldfach zur Aufbewahrung von Banknoten\n- Praktischer und sicherer Magnetverschluss\n\n<strong>Portemonnaie-Aufteilung:<\/strong>\n- 1 Kartenfach (f\u00fcr 4 bis 5 Karten)\n- 2 Innentaschen (jede f\u00fcr 1 Karte)\n- 1 Geldfach\n- Insgesamt Platz f\u00fcr 6-8 Karten\n\n<strong>Produktionszeit und Versanddetails<\/strong>\n- Jedes Produkt ben\u00f6tigt nur 1-5 Werktage zur Fertigstellung\n- Bei Bestellung heute kann die Lieferung bereits morgen erfolgen\n- Direktversand in Hongkong und Macau","protected":false},"featured_media":334838,"comment_status":"open","ping_status":"closed","template":"","meta":{"inline_featured_image":false},"collection":[3029],"trending_cat":[2393],"product_cat":[2373],"product_tag":[2402,3026],"class_list":{"0":"post-334835","1":"product","2":"type-product","3":"status-publish","4":"has-post-thumbnail","6":"trending_cat-perito-rfid-slim-wallet","7":"product_cat-wallets","8":"product_tag-disney-pixar","9":"product_tag-disney-stitch-special-edition","11":"first","12":"instock","13":"sale","14":"shipping-taxable","15":"purchasable","16":"product-type-variable"},"yoast_head":"<!-- This site is optimized with the Yoast SEO plugin v23.4 - https:\/\/yoast.com\/wordpress\/plugins\/seo\/ -->\n<title>Disney Stitch UV-Druck RFID-Diebstahlschutz schlanke kurze Brieftasche - Schwarz<\/title>\n<meta name=\"description\" content=\"Crudo Disney Stitch Limited Edition schwarze Saffiano d\u00fcnne kurze Brieftasche. UV-gedrucktes Stitch-Muster, eingebauter RFID-Schutz, ein Knopfdruck-Kartenfachdesign, geeignet f\u00fcr 6-8 Karten. Leicht und modisch, inklusive exklusiver Geschenkbox.\" \/>\n<meta name=\"robots\" content=\"index, follow, max-snippet:-1, max-image-preview:large, max-video-preview:-1\" \/>\n<link rel=\"canonical\" href=\"https:\/\/crudo-leather.com\/de\/product\/disney-stitch-uv-printed-customized-rfid-slim-wallet-saffiano-black\/\" \/>\n<meta property=\"og:locale\" content=\"en_US\" \/>\n<meta property=\"og:type\" content=\"article\" \/>\n<meta property=\"og:title\" content=\"Disney Stitch UV-Druck RFID-Diebstahlschutz schlanke kurze Brieftasche - Schwarz\" \/>\n<meta property=\"og:description\" content=\"Crudo Disney Stitch Limited Edition schwarze Saffiano d\u00fcnne kurze Brieftasche. UV-gedrucktes Stitch-Muster, eingebauter RFID-Schutz, ein Knopfdruck-Kartenfachdesign, geeignet f\u00fcr 6-8 Karten. Leicht und modisch, inklusive exklusiver Geschenkbox.\" \/>\n<meta property=\"og:url\" content=\"https:\/\/crudo-leather.com\/product\/disney-stitch-uv-printed-customized-rfid-slim-wallet-saffiano-black\/\" \/>\n<meta property=\"og:site_name\" content=\"Crudo\" \/>\n<meta property=\"article:modified_time\" content=\"2025-12-15T07:44:19+00:00\" \/>\n<meta property=\"og:image\" content=\"https:\/\/crudo-leather.com\/wp-content\/uploads\/2025\/05\/Stitch_WBG_SLW02_Black_01.jpg\" \/>\n\t<meta property=\"og:image:width\" content=\"2000\" \/>\n\t<meta property=\"og:image:height\" content=\"2000\" \/>\n\t<meta property=\"og:image:type\" content=\"image\/jpeg\" \/>\n<meta name=\"twitter:card\" content=\"summary_large_image\" \/>\n<meta name=\"twitter:label1\" content=\"Est. reading time\" \/>\n\t<meta name=\"twitter:data1\" content=\"1 minute\" \/>\n<script type=\"application\/ld+json\" class=\"yoast-schema-graph\">{\"@context\":\"https:\/\/schema.org\",\"@graph\":[{\"@type\":\"WebPage\",\"@id\":\"https:\/\/crudo-leather.com\/product\/disney-stitch-uv-printed-customized-rfid-slim-wallet-saffiano-black\/\",\"url\":\"https:\/\/crudo-leather.com\/product\/disney-stitch-uv-printed-customized-rfid-slim-wallet-saffiano-black\/\",\"name\":\"Disney Stitch UV Printed RFID Slim Wallet - Saffiano Black\",\"isPartOf\":{\"@id\":\"https:\/\/crudo-leather.com\/#website\"},\"primaryImageOfPage\":{\"@id\":\"https:\/\/crudo-leather.com\/product\/disney-stitch-uv-printed-customized-rfid-slim-wallet-saffiano-black\/#primaryimage\"},\"image\":{\"@id\":\"https:\/\/crudo-leather.com\/product\/disney-stitch-uv-printed-customized-rfid-slim-wallet-saffiano-black\/#primaryimage\"},\"thumbnailUrl\":\"https:\/\/crudo-leather.com\/wp-content\/uploads\/2025\/05\/Stitch_WBG_SLW02_Black_01.jpg\",\"datePublished\":\"2025-05-13T06:05:43+00:00\",\"dateModified\":\"2025-12-15T07:44:19+00:00\",\"description\":\"Own the officially licensed Disney Stitch UV printed RFID slim wallet. Saffiano black, secure & stylish. Free engraving & luxury gift box. Keep your essentials safe. Shop now!\",\"breadcrumb\":{\"@id\":\"https:\/\/crudo-leather.com\/product\/disney-stitch-uv-printed-customized-rfid-slim-wallet-saffiano-black\/#breadcrumb\"},\"inLanguage\":\"en-US\",\"potentialAction\":[{\"@type\":\"ReadAction\",\"target\":[\"https:\/\/crudo-leather.com\/product\/disney-stitch-uv-printed-customized-rfid-slim-wallet-saffiano-black\/\"]}]},{\"@type\":\"ImageObject\",\"inLanguage\":\"en-US\",\"@id\":\"https:\/\/crudo-leather.com\/product\/disney-stitch-uv-printed-customized-rfid-slim-wallet-saffiano-black\/#primaryimage\",\"url\":\"https:\/\/crudo-leather.com\/wp-content\/uploads\/2025\/05\/Stitch_WBG_SLW02_Black_01.jpg\",\"contentUrl\":\"https:\/\/crudo-leather.com\/wp-content\/uploads\/2025\/05\/Stitch_WBG_SLW02_Black_01.jpg\",\"width\":2000,\"height\":2000},{\"@type\":\"BreadcrumbList\",\"@id\":\"https:\/\/crudo-leather.com\/product\/disney-stitch-uv-printed-customized-rfid-slim-wallet-saffiano-black\/#breadcrumb\",\"itemListElement\":[{\"@type\":\"ListItem\",\"position\":1,\"name\":\"Shop\",\"item\":\"https:\/\/crudo-leather.com\/shop\/\"},{\"@type\":\"ListItem\",\"position\":2,\"name\":\"Disney Stitch UV Printed Customized RFID Slim Wallet\"}]},{\"@type\":\"WebSite\",\"@id\":\"https:\/\/crudo-leather.com\/#website\",\"url\":\"https:\/\/crudo-leather.com\/\",\"name\":\"Crudo\",\"description\":\"\",\"potentialAction\":[{\"@type\":\"SearchAction\",\"target\":{\"@type\":\"EntryPoint\",\"urlTemplate\":\"https:\/\/crudo-leather.com\/?s={search_term_string}\"},\"query-input\":{\"@type\":\"PropertyValueSpecification\",\"valueRequired\":true,\"valueName\":\"search_term_string\"}}],\"inLanguage\":\"en-US\"}]}<\/script>\n<!-- \/ Yoast SEO plugin. -->","yoast_head_json":{"title":"Disney Stitch UV-Druck RFID-Diebstahlschutz schlanke kurze Brieftasche - Schwarz","description":"Crudo Disney Stitch Limited Edition schwarze Saffiano d\u00fcnne kurze Brieftasche. UV-gedrucktes Stitch-Muster, eingebauter RFID-Schutz, ein Knopfdruck-Kartenfachdesign, geeignet f\u00fcr 6-8 Karten. Leicht und modisch, inklusive exklusiver Geschenkbox.","robots":{"index":"index","follow":"follow","max-snippet":"max-snippet:-1","max-image-preview":"max-image-preview:large","max-video-preview":"max-video-preview:-1"},"canonical":"https:\/\/crudo-leather.com\/de\/product\/disney-stitch-uv-printed-customized-rfid-slim-wallet-saffiano-black\/","og_locale":"en_US","og_type":"article","og_title":"Disney Stitch UV-Druck RFID-Diebstahlschutz schlanke kurze Brieftasche - Schwarz","og_description":"Crudo Disney Stitch Limited Edition schwarze Saffiano d\u00fcnne kurze Brieftasche. UV-gedrucktes Stitch-Muster, eingebauter RFID-Schutz, ein Knopfdruck-Kartenfachdesign, geeignet f\u00fcr 6-8 Karten. Leicht und modisch, inklusive exklusiver Geschenkbox.","og_url":"https:\/\/crudo-leather.com\/product\/disney-stitch-uv-printed-customized-rfid-slim-wallet-saffiano-black\/","og_site_name":"Crudo","article_modified_time":"2025-12-15T07:44:19+00:00","og_image":[{"width":2000,"height":2000,"url":"https:\/\/crudo-leather.com\/wp-content\/uploads\/2025\/05\/Stitch_WBG_SLW02_Black_01.jpg","type":"image\/jpeg"}],"twitter_card":"summary_large_image","twitter_misc":{"Est. reading time":"1 minute"},"schema":{"@context":"https:\/\/schema.org","@graph":[{"@type":"WebPage","@id":"https:\/\/crudo-leather.com\/product\/disney-stitch-uv-printed-customized-rfid-slim-wallet-saffiano-black\/","url":"https:\/\/crudo-leather.com\/product\/disney-stitch-uv-printed-customized-rfid-slim-wallet-saffiano-black\/","name":"Disney Stitch UV Printed RFID Slim Wallet - Saffiano Black","isPartOf":{"@id":"https:\/\/crudo-leather.com\/#website"},"primaryImageOfPage":{"@id":"https:\/\/crudo-leather.com\/product\/disney-stitch-uv-printed-customized-rfid-slim-wallet-saffiano-black\/#primaryimage"},"image":{"@id":"https:\/\/crudo-leather.com\/product\/disney-stitch-uv-printed-customized-rfid-slim-wallet-saffiano-black\/#primaryimage"},"thumbnailUrl":"https:\/\/crudo-leather.com\/wp-content\/uploads\/2025\/05\/Stitch_WBG_SLW02_Black_01.jpg","datePublished":"2025-05-13T06:05:43+00:00","dateModified":"2025-12-15T07:44:19+00:00","description":"Own the officially licensed Disney Stitch UV printed RFID slim wallet. Saffiano black, secure & stylish. Free engraving & luxury gift box. Keep your essentials safe. Shop now!","breadcrumb":{"@id":"https:\/\/crudo-leather.com\/product\/disney-stitch-uv-printed-customized-rfid-slim-wallet-saffiano-black\/#breadcrumb"},"inLanguage":"en-US","potentialAction":[{"@type":"ReadAction","target":["https:\/\/crudo-leather.com\/product\/disney-stitch-uv-printed-customized-rfid-slim-wallet-saffiano-black\/"]}]},{"@type":"ImageObject","inLanguage":"en-US","@id":"https:\/\/crudo-leather.com\/product\/disney-stitch-uv-printed-customized-rfid-slim-wallet-saffiano-black\/#primaryimage","url":"https:\/\/crudo-leather.com\/wp-content\/uploads\/2025\/05\/Stitch_WBG_SLW02_Black_01.jpg","contentUrl":"https:\/\/crudo-leather.com\/wp-content\/uploads\/2025\/05\/Stitch_WBG_SLW02_Black_01.jpg","width":2000,"height":2000},{"@type":"BreadcrumbList","@id":"https:\/\/crudo-leather.com\/product\/disney-stitch-uv-printed-customized-rfid-slim-wallet-saffiano-black\/#breadcrumb","itemListElement":[{"@type":"ListItem","position":1,"name":"Shop","item":"https:\/\/crudo-leather.com\/shop\/"},{"@type":"ListItem","position":2,"name":"Disney Stitch UV Printed Customized RFID Slim Wallet"}]},{"@type":"WebSite","@id":"https:\/\/crudo-leather.com\/#website","url":"https:\/\/crudo-leather.com\/","name":"Crudo","description":"","potentialAction":[{"@type":"SearchAction","target":{"@type":"EntryPoint","urlTemplate":"https:\/\/crudo-leather.com\/?s={search_term_string}"},"query-input":{"@type":"PropertyValueSpecification","valueRequired":true,"valueName":"search_term_string"}}],"inLanguage":"en-US"}]}},"_links":{"self":[{"href":"https:\/\/crudo-leather.com\/de\/wp-json\/wp\/v2\/product\/334835"}],"collection":[{"href":"https:\/\/crudo-leather.com\/de\/wp-json\/wp\/v2\/product"}],"about":[{"href":"https:\/\/crudo-leather.com\/de\/wp-json\/wp\/v2\/types\/product"}],"replies":[{"embeddable":true,"href":"https:\/\/crudo-leather.com\/de\/wp-json\/wp\/v2\/comments?post=334835"}],"wp:featuredmedia":[{"embeddable":true,"href":"https:\/\/crudo-leather.com\/de\/wp-json\/wp\/v2\/media\/334838"}],"wp:attachment":[{"href":"https:\/\/crudo-leather.com\/de\/wp-json\/wp\/v2\/media?parent=334835"}],"wp:term":[{"taxonomy":"collection","embeddable":true,"href":"https:\/\/crudo-leather.com\/de\/wp-json\/wp\/v2\/collection?post=334835"},{"taxonomy":"trending_cat","embeddable":true,"href":"https:\/\/crudo-leather.com\/de\/wp-json\/wp\/v2\/trending_cat?post=334835"},{"taxonomy":"product_cat","embeddable":true,"href":"https:\/\/crudo-leather.com\/de\/wp-json\/wp\/v2\/product_cat?post=334835"},{"taxonomy":"product_tag","embeddable":true,"href":"https:\/\/crudo-leather.com\/de\/wp-json\/wp\/v2\/product_tag?post=334835"}],"curies":[{"name":"wp","href":"https:\/\/api.w.org\/{rel}","templated":true}]}}