{"id":335118,"date":"2025-05-14T14:42:05","date_gmt":"2025-05-14T06:42:05","guid":{"rendered":"https:\/\/crudo-leather.com\/?post_type=product&#038;p=335118"},"modified":"2025-12-15T16:13:22","modified_gmt":"2025-12-15T08:13:22","slug":"disney-stitch-customized-leather-gemstone-bracelet-palace-blue-blue-goldstone","status":"publish","type":"product","link":"https:\/\/crudo-leather.com\/de\/product\/disney-stitch-customized-leather-gemstone-bracelet-palace-blue-blue-goldstone\/","title":{"rendered":"Disney Stitch Limited Edition personalisiertes geflochtenes Leder Edelsteine Armband"},"content":{"rendered":"","protected":false},"excerpt":{"rendered":"Bitte w\u00e4hlen Sie mindestens ein Metallanh\u00e4nger aus der Stitch-Kollektion, andernfalls wird das Produkt nur mit dem urspr\u00fcnglichen Crudo-Rundanh\u00e4nger geliefert und nicht mit der Stitch-Special-Edition-Geschenkbox.\n\n<strong><u>Stitch-Kollektion Special Edition<\/u><\/strong>\nALOHA! Stitch, Angel und Scrump bringen dir f\u00fcr den Sommer Schwung und Spa\u00df! 6 Metall-Strassanh\u00e4nger zeigen die Leidenschaft und den Charme von Hawaii und verleihen dir einen neuen sommerlichen Look.\n\nKlicken Sie auf \"Zum Warenkorb hinzuf\u00fcgen und gestalten\", um Ihren Gravurtext zu gestalten.\n\n- Offiziell lizenziertes Disney-Produkt\n- Verschiedene Stitch-, Angel- und Scrump-Metallanh\u00e4nger, die frei kombiniert und am Lederarmband befestigt werden k\u00f6nnen\n- Innovatives Crudo-Anh\u00e4ngerdesign, verziert mit Strasssteinen \/ Emaille-Effekten auf der Oberfl\u00e4che\n- Beim Kauf von Stitch-Schmuck erhalten Sie eine Stitch-Special-Edition-Geschenkbox mit abziehbarer Gru\u00dfkarte (inklusive Geschenkkarte und Produktgarantie)\n- Hergestellt aus italienischem, geflochtenem Vollrindleder und hochwertigem 316L-Edelstahl aus Deutschland\n- Einbettung von blauem Goldsandstein in die Oberfl\u00e4che des 316L-Edelstahls, um dem Lederarmband heilende Energie zu verleihen\n- Handwerker verwenden pr\u00e4zise Edelsteinschneidetechniken, damit die wertvollen Steine in bezauberndem Glanz erstrahlen\n- Jeder Stein wird nat\u00fcrlich abgebaut und hat eine einzigartige, nat\u00fcrliche Textur\n- Kostenloser Gravurservice, verschiedene Schriftarten und Gravurvorschl\u00e4ge zur Auswahl\n- Verblasst und oxidiert nicht leicht, bleibt dauerhaft erhalten\n- Mit Magnetverschluss und exklusivem achteckigem Design\n- Geeignet f\u00fcr Menschen mit empfindlicher Haut\n- Hinweis: Das Armband ist nicht f\u00fcr Kinder unter 3 Jahren geeignet.\n\n<strong>Produktionszeit und Versanddetails<\/strong>\n- Jedes Produkt ben\u00f6tigt nur 1-5 Werktage zur Fertigstellung\n- Bei Bestellung heute kann es bereits morgen versendet werden\n- Direktversand in Hongkong und Macau","protected":false},"featured_media":335122,"comment_status":"open","ping_status":"closed","template":"","meta":{"inline_featured_image":false},"collection":[3029],"trending_cat":[2390],"product_cat":[17],"product_tag":[2402,3026],"class_list":{"0":"post-335118","1":"product","2":"type-product","3":"status-publish","4":"has-post-thumbnail","6":"trending_cat-ricordi-leather-bracelet","7":"product_cat-bracelets-cuffs","8":"product_tag-disney-pixar","9":"product_tag-disney-stitch-special-edition","11":"first","12":"instock","13":"sale","14":"shipping-taxable","15":"purchasable","16":"product-type-variable"},"yoast_head":"<!-- This site is optimized with the Yoast SEO plugin v23.4 - https:\/\/yoast.com\/wordpress\/plugins\/seo\/ -->\n<title>Disney Stitch personalisiertes Leder-Edelstein-Armband - Hofblauer Sandstein<\/title>\n<meta name=\"description\" content=\"Crudo Disney Stitch Limited Edition Hofblau Sandstein Leder Edelstein Armband. Italienisches Premium-Rindleder mit 316L-Stahl, eingefasst mit blauem Sandstein, Magnetverschluss, kostenlose Gravur und optionaler Stitch-Anh\u00e4nger erh\u00e4ltlich. Inklusive exklusiver Geschenkbox, heilend und modisch.\" \/>\n<meta name=\"robots\" content=\"index, follow, max-snippet:-1, max-image-preview:large, max-video-preview:-1\" \/>\n<link rel=\"canonical\" href=\"https:\/\/crudo-leather.com\/de\/product\/disney-stitch-customized-leather-gemstone-bracelet-palace-blue-blue-goldstone\/\" \/>\n<meta property=\"og:locale\" content=\"en_US\" \/>\n<meta property=\"og:type\" content=\"article\" \/>\n<meta property=\"og:title\" content=\"Disney Stitch personalisiertes Leder-Edelstein-Armband - Hofblauer Sandstein\" \/>\n<meta property=\"og:description\" content=\"Crudo Disney Stitch Limited Edition Hofblau Sandstein Leder Edelstein Armband. Italienisches Premium-Rindleder mit 316L-Stahl, eingefasst mit blauem Sandstein, Magnetverschluss, kostenlose Gravur und optionaler Stitch-Anh\u00e4nger erh\u00e4ltlich. Inklusive exklusiver Geschenkbox, heilend und modisch.\" \/>\n<meta property=\"og:url\" content=\"https:\/\/crudo-leather.com\/product\/disney-stitch-customized-leather-gemstone-bracelet-palace-blue-blue-goldstone\/\" \/>\n<meta property=\"og:site_name\" content=\"Crudo\" \/>\n<meta property=\"article:modified_time\" content=\"2025-12-15T08:13:22+00:00\" \/>\n<meta property=\"og:image\" content=\"https:\/\/crudo-leather.com\/wp-content\/uploads\/2025\/05\/Stitch_WBG_BRT01stone_SD_a.jpg\" \/>\n\t<meta property=\"og:image:width\" content=\"2000\" \/>\n\t<meta property=\"og:image:height\" content=\"2000\" \/>\n\t<meta property=\"og:image:type\" content=\"image\/jpeg\" \/>\n<meta name=\"twitter:card\" content=\"summary_large_image\" \/>\n<meta name=\"twitter:label1\" content=\"Est. reading time\" \/>\n\t<meta name=\"twitter:data1\" content=\"1 minute\" \/>\n<script type=\"application\/ld+json\" class=\"yoast-schema-graph\">{\"@context\":\"https:\/\/schema.org\",\"@graph\":[{\"@type\":\"WebPage\",\"@id\":\"https:\/\/crudo-leather.com\/product\/disney-stitch-customized-leather-gemstone-bracelet-palace-blue-blue-goldstone\/\",\"url\":\"https:\/\/crudo-leather.com\/product\/disney-stitch-customized-leather-gemstone-bracelet-palace-blue-blue-goldstone\/\",\"name\":\"Disney Stitch Customized Leather Gemstone Bracelet - Palace Blue Blue Goldstone\",\"isPartOf\":{\"@id\":\"https:\/\/crudo-leather.com\/#website\"},\"primaryImageOfPage\":{\"@id\":\"https:\/\/crudo-leather.com\/product\/disney-stitch-customized-leather-gemstone-bracelet-palace-blue-blue-goldstone\/#primaryimage\"},\"image\":{\"@id\":\"https:\/\/crudo-leather.com\/product\/disney-stitch-customized-leather-gemstone-bracelet-palace-blue-blue-goldstone\/#primaryimage\"},\"thumbnailUrl\":\"https:\/\/crudo-leather.com\/wp-content\/uploads\/2025\/05\/Stitch_WBG_BRT01stone_SD_a.jpg\",\"datePublished\":\"2025-05-14T06:42:05+00:00\",\"dateModified\":\"2025-12-15T08:13:22+00:00\",\"description\":\"Explore officially licensed Disney Stitch customized leather gemstone bracelet. Palace blue with blue goldstone. Free engraving & luxury gift box. A unique accessory. Shop now!\",\"breadcrumb\":{\"@id\":\"https:\/\/crudo-leather.com\/product\/disney-stitch-customized-leather-gemstone-bracelet-palace-blue-blue-goldstone\/#breadcrumb\"},\"inLanguage\":\"en-US\",\"potentialAction\":[{\"@type\":\"ReadAction\",\"target\":[\"https:\/\/crudo-leather.com\/product\/disney-stitch-customized-leather-gemstone-bracelet-palace-blue-blue-goldstone\/\"]}]},{\"@type\":\"ImageObject\",\"inLanguage\":\"en-US\",\"@id\":\"https:\/\/crudo-leather.com\/product\/disney-stitch-customized-leather-gemstone-bracelet-palace-blue-blue-goldstone\/#primaryimage\",\"url\":\"https:\/\/crudo-leather.com\/wp-content\/uploads\/2025\/05\/Stitch_WBG_BRT01stone_SD_a.jpg\",\"contentUrl\":\"https:\/\/crudo-leather.com\/wp-content\/uploads\/2025\/05\/Stitch_WBG_BRT01stone_SD_a.jpg\",\"width\":2000,\"height\":2000},{\"@type\":\"BreadcrumbList\",\"@id\":\"https:\/\/crudo-leather.com\/product\/disney-stitch-customized-leather-gemstone-bracelet-palace-blue-blue-goldstone\/#breadcrumb\",\"itemListElement\":[{\"@type\":\"ListItem\",\"position\":1,\"name\":\"Shop\",\"item\":\"https:\/\/crudo-leather.com\/shop\/\"},{\"@type\":\"ListItem\",\"position\":2,\"name\":\"Disney Stitch Customized Leather Gemstone Bracelet\"}]},{\"@type\":\"WebSite\",\"@id\":\"https:\/\/crudo-leather.com\/#website\",\"url\":\"https:\/\/crudo-leather.com\/\",\"name\":\"Crudo\",\"description\":\"\",\"potentialAction\":[{\"@type\":\"SearchAction\",\"target\":{\"@type\":\"EntryPoint\",\"urlTemplate\":\"https:\/\/crudo-leather.com\/?s={search_term_string}\"},\"query-input\":{\"@type\":\"PropertyValueSpecification\",\"valueRequired\":true,\"valueName\":\"search_term_string\"}}],\"inLanguage\":\"en-US\"}]}<\/script>\n<!-- \/ Yoast SEO plugin. -->","yoast_head_json":{"title":"Disney Stitch personalisiertes Leder-Edelstein-Armband - Hofblauer Sandstein","description":"Crudo Disney Stitch Limited Edition Hofblau Sandstein Leder Edelstein Armband. Italienisches Premium-Rindleder mit 316L-Stahl, eingefasst mit blauem Sandstein, Magnetverschluss, kostenlose Gravur und optionaler Stitch-Anh\u00e4nger erh\u00e4ltlich. Inklusive exklusiver Geschenkbox, heilend und modisch.","robots":{"index":"index","follow":"follow","max-snippet":"max-snippet:-1","max-image-preview":"max-image-preview:large","max-video-preview":"max-video-preview:-1"},"canonical":"https:\/\/crudo-leather.com\/de\/product\/disney-stitch-customized-leather-gemstone-bracelet-palace-blue-blue-goldstone\/","og_locale":"en_US","og_type":"article","og_title":"Disney Stitch personalisiertes Leder-Edelstein-Armband - Hofblauer Sandstein","og_description":"Crudo Disney Stitch Limited Edition Hofblau Sandstein Leder Edelstein Armband. Italienisches Premium-Rindleder mit 316L-Stahl, eingefasst mit blauem Sandstein, Magnetverschluss, kostenlose Gravur und optionaler Stitch-Anh\u00e4nger erh\u00e4ltlich. Inklusive exklusiver Geschenkbox, heilend und modisch.","og_url":"https:\/\/crudo-leather.com\/product\/disney-stitch-customized-leather-gemstone-bracelet-palace-blue-blue-goldstone\/","og_site_name":"Crudo","article_modified_time":"2025-12-15T08:13:22+00:00","og_image":[{"width":2000,"height":2000,"url":"https:\/\/crudo-leather.com\/wp-content\/uploads\/2025\/05\/Stitch_WBG_BRT01stone_SD_a.jpg","type":"image\/jpeg"}],"twitter_card":"summary_large_image","twitter_misc":{"Est. reading time":"1 minute"},"schema":{"@context":"https:\/\/schema.org","@graph":[{"@type":"WebPage","@id":"https:\/\/crudo-leather.com\/product\/disney-stitch-customized-leather-gemstone-bracelet-palace-blue-blue-goldstone\/","url":"https:\/\/crudo-leather.com\/product\/disney-stitch-customized-leather-gemstone-bracelet-palace-blue-blue-goldstone\/","name":"Disney Stitch Customized Leather Gemstone Bracelet - Palace Blue Blue Goldstone","isPartOf":{"@id":"https:\/\/crudo-leather.com\/#website"},"primaryImageOfPage":{"@id":"https:\/\/crudo-leather.com\/product\/disney-stitch-customized-leather-gemstone-bracelet-palace-blue-blue-goldstone\/#primaryimage"},"image":{"@id":"https:\/\/crudo-leather.com\/product\/disney-stitch-customized-leather-gemstone-bracelet-palace-blue-blue-goldstone\/#primaryimage"},"thumbnailUrl":"https:\/\/crudo-leather.com\/wp-content\/uploads\/2025\/05\/Stitch_WBG_BRT01stone_SD_a.jpg","datePublished":"2025-05-14T06:42:05+00:00","dateModified":"2025-12-15T08:13:22+00:00","description":"Explore officially licensed Disney Stitch customized leather gemstone bracelet. Palace blue with blue goldstone. Free engraving & luxury gift box. A unique accessory. Shop now!","breadcrumb":{"@id":"https:\/\/crudo-leather.com\/product\/disney-stitch-customized-leather-gemstone-bracelet-palace-blue-blue-goldstone\/#breadcrumb"},"inLanguage":"en-US","potentialAction":[{"@type":"ReadAction","target":["https:\/\/crudo-leather.com\/product\/disney-stitch-customized-leather-gemstone-bracelet-palace-blue-blue-goldstone\/"]}]},{"@type":"ImageObject","inLanguage":"en-US","@id":"https:\/\/crudo-leather.com\/product\/disney-stitch-customized-leather-gemstone-bracelet-palace-blue-blue-goldstone\/#primaryimage","url":"https:\/\/crudo-leather.com\/wp-content\/uploads\/2025\/05\/Stitch_WBG_BRT01stone_SD_a.jpg","contentUrl":"https:\/\/crudo-leather.com\/wp-content\/uploads\/2025\/05\/Stitch_WBG_BRT01stone_SD_a.jpg","width":2000,"height":2000},{"@type":"BreadcrumbList","@id":"https:\/\/crudo-leather.com\/product\/disney-stitch-customized-leather-gemstone-bracelet-palace-blue-blue-goldstone\/#breadcrumb","itemListElement":[{"@type":"ListItem","position":1,"name":"Shop","item":"https:\/\/crudo-leather.com\/shop\/"},{"@type":"ListItem","position":2,"name":"Disney Stitch Customized Leather Gemstone Bracelet"}]},{"@type":"WebSite","@id":"https:\/\/crudo-leather.com\/#website","url":"https:\/\/crudo-leather.com\/","name":"Crudo","description":"","potentialAction":[{"@type":"SearchAction","target":{"@type":"EntryPoint","urlTemplate":"https:\/\/crudo-leather.com\/?s={search_term_string}"},"query-input":{"@type":"PropertyValueSpecification","valueRequired":true,"valueName":"search_term_string"}}],"inLanguage":"en-US"}]}},"_links":{"self":[{"href":"https:\/\/crudo-leather.com\/de\/wp-json\/wp\/v2\/product\/335118"}],"collection":[{"href":"https:\/\/crudo-leather.com\/de\/wp-json\/wp\/v2\/product"}],"about":[{"href":"https:\/\/crudo-leather.com\/de\/wp-json\/wp\/v2\/types\/product"}],"replies":[{"embeddable":true,"href":"https:\/\/crudo-leather.com\/de\/wp-json\/wp\/v2\/comments?post=335118"}],"wp:featuredmedia":[{"embeddable":true,"href":"https:\/\/crudo-leather.com\/de\/wp-json\/wp\/v2\/media\/335122"}],"wp:attachment":[{"href":"https:\/\/crudo-leather.com\/de\/wp-json\/wp\/v2\/media?parent=335118"}],"wp:term":[{"taxonomy":"collection","embeddable":true,"href":"https:\/\/crudo-leather.com\/de\/wp-json\/wp\/v2\/collection?post=335118"},{"taxonomy":"trending_cat","embeddable":true,"href":"https:\/\/crudo-leather.com\/de\/wp-json\/wp\/v2\/trending_cat?post=335118"},{"taxonomy":"product_cat","embeddable":true,"href":"https:\/\/crudo-leather.com\/de\/wp-json\/wp\/v2\/product_cat?post=335118"},{"taxonomy":"product_tag","embeddable":true,"href":"https:\/\/crudo-leather.com\/de\/wp-json\/wp\/v2\/product_tag?post=335118"}],"curies":[{"name":"wp","href":"https:\/\/api.w.org\/{rel}","templated":true}]}}