{"id":335320,"date":"2025-05-15T11:52:10","date_gmt":"2025-05-15T03:52:10","guid":{"rendered":"https:\/\/crudo-leather.com\/?post_type=product&#038;p=335320"},"modified":"2025-09-09T11:58:31","modified_gmt":"2025-09-09T03:58:31","slug":"disney-stitch-customized-leather-keychain-coral-pink","status":"publish","type":"product","link":"https:\/\/crudo-leather.com\/de\/product\/disney-stitch-customized-leather-keychain-coral-pink\/","title":{"rendered":"Disney Stitch Limited Edition personalisiertes geflochtenes Leder Schl\u00fcsselanh\u00e4nger"},"content":{"rendered":"","protected":false},"excerpt":{"rendered":"Bitte w\u00e4hlen Sie mindestens ein Metallanh\u00e4nger aus der Stitch-Kollektion, andernfalls wird das Produkt nur mit dem urspr\u00fcnglichen Crudo runden Anh\u00e4nger geliefert und nicht mit der Stitch Special Edition Geschenkbox.\n\n<strong><u>Stitch Kollektion Special Edition<\/u><\/strong>\nALOHA! Stitch, Angel und Scrump bringen dir f\u00fcr den Sommer Schwung und Spa\u00df! 6 Metall-Strassanh\u00e4nger zeigen die Leidenschaft und den Charme von Hawaii und verleihen dir einen neuen Sommerlook.\n\nKlicken Sie auf \"Zum Warenkorb hinzuf\u00fcgen und gestalten\", um Ihren Gravurtext zu gestalten.\n\n- Offiziell lizenzierte Disney-Produkte\n- Verschiedene Metallanh\u00e4nger mit Stitch, Angel und Scrump, frei kombinierbar und am Schl\u00fcsselbund befestigbar\n- Innovatives Crudo Anh\u00e4nger-Design, verziert mit Strasssteinen \/ Emaille-Effekten auf der Oberfl\u00e4che\n- Beim Kauf von Stitch-Kollektion Schmuck erhalten Sie eine Stitch Special Edition Geschenkbox mit abl\u00f6sbarer Gru\u00dfkarte (inklusive Geschenkkarte und Produktgarantie)\n- Kostenloser Gravurservice, verschiedene Schriftarten und Gravurvorschl\u00e4ge zur Auswahl\n- Handgefertigt aus italienischem geflochtenem Oberleder, erweiterbar zum Anschlie\u00dfen verschiedener Gegenst\u00e4nde\n- Exklusives kleines Achteck-Metall-Cut-Out-Design\n- Kombiniert Kunst, Mode und Funktionalit\u00e4t im Design\n\n<strong>Produktionszeit und Versanddetails<\/strong>\n- Jedes Produkt ben\u00f6tigt nur 1-5 Werktage zur Fertigstellung\n- Bei Bestellung heute kann es bereits morgen versendet werden\n- Direktversand nach Hongkong und Macau","protected":false},"featured_media":335322,"comment_status":"open","ping_status":"closed","template":"","meta":{"inline_featured_image":false},"collection":[3029],"trending_cat":[],"product_cat":[89],"product_tag":[2402,3026],"class_list":{"0":"post-335320","1":"product","2":"type-product","3":"status-publish","4":"has-post-thumbnail","6":"product_cat-others-accessories","7":"product_tag-disney-pixar","8":"product_tag-disney-stitch-special-edition","10":"first","11":"instock","12":"sale","13":"shipping-taxable","14":"purchasable","15":"product-type-variable"},"yoast_head":"<!-- This site is optimized with the Yoast SEO plugin v23.4 - https:\/\/yoast.com\/wordpress\/plugins\/seo\/ -->\n<title>Disney Stitch personalisiertes Leder Schl\u00fcsselanh\u00e4nger - Korallenrosa<\/title>\n<meta name=\"description\" content=\"Crudo Disney Stitch Kooperations-Korallenrosa Leder-Schl\u00fcsselanh\u00e4nger, aus italienischem Vollrindleder geflochten, kann mit Stitch Metallanh\u00e4nger kombiniert werden. Kostenlose Gravur, inklusive Stitch Geschenkbox. Modisch und praktisch, zeigt sommerliche Leidenschaft.\" \/>\n<meta name=\"robots\" content=\"index, follow, max-snippet:-1, max-image-preview:large, max-video-preview:-1\" \/>\n<link rel=\"canonical\" href=\"https:\/\/crudo-leather.com\/de\/product\/disney-stitch-customized-leather-keychain-coral-pink\/\" \/>\n<meta property=\"og:locale\" content=\"en_US\" \/>\n<meta property=\"og:type\" content=\"article\" \/>\n<meta property=\"og:title\" content=\"Disney Stitch personalisiertes Leder Schl\u00fcsselanh\u00e4nger - Korallenrosa\" \/>\n<meta property=\"og:description\" content=\"Crudo Disney Stitch Kooperations-Korallenrosa Leder-Schl\u00fcsselanh\u00e4nger, aus italienischem Vollrindleder geflochten, kann mit Stitch Metallanh\u00e4nger kombiniert werden. Kostenlose Gravur, inklusive Stitch Geschenkbox. Modisch und praktisch, zeigt sommerliche Leidenschaft.\" \/>\n<meta property=\"og:url\" content=\"https:\/\/crudo-leather.com\/product\/disney-stitch-customized-leather-keychain-coral-pink\/\" \/>\n<meta property=\"og:site_name\" content=\"Crudo\" \/>\n<meta property=\"article:modified_time\" content=\"2025-09-09T03:58:31+00:00\" \/>\n<meta property=\"og:image\" content=\"https:\/\/crudo-leather.com\/wp-content\/uploads\/2025\/05\/Stitch_KEC01_PIK_Front.jpg\" \/>\n\t<meta property=\"og:image:width\" content=\"2000\" \/>\n\t<meta property=\"og:image:height\" content=\"2000\" \/>\n\t<meta property=\"og:image:type\" content=\"image\/jpeg\" \/>\n<meta name=\"twitter:card\" content=\"summary_large_image\" \/>\n<meta name=\"twitter:label1\" content=\"Est. reading time\" \/>\n\t<meta name=\"twitter:data1\" content=\"1 minute\" \/>\n<script type=\"application\/ld+json\" class=\"yoast-schema-graph\">{\"@context\":\"https:\/\/schema.org\",\"@graph\":[{\"@type\":\"WebPage\",\"@id\":\"https:\/\/crudo-leather.com\/product\/disney-stitch-customized-leather-keychain-coral-pink\/\",\"url\":\"https:\/\/crudo-leather.com\/product\/disney-stitch-customized-leather-keychain-coral-pink\/\",\"name\":\"Stitch Customized Leather Keychain: Coral Pink\",\"isPartOf\":{\"@id\":\"https:\/\/crudo-leather.com\/#website\"},\"primaryImageOfPage\":{\"@id\":\"https:\/\/crudo-leather.com\/product\/disney-stitch-customized-leather-keychain-coral-pink\/#primaryimage\"},\"image\":{\"@id\":\"https:\/\/crudo-leather.com\/product\/disney-stitch-customized-leather-keychain-coral-pink\/#primaryimage\"},\"thumbnailUrl\":\"https:\/\/crudo-leather.com\/wp-content\/uploads\/2025\/05\/Stitch_KEC01_PIK_Front.jpg\",\"datePublished\":\"2025-05-15T03:52:10+00:00\",\"dateModified\":\"2025-09-09T03:58:31+00:00\",\"description\":\"Carry your keys in style with the Disney Stitch Customized Leather Keychain in Coral Pink. A charming and personal accessory.\",\"breadcrumb\":{\"@id\":\"https:\/\/crudo-leather.com\/product\/disney-stitch-customized-leather-keychain-coral-pink\/#breadcrumb\"},\"inLanguage\":\"en-US\",\"potentialAction\":[{\"@type\":\"ReadAction\",\"target\":[\"https:\/\/crudo-leather.com\/product\/disney-stitch-customized-leather-keychain-coral-pink\/\"]}]},{\"@type\":\"ImageObject\",\"inLanguage\":\"en-US\",\"@id\":\"https:\/\/crudo-leather.com\/product\/disney-stitch-customized-leather-keychain-coral-pink\/#primaryimage\",\"url\":\"https:\/\/crudo-leather.com\/wp-content\/uploads\/2025\/05\/Stitch_KEC01_PIK_Front.jpg\",\"contentUrl\":\"https:\/\/crudo-leather.com\/wp-content\/uploads\/2025\/05\/Stitch_KEC01_PIK_Front.jpg\",\"width\":2000,\"height\":2000},{\"@type\":\"BreadcrumbList\",\"@id\":\"https:\/\/crudo-leather.com\/product\/disney-stitch-customized-leather-keychain-coral-pink\/#breadcrumb\",\"itemListElement\":[{\"@type\":\"ListItem\",\"position\":1,\"name\":\"Shop\",\"item\":\"https:\/\/crudo-leather.com\/shop\/\"},{\"@type\":\"ListItem\",\"position\":2,\"name\":\"Disney Stitch Customized Leather Keychain\"}]},{\"@type\":\"WebSite\",\"@id\":\"https:\/\/crudo-leather.com\/#website\",\"url\":\"https:\/\/crudo-leather.com\/\",\"name\":\"Crudo\",\"description\":\"\",\"potentialAction\":[{\"@type\":\"SearchAction\",\"target\":{\"@type\":\"EntryPoint\",\"urlTemplate\":\"https:\/\/crudo-leather.com\/?s={search_term_string}\"},\"query-input\":{\"@type\":\"PropertyValueSpecification\",\"valueRequired\":true,\"valueName\":\"search_term_string\"}}],\"inLanguage\":\"en-US\"}]}<\/script>\n<!-- \/ Yoast SEO plugin. -->","yoast_head_json":{"title":"Disney Stitch personalisiertes Leder Schl\u00fcsselanh\u00e4nger - Korallenrosa","description":"Crudo Disney Stitch Kooperations-Korallenrosa Leder-Schl\u00fcsselanh\u00e4nger, aus italienischem Vollrindleder geflochten, kann mit Stitch Metallanh\u00e4nger kombiniert werden. Kostenlose Gravur, inklusive Stitch Geschenkbox. Modisch und praktisch, zeigt sommerliche Leidenschaft.","robots":{"index":"index","follow":"follow","max-snippet":"max-snippet:-1","max-image-preview":"max-image-preview:large","max-video-preview":"max-video-preview:-1"},"canonical":"https:\/\/crudo-leather.com\/de\/product\/disney-stitch-customized-leather-keychain-coral-pink\/","og_locale":"en_US","og_type":"article","og_title":"Disney Stitch personalisiertes Leder Schl\u00fcsselanh\u00e4nger - Korallenrosa","og_description":"Crudo Disney Stitch Kooperations-Korallenrosa Leder-Schl\u00fcsselanh\u00e4nger, aus italienischem Vollrindleder geflochten, kann mit Stitch Metallanh\u00e4nger kombiniert werden. Kostenlose Gravur, inklusive Stitch Geschenkbox. Modisch und praktisch, zeigt sommerliche Leidenschaft.","og_url":"https:\/\/crudo-leather.com\/product\/disney-stitch-customized-leather-keychain-coral-pink\/","og_site_name":"Crudo","article_modified_time":"2025-09-09T03:58:31+00:00","og_image":[{"width":2000,"height":2000,"url":"https:\/\/crudo-leather.com\/wp-content\/uploads\/2025\/05\/Stitch_KEC01_PIK_Front.jpg","type":"image\/jpeg"}],"twitter_card":"summary_large_image","twitter_misc":{"Est. reading time":"1 minute"},"schema":{"@context":"https:\/\/schema.org","@graph":[{"@type":"WebPage","@id":"https:\/\/crudo-leather.com\/product\/disney-stitch-customized-leather-keychain-coral-pink\/","url":"https:\/\/crudo-leather.com\/product\/disney-stitch-customized-leather-keychain-coral-pink\/","name":"Stitch Customized Leather Keychain: Coral Pink","isPartOf":{"@id":"https:\/\/crudo-leather.com\/#website"},"primaryImageOfPage":{"@id":"https:\/\/crudo-leather.com\/product\/disney-stitch-customized-leather-keychain-coral-pink\/#primaryimage"},"image":{"@id":"https:\/\/crudo-leather.com\/product\/disney-stitch-customized-leather-keychain-coral-pink\/#primaryimage"},"thumbnailUrl":"https:\/\/crudo-leather.com\/wp-content\/uploads\/2025\/05\/Stitch_KEC01_PIK_Front.jpg","datePublished":"2025-05-15T03:52:10+00:00","dateModified":"2025-09-09T03:58:31+00:00","description":"Carry your keys in style with the Disney Stitch Customized Leather Keychain in Coral Pink. A charming and personal accessory.","breadcrumb":{"@id":"https:\/\/crudo-leather.com\/product\/disney-stitch-customized-leather-keychain-coral-pink\/#breadcrumb"},"inLanguage":"en-US","potentialAction":[{"@type":"ReadAction","target":["https:\/\/crudo-leather.com\/product\/disney-stitch-customized-leather-keychain-coral-pink\/"]}]},{"@type":"ImageObject","inLanguage":"en-US","@id":"https:\/\/crudo-leather.com\/product\/disney-stitch-customized-leather-keychain-coral-pink\/#primaryimage","url":"https:\/\/crudo-leather.com\/wp-content\/uploads\/2025\/05\/Stitch_KEC01_PIK_Front.jpg","contentUrl":"https:\/\/crudo-leather.com\/wp-content\/uploads\/2025\/05\/Stitch_KEC01_PIK_Front.jpg","width":2000,"height":2000},{"@type":"BreadcrumbList","@id":"https:\/\/crudo-leather.com\/product\/disney-stitch-customized-leather-keychain-coral-pink\/#breadcrumb","itemListElement":[{"@type":"ListItem","position":1,"name":"Shop","item":"https:\/\/crudo-leather.com\/shop\/"},{"@type":"ListItem","position":2,"name":"Disney Stitch Customized Leather Keychain"}]},{"@type":"WebSite","@id":"https:\/\/crudo-leather.com\/#website","url":"https:\/\/crudo-leather.com\/","name":"Crudo","description":"","potentialAction":[{"@type":"SearchAction","target":{"@type":"EntryPoint","urlTemplate":"https:\/\/crudo-leather.com\/?s={search_term_string}"},"query-input":{"@type":"PropertyValueSpecification","valueRequired":true,"valueName":"search_term_string"}}],"inLanguage":"en-US"}]}},"_links":{"self":[{"href":"https:\/\/crudo-leather.com\/de\/wp-json\/wp\/v2\/product\/335320"}],"collection":[{"href":"https:\/\/crudo-leather.com\/de\/wp-json\/wp\/v2\/product"}],"about":[{"href":"https:\/\/crudo-leather.com\/de\/wp-json\/wp\/v2\/types\/product"}],"replies":[{"embeddable":true,"href":"https:\/\/crudo-leather.com\/de\/wp-json\/wp\/v2\/comments?post=335320"}],"wp:featuredmedia":[{"embeddable":true,"href":"https:\/\/crudo-leather.com\/de\/wp-json\/wp\/v2\/media\/335322"}],"wp:attachment":[{"href":"https:\/\/crudo-leather.com\/de\/wp-json\/wp\/v2\/media?parent=335320"}],"wp:term":[{"taxonomy":"collection","embeddable":true,"href":"https:\/\/crudo-leather.com\/de\/wp-json\/wp\/v2\/collection?post=335320"},{"taxonomy":"trending_cat","embeddable":true,"href":"https:\/\/crudo-leather.com\/de\/wp-json\/wp\/v2\/trending_cat?post=335320"},{"taxonomy":"product_cat","embeddable":true,"href":"https:\/\/crudo-leather.com\/de\/wp-json\/wp\/v2\/product_cat?post=335320"},{"taxonomy":"product_tag","embeddable":true,"href":"https:\/\/crudo-leather.com\/de\/wp-json\/wp\/v2\/product_tag?post=335320"}],"curies":[{"name":"wp","href":"https:\/\/api.w.org\/{rel}","templated":true}]}}