{"id":335418,"date":"2025-05-15T17:19:12","date_gmt":"2025-05-15T09:19:12","guid":{"rendered":"https:\/\/crudo-leather.com\/?post_type=product&#038;p=335418"},"modified":"2026-01-02T17:57:45","modified_gmt":"2026-01-02T09:57:45","slug":"disney-stitch-uv-printed-customized-leather-compact-wallet-saffiano-pink","status":"publish","type":"product","link":"https:\/\/crudo-leather.com\/de\/product\/disney-stitch-uv-printed-customized-leather-compact-wallet-saffiano-pink\/","title":{"rendered":"Disney Stitch Limited Edition UV bedrucktes personalisiertes Rei\u00dfverschluss-Lederportemonnaie"},"content":{"rendered":"","protected":false},"excerpt":{"rendered":"** Nachdem Sie ein Produkt ausgew\u00e4hlt und auf \"In den Warenkorb legen und gestalten\" geklickt haben, w\u00e4hlen Sie bitte auf der Gestaltungsseite mindestens ein spezielles Stitch-Motiv aus, um den UV-Druck zu personalisieren und das Stitch-Geschenkset zu verbessern.**\n\n<strong><u>Stitch Special Edition<\/u><\/strong>\nALOHA! Sp\u00fcren Sie den leidenschaftlichen hawaiianischen Stil, den Stitch f\u00fcr Sie bringt. Die verspielte Serie aus Leder-Portemonnaie-Zubeh\u00f6r l\u00e4sst Sie Ihren einzigartigen, charmanten Stil zeigen.\n\nKlicken Sie auf \"In den Warenkorb legen und gestalten\", um Ihren Gravurinhalt zu gestalten.\n\n- Offiziell lizenziertes Disney-Produkt\n- Bis zu 10 spezielle Stitch-Motive zur Auswahl, die zusammen mit Ihrer personalisierten Unterschrift per UV-Druck auf dem Leder-Portemonnaie angebracht werden\n- Beim Kauf eines Stitch-Leder-Portemonnaies erhalten Sie ein spezielles Stitch-Geschenkset mit abziehbarer Gru\u00dfkarte (inklusive Geschenkkarte und Produktgarantie)\n- Hergestellt aus 100 % italienischem Vollrindleder\n- Handgeschliffen und -veredelt\n\n<strong>Portemonnaie-F\u00e4cher:<\/strong>\n- 6 Kreditkartenf\u00e4cher\n- 1 M\u00fcnzfach\n- 1 Geldscheinfach\n\n<strong>Produktionszeit und Versanddetails<\/strong>\n- Jedes Produkt ben\u00f6tigt nur 1-5 Werktage zur Fertigstellung\n- Bei Bestellung heute kann es bereits morgen versendet werden\n- Direktversand nach Hongkong und Macau","protected":false},"featured_media":335420,"comment_status":"open","ping_status":"closed","template":"","meta":{"inline_featured_image":false},"collection":[3029],"trending_cat":[],"product_cat":[15],"product_tag":[2402,3026],"class_list":{"0":"post-335418","1":"product","2":"type-product","3":"status-publish","4":"has-post-thumbnail","6":"product_cat-uncategorized","7":"product_tag-disney-pixar","8":"product_tag-disney-stitch-special-edition","10":"first","11":"instock","12":"sale","13":"shipping-taxable","14":"purchasable","15":"product-type-variable"},"yoast_head":"<!-- This site is optimized with the Yoast SEO plugin v23.4 - https:\/\/yoast.com\/wordpress\/plugins\/seo\/ -->\n<title>Disney Stitch Limited Edition UV bedrucktes personalisiertes Rei\u00dfverschluss-Portemonnaie - Crudo<\/title>\n<meta name=\"description\" content=\"Entdecken Sie den offiziell lizenzierten Disney Stitch UV-gedruckten Leder-Kompaktgeldbeutel. Saffiano-Pink, schlank &amp; praktisch. Kostenlose Gravur &amp; Luxus-Geschenkbox. Halten Sie Ihre wichtigsten Dinge organisiert. Jetzt einkaufen!\" \/>\n<meta name=\"robots\" content=\"index, follow, max-snippet:-1, max-image-preview:large, max-video-preview:-1\" \/>\n<link rel=\"canonical\" href=\"https:\/\/crudo-leather.com\/de\/product\/disney-stitch-uv-printed-customized-leather-compact-wallet-saffiano-pink\/\" \/>\n<meta property=\"og:locale\" content=\"en_US\" \/>\n<meta property=\"og:type\" content=\"article\" \/>\n<meta property=\"og:title\" content=\"Disney Stitch Limited Edition UV bedrucktes personalisiertes Rei\u00dfverschluss-Portemonnaie - Crudo\" \/>\n<meta property=\"og:description\" content=\"Entdecken Sie den offiziell lizenzierten Disney Stitch UV-gedruckten Leder-Kompaktgeldbeutel. Saffiano-Pink, schlank &amp; praktisch. Kostenlose Gravur &amp; Luxus-Geschenkbox. Halten Sie Ihre wichtigsten Dinge organisiert. Jetzt einkaufen!\" \/>\n<meta property=\"og:url\" content=\"https:\/\/crudo-leather.com\/product\/disney-stitch-uv-printed-customized-leather-compact-wallet-saffiano-pink\/\" \/>\n<meta property=\"og:site_name\" content=\"Crudo\" \/>\n<meta property=\"article:modified_time\" content=\"2026-01-02T09:57:45+00:00\" \/>\n<meta property=\"og:image\" content=\"https:\/\/crudo-leather.com\/wp-content\/uploads\/2025\/05\/WSW14_WBG_PIK_1.jpg\" \/>\n\t<meta property=\"og:image:width\" content=\"2000\" \/>\n\t<meta property=\"og:image:height\" content=\"2000\" \/>\n\t<meta property=\"og:image:type\" content=\"image\/jpeg\" \/>\n<meta name=\"twitter:card\" content=\"summary_large_image\" \/>\n<meta name=\"twitter:label1\" content=\"Est. reading time\" \/>\n\t<meta name=\"twitter:data1\" content=\"1 minute\" \/>\n<script type=\"application\/ld+json\" class=\"yoast-schema-graph\">{\"@context\":\"https:\/\/schema.org\",\"@graph\":[{\"@type\":\"WebPage\",\"@id\":\"https:\/\/crudo-leather.com\/product\/disney-stitch-uv-printed-customized-leather-compact-wallet-saffiano-pink\/\",\"url\":\"https:\/\/crudo-leather.com\/product\/disney-stitch-uv-printed-customized-leather-compact-wallet-saffiano-pink\/\",\"name\":\"Disney Stitch UV Printed Leather Compact Wallet - Saffiano Pink\",\"isPartOf\":{\"@id\":\"https:\/\/crudo-leather.com\/#website\"},\"primaryImageOfPage\":{\"@id\":\"https:\/\/crudo-leather.com\/product\/disney-stitch-uv-printed-customized-leather-compact-wallet-saffiano-pink\/#primaryimage\"},\"image\":{\"@id\":\"https:\/\/crudo-leather.com\/product\/disney-stitch-uv-printed-customized-leather-compact-wallet-saffiano-pink\/#primaryimage\"},\"thumbnailUrl\":\"https:\/\/crudo-leather.com\/wp-content\/uploads\/2025\/05\/WSW14_WBG_PIK_1.jpg\",\"datePublished\":\"2025-05-15T09:19:12+00:00\",\"dateModified\":\"2026-01-02T09:57:45+00:00\",\"description\":\"Explore officially licensed Disney Stitch UV printed leather compact wallet. Saffiano pink, sleek & practical. Free engraving & luxury gift box. Keep your essentials organized. Shop now!\",\"breadcrumb\":{\"@id\":\"https:\/\/crudo-leather.com\/product\/disney-stitch-uv-printed-customized-leather-compact-wallet-saffiano-pink\/#breadcrumb\"},\"inLanguage\":\"en-US\",\"potentialAction\":[{\"@type\":\"ReadAction\",\"target\":[\"https:\/\/crudo-leather.com\/product\/disney-stitch-uv-printed-customized-leather-compact-wallet-saffiano-pink\/\"]}]},{\"@type\":\"ImageObject\",\"inLanguage\":\"en-US\",\"@id\":\"https:\/\/crudo-leather.com\/product\/disney-stitch-uv-printed-customized-leather-compact-wallet-saffiano-pink\/#primaryimage\",\"url\":\"https:\/\/crudo-leather.com\/wp-content\/uploads\/2025\/05\/WSW14_WBG_PIK_1.jpg\",\"contentUrl\":\"https:\/\/crudo-leather.com\/wp-content\/uploads\/2025\/05\/WSW14_WBG_PIK_1.jpg\",\"width\":2000,\"height\":2000},{\"@type\":\"BreadcrumbList\",\"@id\":\"https:\/\/crudo-leather.com\/product\/disney-stitch-uv-printed-customized-leather-compact-wallet-saffiano-pink\/#breadcrumb\",\"itemListElement\":[{\"@type\":\"ListItem\",\"position\":1,\"name\":\"Shop\",\"item\":\"https:\/\/crudo-leather.com\/shop\/\"},{\"@type\":\"ListItem\",\"position\":2,\"name\":\"Disney Stitch UV Printed Customized Leather Compact Wallet\"}]},{\"@type\":\"WebSite\",\"@id\":\"https:\/\/crudo-leather.com\/#website\",\"url\":\"https:\/\/crudo-leather.com\/\",\"name\":\"Crudo\",\"description\":\"\",\"potentialAction\":[{\"@type\":\"SearchAction\",\"target\":{\"@type\":\"EntryPoint\",\"urlTemplate\":\"https:\/\/crudo-leather.com\/?s={search_term_string}\"},\"query-input\":{\"@type\":\"PropertyValueSpecification\",\"valueRequired\":true,\"valueName\":\"search_term_string\"}}],\"inLanguage\":\"en-US\"}]}<\/script>\n<!-- \/ Yoast SEO plugin. -->","yoast_head_json":{"title":"Disney Stitch Limited Edition UV bedrucktes personalisiertes Rei\u00dfverschluss-Portemonnaie - Crudo","description":"Entdecken Sie den offiziell lizenzierten Disney Stitch UV-gedruckten Leder-Kompaktgeldbeutel. Saffiano-Pink, schlank & praktisch. Kostenlose Gravur & Luxus-Geschenkbox. Halten Sie Ihre wichtigsten Dinge organisiert. Jetzt einkaufen!","robots":{"index":"index","follow":"follow","max-snippet":"max-snippet:-1","max-image-preview":"max-image-preview:large","max-video-preview":"max-video-preview:-1"},"canonical":"https:\/\/crudo-leather.com\/de\/product\/disney-stitch-uv-printed-customized-leather-compact-wallet-saffiano-pink\/","og_locale":"en_US","og_type":"article","og_title":"Disney Stitch Limited Edition UV bedrucktes personalisiertes Rei\u00dfverschluss-Portemonnaie - Crudo","og_description":"Entdecken Sie den offiziell lizenzierten Disney Stitch UV-gedruckten Leder-Kompaktgeldbeutel. Saffiano-Pink, schlank & praktisch. Kostenlose Gravur & Luxus-Geschenkbox. Halten Sie Ihre wichtigsten Dinge organisiert. Jetzt einkaufen!","og_url":"https:\/\/crudo-leather.com\/product\/disney-stitch-uv-printed-customized-leather-compact-wallet-saffiano-pink\/","og_site_name":"Crudo","article_modified_time":"2026-01-02T09:57:45+00:00","og_image":[{"width":2000,"height":2000,"url":"https:\/\/crudo-leather.com\/wp-content\/uploads\/2025\/05\/WSW14_WBG_PIK_1.jpg","type":"image\/jpeg"}],"twitter_card":"summary_large_image","twitter_misc":{"Est. reading time":"1 minute"},"schema":{"@context":"https:\/\/schema.org","@graph":[{"@type":"WebPage","@id":"https:\/\/crudo-leather.com\/product\/disney-stitch-uv-printed-customized-leather-compact-wallet-saffiano-pink\/","url":"https:\/\/crudo-leather.com\/product\/disney-stitch-uv-printed-customized-leather-compact-wallet-saffiano-pink\/","name":"Disney Stitch UV Printed Leather Compact Wallet - Saffiano Pink","isPartOf":{"@id":"https:\/\/crudo-leather.com\/#website"},"primaryImageOfPage":{"@id":"https:\/\/crudo-leather.com\/product\/disney-stitch-uv-printed-customized-leather-compact-wallet-saffiano-pink\/#primaryimage"},"image":{"@id":"https:\/\/crudo-leather.com\/product\/disney-stitch-uv-printed-customized-leather-compact-wallet-saffiano-pink\/#primaryimage"},"thumbnailUrl":"https:\/\/crudo-leather.com\/wp-content\/uploads\/2025\/05\/WSW14_WBG_PIK_1.jpg","datePublished":"2025-05-15T09:19:12+00:00","dateModified":"2026-01-02T09:57:45+00:00","description":"Explore officially licensed Disney Stitch UV printed leather compact wallet. Saffiano pink, sleek & practical. Free engraving & luxury gift box. Keep your essentials organized. Shop now!","breadcrumb":{"@id":"https:\/\/crudo-leather.com\/product\/disney-stitch-uv-printed-customized-leather-compact-wallet-saffiano-pink\/#breadcrumb"},"inLanguage":"en-US","potentialAction":[{"@type":"ReadAction","target":["https:\/\/crudo-leather.com\/product\/disney-stitch-uv-printed-customized-leather-compact-wallet-saffiano-pink\/"]}]},{"@type":"ImageObject","inLanguage":"en-US","@id":"https:\/\/crudo-leather.com\/product\/disney-stitch-uv-printed-customized-leather-compact-wallet-saffiano-pink\/#primaryimage","url":"https:\/\/crudo-leather.com\/wp-content\/uploads\/2025\/05\/WSW14_WBG_PIK_1.jpg","contentUrl":"https:\/\/crudo-leather.com\/wp-content\/uploads\/2025\/05\/WSW14_WBG_PIK_1.jpg","width":2000,"height":2000},{"@type":"BreadcrumbList","@id":"https:\/\/crudo-leather.com\/product\/disney-stitch-uv-printed-customized-leather-compact-wallet-saffiano-pink\/#breadcrumb","itemListElement":[{"@type":"ListItem","position":1,"name":"Shop","item":"https:\/\/crudo-leather.com\/shop\/"},{"@type":"ListItem","position":2,"name":"Disney Stitch UV Printed Customized Leather Compact Wallet"}]},{"@type":"WebSite","@id":"https:\/\/crudo-leather.com\/#website","url":"https:\/\/crudo-leather.com\/","name":"Crudo","description":"","potentialAction":[{"@type":"SearchAction","target":{"@type":"EntryPoint","urlTemplate":"https:\/\/crudo-leather.com\/?s={search_term_string}"},"query-input":{"@type":"PropertyValueSpecification","valueRequired":true,"valueName":"search_term_string"}}],"inLanguage":"en-US"}]}},"_links":{"self":[{"href":"https:\/\/crudo-leather.com\/de\/wp-json\/wp\/v2\/product\/335418"}],"collection":[{"href":"https:\/\/crudo-leather.com\/de\/wp-json\/wp\/v2\/product"}],"about":[{"href":"https:\/\/crudo-leather.com\/de\/wp-json\/wp\/v2\/types\/product"}],"replies":[{"embeddable":true,"href":"https:\/\/crudo-leather.com\/de\/wp-json\/wp\/v2\/comments?post=335418"}],"wp:featuredmedia":[{"embeddable":true,"href":"https:\/\/crudo-leather.com\/de\/wp-json\/wp\/v2\/media\/335420"}],"wp:attachment":[{"href":"https:\/\/crudo-leather.com\/de\/wp-json\/wp\/v2\/media?parent=335418"}],"wp:term":[{"taxonomy":"collection","embeddable":true,"href":"https:\/\/crudo-leather.com\/de\/wp-json\/wp\/v2\/collection?post=335418"},{"taxonomy":"trending_cat","embeddable":true,"href":"https:\/\/crudo-leather.com\/de\/wp-json\/wp\/v2\/trending_cat?post=335418"},{"taxonomy":"product_cat","embeddable":true,"href":"https:\/\/crudo-leather.com\/de\/wp-json\/wp\/v2\/product_cat?post=335418"},{"taxonomy":"product_tag","embeddable":true,"href":"https:\/\/crudo-leather.com\/de\/wp-json\/wp\/v2\/product_tag?post=335418"}],"curies":[{"name":"wp","href":"https:\/\/api.w.org\/{rel}","templated":true}]}}