{"id":335691,"date":"2025-05-16T15:56:04","date_gmt":"2025-05-16T07:56:04","guid":{"rendered":"https:\/\/crudo-leather.com\/?post_type=product&#038;p=335691"},"modified":"2026-01-02T09:49:39","modified_gmt":"2026-01-02T01:49:39","slug":"disney-stitch-uv-printed-customized-leather-bagde-holder-saffiano-pink","status":"publish","type":"product","link":"https:\/\/crudo-leather.com\/de\/product\/disney-stitch-uv-printed-customized-leather-bagde-holder-saffiano-pink\/","title":{"rendered":"Disney Stitch Limited Edition UV bedruckte personalisierte Lederausweish\u00fclle"},"content":{"rendered":"","protected":false},"excerpt":{"rendered":"** W\u00e4hlen Sie ein Produkt aus und klicken Sie auf \"In den Warenkorb legen und gestalten\". Gehen Sie dann auf die Gestaltungsseite und w\u00e4hlen Sie mindestens ein spezielles Stitch-Motiv aus, um den UV-Druck zu personalisieren und die Stitch-Geschenkbox zu verbessern.**\n\n<strong><u>Stitch Special Edition<\/u><\/strong>\nALOHA! Erleben Sie den leidenschaftlichen hawaiianischen Stil, den Stitch f\u00fcr Sie bringt. Die verspielte Serie aus Leder-Portemonnaie-Zubeh\u00f6r l\u00e4sst Sie Ihren einzigartigen, charmanten Stil zeigen.\n\nKlicken Sie auf \"In den Warenkorb legen und gestalten\", um Ihren Gravurinhalt zu gestalten.\n\n- Offiziell lizenzierte Disney-Produkte\n- Bis zu 10 spezielle Stitch-Motive zur Auswahl, die zusammen mit Ihrer personalisierten Unterschrift per UV-Druck auf dem Leder-Kartenhalter angebracht werden\n- Beim Kauf eines Stitch Leder-Kartenhalters erhalten Sie eine Stitch Special Edition Geschenkbox mit abziehbarer Gru\u00dfkarte (inklusive Geschenkkarte und Produktgarantie)\n- Hergestellt aus italienischem Kreuznarben-Vollrindleder\n- Handgen\u00e4hte Ziern\u00e4hte, geschliffen und abgerundet\n\n<strong>Details<\/strong>\n- Ein Ausweisfach, zwei Kartenf\u00e4cher\n- Mit Halsband aus Lederband\n\n<strong>Produktionszeit und Versanddetails<\/strong>\n- Jedes Produkt ben\u00f6tigt nur 1-5 Werktage zur Fertigstellung\n- Bei Bestellung heute kann es bereits morgen versendet werden\n- Weltweiter Versand","protected":false},"featured_media":335694,"comment_status":"open","ping_status":"closed","template":"","meta":{"inline_featured_image":false},"collection":[3029],"trending_cat":[],"product_cat":[21],"product_tag":[2402,3026],"class_list":{"0":"post-335691","1":"product","2":"type-product","3":"status-publish","4":"has-post-thumbnail","6":"product_cat-small-leather-goods","7":"product_tag-disney-pixar","8":"product_tag-disney-stitch-special-edition","10":"first","11":"instock","12":"sale","13":"shipping-taxable","14":"purchasable","15":"product-type-variable"},"yoast_head":"<!-- This site is optimized with the Yoast SEO plugin v23.4 - https:\/\/yoast.com\/wordpress\/plugins\/seo\/ -->\n<title>Disney Stitch UV-Druck personalisierter Lederausweishalter - Rosa<\/title>\n<meta name=\"description\" content=\"Crudo Disney Stitch Limited Edition rosa Saffiano-Leder Ausweish\u00fclle. UV-Druck von Stitch-Motiven und Unterschrift m\u00f6glich, handgefertigt aus italienischem Vollrindleder, mit 1 Ausweisschlitz und 2 Kartenschlitzen, inklusive Halsband. Mit exklusiver Geschenkbox, die hawaiianische Leidenschaft zeigt.\" \/>\n<meta name=\"robots\" content=\"index, follow, max-snippet:-1, max-image-preview:large, max-video-preview:-1\" \/>\n<link rel=\"canonical\" href=\"https:\/\/crudo-leather.com\/de\/product\/disney-stitch-uv-printed-customized-leather-bagde-holder-saffiano-pink\/\" \/>\n<meta property=\"og:locale\" content=\"en_US\" \/>\n<meta property=\"og:type\" content=\"article\" \/>\n<meta property=\"og:title\" content=\"Disney Stitch UV-Druck personalisierter Lederausweishalter - Rosa\" \/>\n<meta property=\"og:description\" content=\"Crudo Disney Stitch Limited Edition rosa Saffiano-Leder Ausweish\u00fclle. UV-Druck von Stitch-Motiven und Unterschrift m\u00f6glich, handgefertigt aus italienischem Vollrindleder, mit 1 Ausweisschlitz und 2 Kartenschlitzen, inklusive Halsband. Mit exklusiver Geschenkbox, die hawaiianische Leidenschaft zeigt.\" \/>\n<meta property=\"og:url\" content=\"https:\/\/crudo-leather.com\/product\/disney-stitch-uv-printed-customized-leather-bagde-holder-saffiano-pink\/\" \/>\n<meta property=\"og:site_name\" content=\"Crudo\" \/>\n<meta property=\"article:modified_time\" content=\"2026-01-02T01:49:39+00:00\" \/>\n<meta property=\"og:image\" content=\"https:\/\/crudo-leather.com\/wp-content\/uploads\/2025\/05\/WPH13_WBG_PIK_1.jpg\" \/>\n\t<meta property=\"og:image:width\" content=\"2000\" \/>\n\t<meta property=\"og:image:height\" content=\"2000\" \/>\n\t<meta property=\"og:image:type\" content=\"image\/jpeg\" \/>\n<meta name=\"twitter:card\" content=\"summary_large_image\" \/>\n<meta name=\"twitter:label1\" content=\"Est. reading time\" \/>\n\t<meta name=\"twitter:data1\" content=\"1 minute\" \/>\n<script type=\"application\/ld+json\" class=\"yoast-schema-graph\">{\"@context\":\"https:\/\/schema.org\",\"@graph\":[{\"@type\":\"WebPage\",\"@id\":\"https:\/\/crudo-leather.com\/product\/disney-stitch-uv-printed-customized-leather-bagde-holder-saffiano-pink\/\",\"url\":\"https:\/\/crudo-leather.com\/product\/disney-stitch-uv-printed-customized-leather-bagde-holder-saffiano-pink\/\",\"name\":\"Disney Stitch UV Printed Leather Badge Holder - Saffiano Pink\",\"isPartOf\":{\"@id\":\"https:\/\/crudo-leather.com\/#website\"},\"primaryImageOfPage\":{\"@id\":\"https:\/\/crudo-leather.com\/product\/disney-stitch-uv-printed-customized-leather-bagde-holder-saffiano-pink\/#primaryimage\"},\"image\":{\"@id\":\"https:\/\/crudo-leather.com\/product\/disney-stitch-uv-printed-customized-leather-bagde-holder-saffiano-pink\/#primaryimage\"},\"thumbnailUrl\":\"https:\/\/crudo-leather.com\/wp-content\/uploads\/2025\/05\/WPH13_WBG_PIK_1.jpg\",\"datePublished\":\"2025-05-16T07:56:04+00:00\",\"dateModified\":\"2026-01-02T01:49:39+00:00\",\"description\":\"Explore officially licensed Disney Stitch UV printed leather badge holder. Saffiano pink, multi-functional design. Free engraving & luxury gift box. Ideal for daily or office use. Shop now!\",\"breadcrumb\":{\"@id\":\"https:\/\/crudo-leather.com\/product\/disney-stitch-uv-printed-customized-leather-bagde-holder-saffiano-pink\/#breadcrumb\"},\"inLanguage\":\"en-US\",\"potentialAction\":[{\"@type\":\"ReadAction\",\"target\":[\"https:\/\/crudo-leather.com\/product\/disney-stitch-uv-printed-customized-leather-bagde-holder-saffiano-pink\/\"]}]},{\"@type\":\"ImageObject\",\"inLanguage\":\"en-US\",\"@id\":\"https:\/\/crudo-leather.com\/product\/disney-stitch-uv-printed-customized-leather-bagde-holder-saffiano-pink\/#primaryimage\",\"url\":\"https:\/\/crudo-leather.com\/wp-content\/uploads\/2025\/05\/WPH13_WBG_PIK_1.jpg\",\"contentUrl\":\"https:\/\/crudo-leather.com\/wp-content\/uploads\/2025\/05\/WPH13_WBG_PIK_1.jpg\",\"width\":2000,\"height\":2000},{\"@type\":\"BreadcrumbList\",\"@id\":\"https:\/\/crudo-leather.com\/product\/disney-stitch-uv-printed-customized-leather-bagde-holder-saffiano-pink\/#breadcrumb\",\"itemListElement\":[{\"@type\":\"ListItem\",\"position\":1,\"name\":\"Shop\",\"item\":\"https:\/\/crudo-leather.com\/shop\/\"},{\"@type\":\"ListItem\",\"position\":2,\"name\":\"Disney Stitch UV Printed Customized Leather Badge Holder\"}]},{\"@type\":\"WebSite\",\"@id\":\"https:\/\/crudo-leather.com\/#website\",\"url\":\"https:\/\/crudo-leather.com\/\",\"name\":\"Crudo\",\"description\":\"\",\"potentialAction\":[{\"@type\":\"SearchAction\",\"target\":{\"@type\":\"EntryPoint\",\"urlTemplate\":\"https:\/\/crudo-leather.com\/?s={search_term_string}\"},\"query-input\":{\"@type\":\"PropertyValueSpecification\",\"valueRequired\":true,\"valueName\":\"search_term_string\"}}],\"inLanguage\":\"en-US\"}]}<\/script>\n<!-- \/ Yoast SEO plugin. -->","yoast_head_json":{"title":"Disney Stitch UV-Druck personalisierter Lederausweishalter - Rosa","description":"Crudo Disney Stitch Limited Edition rosa Saffiano-Leder Ausweish\u00fclle. UV-Druck von Stitch-Motiven und Unterschrift m\u00f6glich, handgefertigt aus italienischem Vollrindleder, mit 1 Ausweisschlitz und 2 Kartenschlitzen, inklusive Halsband. Mit exklusiver Geschenkbox, die hawaiianische Leidenschaft zeigt.","robots":{"index":"index","follow":"follow","max-snippet":"max-snippet:-1","max-image-preview":"max-image-preview:large","max-video-preview":"max-video-preview:-1"},"canonical":"https:\/\/crudo-leather.com\/de\/product\/disney-stitch-uv-printed-customized-leather-bagde-holder-saffiano-pink\/","og_locale":"en_US","og_type":"article","og_title":"Disney Stitch UV-Druck personalisierter Lederausweishalter - Rosa","og_description":"Crudo Disney Stitch Limited Edition rosa Saffiano-Leder Ausweish\u00fclle. UV-Druck von Stitch-Motiven und Unterschrift m\u00f6glich, handgefertigt aus italienischem Vollrindleder, mit 1 Ausweisschlitz und 2 Kartenschlitzen, inklusive Halsband. Mit exklusiver Geschenkbox, die hawaiianische Leidenschaft zeigt.","og_url":"https:\/\/crudo-leather.com\/product\/disney-stitch-uv-printed-customized-leather-bagde-holder-saffiano-pink\/","og_site_name":"Crudo","article_modified_time":"2026-01-02T01:49:39+00:00","og_image":[{"width":2000,"height":2000,"url":"https:\/\/crudo-leather.com\/wp-content\/uploads\/2025\/05\/WPH13_WBG_PIK_1.jpg","type":"image\/jpeg"}],"twitter_card":"summary_large_image","twitter_misc":{"Est. reading time":"1 minute"},"schema":{"@context":"https:\/\/schema.org","@graph":[{"@type":"WebPage","@id":"https:\/\/crudo-leather.com\/product\/disney-stitch-uv-printed-customized-leather-bagde-holder-saffiano-pink\/","url":"https:\/\/crudo-leather.com\/product\/disney-stitch-uv-printed-customized-leather-bagde-holder-saffiano-pink\/","name":"Disney Stitch UV Printed Leather Badge Holder - Saffiano Pink","isPartOf":{"@id":"https:\/\/crudo-leather.com\/#website"},"primaryImageOfPage":{"@id":"https:\/\/crudo-leather.com\/product\/disney-stitch-uv-printed-customized-leather-bagde-holder-saffiano-pink\/#primaryimage"},"image":{"@id":"https:\/\/crudo-leather.com\/product\/disney-stitch-uv-printed-customized-leather-bagde-holder-saffiano-pink\/#primaryimage"},"thumbnailUrl":"https:\/\/crudo-leather.com\/wp-content\/uploads\/2025\/05\/WPH13_WBG_PIK_1.jpg","datePublished":"2025-05-16T07:56:04+00:00","dateModified":"2026-01-02T01:49:39+00:00","description":"Explore officially licensed Disney Stitch UV printed leather badge holder. Saffiano pink, multi-functional design. Free engraving & luxury gift box. Ideal for daily or office use. Shop now!","breadcrumb":{"@id":"https:\/\/crudo-leather.com\/product\/disney-stitch-uv-printed-customized-leather-bagde-holder-saffiano-pink\/#breadcrumb"},"inLanguage":"en-US","potentialAction":[{"@type":"ReadAction","target":["https:\/\/crudo-leather.com\/product\/disney-stitch-uv-printed-customized-leather-bagde-holder-saffiano-pink\/"]}]},{"@type":"ImageObject","inLanguage":"en-US","@id":"https:\/\/crudo-leather.com\/product\/disney-stitch-uv-printed-customized-leather-bagde-holder-saffiano-pink\/#primaryimage","url":"https:\/\/crudo-leather.com\/wp-content\/uploads\/2025\/05\/WPH13_WBG_PIK_1.jpg","contentUrl":"https:\/\/crudo-leather.com\/wp-content\/uploads\/2025\/05\/WPH13_WBG_PIK_1.jpg","width":2000,"height":2000},{"@type":"BreadcrumbList","@id":"https:\/\/crudo-leather.com\/product\/disney-stitch-uv-printed-customized-leather-bagde-holder-saffiano-pink\/#breadcrumb","itemListElement":[{"@type":"ListItem","position":1,"name":"Shop","item":"https:\/\/crudo-leather.com\/shop\/"},{"@type":"ListItem","position":2,"name":"Disney Stitch UV Printed Customized Leather Badge Holder"}]},{"@type":"WebSite","@id":"https:\/\/crudo-leather.com\/#website","url":"https:\/\/crudo-leather.com\/","name":"Crudo","description":"","potentialAction":[{"@type":"SearchAction","target":{"@type":"EntryPoint","urlTemplate":"https:\/\/crudo-leather.com\/?s={search_term_string}"},"query-input":{"@type":"PropertyValueSpecification","valueRequired":true,"valueName":"search_term_string"}}],"inLanguage":"en-US"}]}},"_links":{"self":[{"href":"https:\/\/crudo-leather.com\/de\/wp-json\/wp\/v2\/product\/335691"}],"collection":[{"href":"https:\/\/crudo-leather.com\/de\/wp-json\/wp\/v2\/product"}],"about":[{"href":"https:\/\/crudo-leather.com\/de\/wp-json\/wp\/v2\/types\/product"}],"replies":[{"embeddable":true,"href":"https:\/\/crudo-leather.com\/de\/wp-json\/wp\/v2\/comments?post=335691"}],"wp:featuredmedia":[{"embeddable":true,"href":"https:\/\/crudo-leather.com\/de\/wp-json\/wp\/v2\/media\/335694"}],"wp:attachment":[{"href":"https:\/\/crudo-leather.com\/de\/wp-json\/wp\/v2\/media?parent=335691"}],"wp:term":[{"taxonomy":"collection","embeddable":true,"href":"https:\/\/crudo-leather.com\/de\/wp-json\/wp\/v2\/collection?post=335691"},{"taxonomy":"trending_cat","embeddable":true,"href":"https:\/\/crudo-leather.com\/de\/wp-json\/wp\/v2\/trending_cat?post=335691"},{"taxonomy":"product_cat","embeddable":true,"href":"https:\/\/crudo-leather.com\/de\/wp-json\/wp\/v2\/product_cat?post=335691"},{"taxonomy":"product_tag","embeddable":true,"href":"https:\/\/crudo-leather.com\/de\/wp-json\/wp\/v2\/product_tag?post=335691"}],"curies":[{"name":"wp","href":"https:\/\/api.w.org\/{rel}","templated":true}]}}