{"id":348403,"date":"2025-08-18T17:20:10","date_gmt":"2025-08-18T09:20:10","guid":{"rendered":"https:\/\/crudo-leather.com\/?post_type=product&#038;p=348403"},"modified":"2026-01-30T17:37:05","modified_gmt":"2026-01-30T09:37:05","slug":"my-melody-customized-silver-beaded-heart-tag-gemstone-bracelet-rose-quartz","status":"publish","type":"product","link":"https:\/\/crudo-leather.com\/de\/product\/my-melody-customized-silver-beaded-heart-tag-gemstone-bracelet-rose-quartz\/","title":{"rendered":"My Melody Limited Edition ma\u00dfgeschneiderte reine Silber Edelstein Perlen Armband"},"content":{"rendered":"","protected":false},"excerpt":{"rendered":"**Bitte w\u00e4hlen Sie mindestens ein My Melody Metall-Anh\u00e4nger aus, sonst wird das Produkt nur mit dem urspr\u00fcnglichen Crudo runden Anh\u00e4nger geliefert und nicht mit der My Melody Special Edition Geschenkbox**\n\n<strong><u>My Melody Special Edition<\/u><\/strong>\n\nLassen Sie zarte rosa Bl\u00fctenbl\u00e4tter sanft auf Ihr Handgelenk fallen. Tragen Sie das ma\u00dfgeschneiderte My Melody Armband und fangen Sie die ewige Romantik des Fr\u00fchlingsbl\u00fctenzaubers ein \u2013 jedes Bl\u00fctenblatt ist ein Zeichen der Verliebtheit.\n\n<strong>Klicken Sie auf \"Zum Warenkorb hinzuf\u00fcgen und gestalten\", um Ihren Gravurinhalt zu gestalten<\/strong>\n\n- Offiziell lizenziertes Sanrio Produkt\n- Verschiedene My Melody Emaille-Metall- oder 925er Silber-Anh\u00e4nger k\u00f6nnen frei kombiniert und am Armband befestigt werden\n- Beim Kauf eines My Melody Special Edition Lederarmbands erhalten Sie eine My Melody Special Edition Geschenkbox mit abl\u00f6sbarer Gru\u00dfkarte (inklusive Geschenkkarte und Produktgarantie)\n- Verwendung von nat\u00fcrlichem Rosenquarz, verziert mit 925er Silberperlen, leichter luxuri\u00f6ser und eleganter Look, bringt Ihnen Liebe und Gl\u00fcck\n- Jeder Edelstein wird nat\u00fcrlich abgebaut und hat eine einzigartige nat\u00fcrliche Textur\n- Exquisiter herzf\u00f6rmiger Anh\u00e4nger kann personalisiert mit Lasergravur versehen werden\n- Ausgestattet mit verstellbarem Verschluss, um das Handgelenk perfekt zu umschlie\u00dfen\n- Kostenloser Gravurservice, verschiedene Schriftarten und Gravurvorschl\u00e4ge zur Auswahl\n- Verblasst und oxidiert nicht leicht, dauerhafte Haltbarkeit\n- Silberschmuck geeignet f\u00fcr Menschen mit empfindlicher Haut\n\n<strong>Herstellungszeit und Versanddetails<\/strong>\n- Jedes Produkt ben\u00f6tigt nur 1-5 Werktage zur Fertigstellung\n- Bei Bestellung heute kann es bereits morgen versendet werden\n- Nur erh\u00e4ltlich in Hongkong, Macau, Festlandchina, Japan, S\u00fcdkorea und S\u00fcdamerika (au\u00dfer Panama)","protected":false},"featured_media":348405,"comment_status":"open","ping_status":"closed","template":"","meta":{"inline_featured_image":false},"collection":[],"trending_cat":[],"product_cat":[79],"product_tag":[2966],"class_list":{"0":"post-348403","1":"product","2":"type-product","3":"status-publish","4":"has-post-thumbnail","6":"product_cat-bead-bracelet","7":"product_tag-my-melody-special-edition","9":"first","10":"instock","11":"sale","12":"shipping-taxable","13":"purchasable","14":"product-type-variable"},"yoast_head":"<!-- This site is optimized with the Yoast SEO plugin v23.4 - https:\/\/yoast.com\/wordpress\/plugins\/seo\/ -->\n<title>My Melody Rosenquarz Edelstein Armreif<\/title>\n<meta name=\"description\" content=\"S\u00fc\u00dfe Tr\u00e4ume mit dem My Melody Customized Silver Beaded Heart Tag Gemstone Bracelet mit Rosenquarz. Ein charmantes und pers\u00f6nliches Accessoire.\" \/>\n<meta name=\"robots\" content=\"index, follow, max-snippet:-1, max-image-preview:large, max-video-preview:-1\" \/>\n<link rel=\"canonical\" href=\"https:\/\/crudo-leather.com\/de\/product\/my-melody-customized-silver-beaded-heart-tag-gemstone-bracelet-rose-quartz\/\" \/>\n<meta property=\"og:locale\" content=\"en_US\" \/>\n<meta property=\"og:type\" content=\"article\" \/>\n<meta property=\"og:title\" content=\"My Melody Rosenquarz Edelstein Armreif\" \/>\n<meta property=\"og:description\" content=\"S\u00fc\u00dfe Tr\u00e4ume mit dem My Melody Customized Silver Beaded Heart Tag Gemstone Bracelet mit Rosenquarz. Ein charmantes und pers\u00f6nliches Accessoire.\" \/>\n<meta property=\"og:url\" content=\"https:\/\/crudo-leather.com\/product\/my-melody-customized-silver-beaded-heart-tag-gemstone-bracelet-rose-quartz\/\" \/>\n<meta property=\"og:site_name\" content=\"Crudo\" \/>\n<meta property=\"article:modified_time\" content=\"2026-01-30T09:37:05+00:00\" \/>\n<meta property=\"og:image\" content=\"https:\/\/crudo-leather.com\/wp-content\/uploads\/2025\/08\/BeadWomen-Pink_MM01.jpg\" \/>\n\t<meta property=\"og:image:width\" content=\"2000\" \/>\n\t<meta property=\"og:image:height\" content=\"2000\" \/>\n\t<meta property=\"og:image:type\" content=\"image\/jpeg\" \/>\n<meta name=\"twitter:card\" content=\"summary_large_image\" \/>\n<meta name=\"twitter:label1\" content=\"Est. reading time\" \/>\n\t<meta name=\"twitter:data1\" content=\"1 minute\" \/>\n<script type=\"application\/ld+json\" class=\"yoast-schema-graph\">{\"@context\":\"https:\/\/schema.org\",\"@graph\":[{\"@type\":\"WebPage\",\"@id\":\"https:\/\/crudo-leather.com\/product\/my-melody-customized-silver-beaded-heart-tag-gemstone-bracelet-rose-quartz\/\",\"url\":\"https:\/\/crudo-leather.com\/product\/my-melody-customized-silver-beaded-heart-tag-gemstone-bracelet-rose-quartz\/\",\"name\":\"My Melody Rose Quartz Gemstone Bracelet\",\"isPartOf\":{\"@id\":\"https:\/\/crudo-leather.com\/#website\"},\"primaryImageOfPage\":{\"@id\":\"https:\/\/crudo-leather.com\/product\/my-melody-customized-silver-beaded-heart-tag-gemstone-bracelet-rose-quartz\/#primaryimage\"},\"image\":{\"@id\":\"https:\/\/crudo-leather.com\/product\/my-melody-customized-silver-beaded-heart-tag-gemstone-bracelet-rose-quartz\/#primaryimage\"},\"thumbnailUrl\":\"https:\/\/crudo-leather.com\/wp-content\/uploads\/2025\/08\/BeadWomen-Pink_MM01.jpg\",\"datePublished\":\"2025-08-18T09:20:10+00:00\",\"dateModified\":\"2026-01-30T09:37:05+00:00\",\"description\":\"Sweet dreams with the My Melody Customized Silver Beaded Heart Tag Gemstone Bracelet featuring Rose Quartz. A charming and personal accessory.\",\"breadcrumb\":{\"@id\":\"https:\/\/crudo-leather.com\/product\/my-melody-customized-silver-beaded-heart-tag-gemstone-bracelet-rose-quartz\/#breadcrumb\"},\"inLanguage\":\"en-US\",\"potentialAction\":[{\"@type\":\"ReadAction\",\"target\":[\"https:\/\/crudo-leather.com\/product\/my-melody-customized-silver-beaded-heart-tag-gemstone-bracelet-rose-quartz\/\"]}]},{\"@type\":\"ImageObject\",\"inLanguage\":\"en-US\",\"@id\":\"https:\/\/crudo-leather.com\/product\/my-melody-customized-silver-beaded-heart-tag-gemstone-bracelet-rose-quartz\/#primaryimage\",\"url\":\"https:\/\/crudo-leather.com\/wp-content\/uploads\/2025\/08\/BeadWomen-Pink_MM01.jpg\",\"contentUrl\":\"https:\/\/crudo-leather.com\/wp-content\/uploads\/2025\/08\/BeadWomen-Pink_MM01.jpg\",\"width\":2000,\"height\":2000},{\"@type\":\"BreadcrumbList\",\"@id\":\"https:\/\/crudo-leather.com\/product\/my-melody-customized-silver-beaded-heart-tag-gemstone-bracelet-rose-quartz\/#breadcrumb\",\"itemListElement\":[{\"@type\":\"ListItem\",\"position\":1,\"name\":\"Shop\",\"item\":\"https:\/\/crudo-leather.com\/shop\/\"},{\"@type\":\"ListItem\",\"position\":2,\"name\":\"My Melody Customized Silver Beaded Heart Tag Gemstone Bracelet\"}]},{\"@type\":\"WebSite\",\"@id\":\"https:\/\/crudo-leather.com\/#website\",\"url\":\"https:\/\/crudo-leather.com\/\",\"name\":\"Crudo\",\"description\":\"\",\"potentialAction\":[{\"@type\":\"SearchAction\",\"target\":{\"@type\":\"EntryPoint\",\"urlTemplate\":\"https:\/\/crudo-leather.com\/?s={search_term_string}\"},\"query-input\":{\"@type\":\"PropertyValueSpecification\",\"valueRequired\":true,\"valueName\":\"search_term_string\"}}],\"inLanguage\":\"en-US\"}]}<\/script>\n<!-- \/ Yoast SEO plugin. -->","yoast_head_json":{"title":"My Melody Rosenquarz Edelstein Armreif","description":"S\u00fc\u00dfe Tr\u00e4ume mit dem My Melody Customized Silver Beaded Heart Tag Gemstone Bracelet mit Rosenquarz. Ein charmantes und pers\u00f6nliches Accessoire.","robots":{"index":"index","follow":"follow","max-snippet":"max-snippet:-1","max-image-preview":"max-image-preview:large","max-video-preview":"max-video-preview:-1"},"canonical":"https:\/\/crudo-leather.com\/de\/product\/my-melody-customized-silver-beaded-heart-tag-gemstone-bracelet-rose-quartz\/","og_locale":"en_US","og_type":"article","og_title":"My Melody Rosenquarz Edelstein Armreif","og_description":"S\u00fc\u00dfe Tr\u00e4ume mit dem My Melody Customized Silver Beaded Heart Tag Gemstone Bracelet mit Rosenquarz. Ein charmantes und pers\u00f6nliches Accessoire.","og_url":"https:\/\/crudo-leather.com\/product\/my-melody-customized-silver-beaded-heart-tag-gemstone-bracelet-rose-quartz\/","og_site_name":"Crudo","article_modified_time":"2026-01-30T09:37:05+00:00","og_image":[{"width":2000,"height":2000,"url":"https:\/\/crudo-leather.com\/wp-content\/uploads\/2025\/08\/BeadWomen-Pink_MM01.jpg","type":"image\/jpeg"}],"twitter_card":"summary_large_image","twitter_misc":{"Est. reading time":"1 minute"},"schema":{"@context":"https:\/\/schema.org","@graph":[{"@type":"WebPage","@id":"https:\/\/crudo-leather.com\/product\/my-melody-customized-silver-beaded-heart-tag-gemstone-bracelet-rose-quartz\/","url":"https:\/\/crudo-leather.com\/product\/my-melody-customized-silver-beaded-heart-tag-gemstone-bracelet-rose-quartz\/","name":"My Melody Rose Quartz Gemstone Bracelet","isPartOf":{"@id":"https:\/\/crudo-leather.com\/#website"},"primaryImageOfPage":{"@id":"https:\/\/crudo-leather.com\/product\/my-melody-customized-silver-beaded-heart-tag-gemstone-bracelet-rose-quartz\/#primaryimage"},"image":{"@id":"https:\/\/crudo-leather.com\/product\/my-melody-customized-silver-beaded-heart-tag-gemstone-bracelet-rose-quartz\/#primaryimage"},"thumbnailUrl":"https:\/\/crudo-leather.com\/wp-content\/uploads\/2025\/08\/BeadWomen-Pink_MM01.jpg","datePublished":"2025-08-18T09:20:10+00:00","dateModified":"2026-01-30T09:37:05+00:00","description":"Sweet dreams with the My Melody Customized Silver Beaded Heart Tag Gemstone Bracelet featuring Rose Quartz. A charming and personal accessory.","breadcrumb":{"@id":"https:\/\/crudo-leather.com\/product\/my-melody-customized-silver-beaded-heart-tag-gemstone-bracelet-rose-quartz\/#breadcrumb"},"inLanguage":"en-US","potentialAction":[{"@type":"ReadAction","target":["https:\/\/crudo-leather.com\/product\/my-melody-customized-silver-beaded-heart-tag-gemstone-bracelet-rose-quartz\/"]}]},{"@type":"ImageObject","inLanguage":"en-US","@id":"https:\/\/crudo-leather.com\/product\/my-melody-customized-silver-beaded-heart-tag-gemstone-bracelet-rose-quartz\/#primaryimage","url":"https:\/\/crudo-leather.com\/wp-content\/uploads\/2025\/08\/BeadWomen-Pink_MM01.jpg","contentUrl":"https:\/\/crudo-leather.com\/wp-content\/uploads\/2025\/08\/BeadWomen-Pink_MM01.jpg","width":2000,"height":2000},{"@type":"BreadcrumbList","@id":"https:\/\/crudo-leather.com\/product\/my-melody-customized-silver-beaded-heart-tag-gemstone-bracelet-rose-quartz\/#breadcrumb","itemListElement":[{"@type":"ListItem","position":1,"name":"Shop","item":"https:\/\/crudo-leather.com\/shop\/"},{"@type":"ListItem","position":2,"name":"My Melody Customized Silver Beaded Heart Tag Gemstone Bracelet"}]},{"@type":"WebSite","@id":"https:\/\/crudo-leather.com\/#website","url":"https:\/\/crudo-leather.com\/","name":"Crudo","description":"","potentialAction":[{"@type":"SearchAction","target":{"@type":"EntryPoint","urlTemplate":"https:\/\/crudo-leather.com\/?s={search_term_string}"},"query-input":{"@type":"PropertyValueSpecification","valueRequired":true,"valueName":"search_term_string"}}],"inLanguage":"en-US"}]}},"_links":{"self":[{"href":"https:\/\/crudo-leather.com\/de\/wp-json\/wp\/v2\/product\/348403"}],"collection":[{"href":"https:\/\/crudo-leather.com\/de\/wp-json\/wp\/v2\/product"}],"about":[{"href":"https:\/\/crudo-leather.com\/de\/wp-json\/wp\/v2\/types\/product"}],"replies":[{"embeddable":true,"href":"https:\/\/crudo-leather.com\/de\/wp-json\/wp\/v2\/comments?post=348403"}],"wp:featuredmedia":[{"embeddable":true,"href":"https:\/\/crudo-leather.com\/de\/wp-json\/wp\/v2\/media\/348405"}],"wp:attachment":[{"href":"https:\/\/crudo-leather.com\/de\/wp-json\/wp\/v2\/media?parent=348403"}],"wp:term":[{"taxonomy":"collection","embeddable":true,"href":"https:\/\/crudo-leather.com\/de\/wp-json\/wp\/v2\/collection?post=348403"},{"taxonomy":"trending_cat","embeddable":true,"href":"https:\/\/crudo-leather.com\/de\/wp-json\/wp\/v2\/trending_cat?post=348403"},{"taxonomy":"product_cat","embeddable":true,"href":"https:\/\/crudo-leather.com\/de\/wp-json\/wp\/v2\/product_cat?post=348403"},{"taxonomy":"product_tag","embeddable":true,"href":"https:\/\/crudo-leather.com\/de\/wp-json\/wp\/v2\/product_tag?post=348403"}],"curies":[{"name":"wp","href":"https:\/\/api.w.org\/{rel}","templated":true}]}}