{"id":348561,"date":"2025-08-19T16:39:19","date_gmt":"2025-08-19T08:39:19","guid":{"rendered":"https:\/\/crudo-leather.com\/?post_type=product&#038;p=348561"},"modified":"2025-11-06T11:44:15","modified_gmt":"2025-11-06T03:44:15","slug":"hello-kitty-customized-silver-beaded-heart-tag-gemstone-bracelet-rose-quartz","status":"publish","type":"product","link":"https:\/\/crudo-leather.com\/de\/product\/hello-kitty-customized-silver-beaded-heart-tag-gemstone-bracelet-rose-quartz\/","title":{"rendered":"Hello Kitty Limited Edition ma\u00dfgeschmiedete reine Silber Edelstein Perlen Armband"},"content":{"rendered":"","protected":false},"excerpt":{"rendered":"<strong>**Bitte w\u00e4hlen Sie mindestens ein Hello Kitty Metall- oder Sterlingsilber-Anh\u00e4nger aus, sonst wird das Produkt nur mit dem urspr\u00fcnglichen Crudo runden Anh\u00e4nger geliefert und nicht mit der Hello Kitty Special Edition Geschenkbox**<\/strong>\n\n<ins><strong>Hello Kitty x Crudo<\/strong><\/ins>\nSay HELLO! Die klassischen Hello Kitty Metall- und Sterlingsilber-Accessoires aus den 70er Jahren sind bei Crudo angekommen. Die lebhafte Hello Kitty, ob sie ein Flugzeug fliegt oder Fahrrad f\u00e4hrt, jedes niedliche Design ist einfach liebenswert! Einige Anh\u00e4nger sind mit Strasssteinen besetzt, die klassische Hello Kitty erh\u00e4lt einen luxuri\u00f6sen Touch. Gestalten Sie jetzt Ihr zeitloses, pers\u00f6nliches Alltagsaccessoire!\n\n<strong>Klicken Sie auf \"Zum Warenkorb hinzuf\u00fcgen und gestalten\", um Ihren Gravurtext zu entwerfen<\/strong>\n- Offiziell lizenziertes Sanrio-Produkt\n- Hello Kitty 70er Jahre klassisches Design Metall- oder Sterlingsilber-Anh\u00e4nger, frei kombinierbar und an einem Sterlingsilber-Edelstein-Perlenarmband befestigbar\n- Beim Kauf des Hello Kitty Special Edition Sterlingsilber-Edelstein-Perlenarmbands erhalten Sie die Hello Kitty Special Edition Geschenkbox mit abziehbarer Gru\u00dfkarte (inklusive Geschenkkarte und Produktgarantie)\n- Verwendung von nat\u00fcrlichem Rosenquarz, verziert mit 925 Silberperlen, luxuri\u00f6ser und eleganter Look, bringt Ihnen Liebe und Gl\u00fcck\n- Jeder Edelstein wird nat\u00fcrlich abgebaut und hat eine einzigartige, nat\u00fcrliche Textur\n- H\u00fcbsches Herz-Anh\u00e4nger kann personalisiert mit Lasergravur versehen werden\n- Ausgestattet mit verstellbarem Verschluss, umschlie\u00dft das Handgelenk perfekt\n- Kostenloser Gravurservice, verschiedene Schriftarten, Emojis und Gravurvorschl\u00e4ge zur Auswahl\n- Verblasst und oxidiert nicht leicht, bleibt lange erhalten\n- Sterlingsilberschmuck ist f\u00fcr Menschen mit empfindlicher Haut geeignet\n\n<strong>Herstellungszeit und Versanddetails<\/strong>\n- Jedes Produkt ben\u00f6tigt nur 1-5 Werktage zur Herstellung\n- Bei Bestellung heute kann es bereits morgen versendet werden\n- Nur in Hongkong, Macau, Festlandchina, Japan, S\u00fcdkorea und S\u00fcdamerika (au\u00dfer Panama) erh\u00e4ltlich","protected":false},"featured_media":348563,"comment_status":"open","ping_status":"closed","template":"","meta":{"inline_featured_image":false},"collection":[],"trending_cat":[],"product_cat":[17],"product_tag":[2405],"class_list":{"0":"post-348561","1":"product","2":"type-product","3":"status-publish","4":"has-post-thumbnail","6":"product_cat-bracelets-cuffs","7":"product_tag-hello-kitty-sanrio-characters","9":"first","10":"instock","11":"sale","12":"shipping-taxable","13":"purchasable","14":"product-type-variable"},"yoast_head":"<!-- This site is optimized with the Yoast SEO plugin v23.4 - https:\/\/yoast.com\/wordpress\/plugins\/seo\/ -->\n<title>Hello Kitty Rosenquarz Edelstein Armreif<\/title>\n<meta name=\"description\" content=\"Schm\u00fccken Sie Ihr Handgelenk mit dem Hello Kitty Customized Silver Beaded Heart Tag Gemstone Bracelet mit Rosenquarz. Ein charmantes und pers\u00f6nliches Accessoire.\" \/>\n<meta name=\"robots\" content=\"index, follow, max-snippet:-1, max-image-preview:large, max-video-preview:-1\" \/>\n<link rel=\"canonical\" href=\"https:\/\/crudo-leather.com\/de\/product\/hello-kitty-customized-silver-beaded-heart-tag-gemstone-bracelet-rose-quartz\/\" \/>\n<meta property=\"og:locale\" content=\"en_US\" \/>\n<meta property=\"og:type\" content=\"article\" \/>\n<meta property=\"og:title\" content=\"Hello Kitty Rosenquarz Edelstein Armreif\" \/>\n<meta property=\"og:description\" content=\"Schm\u00fccken Sie Ihr Handgelenk mit dem Hello Kitty Customized Silver Beaded Heart Tag Gemstone Bracelet mit Rosenquarz. Ein charmantes und pers\u00f6nliches Accessoire.\" \/>\n<meta property=\"og:url\" content=\"https:\/\/crudo-leather.com\/product\/hello-kitty-customized-silver-beaded-heart-tag-gemstone-bracelet-rose-quartz\/\" \/>\n<meta property=\"og:site_name\" content=\"Crudo\" \/>\n<meta property=\"article:modified_time\" content=\"2025-11-06T03:44:15+00:00\" \/>\n<meta property=\"og:image\" content=\"https:\/\/crudo-leather.com\/wp-content\/uploads\/2025\/08\/BeadWomen-Pink_KT01.jpg\" \/>\n\t<meta property=\"og:image:width\" content=\"2000\" \/>\n\t<meta property=\"og:image:height\" content=\"2000\" \/>\n\t<meta property=\"og:image:type\" content=\"image\/jpeg\" \/>\n<meta name=\"twitter:card\" content=\"summary_large_image\" \/>\n<meta name=\"twitter:label1\" content=\"Est. reading time\" \/>\n\t<meta name=\"twitter:data1\" content=\"1 minute\" \/>\n<script type=\"application\/ld+json\" class=\"yoast-schema-graph\">{\"@context\":\"https:\/\/schema.org\",\"@graph\":[{\"@type\":\"WebPage\",\"@id\":\"https:\/\/crudo-leather.com\/product\/hello-kitty-customized-silver-beaded-heart-tag-gemstone-bracelet-rose-quartz\/\",\"url\":\"https:\/\/crudo-leather.com\/product\/hello-kitty-customized-silver-beaded-heart-tag-gemstone-bracelet-rose-quartz\/\",\"name\":\"Hello Kitty Rose Quartz Gemstone Bracelet\",\"isPartOf\":{\"@id\":\"https:\/\/crudo-leather.com\/#website\"},\"primaryImageOfPage\":{\"@id\":\"https:\/\/crudo-leather.com\/product\/hello-kitty-customized-silver-beaded-heart-tag-gemstone-bracelet-rose-quartz\/#primaryimage\"},\"image\":{\"@id\":\"https:\/\/crudo-leather.com\/product\/hello-kitty-customized-silver-beaded-heart-tag-gemstone-bracelet-rose-quartz\/#primaryimage\"},\"thumbnailUrl\":\"https:\/\/crudo-leather.com\/wp-content\/uploads\/2025\/08\/BeadWomen-Pink_KT01.jpg\",\"datePublished\":\"2025-08-19T08:39:19+00:00\",\"dateModified\":\"2025-11-06T03:44:15+00:00\",\"description\":\"Adorn your wrist with the Hello Kitty Customized Silver Beaded Heart Tag Gemstone Bracelet featuring Rose Quartz. A charming and personal accessory.\",\"breadcrumb\":{\"@id\":\"https:\/\/crudo-leather.com\/product\/hello-kitty-customized-silver-beaded-heart-tag-gemstone-bracelet-rose-quartz\/#breadcrumb\"},\"inLanguage\":\"en-US\",\"potentialAction\":[{\"@type\":\"ReadAction\",\"target\":[\"https:\/\/crudo-leather.com\/product\/hello-kitty-customized-silver-beaded-heart-tag-gemstone-bracelet-rose-quartz\/\"]}]},{\"@type\":\"ImageObject\",\"inLanguage\":\"en-US\",\"@id\":\"https:\/\/crudo-leather.com\/product\/hello-kitty-customized-silver-beaded-heart-tag-gemstone-bracelet-rose-quartz\/#primaryimage\",\"url\":\"https:\/\/crudo-leather.com\/wp-content\/uploads\/2025\/08\/BeadWomen-Pink_KT01.jpg\",\"contentUrl\":\"https:\/\/crudo-leather.com\/wp-content\/uploads\/2025\/08\/BeadWomen-Pink_KT01.jpg\",\"width\":2000,\"height\":2000},{\"@type\":\"BreadcrumbList\",\"@id\":\"https:\/\/crudo-leather.com\/product\/hello-kitty-customized-silver-beaded-heart-tag-gemstone-bracelet-rose-quartz\/#breadcrumb\",\"itemListElement\":[{\"@type\":\"ListItem\",\"position\":1,\"name\":\"Shop\",\"item\":\"https:\/\/crudo-leather.com\/shop\/\"},{\"@type\":\"ListItem\",\"position\":2,\"name\":\"Hello Kitty Customized Silver Beaded Heart Tag Gemstone Bracelet\"}]},{\"@type\":\"WebSite\",\"@id\":\"https:\/\/crudo-leather.com\/#website\",\"url\":\"https:\/\/crudo-leather.com\/\",\"name\":\"Crudo\",\"description\":\"\",\"potentialAction\":[{\"@type\":\"SearchAction\",\"target\":{\"@type\":\"EntryPoint\",\"urlTemplate\":\"https:\/\/crudo-leather.com\/?s={search_term_string}\"},\"query-input\":{\"@type\":\"PropertyValueSpecification\",\"valueRequired\":true,\"valueName\":\"search_term_string\"}}],\"inLanguage\":\"en-US\"}]}<\/script>\n<!-- \/ Yoast SEO plugin. -->","yoast_head_json":{"title":"Hello Kitty Rosenquarz Edelstein Armreif","description":"Schm\u00fccken Sie Ihr Handgelenk mit dem Hello Kitty Customized Silver Beaded Heart Tag Gemstone Bracelet mit Rosenquarz. Ein charmantes und pers\u00f6nliches Accessoire.","robots":{"index":"index","follow":"follow","max-snippet":"max-snippet:-1","max-image-preview":"max-image-preview:large","max-video-preview":"max-video-preview:-1"},"canonical":"https:\/\/crudo-leather.com\/de\/product\/hello-kitty-customized-silver-beaded-heart-tag-gemstone-bracelet-rose-quartz\/","og_locale":"en_US","og_type":"article","og_title":"Hello Kitty Rosenquarz Edelstein Armreif","og_description":"Schm\u00fccken Sie Ihr Handgelenk mit dem Hello Kitty Customized Silver Beaded Heart Tag Gemstone Bracelet mit Rosenquarz. Ein charmantes und pers\u00f6nliches Accessoire.","og_url":"https:\/\/crudo-leather.com\/product\/hello-kitty-customized-silver-beaded-heart-tag-gemstone-bracelet-rose-quartz\/","og_site_name":"Crudo","article_modified_time":"2025-11-06T03:44:15+00:00","og_image":[{"width":2000,"height":2000,"url":"https:\/\/crudo-leather.com\/wp-content\/uploads\/2025\/08\/BeadWomen-Pink_KT01.jpg","type":"image\/jpeg"}],"twitter_card":"summary_large_image","twitter_misc":{"Est. reading time":"1 minute"},"schema":{"@context":"https:\/\/schema.org","@graph":[{"@type":"WebPage","@id":"https:\/\/crudo-leather.com\/product\/hello-kitty-customized-silver-beaded-heart-tag-gemstone-bracelet-rose-quartz\/","url":"https:\/\/crudo-leather.com\/product\/hello-kitty-customized-silver-beaded-heart-tag-gemstone-bracelet-rose-quartz\/","name":"Hello Kitty Rose Quartz Gemstone Bracelet","isPartOf":{"@id":"https:\/\/crudo-leather.com\/#website"},"primaryImageOfPage":{"@id":"https:\/\/crudo-leather.com\/product\/hello-kitty-customized-silver-beaded-heart-tag-gemstone-bracelet-rose-quartz\/#primaryimage"},"image":{"@id":"https:\/\/crudo-leather.com\/product\/hello-kitty-customized-silver-beaded-heart-tag-gemstone-bracelet-rose-quartz\/#primaryimage"},"thumbnailUrl":"https:\/\/crudo-leather.com\/wp-content\/uploads\/2025\/08\/BeadWomen-Pink_KT01.jpg","datePublished":"2025-08-19T08:39:19+00:00","dateModified":"2025-11-06T03:44:15+00:00","description":"Adorn your wrist with the Hello Kitty Customized Silver Beaded Heart Tag Gemstone Bracelet featuring Rose Quartz. A charming and personal accessory.","breadcrumb":{"@id":"https:\/\/crudo-leather.com\/product\/hello-kitty-customized-silver-beaded-heart-tag-gemstone-bracelet-rose-quartz\/#breadcrumb"},"inLanguage":"en-US","potentialAction":[{"@type":"ReadAction","target":["https:\/\/crudo-leather.com\/product\/hello-kitty-customized-silver-beaded-heart-tag-gemstone-bracelet-rose-quartz\/"]}]},{"@type":"ImageObject","inLanguage":"en-US","@id":"https:\/\/crudo-leather.com\/product\/hello-kitty-customized-silver-beaded-heart-tag-gemstone-bracelet-rose-quartz\/#primaryimage","url":"https:\/\/crudo-leather.com\/wp-content\/uploads\/2025\/08\/BeadWomen-Pink_KT01.jpg","contentUrl":"https:\/\/crudo-leather.com\/wp-content\/uploads\/2025\/08\/BeadWomen-Pink_KT01.jpg","width":2000,"height":2000},{"@type":"BreadcrumbList","@id":"https:\/\/crudo-leather.com\/product\/hello-kitty-customized-silver-beaded-heart-tag-gemstone-bracelet-rose-quartz\/#breadcrumb","itemListElement":[{"@type":"ListItem","position":1,"name":"Shop","item":"https:\/\/crudo-leather.com\/shop\/"},{"@type":"ListItem","position":2,"name":"Hello Kitty Customized Silver Beaded Heart Tag Gemstone Bracelet"}]},{"@type":"WebSite","@id":"https:\/\/crudo-leather.com\/#website","url":"https:\/\/crudo-leather.com\/","name":"Crudo","description":"","potentialAction":[{"@type":"SearchAction","target":{"@type":"EntryPoint","urlTemplate":"https:\/\/crudo-leather.com\/?s={search_term_string}"},"query-input":{"@type":"PropertyValueSpecification","valueRequired":true,"valueName":"search_term_string"}}],"inLanguage":"en-US"}]}},"_links":{"self":[{"href":"https:\/\/crudo-leather.com\/de\/wp-json\/wp\/v2\/product\/348561"}],"collection":[{"href":"https:\/\/crudo-leather.com\/de\/wp-json\/wp\/v2\/product"}],"about":[{"href":"https:\/\/crudo-leather.com\/de\/wp-json\/wp\/v2\/types\/product"}],"replies":[{"embeddable":true,"href":"https:\/\/crudo-leather.com\/de\/wp-json\/wp\/v2\/comments?post=348561"}],"wp:featuredmedia":[{"embeddable":true,"href":"https:\/\/crudo-leather.com\/de\/wp-json\/wp\/v2\/media\/348563"}],"wp:attachment":[{"href":"https:\/\/crudo-leather.com\/de\/wp-json\/wp\/v2\/media?parent=348561"}],"wp:term":[{"taxonomy":"collection","embeddable":true,"href":"https:\/\/crudo-leather.com\/de\/wp-json\/wp\/v2\/collection?post=348561"},{"taxonomy":"trending_cat","embeddable":true,"href":"https:\/\/crudo-leather.com\/de\/wp-json\/wp\/v2\/trending_cat?post=348561"},{"taxonomy":"product_cat","embeddable":true,"href":"https:\/\/crudo-leather.com\/de\/wp-json\/wp\/v2\/product_cat?post=348561"},{"taxonomy":"product_tag","embeddable":true,"href":"https:\/\/crudo-leather.com\/de\/wp-json\/wp\/v2\/product_tag?post=348561"}],"curies":[{"name":"wp","href":"https:\/\/api.w.org\/{rel}","templated":true}]}}