{"id":352373,"date":"2025-09-09T14:24:16","date_gmt":"2025-09-09T06:24:16","guid":{"rendered":"https:\/\/crudo-leather.com\/?post_type=product&#038;p=352373"},"modified":"2026-03-18T17:17:06","modified_gmt":"2026-03-18T09:17:06","slug":"disney-stitch-customized-silver-beaded-bracelet-with-heart-tag-white-gold","status":"publish","type":"product","link":"https:\/\/crudo-leather.com\/de\/product\/disney-stitch-customized-silver-beaded-bracelet-with-heart-tag-white-gold\/","title":{"rendered":"Disney Stitch Limited Edition personalisierte reine Silberperlen Armband"},"content":{"rendered":"","protected":false},"excerpt":{"rendered":"Bitte w\u00e4hlen Sie mindestens ein Metallanh\u00e4nger aus der Stitch-Kollektion, andernfalls wird das Produkt nur mit dem urspr\u00fcnglichen Crudo runden Anh\u00e4nger geliefert und nicht mit der Stitch Special Edition Geschenkbox.\n\n<strong><u>Stitch Kollektion Special Edition<\/u><\/strong>\nALOHA! Stitch, Angel und Scrump bringen dir f\u00fcr den Sommer Schwung und Spa\u00df! 6 Metall-Strassanh\u00e4nger zeigen die Leidenschaft und den Charme von Hawaii und verleihen dir einen neuen sommerlichen Look.\n\nKlicken Sie auf \"Zum Warenkorb hinzuf\u00fcgen und gestalten\", um Ihren Gravurtext zu gestalten.\n\n- Offiziell lizenziertes Disney-Produkt\n- Verschiedene Stitch-, Angel- und Scrump-Metallanh\u00e4nger, die frei kombiniert und an der Perlenarmband befestigt werden k\u00f6nnen\n- Innovatives Crudo-Anh\u00e4ngerdesign, verziert mit Strasssteinen \/ Emaille-Effekten auf der Oberfl\u00e4che\n- Beim Kauf von Stitch-Schmuck erhalten Sie eine Stitch Special Edition Geschenkbox mit abziehbarer Gru\u00dfkarte (inklusive Geschenkkarte und Produktgarantie)\n- Hergestellt aus 925er Sterlingsilber-Perlen, eleganter und luxuri\u00f6ser Look - H\u00fcbscher herzf\u00f6rmiger Anh\u00e4nger, eine Seite mit funkelnden Edelsteinen besetzt, die andere Seite kann personalisiert mit Laser-Gravur versehen werden\n- H\u00fcbscher herzf\u00f6rmiger Anh\u00e4nger kann personalisiert mit Laser-Gravur versehen werden\n- Mit verstellbarem Verschluss, perfekt am Handgelenk sitzend\n- Kostenloser Gravurservice, verschiedene Schriftarten und Gravurvorschl\u00e4ge verf\u00fcgbar\n- Verblasst und oxidiert nicht leicht, dauerhafte Haltbarkeit - Sterlingsilberschmuck geeignet f\u00fcr Menschen mit empfindlicher Haut\n\n<strong>Produktionszeit und Versanddetails<\/strong>\n- Jedes Produkt ben\u00f6tigt nur 1-5 Werktage zur Fertigstellung\n- Bei Bestellung heute kann es bereits morgen versendet werden\n- Direktversand nach Hongkong und Macau","protected":false},"featured_media":352375,"comment_status":"open","ping_status":"closed","template":"","meta":{"inline_featured_image":false},"collection":[],"trending_cat":[],"product_cat":[17],"product_tag":[2402,3026],"class_list":{"0":"post-352373","1":"product","2":"type-product","3":"status-publish","4":"has-post-thumbnail","6":"product_cat-bracelets-cuffs","7":"product_tag-disney-pixar","8":"product_tag-disney-stitch-special-edition","10":"first","11":"instock","12":"sale","13":"shipping-taxable","14":"purchasable","15":"product-type-variable"},"yoast_head":"<!-- This site is optimized with the Yoast SEO plugin v23.4 - https:\/\/yoast.com\/wordpress\/plugins\/seo\/ -->\n<title>Stitch Silberne Perlen Herz Anh\u00e4nger Armband<\/title>\n<meta name=\"description\" content=\"Schm\u00fccken Sie Ihr Handgelenk mit dem Disney Stitch personalisierten Silberperlenarmband mit Herz-Anh\u00e4nger. Ein charmantes und pers\u00f6nliches Accessoire.\" \/>\n<meta name=\"robots\" content=\"index, follow, max-snippet:-1, max-image-preview:large, max-video-preview:-1\" \/>\n<link rel=\"canonical\" href=\"https:\/\/crudo-leather.com\/de\/product\/disney-stitch-customized-silver-beaded-bracelet-with-heart-tag-white-gold\/\" \/>\n<meta property=\"og:locale\" content=\"en_US\" \/>\n<meta property=\"og:type\" content=\"article\" \/>\n<meta property=\"og:title\" content=\"Stitch Silberne Perlen Herz Anh\u00e4nger Armband\" \/>\n<meta property=\"og:description\" content=\"Schm\u00fccken Sie Ihr Handgelenk mit dem Disney Stitch personalisierten Silberperlenarmband mit Herz-Anh\u00e4nger. Ein charmantes und pers\u00f6nliches Accessoire.\" \/>\n<meta property=\"og:url\" content=\"https:\/\/crudo-leather.com\/product\/disney-stitch-customized-silver-beaded-bracelet-with-heart-tag-white-gold\/\" \/>\n<meta property=\"og:site_name\" content=\"Crudo\" \/>\n<meta property=\"article:modified_time\" content=\"2026-03-18T09:17:06+00:00\" \/>\n<meta property=\"og:image\" content=\"https:\/\/crudo-leather.com\/wp-content\/uploads\/2025\/09\/Stitch_BRT09-Silver_01.jpg\" \/>\n\t<meta property=\"og:image:width\" content=\"2000\" \/>\n\t<meta property=\"og:image:height\" content=\"2000\" \/>\n\t<meta property=\"og:image:type\" content=\"image\/jpeg\" \/>\n<meta name=\"twitter:card\" content=\"summary_large_image\" \/>\n<meta name=\"twitter:label1\" content=\"Est. reading time\" \/>\n\t<meta name=\"twitter:data1\" content=\"1 minute\" \/>\n<script type=\"application\/ld+json\" class=\"yoast-schema-graph\">{\"@context\":\"https:\/\/schema.org\",\"@graph\":[{\"@type\":\"WebPage\",\"@id\":\"https:\/\/crudo-leather.com\/product\/disney-stitch-customized-silver-beaded-bracelet-with-heart-tag-white-gold\/\",\"url\":\"https:\/\/crudo-leather.com\/product\/disney-stitch-customized-silver-beaded-bracelet-with-heart-tag-white-gold\/\",\"name\":\"Stitch Silver Beaded Heart Tag Bracelet\",\"isPartOf\":{\"@id\":\"https:\/\/crudo-leather.com\/#website\"},\"primaryImageOfPage\":{\"@id\":\"https:\/\/crudo-leather.com\/product\/disney-stitch-customized-silver-beaded-bracelet-with-heart-tag-white-gold\/#primaryimage\"},\"image\":{\"@id\":\"https:\/\/crudo-leather.com\/product\/disney-stitch-customized-silver-beaded-bracelet-with-heart-tag-white-gold\/#primaryimage\"},\"thumbnailUrl\":\"https:\/\/crudo-leather.com\/wp-content\/uploads\/2025\/09\/Stitch_BRT09-Silver_01.jpg\",\"datePublished\":\"2025-09-09T06:24:16+00:00\",\"dateModified\":\"2026-03-18T09:17:06+00:00\",\"description\":\"Adorn your wrist with the Disney Stitch Customized Silver Beaded Bracelet with Heart Tag. A charming and personal accessory.\",\"breadcrumb\":{\"@id\":\"https:\/\/crudo-leather.com\/product\/disney-stitch-customized-silver-beaded-bracelet-with-heart-tag-white-gold\/#breadcrumb\"},\"inLanguage\":\"en-US\",\"potentialAction\":[{\"@type\":\"ReadAction\",\"target\":[\"https:\/\/crudo-leather.com\/product\/disney-stitch-customized-silver-beaded-bracelet-with-heart-tag-white-gold\/\"]}]},{\"@type\":\"ImageObject\",\"inLanguage\":\"en-US\",\"@id\":\"https:\/\/crudo-leather.com\/product\/disney-stitch-customized-silver-beaded-bracelet-with-heart-tag-white-gold\/#primaryimage\",\"url\":\"https:\/\/crudo-leather.com\/wp-content\/uploads\/2025\/09\/Stitch_BRT09-Silver_01.jpg\",\"contentUrl\":\"https:\/\/crudo-leather.com\/wp-content\/uploads\/2025\/09\/Stitch_BRT09-Silver_01.jpg\",\"width\":2000,\"height\":2000},{\"@type\":\"BreadcrumbList\",\"@id\":\"https:\/\/crudo-leather.com\/product\/disney-stitch-customized-silver-beaded-bracelet-with-heart-tag-white-gold\/#breadcrumb\",\"itemListElement\":[{\"@type\":\"ListItem\",\"position\":1,\"name\":\"Shop\",\"item\":\"https:\/\/crudo-leather.com\/shop\/\"},{\"@type\":\"ListItem\",\"position\":2,\"name\":\"Disney Stitch Customized Silver Beaded Bracelet with Heart Tag\"}]},{\"@type\":\"WebSite\",\"@id\":\"https:\/\/crudo-leather.com\/#website\",\"url\":\"https:\/\/crudo-leather.com\/\",\"name\":\"Crudo\",\"description\":\"\",\"potentialAction\":[{\"@type\":\"SearchAction\",\"target\":{\"@type\":\"EntryPoint\",\"urlTemplate\":\"https:\/\/crudo-leather.com\/?s={search_term_string}\"},\"query-input\":{\"@type\":\"PropertyValueSpecification\",\"valueRequired\":true,\"valueName\":\"search_term_string\"}}],\"inLanguage\":\"en-US\"}]}<\/script>\n<!-- \/ Yoast SEO plugin. -->","yoast_head_json":{"title":"Stitch Silberne Perlen Herz Anh\u00e4nger Armband","description":"Schm\u00fccken Sie Ihr Handgelenk mit dem Disney Stitch personalisierten Silberperlenarmband mit Herz-Anh\u00e4nger. Ein charmantes und pers\u00f6nliches Accessoire.","robots":{"index":"index","follow":"follow","max-snippet":"max-snippet:-1","max-image-preview":"max-image-preview:large","max-video-preview":"max-video-preview:-1"},"canonical":"https:\/\/crudo-leather.com\/de\/product\/disney-stitch-customized-silver-beaded-bracelet-with-heart-tag-white-gold\/","og_locale":"en_US","og_type":"article","og_title":"Stitch Silberne Perlen Herz Anh\u00e4nger Armband","og_description":"Schm\u00fccken Sie Ihr Handgelenk mit dem Disney Stitch personalisierten Silberperlenarmband mit Herz-Anh\u00e4nger. Ein charmantes und pers\u00f6nliches Accessoire.","og_url":"https:\/\/crudo-leather.com\/product\/disney-stitch-customized-silver-beaded-bracelet-with-heart-tag-white-gold\/","og_site_name":"Crudo","article_modified_time":"2026-03-18T09:17:06+00:00","og_image":[{"width":2000,"height":2000,"url":"https:\/\/crudo-leather.com\/wp-content\/uploads\/2025\/09\/Stitch_BRT09-Silver_01.jpg","type":"image\/jpeg"}],"twitter_card":"summary_large_image","twitter_misc":{"Est. reading time":"1 minute"},"schema":{"@context":"https:\/\/schema.org","@graph":[{"@type":"WebPage","@id":"https:\/\/crudo-leather.com\/product\/disney-stitch-customized-silver-beaded-bracelet-with-heart-tag-white-gold\/","url":"https:\/\/crudo-leather.com\/product\/disney-stitch-customized-silver-beaded-bracelet-with-heart-tag-white-gold\/","name":"Stitch Silver Beaded Heart Tag Bracelet","isPartOf":{"@id":"https:\/\/crudo-leather.com\/#website"},"primaryImageOfPage":{"@id":"https:\/\/crudo-leather.com\/product\/disney-stitch-customized-silver-beaded-bracelet-with-heart-tag-white-gold\/#primaryimage"},"image":{"@id":"https:\/\/crudo-leather.com\/product\/disney-stitch-customized-silver-beaded-bracelet-with-heart-tag-white-gold\/#primaryimage"},"thumbnailUrl":"https:\/\/crudo-leather.com\/wp-content\/uploads\/2025\/09\/Stitch_BRT09-Silver_01.jpg","datePublished":"2025-09-09T06:24:16+00:00","dateModified":"2026-03-18T09:17:06+00:00","description":"Adorn your wrist with the Disney Stitch Customized Silver Beaded Bracelet with Heart Tag. A charming and personal accessory.","breadcrumb":{"@id":"https:\/\/crudo-leather.com\/product\/disney-stitch-customized-silver-beaded-bracelet-with-heart-tag-white-gold\/#breadcrumb"},"inLanguage":"en-US","potentialAction":[{"@type":"ReadAction","target":["https:\/\/crudo-leather.com\/product\/disney-stitch-customized-silver-beaded-bracelet-with-heart-tag-white-gold\/"]}]},{"@type":"ImageObject","inLanguage":"en-US","@id":"https:\/\/crudo-leather.com\/product\/disney-stitch-customized-silver-beaded-bracelet-with-heart-tag-white-gold\/#primaryimage","url":"https:\/\/crudo-leather.com\/wp-content\/uploads\/2025\/09\/Stitch_BRT09-Silver_01.jpg","contentUrl":"https:\/\/crudo-leather.com\/wp-content\/uploads\/2025\/09\/Stitch_BRT09-Silver_01.jpg","width":2000,"height":2000},{"@type":"BreadcrumbList","@id":"https:\/\/crudo-leather.com\/product\/disney-stitch-customized-silver-beaded-bracelet-with-heart-tag-white-gold\/#breadcrumb","itemListElement":[{"@type":"ListItem","position":1,"name":"Shop","item":"https:\/\/crudo-leather.com\/shop\/"},{"@type":"ListItem","position":2,"name":"Disney Stitch Customized Silver Beaded Bracelet with Heart Tag"}]},{"@type":"WebSite","@id":"https:\/\/crudo-leather.com\/#website","url":"https:\/\/crudo-leather.com\/","name":"Crudo","description":"","potentialAction":[{"@type":"SearchAction","target":{"@type":"EntryPoint","urlTemplate":"https:\/\/crudo-leather.com\/?s={search_term_string}"},"query-input":{"@type":"PropertyValueSpecification","valueRequired":true,"valueName":"search_term_string"}}],"inLanguage":"en-US"}]}},"_links":{"self":[{"href":"https:\/\/crudo-leather.com\/de\/wp-json\/wp\/v2\/product\/352373"}],"collection":[{"href":"https:\/\/crudo-leather.com\/de\/wp-json\/wp\/v2\/product"}],"about":[{"href":"https:\/\/crudo-leather.com\/de\/wp-json\/wp\/v2\/types\/product"}],"replies":[{"embeddable":true,"href":"https:\/\/crudo-leather.com\/de\/wp-json\/wp\/v2\/comments?post=352373"}],"wp:featuredmedia":[{"embeddable":true,"href":"https:\/\/crudo-leather.com\/de\/wp-json\/wp\/v2\/media\/352375"}],"wp:attachment":[{"href":"https:\/\/crudo-leather.com\/de\/wp-json\/wp\/v2\/media?parent=352373"}],"wp:term":[{"taxonomy":"collection","embeddable":true,"href":"https:\/\/crudo-leather.com\/de\/wp-json\/wp\/v2\/collection?post=352373"},{"taxonomy":"trending_cat","embeddable":true,"href":"https:\/\/crudo-leather.com\/de\/wp-json\/wp\/v2\/trending_cat?post=352373"},{"taxonomy":"product_cat","embeddable":true,"href":"https:\/\/crudo-leather.com\/de\/wp-json\/wp\/v2\/product_cat?post=352373"},{"taxonomy":"product_tag","embeddable":true,"href":"https:\/\/crudo-leather.com\/de\/wp-json\/wp\/v2\/product_tag?post=352373"}],"curies":[{"name":"wp","href":"https:\/\/api.w.org\/{rel}","templated":true}]}}