{"id":352430,"date":"2025-09-09T16:02:19","date_gmt":"2025-09-09T08:02:19","guid":{"rendered":"https:\/\/crudo-leather.com\/?post_type=product&#038;p=352430"},"modified":"2025-12-15T16:15:34","modified_gmt":"2025-12-15T08:15:34","slug":"disney-stitch-customized-italian-leather-wrap-bracelet-jet-black-white-gold","status":"publish","type":"product","link":"https:\/\/crudo-leather.com\/de\/product\/disney-stitch-customized-italian-leather-wrap-bracelet-jet-black-white-gold\/","title":{"rendered":"Disney Stitch Limited Edition personalisiertes geflochtenes Lederarmband"},"content":{"rendered":"","protected":false},"excerpt":{"rendered":"Bitte w\u00e4hlen Sie mindestens ein Metallanh\u00e4nger aus der Stitch-Kollektion, andernfalls wird das Produkt nur mit dem urspr\u00fcnglichen Crudo runden Anh\u00e4nger geliefert und nicht mit der Stitch Special Edition Geschenkbox.\n\n<strong><u>Stitch-Kollektion Special Edition<\/u><\/strong>\nALOHA! Stitch, Angel und Scrump bringen dir f\u00fcr den Sommer Schwung und Spa\u00df! 6 Metall-Strassanh\u00e4nger zeigen die Leidenschaft und den Charme von Hawaii und verleihen dir einen neuen Sommerlook.\n\nKlicken Sie auf \"Zum Warenkorb hinzuf\u00fcgen und gestalten\", um Ihren Gravurtext zu gestalten.\n\n- Offiziell lizenziertes Disney-Produkt\n- Verschiedene Stitch-, Angel- und Scrump-Metallanh\u00e4nger, die frei kombiniert und am Lederarmband befestigt werden k\u00f6nnen\n- Innovatives Crudo-Anh\u00e4ngerdesign, verziert mit Strasssteinen \/ Emaille-Effekten auf der Oberfl\u00e4che\n- Beim Kauf von Stitch-Kollektion Schmuck erhalten Sie eine Stitch Special Edition Geschenkbox mit abl\u00f6sbarer Gru\u00dfkarte (inklusive Geschenkkarte und Produktgarantie)\n- Hergestellt aus italienischem geflochtenem Rindleder und fein verarbeitetem 316L Edelstahl\n- Kostenloser Gravurservice, verschiedene Schriftarten und Gravurvorschl\u00e4ge verf\u00fcgbar\n- Bleicht nicht leicht aus und oxidiert nicht, dauerhafte Aufbewahrung\n- Mit Magnetverschluss und exklusivem Achteck-Design\n- Geeignet f\u00fcr Menschen mit empfindlicher Haut\n- Hinweis: Armband ist nicht f\u00fcr Kinder unter 3 Jahren geeignet\n\n<strong>Produktionszeit und Versanddetails<\/strong>\n- Jedes Produkt ben\u00f6tigt nur 1-5 Werktage zur Fertigstellung\n- Bei Bestellung heute kann es bereits morgen versendet werden\n- Direktversand nach Hongkong und Macau","protected":false},"featured_media":352434,"comment_status":"open","ping_status":"closed","template":"","meta":{"inline_featured_image":false},"collection":[],"trending_cat":[],"product_cat":[17],"product_tag":[2402,3026],"class_list":{"0":"post-352430","1":"product","2":"type-product","3":"status-publish","4":"has-post-thumbnail","6":"product_cat-bracelets-cuffs","7":"product_tag-disney-pixar","8":"product_tag-disney-stitch-special-edition","10":"first","11":"instock","12":"sale","13":"shipping-taxable","14":"purchasable","15":"product-type-variable"},"yoast_head":"<!-- This site is optimized with the Yoast SEO plugin v23.4 - https:\/\/yoast.com\/wordpress\/plugins\/seo\/ -->\n<title>Disney Stitch Personalisiertes Italienisches Leder Wickelarmband - Tiefschwarz - Wei\u00dfgold<\/title>\n<meta name=\"description\" content=\"Entdecken Sie offiziell lizenzierte Disney Stitch personalisierte italienische Leder-Wickelarmb\u00e4nder in Ozeanblau. Kostenlose Gravur &amp; Luxus-Geschenkbox. Ein einzigartiges Accessoire. Jetzt einkaufen!\" \/>\n<meta name=\"robots\" content=\"index, follow, max-snippet:-1, max-image-preview:large, max-video-preview:-1\" \/>\n<link rel=\"canonical\" href=\"https:\/\/crudo-leather.com\/de\/product\/disney-stitch-customized-italian-leather-wrap-bracelet-jet-black-white-gold\/\" \/>\n<meta property=\"og:locale\" content=\"en_US\" \/>\n<meta property=\"og:type\" content=\"article\" \/>\n<meta property=\"og:title\" content=\"Disney Stitch Personalisiertes Italienisches Leder Wickelarmband - Tiefschwarz - Wei\u00dfgold\" \/>\n<meta property=\"og:description\" content=\"Entdecken Sie offiziell lizenzierte Disney Stitch personalisierte italienische Leder-Wickelarmb\u00e4nder in Ozeanblau. Kostenlose Gravur &amp; Luxus-Geschenkbox. Ein einzigartiges Accessoire. Jetzt einkaufen!\" \/>\n<meta property=\"og:url\" content=\"https:\/\/crudo-leather.com\/product\/disney-stitch-customized-italian-leather-wrap-bracelet-jet-black-white-gold\/\" \/>\n<meta property=\"og:site_name\" content=\"Crudo\" \/>\n<meta property=\"article:modified_time\" content=\"2025-12-15T08:15:34+00:00\" \/>\n<meta property=\"og:image\" content=\"https:\/\/crudo-leather.com\/wp-content\/uploads\/2025\/09\/Stitch_WBG_BRT01_WGBK_silver.jpg\" \/>\n\t<meta property=\"og:image:width\" content=\"2000\" \/>\n\t<meta property=\"og:image:height\" content=\"2000\" \/>\n\t<meta property=\"og:image:type\" content=\"image\/jpeg\" \/>\n<meta name=\"twitter:card\" content=\"summary_large_image\" \/>\n<meta name=\"twitter:label1\" content=\"Est. reading time\" \/>\n\t<meta name=\"twitter:data1\" content=\"1 minute\" \/>\n<script type=\"application\/ld+json\" class=\"yoast-schema-graph\">{\"@context\":\"https:\/\/schema.org\",\"@graph\":[{\"@type\":\"WebPage\",\"@id\":\"https:\/\/crudo-leather.com\/product\/disney-stitch-customized-italian-leather-wrap-bracelet-jet-black-white-gold\/\",\"url\":\"https:\/\/crudo-leather.com\/product\/disney-stitch-customized-italian-leather-wrap-bracelet-jet-black-white-gold\/\",\"name\":\"Disney Stitch Customized Italian Leather Wrap Bracelet - Jet Black - White Gold\",\"isPartOf\":{\"@id\":\"https:\/\/crudo-leather.com\/#website\"},\"primaryImageOfPage\":{\"@id\":\"https:\/\/crudo-leather.com\/product\/disney-stitch-customized-italian-leather-wrap-bracelet-jet-black-white-gold\/#primaryimage\"},\"image\":{\"@id\":\"https:\/\/crudo-leather.com\/product\/disney-stitch-customized-italian-leather-wrap-bracelet-jet-black-white-gold\/#primaryimage\"},\"thumbnailUrl\":\"https:\/\/crudo-leather.com\/wp-content\/uploads\/2025\/09\/Stitch_WBG_BRT01_WGBK_silver.jpg\",\"datePublished\":\"2025-09-09T08:02:19+00:00\",\"dateModified\":\"2025-12-15T08:15:34+00:00\",\"description\":\"Explore officially licensed Disney Stitch customized Italian leather wrap bracelet in ocean blue. Free engraving & luxury gift box. A unique accessory. Shop now!\",\"breadcrumb\":{\"@id\":\"https:\/\/crudo-leather.com\/product\/disney-stitch-customized-italian-leather-wrap-bracelet-jet-black-white-gold\/#breadcrumb\"},\"inLanguage\":\"en-US\",\"potentialAction\":[{\"@type\":\"ReadAction\",\"target\":[\"https:\/\/crudo-leather.com\/product\/disney-stitch-customized-italian-leather-wrap-bracelet-jet-black-white-gold\/\"]}]},{\"@type\":\"ImageObject\",\"inLanguage\":\"en-US\",\"@id\":\"https:\/\/crudo-leather.com\/product\/disney-stitch-customized-italian-leather-wrap-bracelet-jet-black-white-gold\/#primaryimage\",\"url\":\"https:\/\/crudo-leather.com\/wp-content\/uploads\/2025\/09\/Stitch_WBG_BRT01_WGBK_silver.jpg\",\"contentUrl\":\"https:\/\/crudo-leather.com\/wp-content\/uploads\/2025\/09\/Stitch_WBG_BRT01_WGBK_silver.jpg\",\"width\":2000,\"height\":2000},{\"@type\":\"BreadcrumbList\",\"@id\":\"https:\/\/crudo-leather.com\/product\/disney-stitch-customized-italian-leather-wrap-bracelet-jet-black-white-gold\/#breadcrumb\",\"itemListElement\":[{\"@type\":\"ListItem\",\"position\":1,\"name\":\"Shop\",\"item\":\"https:\/\/crudo-leather.com\/shop\/\"},{\"@type\":\"ListItem\",\"position\":2,\"name\":\"Disney Stitch Customized Italian Leather Wrap Bracelet\"}]},{\"@type\":\"WebSite\",\"@id\":\"https:\/\/crudo-leather.com\/#website\",\"url\":\"https:\/\/crudo-leather.com\/\",\"name\":\"Crudo\",\"description\":\"\",\"potentialAction\":[{\"@type\":\"SearchAction\",\"target\":{\"@type\":\"EntryPoint\",\"urlTemplate\":\"https:\/\/crudo-leather.com\/?s={search_term_string}\"},\"query-input\":{\"@type\":\"PropertyValueSpecification\",\"valueRequired\":true,\"valueName\":\"search_term_string\"}}],\"inLanguage\":\"en-US\"}]}<\/script>\n<!-- \/ Yoast SEO plugin. -->","yoast_head_json":{"title":"Disney Stitch Personalisiertes Italienisches Leder Wickelarmband - Tiefschwarz - Wei\u00dfgold","description":"Entdecken Sie offiziell lizenzierte Disney Stitch personalisierte italienische Leder-Wickelarmb\u00e4nder in Ozeanblau. Kostenlose Gravur & Luxus-Geschenkbox. Ein einzigartiges Accessoire. Jetzt einkaufen!","robots":{"index":"index","follow":"follow","max-snippet":"max-snippet:-1","max-image-preview":"max-image-preview:large","max-video-preview":"max-video-preview:-1"},"canonical":"https:\/\/crudo-leather.com\/de\/product\/disney-stitch-customized-italian-leather-wrap-bracelet-jet-black-white-gold\/","og_locale":"en_US","og_type":"article","og_title":"Disney Stitch Personalisiertes Italienisches Leder Wickelarmband - Tiefschwarz - Wei\u00dfgold","og_description":"Entdecken Sie offiziell lizenzierte Disney Stitch personalisierte italienische Leder-Wickelarmb\u00e4nder in Ozeanblau. Kostenlose Gravur & Luxus-Geschenkbox. Ein einzigartiges Accessoire. Jetzt einkaufen!","og_url":"https:\/\/crudo-leather.com\/product\/disney-stitch-customized-italian-leather-wrap-bracelet-jet-black-white-gold\/","og_site_name":"Crudo","article_modified_time":"2025-12-15T08:15:34+00:00","og_image":[{"width":2000,"height":2000,"url":"https:\/\/crudo-leather.com\/wp-content\/uploads\/2025\/09\/Stitch_WBG_BRT01_WGBK_silver.jpg","type":"image\/jpeg"}],"twitter_card":"summary_large_image","twitter_misc":{"Est. reading time":"1 minute"},"schema":{"@context":"https:\/\/schema.org","@graph":[{"@type":"WebPage","@id":"https:\/\/crudo-leather.com\/product\/disney-stitch-customized-italian-leather-wrap-bracelet-jet-black-white-gold\/","url":"https:\/\/crudo-leather.com\/product\/disney-stitch-customized-italian-leather-wrap-bracelet-jet-black-white-gold\/","name":"Disney Stitch Customized Italian Leather Wrap Bracelet - Jet Black - White Gold","isPartOf":{"@id":"https:\/\/crudo-leather.com\/#website"},"primaryImageOfPage":{"@id":"https:\/\/crudo-leather.com\/product\/disney-stitch-customized-italian-leather-wrap-bracelet-jet-black-white-gold\/#primaryimage"},"image":{"@id":"https:\/\/crudo-leather.com\/product\/disney-stitch-customized-italian-leather-wrap-bracelet-jet-black-white-gold\/#primaryimage"},"thumbnailUrl":"https:\/\/crudo-leather.com\/wp-content\/uploads\/2025\/09\/Stitch_WBG_BRT01_WGBK_silver.jpg","datePublished":"2025-09-09T08:02:19+00:00","dateModified":"2025-12-15T08:15:34+00:00","description":"Explore officially licensed Disney Stitch customized Italian leather wrap bracelet in ocean blue. Free engraving & luxury gift box. A unique accessory. Shop now!","breadcrumb":{"@id":"https:\/\/crudo-leather.com\/product\/disney-stitch-customized-italian-leather-wrap-bracelet-jet-black-white-gold\/#breadcrumb"},"inLanguage":"en-US","potentialAction":[{"@type":"ReadAction","target":["https:\/\/crudo-leather.com\/product\/disney-stitch-customized-italian-leather-wrap-bracelet-jet-black-white-gold\/"]}]},{"@type":"ImageObject","inLanguage":"en-US","@id":"https:\/\/crudo-leather.com\/product\/disney-stitch-customized-italian-leather-wrap-bracelet-jet-black-white-gold\/#primaryimage","url":"https:\/\/crudo-leather.com\/wp-content\/uploads\/2025\/09\/Stitch_WBG_BRT01_WGBK_silver.jpg","contentUrl":"https:\/\/crudo-leather.com\/wp-content\/uploads\/2025\/09\/Stitch_WBG_BRT01_WGBK_silver.jpg","width":2000,"height":2000},{"@type":"BreadcrumbList","@id":"https:\/\/crudo-leather.com\/product\/disney-stitch-customized-italian-leather-wrap-bracelet-jet-black-white-gold\/#breadcrumb","itemListElement":[{"@type":"ListItem","position":1,"name":"Shop","item":"https:\/\/crudo-leather.com\/shop\/"},{"@type":"ListItem","position":2,"name":"Disney Stitch Customized Italian Leather Wrap Bracelet"}]},{"@type":"WebSite","@id":"https:\/\/crudo-leather.com\/#website","url":"https:\/\/crudo-leather.com\/","name":"Crudo","description":"","potentialAction":[{"@type":"SearchAction","target":{"@type":"EntryPoint","urlTemplate":"https:\/\/crudo-leather.com\/?s={search_term_string}"},"query-input":{"@type":"PropertyValueSpecification","valueRequired":true,"valueName":"search_term_string"}}],"inLanguage":"en-US"}]}},"_links":{"self":[{"href":"https:\/\/crudo-leather.com\/de\/wp-json\/wp\/v2\/product\/352430"}],"collection":[{"href":"https:\/\/crudo-leather.com\/de\/wp-json\/wp\/v2\/product"}],"about":[{"href":"https:\/\/crudo-leather.com\/de\/wp-json\/wp\/v2\/types\/product"}],"replies":[{"embeddable":true,"href":"https:\/\/crudo-leather.com\/de\/wp-json\/wp\/v2\/comments?post=352430"}],"wp:featuredmedia":[{"embeddable":true,"href":"https:\/\/crudo-leather.com\/de\/wp-json\/wp\/v2\/media\/352434"}],"wp:attachment":[{"href":"https:\/\/crudo-leather.com\/de\/wp-json\/wp\/v2\/media?parent=352430"}],"wp:term":[{"taxonomy":"collection","embeddable":true,"href":"https:\/\/crudo-leather.com\/de\/wp-json\/wp\/v2\/collection?post=352430"},{"taxonomy":"trending_cat","embeddable":true,"href":"https:\/\/crudo-leather.com\/de\/wp-json\/wp\/v2\/trending_cat?post=352430"},{"taxonomy":"product_cat","embeddable":true,"href":"https:\/\/crudo-leather.com\/de\/wp-json\/wp\/v2\/product_cat?post=352430"},{"taxonomy":"product_tag","embeddable":true,"href":"https:\/\/crudo-leather.com\/de\/wp-json\/wp\/v2\/product_tag?post=352430"}],"curies":[{"name":"wp","href":"https:\/\/api.w.org\/{rel}","templated":true}]}}