{"id":354743,"date":"2025-09-29T14:27:16","date_gmt":"2025-09-29T06:27:16","guid":{"rendered":"https:\/\/crudo-leather.com\/?post_type=product&#038;p=354743"},"modified":"2026-05-08T10:42:46","modified_gmt":"2026-05-08T02:42:46","slug":"disney-alien-925-silver-pendant-the-sparkling-alien","status":"publish","type":"product","link":"https:\/\/crudo-leather.com\/de\/product\/disney-alien-925-silver-pendant-the-sparkling-alien\/","title":{"rendered":"Disney Aliens (Toy Story) 925 Sterling Silber Anh\u00e4nger - The Sparkling Alien"},"content":{"rendered":"","protected":false},"excerpt":{"rendered":"","protected":false},"featured_media":354765,"comment_status":"open","ping_status":"closed","template":"","meta":{"inline_featured_image":false},"collection":[],"trending_cat":[],"product_cat":[15],"product_tag":[],"class_list":{"0":"post-354743","1":"product","2":"type-product","3":"status-publish","4":"has-post-thumbnail","6":"product_cat-uncategorized","8":"first","9":"instock","10":"shipping-taxable","11":"purchasable","12":"product-type-variable"},"yoast_head":"<!-- This site is optimized with the Yoast SEO plugin v23.4 - https:\/\/yoast.com\/wordpress\/plugins\/seo\/ -->\n<title>Disney Aliens (Toy Story) 925 Sterlingsilber Anh\u00e4nger - The Sparkling Alien - Crudo<\/title>\n<meta name=\"description\" content=\"&quot;The Clawwwwww!&quot; Aliens wurden ausgew\u00e4hlt! Die Alien Special Edition bietet f\u00fcnf Anh\u00e4ngerdesigns in 925 Sterling Silber oder buntem Emaille, inspiriert von der Aufregung des Gewinnmoments am Greifautomaten. Jeder Anh\u00e4nger kann an Armb\u00e4ndern kombiniert und mit Lasergravur personalisiert werden \u2013 gravieren Sie Ihre eigene Galaxie-Botschaft, um ein einzigartiges, niedliches und l\u00e4ssiges Accessoire zu kreieren.\" \/>\n<meta name=\"robots\" content=\"index, follow, max-snippet:-1, max-image-preview:large, max-video-preview:-1\" \/>\n<link rel=\"canonical\" href=\"https:\/\/crudo-leather.com\/de\/product\/disney-alien-925-silver-pendant-the-sparkling-alien\/\" \/>\n<meta property=\"og:locale\" content=\"en_US\" \/>\n<meta property=\"og:type\" content=\"article\" \/>\n<meta property=\"og:title\" content=\"Disney Aliens (Toy Story) 925 Sterlingsilber Anh\u00e4nger - The Sparkling Alien - Crudo\" \/>\n<meta property=\"og:description\" content=\"&quot;The Clawwwwww!&quot; Aliens wurden ausgew\u00e4hlt! Die Alien Special Edition bietet f\u00fcnf Anh\u00e4ngerdesigns in 925 Sterling Silber oder buntem Emaille, inspiriert von der Aufregung des Gewinnmoments am Greifautomaten. Jeder Anh\u00e4nger kann an Armb\u00e4ndern kombiniert und mit Lasergravur personalisiert werden \u2013 gravieren Sie Ihre eigene Galaxie-Botschaft, um ein einzigartiges, niedliches und l\u00e4ssiges Accessoire zu kreieren.\" \/>\n<meta property=\"og:url\" content=\"https:\/\/crudo-leather.com\/product\/disney-alien-925-silver-pendant-the-sparkling-alien\/\" \/>\n<meta property=\"og:site_name\" content=\"Crudo\" \/>\n<meta property=\"article:modified_time\" content=\"2026-05-08T02:42:46+00:00\" \/>\n<meta property=\"og:image\" content=\"https:\/\/crudo-leather.com\/wp-content\/uploads\/2025\/09\/Alien_01-1.jpg\" \/>\n\t<meta property=\"og:image:width\" content=\"2000\" \/>\n\t<meta property=\"og:image:height\" content=\"2000\" \/>\n\t<meta property=\"og:image:type\" content=\"image\/jpeg\" \/>\n<meta name=\"twitter:card\" content=\"summary_large_image\" \/>\n<meta name=\"twitter:label1\" content=\"Est. reading time\" \/>\n\t<meta name=\"twitter:data1\" content=\"1 minute\" \/>\n<script type=\"application\/ld+json\" class=\"yoast-schema-graph\">{\"@context\":\"https:\/\/schema.org\",\"@graph\":[{\"@type\":\"WebPage\",\"@id\":\"https:\/\/crudo-leather.com\/product\/disney-alien-925-silver-pendant-the-sparkling-alien\/\",\"url\":\"https:\/\/crudo-leather.com\/product\/disney-alien-925-silver-pendant-the-sparkling-alien\/\",\"name\":\"Disney Alien 925 Silver Pendant - The Sparkling Alien - Crudo\",\"isPartOf\":{\"@id\":\"https:\/\/crudo-leather.com\/#website\"},\"primaryImageOfPage\":{\"@id\":\"https:\/\/crudo-leather.com\/product\/disney-alien-925-silver-pendant-the-sparkling-alien\/#primaryimage\"},\"image\":{\"@id\":\"https:\/\/crudo-leather.com\/product\/disney-alien-925-silver-pendant-the-sparkling-alien\/#primaryimage\"},\"thumbnailUrl\":\"https:\/\/crudo-leather.com\/wp-content\/uploads\/2025\/09\/Alien_01-1.jpg\",\"datePublished\":\"2025-09-29T06:27:16+00:00\",\"dateModified\":\"2026-05-08T02:42:46+00:00\",\"description\":\"\u201cThe Clawwwwww!\u201d Aliens have been chosen! The Alien Special Edition features five charm designs in 925 sterling silver or colorful enamel, inspired by the thrill of the claw machine's winning moment. Each pendant can be mixed and matched on bracelets and personalized with laser engraving\u2014carve your own galaxy message to create a unique, cute and streetwise accessory.\",\"breadcrumb\":{\"@id\":\"https:\/\/crudo-leather.com\/product\/disney-alien-925-silver-pendant-the-sparkling-alien\/#breadcrumb\"},\"inLanguage\":\"en-US\",\"potentialAction\":[{\"@type\":\"ReadAction\",\"target\":[\"https:\/\/crudo-leather.com\/product\/disney-alien-925-silver-pendant-the-sparkling-alien\/\"]}]},{\"@type\":\"ImageObject\",\"inLanguage\":\"en-US\",\"@id\":\"https:\/\/crudo-leather.com\/product\/disney-alien-925-silver-pendant-the-sparkling-alien\/#primaryimage\",\"url\":\"https:\/\/crudo-leather.com\/wp-content\/uploads\/2025\/09\/Alien_01-1.jpg\",\"contentUrl\":\"https:\/\/crudo-leather.com\/wp-content\/uploads\/2025\/09\/Alien_01-1.jpg\",\"width\":2000,\"height\":2000},{\"@type\":\"BreadcrumbList\",\"@id\":\"https:\/\/crudo-leather.com\/product\/disney-alien-925-silver-pendant-the-sparkling-alien\/#breadcrumb\",\"itemListElement\":[{\"@type\":\"ListItem\",\"position\":1,\"name\":\"Shop\",\"item\":\"https:\/\/crudo-leather.com\/shop\/\"},{\"@type\":\"ListItem\",\"position\":2,\"name\":\"\u8fea\u58eb\u5c3c\u4e09\u773c\u4ed4925\u7d14\u9280\u540a\u589c - The Sparkling Alien | \u9810\u8cfc | \u9810\u8a08\u51fa\u8ca8\u65e5\u671f: 12\u670818\u65e5\"}]},{\"@type\":\"WebSite\",\"@id\":\"https:\/\/crudo-leather.com\/#website\",\"url\":\"https:\/\/crudo-leather.com\/\",\"name\":\"Crudo\",\"description\":\"\",\"potentialAction\":[{\"@type\":\"SearchAction\",\"target\":{\"@type\":\"EntryPoint\",\"urlTemplate\":\"https:\/\/crudo-leather.com\/?s={search_term_string}\"},\"query-input\":{\"@type\":\"PropertyValueSpecification\",\"valueRequired\":true,\"valueName\":\"search_term_string\"}}],\"inLanguage\":\"en-US\"}]}<\/script>\n<!-- \/ Yoast SEO plugin. -->","yoast_head_json":{"title":"Disney Aliens (Toy Story) 925 Sterlingsilber Anh\u00e4nger - The Sparkling Alien - Crudo","description":"\"The Clawwwwww!\" Aliens wurden ausgew\u00e4hlt! Die Alien Special Edition bietet f\u00fcnf Anh\u00e4ngerdesigns in 925 Sterling Silber oder buntem Emaille, inspiriert von der Aufregung des Gewinnmoments am Greifautomaten. Jeder Anh\u00e4nger kann an Armb\u00e4ndern kombiniert und mit Lasergravur personalisiert werden \u2013 gravieren Sie Ihre eigene Galaxie-Botschaft, um ein einzigartiges, niedliches und l\u00e4ssiges Accessoire zu kreieren.","robots":{"index":"index","follow":"follow","max-snippet":"max-snippet:-1","max-image-preview":"max-image-preview:large","max-video-preview":"max-video-preview:-1"},"canonical":"https:\/\/crudo-leather.com\/de\/product\/disney-alien-925-silver-pendant-the-sparkling-alien\/","og_locale":"en_US","og_type":"article","og_title":"Disney Aliens (Toy Story) 925 Sterlingsilber Anh\u00e4nger - The Sparkling Alien - Crudo","og_description":"\"The Clawwwwww!\" Aliens wurden ausgew\u00e4hlt! Die Alien Special Edition bietet f\u00fcnf Anh\u00e4ngerdesigns in 925 Sterling Silber oder buntem Emaille, inspiriert von der Aufregung des Gewinnmoments am Greifautomaten. Jeder Anh\u00e4nger kann an Armb\u00e4ndern kombiniert und mit Lasergravur personalisiert werden \u2013 gravieren Sie Ihre eigene Galaxie-Botschaft, um ein einzigartiges, niedliches und l\u00e4ssiges Accessoire zu kreieren.","og_url":"https:\/\/crudo-leather.com\/product\/disney-alien-925-silver-pendant-the-sparkling-alien\/","og_site_name":"Crudo","article_modified_time":"2026-05-08T02:42:46+00:00","og_image":[{"width":2000,"height":2000,"url":"https:\/\/crudo-leather.com\/wp-content\/uploads\/2025\/09\/Alien_01-1.jpg","type":"image\/jpeg"}],"twitter_card":"summary_large_image","twitter_misc":{"Est. reading time":"1 minute"},"schema":{"@context":"https:\/\/schema.org","@graph":[{"@type":"WebPage","@id":"https:\/\/crudo-leather.com\/product\/disney-alien-925-silver-pendant-the-sparkling-alien\/","url":"https:\/\/crudo-leather.com\/product\/disney-alien-925-silver-pendant-the-sparkling-alien\/","name":"Disney Alien 925 Silver Pendant - The Sparkling Alien - Crudo","isPartOf":{"@id":"https:\/\/crudo-leather.com\/#website"},"primaryImageOfPage":{"@id":"https:\/\/crudo-leather.com\/product\/disney-alien-925-silver-pendant-the-sparkling-alien\/#primaryimage"},"image":{"@id":"https:\/\/crudo-leather.com\/product\/disney-alien-925-silver-pendant-the-sparkling-alien\/#primaryimage"},"thumbnailUrl":"https:\/\/crudo-leather.com\/wp-content\/uploads\/2025\/09\/Alien_01-1.jpg","datePublished":"2025-09-29T06:27:16+00:00","dateModified":"2026-05-08T02:42:46+00:00","description":"\u201cThe Clawwwwww!\u201d Aliens have been chosen! The Alien Special Edition features five charm designs in 925 sterling silver or colorful enamel, inspired by the thrill of the claw machine's winning moment. Each pendant can be mixed and matched on bracelets and personalized with laser engraving\u2014carve your own galaxy message to create a unique, cute and streetwise accessory.","breadcrumb":{"@id":"https:\/\/crudo-leather.com\/product\/disney-alien-925-silver-pendant-the-sparkling-alien\/#breadcrumb"},"inLanguage":"en-US","potentialAction":[{"@type":"ReadAction","target":["https:\/\/crudo-leather.com\/product\/disney-alien-925-silver-pendant-the-sparkling-alien\/"]}]},{"@type":"ImageObject","inLanguage":"en-US","@id":"https:\/\/crudo-leather.com\/product\/disney-alien-925-silver-pendant-the-sparkling-alien\/#primaryimage","url":"https:\/\/crudo-leather.com\/wp-content\/uploads\/2025\/09\/Alien_01-1.jpg","contentUrl":"https:\/\/crudo-leather.com\/wp-content\/uploads\/2025\/09\/Alien_01-1.jpg","width":2000,"height":2000},{"@type":"BreadcrumbList","@id":"https:\/\/crudo-leather.com\/product\/disney-alien-925-silver-pendant-the-sparkling-alien\/#breadcrumb","itemListElement":[{"@type":"ListItem","position":1,"name":"Shop","item":"https:\/\/crudo-leather.com\/shop\/"},{"@type":"ListItem","position":2,"name":"\u8fea\u58eb\u5c3c\u4e09\u773c\u4ed4925\u7d14\u9280\u540a\u589c - The Sparkling Alien | \u9810\u8cfc | \u9810\u8a08\u51fa\u8ca8\u65e5\u671f: 12\u670818\u65e5"}]},{"@type":"WebSite","@id":"https:\/\/crudo-leather.com\/#website","url":"https:\/\/crudo-leather.com\/","name":"Crudo","description":"","potentialAction":[{"@type":"SearchAction","target":{"@type":"EntryPoint","urlTemplate":"https:\/\/crudo-leather.com\/?s={search_term_string}"},"query-input":{"@type":"PropertyValueSpecification","valueRequired":true,"valueName":"search_term_string"}}],"inLanguage":"en-US"}]}},"_links":{"self":[{"href":"https:\/\/crudo-leather.com\/de\/wp-json\/wp\/v2\/product\/354743"}],"collection":[{"href":"https:\/\/crudo-leather.com\/de\/wp-json\/wp\/v2\/product"}],"about":[{"href":"https:\/\/crudo-leather.com\/de\/wp-json\/wp\/v2\/types\/product"}],"replies":[{"embeddable":true,"href":"https:\/\/crudo-leather.com\/de\/wp-json\/wp\/v2\/comments?post=354743"}],"wp:featuredmedia":[{"embeddable":true,"href":"https:\/\/crudo-leather.com\/de\/wp-json\/wp\/v2\/media\/354765"}],"wp:attachment":[{"href":"https:\/\/crudo-leather.com\/de\/wp-json\/wp\/v2\/media?parent=354743"}],"wp:term":[{"taxonomy":"collection","embeddable":true,"href":"https:\/\/crudo-leather.com\/de\/wp-json\/wp\/v2\/collection?post=354743"},{"taxonomy":"trending_cat","embeddable":true,"href":"https:\/\/crudo-leather.com\/de\/wp-json\/wp\/v2\/trending_cat?post=354743"},{"taxonomy":"product_cat","embeddable":true,"href":"https:\/\/crudo-leather.com\/de\/wp-json\/wp\/v2\/product_cat?post=354743"},{"taxonomy":"product_tag","embeddable":true,"href":"https:\/\/crudo-leather.com\/de\/wp-json\/wp\/v2\/product_tag?post=354743"}],"curies":[{"name":"wp","href":"https:\/\/api.w.org\/{rel}","templated":true}]}}