{"id":354793,"date":"2025-09-29T17:04:28","date_gmt":"2025-09-29T09:04:28","guid":{"rendered":"https:\/\/crudo-leather.com\/?post_type=product&#038;p=354793"},"modified":"2026-01-02T09:55:15","modified_gmt":"2026-01-02T01:55:15","slug":"disney-alien-customized-925-sterling-silver-pendant-necklace-the-sparkling-alien","status":"publish","type":"product","link":"https:\/\/crudo-leather.com\/de\/product\/disney-alien-customized-925-sterling-silver-pendant-necklace-the-sparkling-alien\/","title":{"rendered":"Disney Aliens (Toy Story) Limited Edition personalisiertes 925 Sterling Silber Anh\u00e4nger Halskette"},"content":{"rendered":"","protected":false},"excerpt":{"rendered":"<strong><u>Aliens (Toy Story) Special Edition<\/u><\/strong>\n\"Die Klauen!\" Die Aliens wurden ausgew\u00e4hlt! Die Aliens Special Edition Kollektion bietet f\u00fcnf Anh\u00e4nger aus 925 Sterlingsilber oder bunter Emaille, inspiriert von dem \u00fcberraschenden Moment, in dem man eine Figur aus dem Greifautomaten fischt.\n\n<b>Klicken Sie auf \"In den Warenkorb legen und gestalten\", um Ihre Gravur zu personalisieren<\/b>\n\n- Offiziell lizenzierte Disney-Produkte\n- Aliens Sterlingsilber Anh\u00e4nger Halskette\n- Beim Kauf von Aliens Schmuck erhalten Sie eine Aliens Special Edition Geschenkbox mit abziehbarer Gru\u00dfkarte (inklusive Geschenkkarte und Produktgarantie)\n- Kostenloser Gravurservice, verschiedene Schriftarten zur Auswahl\n- Verstellbare Verschlussdesign, passt sich perfekt Ihren Tragebed\u00fcrfnissen an\n- 925 Silber, abriebfest und verblasst nicht\n- Glitzernde Kettendesign, betont die Eleganz und Sch\u00f6nheit der Halskette\n\n<strong>Produktionszeit und Versanddetails<\/strong>\n- Jedes Produkt ben\u00f6tigt nur 1-5 Werktage zur Fertigstellung\n- Bei Bestellung heute kann die Lieferung bereits morgen versendet werden\n- Direktversand nach Hongkong und Macau","protected":false},"featured_media":354795,"comment_status":"open","ping_status":"closed","template":"","meta":{"inline_featured_image":false},"collection":[],"trending_cat":[],"product_cat":[85],"product_tag":[2402,3111,2643],"class_list":{"0":"post-354793","1":"product","2":"type-product","3":"status-publish","4":"has-post-thumbnail","6":"product_cat-925-silver-necklace","7":"product_tag-disney-pixar","8":"product_tag-alien","9":"product_tag-pixar-toy-story","11":"first","12":"instock","13":"sale","14":"shipping-taxable","15":"purchasable","16":"product-type-variable"},"yoast_head":"<!-- This site is optimized with the Yoast SEO plugin v23.4 - https:\/\/yoast.com\/wordpress\/plugins\/seo\/ -->\n<title>Disney Aliens (Toy Story) Limited Edition personalisierte 925 Sterling Silber Anh\u00e4nger Halskette - Crudo<\/title>\n<meta name=\"description\" content=\"\u201cThe Clawwwwww!\u201d Aliens wurden ausgew\u00e4hlt! Die Alien Special Edition bietet f\u00fcnf Anh\u00e4ngerdesigns in 925 Sterling Silber oder buntem Emaille, inspiriert von der Aufregung des Gewinnmoments am Greifautomaten.\" \/>\n<meta name=\"robots\" content=\"index, follow, max-snippet:-1, max-image-preview:large, max-video-preview:-1\" \/>\n<link rel=\"canonical\" href=\"https:\/\/crudo-leather.com\/de\/product\/disney-alien-customized-925-sterling-silver-pendant-necklace-the-sparkling-alien\/\" \/>\n<meta property=\"og:locale\" content=\"en_US\" \/>\n<meta property=\"og:type\" content=\"article\" \/>\n<meta property=\"og:title\" content=\"Disney Aliens (Toy Story) Limited Edition personalisierte 925 Sterling Silber Anh\u00e4nger Halskette - Crudo\" \/>\n<meta property=\"og:description\" content=\"\u201cThe Clawwwwww!\u201d Aliens wurden ausgew\u00e4hlt! Die Alien Special Edition bietet f\u00fcnf Anh\u00e4ngerdesigns in 925 Sterling Silber oder buntem Emaille, inspiriert von der Aufregung des Gewinnmoments am Greifautomaten.\" \/>\n<meta property=\"og:url\" content=\"https:\/\/crudo-leather.com\/product\/disney-alien-customized-925-sterling-silver-pendant-necklace-the-sparkling-alien\/\" \/>\n<meta property=\"og:site_name\" content=\"Crudo\" \/>\n<meta property=\"article:modified_time\" content=\"2026-01-02T01:55:15+00:00\" \/>\n<meta property=\"og:image\" content=\"https:\/\/crudo-leather.com\/wp-content\/uploads\/2025\/09\/Princess_WBG_01a.jpg\" \/>\n\t<meta property=\"og:image:width\" content=\"2000\" \/>\n\t<meta property=\"og:image:height\" content=\"2000\" \/>\n\t<meta property=\"og:image:type\" content=\"image\/jpeg\" \/>\n<meta name=\"twitter:card\" content=\"summary_large_image\" \/>\n<meta name=\"twitter:label1\" content=\"Est. reading time\" \/>\n\t<meta name=\"twitter:data1\" content=\"1 minute\" \/>\n<script type=\"application\/ld+json\" class=\"yoast-schema-graph\">{\"@context\":\"https:\/\/schema.org\",\"@graph\":[{\"@type\":\"WebPage\",\"@id\":\"https:\/\/crudo-leather.com\/product\/disney-alien-customized-925-sterling-silver-pendant-necklace-the-sparkling-alien\/\",\"url\":\"https:\/\/crudo-leather.com\/product\/disney-alien-customized-925-sterling-silver-pendant-necklace-the-sparkling-alien\/\",\"name\":\"Disney Alien Customized 925 Sterling Silver Pendant Necklace - The Sparkling Alien\",\"isPartOf\":{\"@id\":\"https:\/\/crudo-leather.com\/#website\"},\"primaryImageOfPage\":{\"@id\":\"https:\/\/crudo-leather.com\/product\/disney-alien-customized-925-sterling-silver-pendant-necklace-the-sparkling-alien\/#primaryimage\"},\"image\":{\"@id\":\"https:\/\/crudo-leather.com\/product\/disney-alien-customized-925-sterling-silver-pendant-necklace-the-sparkling-alien\/#primaryimage\"},\"thumbnailUrl\":\"https:\/\/crudo-leather.com\/wp-content\/uploads\/2025\/09\/Princess_WBG_01a.jpg\",\"datePublished\":\"2025-09-29T09:04:28+00:00\",\"dateModified\":\"2026-01-02T01:55:15+00:00\",\"description\":\"\u201cThe Clawwwwww!\u201d Aliens have been chosen! The Alien Special Edition features five charm designs in 925 sterling silver or colorful enamel, inspired by the thrill of the claw machine's winning moment.\",\"breadcrumb\":{\"@id\":\"https:\/\/crudo-leather.com\/product\/disney-alien-customized-925-sterling-silver-pendant-necklace-the-sparkling-alien\/#breadcrumb\"},\"inLanguage\":\"en-US\",\"potentialAction\":[{\"@type\":\"ReadAction\",\"target\":[\"https:\/\/crudo-leather.com\/product\/disney-alien-customized-925-sterling-silver-pendant-necklace-the-sparkling-alien\/\"]}]},{\"@type\":\"ImageObject\",\"inLanguage\":\"en-US\",\"@id\":\"https:\/\/crudo-leather.com\/product\/disney-alien-customized-925-sterling-silver-pendant-necklace-the-sparkling-alien\/#primaryimage\",\"url\":\"https:\/\/crudo-leather.com\/wp-content\/uploads\/2025\/09\/Princess_WBG_01a.jpg\",\"contentUrl\":\"https:\/\/crudo-leather.com\/wp-content\/uploads\/2025\/09\/Princess_WBG_01a.jpg\",\"width\":2000,\"height\":2000},{\"@type\":\"BreadcrumbList\",\"@id\":\"https:\/\/crudo-leather.com\/product\/disney-alien-customized-925-sterling-silver-pendant-necklace-the-sparkling-alien\/#breadcrumb\",\"itemListElement\":[{\"@type\":\"ListItem\",\"position\":1,\"name\":\"Shop\",\"item\":\"https:\/\/crudo-leather.com\/shop\/\"},{\"@type\":\"ListItem\",\"position\":2,\"name\":\"Disney Alien Customized 925 Sterling Silver Pendant Necklace\"}]},{\"@type\":\"WebSite\",\"@id\":\"https:\/\/crudo-leather.com\/#website\",\"url\":\"https:\/\/crudo-leather.com\/\",\"name\":\"Crudo\",\"description\":\"\",\"potentialAction\":[{\"@type\":\"SearchAction\",\"target\":{\"@type\":\"EntryPoint\",\"urlTemplate\":\"https:\/\/crudo-leather.com\/?s={search_term_string}\"},\"query-input\":{\"@type\":\"PropertyValueSpecification\",\"valueRequired\":true,\"valueName\":\"search_term_string\"}}],\"inLanguage\":\"en-US\"}]}<\/script>\n<!-- \/ Yoast SEO plugin. -->","yoast_head_json":{"title":"Disney Aliens (Toy Story) Limited Edition personalisierte 925 Sterling Silber Anh\u00e4nger Halskette - Crudo","description":"\u201cThe Clawwwwww!\u201d Aliens wurden ausgew\u00e4hlt! Die Alien Special Edition bietet f\u00fcnf Anh\u00e4ngerdesigns in 925 Sterling Silber oder buntem Emaille, inspiriert von der Aufregung des Gewinnmoments am Greifautomaten.","robots":{"index":"index","follow":"follow","max-snippet":"max-snippet:-1","max-image-preview":"max-image-preview:large","max-video-preview":"max-video-preview:-1"},"canonical":"https:\/\/crudo-leather.com\/de\/product\/disney-alien-customized-925-sterling-silver-pendant-necklace-the-sparkling-alien\/","og_locale":"en_US","og_type":"article","og_title":"Disney Aliens (Toy Story) Limited Edition personalisierte 925 Sterling Silber Anh\u00e4nger Halskette - Crudo","og_description":"\u201cThe Clawwwwww!\u201d Aliens wurden ausgew\u00e4hlt! Die Alien Special Edition bietet f\u00fcnf Anh\u00e4ngerdesigns in 925 Sterling Silber oder buntem Emaille, inspiriert von der Aufregung des Gewinnmoments am Greifautomaten.","og_url":"https:\/\/crudo-leather.com\/product\/disney-alien-customized-925-sterling-silver-pendant-necklace-the-sparkling-alien\/","og_site_name":"Crudo","article_modified_time":"2026-01-02T01:55:15+00:00","og_image":[{"width":2000,"height":2000,"url":"https:\/\/crudo-leather.com\/wp-content\/uploads\/2025\/09\/Princess_WBG_01a.jpg","type":"image\/jpeg"}],"twitter_card":"summary_large_image","twitter_misc":{"Est. reading time":"1 minute"},"schema":{"@context":"https:\/\/schema.org","@graph":[{"@type":"WebPage","@id":"https:\/\/crudo-leather.com\/product\/disney-alien-customized-925-sterling-silver-pendant-necklace-the-sparkling-alien\/","url":"https:\/\/crudo-leather.com\/product\/disney-alien-customized-925-sterling-silver-pendant-necklace-the-sparkling-alien\/","name":"Disney Alien Customized 925 Sterling Silver Pendant Necklace - The Sparkling Alien","isPartOf":{"@id":"https:\/\/crudo-leather.com\/#website"},"primaryImageOfPage":{"@id":"https:\/\/crudo-leather.com\/product\/disney-alien-customized-925-sterling-silver-pendant-necklace-the-sparkling-alien\/#primaryimage"},"image":{"@id":"https:\/\/crudo-leather.com\/product\/disney-alien-customized-925-sterling-silver-pendant-necklace-the-sparkling-alien\/#primaryimage"},"thumbnailUrl":"https:\/\/crudo-leather.com\/wp-content\/uploads\/2025\/09\/Princess_WBG_01a.jpg","datePublished":"2025-09-29T09:04:28+00:00","dateModified":"2026-01-02T01:55:15+00:00","description":"\u201cThe Clawwwwww!\u201d Aliens have been chosen! The Alien Special Edition features five charm designs in 925 sterling silver or colorful enamel, inspired by the thrill of the claw machine's winning moment.","breadcrumb":{"@id":"https:\/\/crudo-leather.com\/product\/disney-alien-customized-925-sterling-silver-pendant-necklace-the-sparkling-alien\/#breadcrumb"},"inLanguage":"en-US","potentialAction":[{"@type":"ReadAction","target":["https:\/\/crudo-leather.com\/product\/disney-alien-customized-925-sterling-silver-pendant-necklace-the-sparkling-alien\/"]}]},{"@type":"ImageObject","inLanguage":"en-US","@id":"https:\/\/crudo-leather.com\/product\/disney-alien-customized-925-sterling-silver-pendant-necklace-the-sparkling-alien\/#primaryimage","url":"https:\/\/crudo-leather.com\/wp-content\/uploads\/2025\/09\/Princess_WBG_01a.jpg","contentUrl":"https:\/\/crudo-leather.com\/wp-content\/uploads\/2025\/09\/Princess_WBG_01a.jpg","width":2000,"height":2000},{"@type":"BreadcrumbList","@id":"https:\/\/crudo-leather.com\/product\/disney-alien-customized-925-sterling-silver-pendant-necklace-the-sparkling-alien\/#breadcrumb","itemListElement":[{"@type":"ListItem","position":1,"name":"Shop","item":"https:\/\/crudo-leather.com\/shop\/"},{"@type":"ListItem","position":2,"name":"Disney Alien Customized 925 Sterling Silver Pendant Necklace"}]},{"@type":"WebSite","@id":"https:\/\/crudo-leather.com\/#website","url":"https:\/\/crudo-leather.com\/","name":"Crudo","description":"","potentialAction":[{"@type":"SearchAction","target":{"@type":"EntryPoint","urlTemplate":"https:\/\/crudo-leather.com\/?s={search_term_string}"},"query-input":{"@type":"PropertyValueSpecification","valueRequired":true,"valueName":"search_term_string"}}],"inLanguage":"en-US"}]}},"_links":{"self":[{"href":"https:\/\/crudo-leather.com\/de\/wp-json\/wp\/v2\/product\/354793"}],"collection":[{"href":"https:\/\/crudo-leather.com\/de\/wp-json\/wp\/v2\/product"}],"about":[{"href":"https:\/\/crudo-leather.com\/de\/wp-json\/wp\/v2\/types\/product"}],"replies":[{"embeddable":true,"href":"https:\/\/crudo-leather.com\/de\/wp-json\/wp\/v2\/comments?post=354793"}],"wp:featuredmedia":[{"embeddable":true,"href":"https:\/\/crudo-leather.com\/de\/wp-json\/wp\/v2\/media\/354795"}],"wp:attachment":[{"href":"https:\/\/crudo-leather.com\/de\/wp-json\/wp\/v2\/media?parent=354793"}],"wp:term":[{"taxonomy":"collection","embeddable":true,"href":"https:\/\/crudo-leather.com\/de\/wp-json\/wp\/v2\/collection?post=354793"},{"taxonomy":"trending_cat","embeddable":true,"href":"https:\/\/crudo-leather.com\/de\/wp-json\/wp\/v2\/trending_cat?post=354793"},{"taxonomy":"product_cat","embeddable":true,"href":"https:\/\/crudo-leather.com\/de\/wp-json\/wp\/v2\/product_cat?post=354793"},{"taxonomy":"product_tag","embeddable":true,"href":"https:\/\/crudo-leather.com\/de\/wp-json\/wp\/v2\/product_tag?post=354793"}],"curies":[{"name":"wp","href":"https:\/\/api.w.org\/{rel}","templated":true}]}}