{"id":355233,"date":"2025-10-02T15:11:17","date_gmt":"2025-10-02T07:11:17","guid":{"rendered":"https:\/\/crudo-leather.com\/?post_type=product&#038;p=355233"},"modified":"2026-01-08T17:19:45","modified_gmt":"2026-01-08T09:19:45","slug":"disney-alien-customized-italian-leather-wrap-gemstone-bracelet-palace-blue-blue-goldstone","status":"publish","type":"product","link":"https:\/\/crudo-leather.com\/de\/product\/disney-alien-customized-italian-leather-wrap-gemstone-bracelet-palace-blue-blue-goldstone\/","title":{"rendered":"Disney Aliens (Toy Story) Limited Edition personalisiertes geflochtenes Leder Edelsteine Armband"},"content":{"rendered":"","protected":false},"excerpt":{"rendered":"Bitte w\u00e4hlen Sie mindestens ein Metallanh\u00e4nger aus der Aliens (Toy Story)-Serie, andernfalls wird das Produkt nur mit dem urspr\u00fcnglichen Crudo-Rundanh\u00e4nger geliefert und nicht mit der Aliens (Toy Story) Special Edition Geschenkbox.\n\n<strong><u>Aliens (Toy Story) Serie Special Edition<\/u><\/strong>\n\"Die Klauen!\" Aliens (Toy Story) wurde ausgew\u00e4hlt! Die Aliens (Toy Story) Special Edition Serie pr\u00e4sentiert f\u00fcnf 925 Sterlingsilber- oder Emaille-Anh\u00e4nger, inspiriert von dem \u00fcberraschenden Moment, in dem man eine Figur aus dem Greifautomaten fischt.\n\n<strong>Klicken Sie auf \"In den Warenkorb legen und gestalten\", um Ihren Gravurtext zu entwerfen<\/strong>\n- Offiziell lizenziertes Disney-Produkt\n- Verschiedene Aliens (Toy Story) Sterlingsilber- oder Metallanh\u00e4nger, die frei kombiniert und am Lederarmband befestigt werden k\u00f6nnen\n- Beim Kauf von Aliens (Toy Story) Schmuck erhalten Sie eine Aliens (Toy Story) Special Edition Geschenkbox mit abl\u00f6sbarer Gru\u00dfkarte (inklusive Geschenkkarte und Produktgarantie)\n- Hergestellt aus italienischem, geflochtenem Rindleder erster G\u00fcte und feinstem 316L Edelstahl\n- Die Oberfl\u00e4che des 316L Edelstahls ist mit blauen Sandsteinen besetzt, die dem Lederarmband heilende Energie verleihen\n- Handwerker verwenden pr\u00e4zise Edelsteinschneidetechniken, um die wertvollen Steine in funkelndem Glanz erstrahlen zu lassen\n- Jeder Stein ist ein Naturprodukt\n- Kostenloser Gravurservice, verschiedene Schriftarten, Emojis und Gravurvorschl\u00e4ge zur Auswahl\n- Verblasst und oxidiert nicht leicht, bleibt dauerhaft erhalten\n- Mit Magnetverschluss und exklusivem achteckigem Design\n- Geeignet f\u00fcr Menschen mit empfindlicher Haut\n- Hinweis: Das Armband ist nicht f\u00fcr Kinder unter 3 Jahren geeignet\n\n<strong>Herstellungszeit und Versanddetails<\/strong>\n- Jedes Produkt ben\u00f6tigt nur 1-5 Werktage zur Herstellung\n- Bei Bestellung heute kann die Lieferung bereits morgen erfolgen\n- Direktversand nach Hongkong und Macau","protected":false},"featured_media":355239,"comment_status":"open","ping_status":"closed","template":"","meta":{"inline_featured_image":false},"collection":[],"trending_cat":[],"product_cat":[77],"product_tag":[2402,3111,2643],"class_list":{"0":"post-355233","1":"product","2":"type-product","3":"status-publish","4":"has-post-thumbnail","6":"product_cat-leather-bracelet","7":"product_tag-disney-pixar","8":"product_tag-alien","9":"product_tag-pixar-toy-story","11":"first","12":"instock","13":"sale","14":"shipping-taxable","15":"purchasable","16":"product-type-variable"},"yoast_head":"<!-- This site is optimized with the Yoast SEO plugin v23.4 - https:\/\/yoast.com\/wordpress\/plugins\/seo\/ -->\n<title>Disney Aliens (Toy Story) Limited Edition personalisiertes geflochtenes Leder Edelsteinarmband - Crudo<\/title>\n<meta name=\"description\" content=\"&quot;The Clawwwwww!&quot; Aliens wurden ausgew\u00e4hlt! Die Alien Special Edition bietet f\u00fcnf Anh\u00e4ngerdesigns in 925 Sterling Silber oder buntem Emaille, inspiriert von der Aufregung des Gewinnmoments am Greifautomaten.\" \/>\n<meta name=\"robots\" content=\"index, follow, max-snippet:-1, max-image-preview:large, max-video-preview:-1\" \/>\n<link rel=\"canonical\" href=\"https:\/\/crudo-leather.com\/de\/product\/disney-alien-customized-italian-leather-wrap-gemstone-bracelet-palace-blue-blue-goldstone\/\" \/>\n<meta property=\"og:locale\" content=\"en_US\" \/>\n<meta property=\"og:type\" content=\"article\" \/>\n<meta property=\"og:title\" content=\"Disney Aliens (Toy Story) Limited Edition personalisiertes geflochtenes Leder Edelsteinarmband - Crudo\" \/>\n<meta property=\"og:description\" content=\"&quot;The Clawwwwww!&quot; Aliens wurden ausgew\u00e4hlt! Die Alien Special Edition bietet f\u00fcnf Anh\u00e4ngerdesigns in 925 Sterling Silber oder buntem Emaille, inspiriert von der Aufregung des Gewinnmoments am Greifautomaten.\" \/>\n<meta property=\"og:url\" content=\"https:\/\/crudo-leather.com\/product\/disney-alien-customized-italian-leather-wrap-gemstone-bracelet-palace-blue-blue-goldstone\/\" \/>\n<meta property=\"og:site_name\" content=\"Crudo\" \/>\n<meta property=\"article:modified_time\" content=\"2026-01-08T09:19:45+00:00\" \/>\n<meta property=\"og:image\" content=\"https:\/\/crudo-leather.com\/wp-content\/uploads\/2025\/10\/TS_1st_WBG_BRT01stone_SD_a.jpg\" \/>\n\t<meta property=\"og:image:width\" content=\"2000\" \/>\n\t<meta property=\"og:image:height\" content=\"2000\" \/>\n\t<meta property=\"og:image:type\" content=\"image\/jpeg\" \/>\n<meta name=\"twitter:card\" content=\"summary_large_image\" \/>\n<meta name=\"twitter:label1\" content=\"Est. reading time\" \/>\n\t<meta name=\"twitter:data1\" content=\"1 minute\" \/>\n<script type=\"application\/ld+json\" class=\"yoast-schema-graph\">{\"@context\":\"https:\/\/schema.org\",\"@graph\":[{\"@type\":\"WebPage\",\"@id\":\"https:\/\/crudo-leather.com\/product\/disney-alien-customized-italian-leather-wrap-gemstone-bracelet-palace-blue-blue-goldstone\/\",\"url\":\"https:\/\/crudo-leather.com\/product\/disney-alien-customized-italian-leather-wrap-gemstone-bracelet-palace-blue-blue-goldstone\/\",\"name\":\"Disney Alien Customized Italian Leather Wrap Gemstone Bracelet - Palace Blue - Blue Goldstone\",\"isPartOf\":{\"@id\":\"https:\/\/crudo-leather.com\/#website\"},\"primaryImageOfPage\":{\"@id\":\"https:\/\/crudo-leather.com\/product\/disney-alien-customized-italian-leather-wrap-gemstone-bracelet-palace-blue-blue-goldstone\/#primaryimage\"},\"image\":{\"@id\":\"https:\/\/crudo-leather.com\/product\/disney-alien-customized-italian-leather-wrap-gemstone-bracelet-palace-blue-blue-goldstone\/#primaryimage\"},\"thumbnailUrl\":\"https:\/\/crudo-leather.com\/wp-content\/uploads\/2025\/10\/TS_1st_WBG_BRT01stone_SD_a.jpg\",\"datePublished\":\"2025-10-02T07:11:17+00:00\",\"dateModified\":\"2026-01-08T09:19:45+00:00\",\"description\":\"\u201cThe Clawwwwww!\u201d Aliens have been chosen! The Alien Special Edition features five charm designs in 925 sterling silver or colorful enamel, inspired by the thrill of the claw machine's winning moment.\",\"breadcrumb\":{\"@id\":\"https:\/\/crudo-leather.com\/product\/disney-alien-customized-italian-leather-wrap-gemstone-bracelet-palace-blue-blue-goldstone\/#breadcrumb\"},\"inLanguage\":\"en-US\",\"potentialAction\":[{\"@type\":\"ReadAction\",\"target\":[\"https:\/\/crudo-leather.com\/product\/disney-alien-customized-italian-leather-wrap-gemstone-bracelet-palace-blue-blue-goldstone\/\"]}]},{\"@type\":\"ImageObject\",\"inLanguage\":\"en-US\",\"@id\":\"https:\/\/crudo-leather.com\/product\/disney-alien-customized-italian-leather-wrap-gemstone-bracelet-palace-blue-blue-goldstone\/#primaryimage\",\"url\":\"https:\/\/crudo-leather.com\/wp-content\/uploads\/2025\/10\/TS_1st_WBG_BRT01stone_SD_a.jpg\",\"contentUrl\":\"https:\/\/crudo-leather.com\/wp-content\/uploads\/2025\/10\/TS_1st_WBG_BRT01stone_SD_a.jpg\",\"width\":2000,\"height\":2000},{\"@type\":\"BreadcrumbList\",\"@id\":\"https:\/\/crudo-leather.com\/product\/disney-alien-customized-italian-leather-wrap-gemstone-bracelet-palace-blue-blue-goldstone\/#breadcrumb\",\"itemListElement\":[{\"@type\":\"ListItem\",\"position\":1,\"name\":\"Shop\",\"item\":\"https:\/\/crudo-leather.com\/shop\/\"},{\"@type\":\"ListItem\",\"position\":2,\"name\":\"Disney Alien Customized Italian Leather Wrap Gemstone Bracelet\"}]},{\"@type\":\"WebSite\",\"@id\":\"https:\/\/crudo-leather.com\/#website\",\"url\":\"https:\/\/crudo-leather.com\/\",\"name\":\"Crudo\",\"description\":\"\",\"potentialAction\":[{\"@type\":\"SearchAction\",\"target\":{\"@type\":\"EntryPoint\",\"urlTemplate\":\"https:\/\/crudo-leather.com\/?s={search_term_string}\"},\"query-input\":{\"@type\":\"PropertyValueSpecification\",\"valueRequired\":true,\"valueName\":\"search_term_string\"}}],\"inLanguage\":\"en-US\"}]}<\/script>\n<!-- \/ Yoast SEO plugin. -->","yoast_head_json":{"title":"Disney Aliens (Toy Story) Limited Edition personalisiertes geflochtenes Leder Edelsteinarmband - Crudo","description":"\"The Clawwwwww!\" Aliens wurden ausgew\u00e4hlt! Die Alien Special Edition bietet f\u00fcnf Anh\u00e4ngerdesigns in 925 Sterling Silber oder buntem Emaille, inspiriert von der Aufregung des Gewinnmoments am Greifautomaten.","robots":{"index":"index","follow":"follow","max-snippet":"max-snippet:-1","max-image-preview":"max-image-preview:large","max-video-preview":"max-video-preview:-1"},"canonical":"https:\/\/crudo-leather.com\/de\/product\/disney-alien-customized-italian-leather-wrap-gemstone-bracelet-palace-blue-blue-goldstone\/","og_locale":"en_US","og_type":"article","og_title":"Disney Aliens (Toy Story) Limited Edition personalisiertes geflochtenes Leder Edelsteinarmband - Crudo","og_description":"\"The Clawwwwww!\" Aliens wurden ausgew\u00e4hlt! Die Alien Special Edition bietet f\u00fcnf Anh\u00e4ngerdesigns in 925 Sterling Silber oder buntem Emaille, inspiriert von der Aufregung des Gewinnmoments am Greifautomaten.","og_url":"https:\/\/crudo-leather.com\/product\/disney-alien-customized-italian-leather-wrap-gemstone-bracelet-palace-blue-blue-goldstone\/","og_site_name":"Crudo","article_modified_time":"2026-01-08T09:19:45+00:00","og_image":[{"width":2000,"height":2000,"url":"https:\/\/crudo-leather.com\/wp-content\/uploads\/2025\/10\/TS_1st_WBG_BRT01stone_SD_a.jpg","type":"image\/jpeg"}],"twitter_card":"summary_large_image","twitter_misc":{"Est. reading time":"1 minute"},"schema":{"@context":"https:\/\/schema.org","@graph":[{"@type":"WebPage","@id":"https:\/\/crudo-leather.com\/product\/disney-alien-customized-italian-leather-wrap-gemstone-bracelet-palace-blue-blue-goldstone\/","url":"https:\/\/crudo-leather.com\/product\/disney-alien-customized-italian-leather-wrap-gemstone-bracelet-palace-blue-blue-goldstone\/","name":"Disney Alien Customized Italian Leather Wrap Gemstone Bracelet - Palace Blue - Blue Goldstone","isPartOf":{"@id":"https:\/\/crudo-leather.com\/#website"},"primaryImageOfPage":{"@id":"https:\/\/crudo-leather.com\/product\/disney-alien-customized-italian-leather-wrap-gemstone-bracelet-palace-blue-blue-goldstone\/#primaryimage"},"image":{"@id":"https:\/\/crudo-leather.com\/product\/disney-alien-customized-italian-leather-wrap-gemstone-bracelet-palace-blue-blue-goldstone\/#primaryimage"},"thumbnailUrl":"https:\/\/crudo-leather.com\/wp-content\/uploads\/2025\/10\/TS_1st_WBG_BRT01stone_SD_a.jpg","datePublished":"2025-10-02T07:11:17+00:00","dateModified":"2026-01-08T09:19:45+00:00","description":"\u201cThe Clawwwwww!\u201d Aliens have been chosen! The Alien Special Edition features five charm designs in 925 sterling silver or colorful enamel, inspired by the thrill of the claw machine's winning moment.","breadcrumb":{"@id":"https:\/\/crudo-leather.com\/product\/disney-alien-customized-italian-leather-wrap-gemstone-bracelet-palace-blue-blue-goldstone\/#breadcrumb"},"inLanguage":"en-US","potentialAction":[{"@type":"ReadAction","target":["https:\/\/crudo-leather.com\/product\/disney-alien-customized-italian-leather-wrap-gemstone-bracelet-palace-blue-blue-goldstone\/"]}]},{"@type":"ImageObject","inLanguage":"en-US","@id":"https:\/\/crudo-leather.com\/product\/disney-alien-customized-italian-leather-wrap-gemstone-bracelet-palace-blue-blue-goldstone\/#primaryimage","url":"https:\/\/crudo-leather.com\/wp-content\/uploads\/2025\/10\/TS_1st_WBG_BRT01stone_SD_a.jpg","contentUrl":"https:\/\/crudo-leather.com\/wp-content\/uploads\/2025\/10\/TS_1st_WBG_BRT01stone_SD_a.jpg","width":2000,"height":2000},{"@type":"BreadcrumbList","@id":"https:\/\/crudo-leather.com\/product\/disney-alien-customized-italian-leather-wrap-gemstone-bracelet-palace-blue-blue-goldstone\/#breadcrumb","itemListElement":[{"@type":"ListItem","position":1,"name":"Shop","item":"https:\/\/crudo-leather.com\/shop\/"},{"@type":"ListItem","position":2,"name":"Disney Alien Customized Italian Leather Wrap Gemstone Bracelet"}]},{"@type":"WebSite","@id":"https:\/\/crudo-leather.com\/#website","url":"https:\/\/crudo-leather.com\/","name":"Crudo","description":"","potentialAction":[{"@type":"SearchAction","target":{"@type":"EntryPoint","urlTemplate":"https:\/\/crudo-leather.com\/?s={search_term_string}"},"query-input":{"@type":"PropertyValueSpecification","valueRequired":true,"valueName":"search_term_string"}}],"inLanguage":"en-US"}]}},"_links":{"self":[{"href":"https:\/\/crudo-leather.com\/de\/wp-json\/wp\/v2\/product\/355233"}],"collection":[{"href":"https:\/\/crudo-leather.com\/de\/wp-json\/wp\/v2\/product"}],"about":[{"href":"https:\/\/crudo-leather.com\/de\/wp-json\/wp\/v2\/types\/product"}],"replies":[{"embeddable":true,"href":"https:\/\/crudo-leather.com\/de\/wp-json\/wp\/v2\/comments?post=355233"}],"wp:featuredmedia":[{"embeddable":true,"href":"https:\/\/crudo-leather.com\/de\/wp-json\/wp\/v2\/media\/355239"}],"wp:attachment":[{"href":"https:\/\/crudo-leather.com\/de\/wp-json\/wp\/v2\/media?parent=355233"}],"wp:term":[{"taxonomy":"collection","embeddable":true,"href":"https:\/\/crudo-leather.com\/de\/wp-json\/wp\/v2\/collection?post=355233"},{"taxonomy":"trending_cat","embeddable":true,"href":"https:\/\/crudo-leather.com\/de\/wp-json\/wp\/v2\/trending_cat?post=355233"},{"taxonomy":"product_cat","embeddable":true,"href":"https:\/\/crudo-leather.com\/de\/wp-json\/wp\/v2\/product_cat?post=355233"},{"taxonomy":"product_tag","embeddable":true,"href":"https:\/\/crudo-leather.com\/de\/wp-json\/wp\/v2\/product_tag?post=355233"}],"curies":[{"name":"wp","href":"https:\/\/api.w.org\/{rel}","templated":true}]}}