{"id":356780,"date":"2025-10-13T16:38:33","date_gmt":"2025-10-13T08:38:33","guid":{"rendered":"https:\/\/crudo-leather.com\/?post_type=product&#038;p=356780"},"modified":"2026-03-19T14:01:40","modified_gmt":"2026-03-19T06:01:40","slug":"hello-kitty-customized-925-sterling-silver-pendant-necklace-classic-hello-kitty-with-heart","status":"publish","type":"product","link":"https:\/\/crudo-leather.com\/de\/product\/hello-kitty-customized-925-sterling-silver-pendant-necklace-classic-hello-kitty-with-heart\/","title":{"rendered":"Hello Kitty Limited Edition personalisiertes 925 Sterling Silber Anh\u00e4nger Halskette"},"content":{"rendered":"","protected":false},"excerpt":{"rendered":"<strong><u>Hello Kitty x Crudo<\/u><\/strong>\nSag HALLO! Die klassischen Hello Kitty 925 Sterlingsilber-Accessoires der 70er Jahre sind bei Crudo eingetroffen, jedes klassische Design ist unwiderstehlich charmant! Die funkelnden Sterlingsilber-Anh\u00e4nger sind mit Strasssteinen besetzt, das klassische Hello Kitty veredelt mit leicht luxuri\u00f6sem Touch. Gestalten Sie sofort Ihren zeitlosen, pers\u00f6nlichen Alltagsbegleiter!\n\n<strong>Klicken Sie auf \"Zum Warenkorb hinzuf\u00fcgen und gestalten\", um Ihre Gravur zu personalisieren<\/strong>\n- Offiziell lizenziertes Sanrio-Produkt\n- Hello Kitty Sterlingsilber-Kettenanh\u00e4nger\n- Beim Kauf eines Hello Kitty Special Edition Armbands erhalten Sie eine Special Edition Geschenkbox mit abziehbarer Gru\u00dfkarte (inklusive Geschenkkarte und Produktgarantie)\n- Kostenloser Gravurservice, verschiedene Schriftarten zur Auswahl\n- Verstellbare Verschluss-Design, passt sich perfekt Ihren Tragebed\u00fcrfnissen an\n- 925 Silber, abriebfest und verblasst nicht\n- Funkelnde Kettenglieder-Design, betont die elegante Sch\u00f6nheit der Kette\n\nHerstellungszeit und Versanddetails\n- Jedes Produkt ben\u00f6tigt nur 1-5 Werktage zur Fertigstellung\n- Bei Bestellung heute kann die Lieferung bereits morgen erfolgen\n- Nur erh\u00e4ltlich in Hongkong, Macau, Festlandchina, Japan, S\u00fcdkorea und S\u00fcdamerika (au\u00dfer Panama)","protected":false},"featured_media":356784,"comment_status":"open","ping_status":"closed","template":"","meta":{"inline_featured_image":false},"collection":[],"trending_cat":[],"product_cat":[85],"product_tag":[2405],"class_list":{"0":"post-356780","1":"product","2":"type-product","3":"status-publish","4":"has-post-thumbnail","6":"product_cat-925-silver-necklace","7":"product_tag-hello-kitty-sanrio-characters","9":"first","10":"instock","11":"sale","12":"shipping-taxable","13":"purchasable","14":"product-type-variable"},"yoast_head":"<!-- This site is optimized with the Yoast SEO plugin v23.4 - https:\/\/yoast.com\/wordpress\/plugins\/seo\/ -->\n<title>Hello Kitty Limited Edition ma\u00dfgeschneiderte 925 Sterlingsilber Anh\u00e4nger Halskette - Crudo<\/title>\n<meta name=\"description\" content=\"Say HELLO! Die klassischen Hello Kitty 925 Sterlingsilber-Accessoires der 70er Jahre sind bei Crudo eingetroffen, jedes klassische Design ist unwiderstehlich charmant! Die funkelnden Sterlingsilber-Anh\u00e4nger sind mit Strasssteinen besetzt und verleihen dem klassischen Hello Kitty einen Hauch von leichtem Luxus. Bestellen Sie jetzt Ihr zeitloses, pers\u00f6nliches Alltagsaccessoire!\" \/>\n<meta name=\"robots\" content=\"index, follow, max-snippet:-1, max-image-preview:large, max-video-preview:-1\" \/>\n<link rel=\"canonical\" href=\"https:\/\/crudo-leather.com\/de\/product\/hello-kitty-customized-925-sterling-silver-pendant-necklace-classic-hello-kitty-with-heart\/\" \/>\n<meta property=\"og:locale\" content=\"en_US\" \/>\n<meta property=\"og:type\" content=\"article\" \/>\n<meta property=\"og:title\" content=\"Hello Kitty Limited Edition ma\u00dfgeschneiderte 925 Sterlingsilber Anh\u00e4nger Halskette - Crudo\" \/>\n<meta property=\"og:description\" content=\"Say HELLO! Die klassischen Hello Kitty 925 Sterlingsilber-Accessoires der 70er Jahre sind bei Crudo eingetroffen, jedes klassische Design ist unwiderstehlich charmant! Die funkelnden Sterlingsilber-Anh\u00e4nger sind mit Strasssteinen besetzt und verleihen dem klassischen Hello Kitty einen Hauch von leichtem Luxus. Bestellen Sie jetzt Ihr zeitloses, pers\u00f6nliches Alltagsaccessoire!\" \/>\n<meta property=\"og:url\" content=\"https:\/\/crudo-leather.com\/product\/hello-kitty-customized-925-sterling-silver-pendant-necklace-classic-hello-kitty-with-heart\/\" \/>\n<meta property=\"og:site_name\" content=\"Crudo\" \/>\n<meta property=\"article:modified_time\" content=\"2026-03-19T06:01:40+00:00\" \/>\n<meta property=\"og:image\" content=\"https:\/\/crudo-leather.com\/wp-content\/uploads\/2025\/10\/KT_Necklace03.jpg\" \/>\n\t<meta property=\"og:image:width\" content=\"2000\" \/>\n\t<meta property=\"og:image:height\" content=\"2000\" \/>\n\t<meta property=\"og:image:type\" content=\"image\/jpeg\" \/>\n<meta name=\"twitter:card\" content=\"summary_large_image\" \/>\n<meta name=\"twitter:label1\" content=\"Est. reading time\" \/>\n\t<meta name=\"twitter:data1\" content=\"1 minute\" \/>\n<script type=\"application\/ld+json\" class=\"yoast-schema-graph\">{\"@context\":\"https:\/\/schema.org\",\"@graph\":[{\"@type\":\"WebPage\",\"@id\":\"https:\/\/crudo-leather.com\/product\/hello-kitty-customized-925-sterling-silver-pendant-necklace-classic-hello-kitty-with-heart\/\",\"url\":\"https:\/\/crudo-leather.com\/product\/hello-kitty-customized-925-sterling-silver-pendant-necklace-classic-hello-kitty-with-heart\/\",\"name\":\"Hello Kitty Customized 925 Sterling Silver Pendant Necklace Classic Hello Kitty with Heart\",\"isPartOf\":{\"@id\":\"https:\/\/crudo-leather.com\/#website\"},\"primaryImageOfPage\":{\"@id\":\"https:\/\/crudo-leather.com\/product\/hello-kitty-customized-925-sterling-silver-pendant-necklace-classic-hello-kitty-with-heart\/#primaryimage\"},\"image\":{\"@id\":\"https:\/\/crudo-leather.com\/product\/hello-kitty-customized-925-sterling-silver-pendant-necklace-classic-hello-kitty-with-heart\/#primaryimage\"},\"thumbnailUrl\":\"https:\/\/crudo-leather.com\/wp-content\/uploads\/2025\/10\/KT_Necklace03.jpg\",\"datePublished\":\"2025-10-13T08:38:33+00:00\",\"dateModified\":\"2026-03-19T06:01:40+00:00\",\"description\":\"Say HELLO! Hello Kitty is in the house! The elegance 925 sterling silver pendants featured the image of classic Hello Kitty in the 1970's. The Pendants are adorned with sparkling stones, elevating the classic Hello Kitty into a luxurious and elegant sensation.\u00a0 Customize your one-of-a-kind fashion icon now!\",\"breadcrumb\":{\"@id\":\"https:\/\/crudo-leather.com\/product\/hello-kitty-customized-925-sterling-silver-pendant-necklace-classic-hello-kitty-with-heart\/#breadcrumb\"},\"inLanguage\":\"en-US\",\"potentialAction\":[{\"@type\":\"ReadAction\",\"target\":[\"https:\/\/crudo-leather.com\/product\/hello-kitty-customized-925-sterling-silver-pendant-necklace-classic-hello-kitty-with-heart\/\"]}]},{\"@type\":\"ImageObject\",\"inLanguage\":\"en-US\",\"@id\":\"https:\/\/crudo-leather.com\/product\/hello-kitty-customized-925-sterling-silver-pendant-necklace-classic-hello-kitty-with-heart\/#primaryimage\",\"url\":\"https:\/\/crudo-leather.com\/wp-content\/uploads\/2025\/10\/KT_Necklace03.jpg\",\"contentUrl\":\"https:\/\/crudo-leather.com\/wp-content\/uploads\/2025\/10\/KT_Necklace03.jpg\",\"width\":2000,\"height\":2000},{\"@type\":\"BreadcrumbList\",\"@id\":\"https:\/\/crudo-leather.com\/product\/hello-kitty-customized-925-sterling-silver-pendant-necklace-classic-hello-kitty-with-heart\/#breadcrumb\",\"itemListElement\":[{\"@type\":\"ListItem\",\"position\":1,\"name\":\"Shop\",\"item\":\"https:\/\/crudo-leather.com\/shop\/\"},{\"@type\":\"ListItem\",\"position\":2,\"name\":\"Hello Kitty Customized 925 Sterling Silver Pendant Necklace\"}]},{\"@type\":\"WebSite\",\"@id\":\"https:\/\/crudo-leather.com\/#website\",\"url\":\"https:\/\/crudo-leather.com\/\",\"name\":\"Crudo\",\"description\":\"\",\"potentialAction\":[{\"@type\":\"SearchAction\",\"target\":{\"@type\":\"EntryPoint\",\"urlTemplate\":\"https:\/\/crudo-leather.com\/?s={search_term_string}\"},\"query-input\":{\"@type\":\"PropertyValueSpecification\",\"valueRequired\":true,\"valueName\":\"search_term_string\"}}],\"inLanguage\":\"en-US\"}]}<\/script>\n<!-- \/ Yoast SEO plugin. -->","yoast_head_json":{"title":"Hello Kitty Limited Edition ma\u00dfgeschneiderte 925 Sterlingsilber Anh\u00e4nger Halskette - Crudo","description":"Say HELLO! Die klassischen Hello Kitty 925 Sterlingsilber-Accessoires der 70er Jahre sind bei Crudo eingetroffen, jedes klassische Design ist unwiderstehlich charmant! Die funkelnden Sterlingsilber-Anh\u00e4nger sind mit Strasssteinen besetzt und verleihen dem klassischen Hello Kitty einen Hauch von leichtem Luxus. Bestellen Sie jetzt Ihr zeitloses, pers\u00f6nliches Alltagsaccessoire!","robots":{"index":"index","follow":"follow","max-snippet":"max-snippet:-1","max-image-preview":"max-image-preview:large","max-video-preview":"max-video-preview:-1"},"canonical":"https:\/\/crudo-leather.com\/de\/product\/hello-kitty-customized-925-sterling-silver-pendant-necklace-classic-hello-kitty-with-heart\/","og_locale":"en_US","og_type":"article","og_title":"Hello Kitty Limited Edition ma\u00dfgeschneiderte 925 Sterlingsilber Anh\u00e4nger Halskette - Crudo","og_description":"Say HELLO! Die klassischen Hello Kitty 925 Sterlingsilber-Accessoires der 70er Jahre sind bei Crudo eingetroffen, jedes klassische Design ist unwiderstehlich charmant! Die funkelnden Sterlingsilber-Anh\u00e4nger sind mit Strasssteinen besetzt und verleihen dem klassischen Hello Kitty einen Hauch von leichtem Luxus. Bestellen Sie jetzt Ihr zeitloses, pers\u00f6nliches Alltagsaccessoire!","og_url":"https:\/\/crudo-leather.com\/product\/hello-kitty-customized-925-sterling-silver-pendant-necklace-classic-hello-kitty-with-heart\/","og_site_name":"Crudo","article_modified_time":"2026-03-19T06:01:40+00:00","og_image":[{"width":2000,"height":2000,"url":"https:\/\/crudo-leather.com\/wp-content\/uploads\/2025\/10\/KT_Necklace03.jpg","type":"image\/jpeg"}],"twitter_card":"summary_large_image","twitter_misc":{"Est. reading time":"1 minute"},"schema":{"@context":"https:\/\/schema.org","@graph":[{"@type":"WebPage","@id":"https:\/\/crudo-leather.com\/product\/hello-kitty-customized-925-sterling-silver-pendant-necklace-classic-hello-kitty-with-heart\/","url":"https:\/\/crudo-leather.com\/product\/hello-kitty-customized-925-sterling-silver-pendant-necklace-classic-hello-kitty-with-heart\/","name":"Hello Kitty Customized 925 Sterling Silver Pendant Necklace Classic Hello Kitty with Heart","isPartOf":{"@id":"https:\/\/crudo-leather.com\/#website"},"primaryImageOfPage":{"@id":"https:\/\/crudo-leather.com\/product\/hello-kitty-customized-925-sterling-silver-pendant-necklace-classic-hello-kitty-with-heart\/#primaryimage"},"image":{"@id":"https:\/\/crudo-leather.com\/product\/hello-kitty-customized-925-sterling-silver-pendant-necklace-classic-hello-kitty-with-heart\/#primaryimage"},"thumbnailUrl":"https:\/\/crudo-leather.com\/wp-content\/uploads\/2025\/10\/KT_Necklace03.jpg","datePublished":"2025-10-13T08:38:33+00:00","dateModified":"2026-03-19T06:01:40+00:00","description":"Say HELLO! Hello Kitty is in the house! The elegance 925 sterling silver pendants featured the image of classic Hello Kitty in the 1970's. The Pendants are adorned with sparkling stones, elevating the classic Hello Kitty into a luxurious and elegant sensation.\u00a0 Customize your one-of-a-kind fashion icon now!","breadcrumb":{"@id":"https:\/\/crudo-leather.com\/product\/hello-kitty-customized-925-sterling-silver-pendant-necklace-classic-hello-kitty-with-heart\/#breadcrumb"},"inLanguage":"en-US","potentialAction":[{"@type":"ReadAction","target":["https:\/\/crudo-leather.com\/product\/hello-kitty-customized-925-sterling-silver-pendant-necklace-classic-hello-kitty-with-heart\/"]}]},{"@type":"ImageObject","inLanguage":"en-US","@id":"https:\/\/crudo-leather.com\/product\/hello-kitty-customized-925-sterling-silver-pendant-necklace-classic-hello-kitty-with-heart\/#primaryimage","url":"https:\/\/crudo-leather.com\/wp-content\/uploads\/2025\/10\/KT_Necklace03.jpg","contentUrl":"https:\/\/crudo-leather.com\/wp-content\/uploads\/2025\/10\/KT_Necklace03.jpg","width":2000,"height":2000},{"@type":"BreadcrumbList","@id":"https:\/\/crudo-leather.com\/product\/hello-kitty-customized-925-sterling-silver-pendant-necklace-classic-hello-kitty-with-heart\/#breadcrumb","itemListElement":[{"@type":"ListItem","position":1,"name":"Shop","item":"https:\/\/crudo-leather.com\/shop\/"},{"@type":"ListItem","position":2,"name":"Hello Kitty Customized 925 Sterling Silver Pendant Necklace"}]},{"@type":"WebSite","@id":"https:\/\/crudo-leather.com\/#website","url":"https:\/\/crudo-leather.com\/","name":"Crudo","description":"","potentialAction":[{"@type":"SearchAction","target":{"@type":"EntryPoint","urlTemplate":"https:\/\/crudo-leather.com\/?s={search_term_string}"},"query-input":{"@type":"PropertyValueSpecification","valueRequired":true,"valueName":"search_term_string"}}],"inLanguage":"en-US"}]}},"_links":{"self":[{"href":"https:\/\/crudo-leather.com\/de\/wp-json\/wp\/v2\/product\/356780"}],"collection":[{"href":"https:\/\/crudo-leather.com\/de\/wp-json\/wp\/v2\/product"}],"about":[{"href":"https:\/\/crudo-leather.com\/de\/wp-json\/wp\/v2\/types\/product"}],"replies":[{"embeddable":true,"href":"https:\/\/crudo-leather.com\/de\/wp-json\/wp\/v2\/comments?post=356780"}],"wp:featuredmedia":[{"embeddable":true,"href":"https:\/\/crudo-leather.com\/de\/wp-json\/wp\/v2\/media\/356784"}],"wp:attachment":[{"href":"https:\/\/crudo-leather.com\/de\/wp-json\/wp\/v2\/media?parent=356780"}],"wp:term":[{"taxonomy":"collection","embeddable":true,"href":"https:\/\/crudo-leather.com\/de\/wp-json\/wp\/v2\/collection?post=356780"},{"taxonomy":"trending_cat","embeddable":true,"href":"https:\/\/crudo-leather.com\/de\/wp-json\/wp\/v2\/trending_cat?post=356780"},{"taxonomy":"product_cat","embeddable":true,"href":"https:\/\/crudo-leather.com\/de\/wp-json\/wp\/v2\/product_cat?post=356780"},{"taxonomy":"product_tag","embeddable":true,"href":"https:\/\/crudo-leather.com\/de\/wp-json\/wp\/v2\/product_tag?post=356780"}],"curies":[{"name":"wp","href":"https:\/\/api.w.org\/{rel}","templated":true}]}}