{"id":362111,"date":"2025-11-14T11:02:23","date_gmt":"2025-11-14T03:02:23","guid":{"rendered":"https:\/\/crudo-leather.com\/?post_type=product&#038;p=362111"},"modified":"2026-01-08T15:21:06","modified_gmt":"2026-01-08T07:21:06","slug":"chip-n-dale-customized-italian-leather-wrap-bracelet-palace-blue-blue-goldstone","status":"publish","type":"product","link":"https:\/\/crudo-leather.com\/de\/product\/chip-n-dale-customized-italian-leather-wrap-bracelet-palace-blue-blue-goldstone\/","title":{"rendered":"Chip 'n Dale Limited Edition ma\u00dfgefertigtes geflochtenes Leder Edelstein Armband"},"content":{"rendered":"","protected":false},"excerpt":{"rendered":"** Bitte w\u00e4hlen Sie mindestens ein Chip \u2018n Dale Metall-Anh\u00e4nger aus, sonst wird das Produkt nur mit dem urspr\u00fcnglichen Crudo runden Anh\u00e4nger geliefert und nicht mit der Chip \u2018n Dale Special Edition Geschenkbox **\n\n<strong><u>Chip \u2018n Dale Special Edition\n<\/u><\/strong>Das lebhafte und niedliche Zwillingspaar \u2013 die Chip \u2018n Dale Kollektion verwandelt den verspielten Waldgeist in Ihren pers\u00f6nlichen Stilcode. Eine Reihe von Anh\u00e4ngern, sorgf\u00e4ltig aus 925 Sterlingsilber und buntem Emaille gefertigt, erm\u00f6glicht es Ihnen, sie frei an Ihrem Armband zu kombinieren. Kleine Akzente verleihen Ihnen einen einzigartigen, verspielten Look.\n\n<strong>Klicken Sie auf \"Zum Warenkorb hinzuf\u00fcgen und gestalten\", um Ihre Gravur zu personalisieren<\/strong>\n\n- Offiziell lizenzierte Disney Produkte\n- Verschiedene Anh\u00e4nger k\u00f6nnen frei kombiniert und am Lederarmband befestigt werden\n- Beim Kauf von Chip \u2018n Dale Schmuck erhalten Sie eine Special Edition Geschenkbox mit abl\u00f6sbarer Gru\u00dfkarte (inklusive Geschenkkarte und Produktgarantie)\n- Hergestellt aus italienischem geflochtenem Vollrindleder und feinstem 316L Edelstahl\n- Die Oberfl\u00e4che des 316L Edelstahls ist mit blauen Sandsteinen besetzt, die dem Lederarmband eine heilende Energie verleihen\n- Handwerker verwenden pr\u00e4zise Edelsteinschneidetechniken, um die wertvollen Steine in funkelndem Glanz erstrahlen zu lassen\n- Jeder Stein ist nat\u00fcrlich abgebaut und hat eine einzigartige, nat\u00fcrliche Textur\n- Kostenloser Gravurservice mit einer Auswahl an Schriftarten, Emojis und Gravurvorschl\u00e4gen\n- Verblasst und oxidiert nicht leicht, bleibt dauerhaft erhalten\n- Mit Magnetverschluss und exklusivem achteckigem Schliffdesign\n- Geeignet f\u00fcr Menschen mit empfindlicher Haut\n- Hinweis: Das Armband ist nicht f\u00fcr Kinder unter 3 Jahren geeignet\n\n<strong>Produktionszeit und Versanddetails<\/strong>\n- Jedes Produkt ben\u00f6tigt nur 1-5 Werktage zur Fertigstellung\n- Bei Bestellung heute kann es bereits morgen versendet werden\n- Direktversand nach Hongkong und Macau","protected":false},"featured_media":362081,"comment_status":"open","ping_status":"closed","template":"","meta":{"inline_featured_image":false},"collection":[],"trending_cat":[],"product_cat":[17],"product_tag":[3169,2402],"class_list":{"0":"post-362111","1":"product","2":"type-product","3":"status-publish","4":"has-post-thumbnail","6":"product_cat-bracelets-cuffs","7":"product_tag-chip-n-dale","8":"product_tag-disney-pixar","10":"first","11":"instock","12":"sale","13":"shipping-taxable","14":"purchasable","15":"product-type-variable"},"yoast_head":"<!-- This site is optimized with the Yoast SEO plugin v23.4 - https:\/\/yoast.com\/wordpress\/plugins\/seo\/ -->\n<title>Chip &#039;n Dale Limited Edition ma\u00dfgeschneidertes geflochtenes Leder Edelsteinarmband - Crudo<\/title>\n<meta name=\"description\" content=\"Lebhafte und niedliche Zwillingskombination \u2013 Chip \u2019n Dale Kollektion verwandelt den verspielten Waldgeist in deinen Dresscode. Eine Reihe von Anh\u00e4ngern, sorgf\u00e4ltig aus 925 Sterling Silber und bunter Emaille gefertigt, erm\u00f6glicht es dir, sie frei an Armb\u00e4ndern zu kombinieren. Winzige Akzente verleihen dir einen einzigartigen verspielten Stil.\" \/>\n<meta name=\"robots\" content=\"index, follow, max-snippet:-1, max-image-preview:large, max-video-preview:-1\" \/>\n<link rel=\"canonical\" href=\"https:\/\/crudo-leather.com\/de\/product\/chip-n-dale-customized-italian-leather-wrap-bracelet-palace-blue-blue-goldstone\/\" \/>\n<meta property=\"og:locale\" content=\"en_US\" \/>\n<meta property=\"og:type\" content=\"article\" \/>\n<meta property=\"og:title\" content=\"Chip &#039;n Dale Limited Edition ma\u00dfgeschneidertes geflochtenes Leder Edelsteinarmband - Crudo\" \/>\n<meta property=\"og:description\" content=\"Lebhafte und niedliche Zwillingskombination \u2013 Chip \u2019n Dale Kollektion verwandelt den verspielten Waldgeist in deinen Dresscode. Eine Reihe von Anh\u00e4ngern, sorgf\u00e4ltig aus 925 Sterling Silber und bunter Emaille gefertigt, erm\u00f6glicht es dir, sie frei an Armb\u00e4ndern zu kombinieren. Winzige Akzente verleihen dir einen einzigartigen verspielten Stil.\" \/>\n<meta property=\"og:url\" content=\"https:\/\/crudo-leather.com\/product\/chip-n-dale-customized-italian-leather-wrap-bracelet-palace-blue-blue-goldstone\/\" \/>\n<meta property=\"og:site_name\" content=\"Crudo\" \/>\n<meta property=\"article:modified_time\" content=\"2026-01-08T07:21:06+00:00\" \/>\n<meta property=\"og:image\" content=\"https:\/\/crudo-leather.com\/wp-content\/uploads\/2025\/11\/ChipDale_1st_WBG_BRT01stone_SD_a.jpg\" \/>\n\t<meta property=\"og:image:width\" content=\"2000\" \/>\n\t<meta property=\"og:image:height\" content=\"2000\" \/>\n\t<meta property=\"og:image:type\" content=\"image\/jpeg\" \/>\n<meta name=\"twitter:card\" content=\"summary_large_image\" \/>\n<meta name=\"twitter:label1\" content=\"Est. reading time\" \/>\n\t<meta name=\"twitter:data1\" content=\"1 minute\" \/>\n<script type=\"application\/ld+json\" class=\"yoast-schema-graph\">{\"@context\":\"https:\/\/schema.org\",\"@graph\":[{\"@type\":\"WebPage\",\"@id\":\"https:\/\/crudo-leather.com\/product\/chip-n-dale-customized-italian-leather-wrap-bracelet-palace-blue-blue-goldstone\/\",\"url\":\"https:\/\/crudo-leather.com\/product\/chip-n-dale-customized-italian-leather-wrap-bracelet-palace-blue-blue-goldstone\/\",\"name\":\"Chip 'n Dale Customized Italian Leather Wrap Bracelet - Palace Blue - Blue Goldstone\",\"isPartOf\":{\"@id\":\"https:\/\/crudo-leather.com\/#website\"},\"primaryImageOfPage\":{\"@id\":\"https:\/\/crudo-leather.com\/product\/chip-n-dale-customized-italian-leather-wrap-bracelet-palace-blue-blue-goldstone\/#primaryimage\"},\"image\":{\"@id\":\"https:\/\/crudo-leather.com\/product\/chip-n-dale-customized-italian-leather-wrap-bracelet-palace-blue-blue-goldstone\/#primaryimage\"},\"thumbnailUrl\":\"https:\/\/crudo-leather.com\/wp-content\/uploads\/2025\/11\/ChipDale_1st_WBG_BRT01stone_SD_a.jpg\",\"datePublished\":\"2025-11-14T03:02:23+00:00\",\"dateModified\":\"2026-01-08T07:21:06+00:00\",\"description\":\"Inspired by Disney\u2019s most playful duo, the Chip \u2019n Dale Collection celebrates the joy of \u201cgoing a little nuts\u201d in style. Crafted in 925 silver and colorful enamel, each charm is made to mix, match, and make mischief. A little nutty, a lot of heart.\",\"breadcrumb\":{\"@id\":\"https:\/\/crudo-leather.com\/product\/chip-n-dale-customized-italian-leather-wrap-bracelet-palace-blue-blue-goldstone\/#breadcrumb\"},\"inLanguage\":\"en-US\",\"potentialAction\":[{\"@type\":\"ReadAction\",\"target\":[\"https:\/\/crudo-leather.com\/product\/chip-n-dale-customized-italian-leather-wrap-bracelet-palace-blue-blue-goldstone\/\"]}]},{\"@type\":\"ImageObject\",\"inLanguage\":\"en-US\",\"@id\":\"https:\/\/crudo-leather.com\/product\/chip-n-dale-customized-italian-leather-wrap-bracelet-palace-blue-blue-goldstone\/#primaryimage\",\"url\":\"https:\/\/crudo-leather.com\/wp-content\/uploads\/2025\/11\/ChipDale_1st_WBG_BRT01stone_SD_a.jpg\",\"contentUrl\":\"https:\/\/crudo-leather.com\/wp-content\/uploads\/2025\/11\/ChipDale_1st_WBG_BRT01stone_SD_a.jpg\",\"width\":2000,\"height\":2000},{\"@type\":\"BreadcrumbList\",\"@id\":\"https:\/\/crudo-leather.com\/product\/chip-n-dale-customized-italian-leather-wrap-bracelet-palace-blue-blue-goldstone\/#breadcrumb\",\"itemListElement\":[{\"@type\":\"ListItem\",\"position\":1,\"name\":\"Shop\",\"item\":\"https:\/\/crudo-leather.com\/shop\/\"},{\"@type\":\"ListItem\",\"position\":2,\"name\":\"Chip &#8216;n Dale Customized Leather Gemstone Bracelet\"}]},{\"@type\":\"WebSite\",\"@id\":\"https:\/\/crudo-leather.com\/#website\",\"url\":\"https:\/\/crudo-leather.com\/\",\"name\":\"Crudo\",\"description\":\"\",\"potentialAction\":[{\"@type\":\"SearchAction\",\"target\":{\"@type\":\"EntryPoint\",\"urlTemplate\":\"https:\/\/crudo-leather.com\/?s={search_term_string}\"},\"query-input\":{\"@type\":\"PropertyValueSpecification\",\"valueRequired\":true,\"valueName\":\"search_term_string\"}}],\"inLanguage\":\"en-US\"}]}<\/script>\n<!-- \/ Yoast SEO plugin. -->","yoast_head_json":{"title":"Chip 'n Dale Limited Edition ma\u00dfgeschneidertes geflochtenes Leder Edelsteinarmband - Crudo","description":"Lebhafte und niedliche Zwillingskombination \u2013 Chip \u2019n Dale Kollektion verwandelt den verspielten Waldgeist in deinen Dresscode. Eine Reihe von Anh\u00e4ngern, sorgf\u00e4ltig aus 925 Sterling Silber und bunter Emaille gefertigt, erm\u00f6glicht es dir, sie frei an Armb\u00e4ndern zu kombinieren. Winzige Akzente verleihen dir einen einzigartigen verspielten Stil.","robots":{"index":"index","follow":"follow","max-snippet":"max-snippet:-1","max-image-preview":"max-image-preview:large","max-video-preview":"max-video-preview:-1"},"canonical":"https:\/\/crudo-leather.com\/de\/product\/chip-n-dale-customized-italian-leather-wrap-bracelet-palace-blue-blue-goldstone\/","og_locale":"en_US","og_type":"article","og_title":"Chip 'n Dale Limited Edition ma\u00dfgeschneidertes geflochtenes Leder Edelsteinarmband - Crudo","og_description":"Lebhafte und niedliche Zwillingskombination \u2013 Chip \u2019n Dale Kollektion verwandelt den verspielten Waldgeist in deinen Dresscode. Eine Reihe von Anh\u00e4ngern, sorgf\u00e4ltig aus 925 Sterling Silber und bunter Emaille gefertigt, erm\u00f6glicht es dir, sie frei an Armb\u00e4ndern zu kombinieren. Winzige Akzente verleihen dir einen einzigartigen verspielten Stil.","og_url":"https:\/\/crudo-leather.com\/product\/chip-n-dale-customized-italian-leather-wrap-bracelet-palace-blue-blue-goldstone\/","og_site_name":"Crudo","article_modified_time":"2026-01-08T07:21:06+00:00","og_image":[{"width":2000,"height":2000,"url":"https:\/\/crudo-leather.com\/wp-content\/uploads\/2025\/11\/ChipDale_1st_WBG_BRT01stone_SD_a.jpg","type":"image\/jpeg"}],"twitter_card":"summary_large_image","twitter_misc":{"Est. reading time":"1 minute"},"schema":{"@context":"https:\/\/schema.org","@graph":[{"@type":"WebPage","@id":"https:\/\/crudo-leather.com\/product\/chip-n-dale-customized-italian-leather-wrap-bracelet-palace-blue-blue-goldstone\/","url":"https:\/\/crudo-leather.com\/product\/chip-n-dale-customized-italian-leather-wrap-bracelet-palace-blue-blue-goldstone\/","name":"Chip 'n Dale Customized Italian Leather Wrap Bracelet - Palace Blue - Blue Goldstone","isPartOf":{"@id":"https:\/\/crudo-leather.com\/#website"},"primaryImageOfPage":{"@id":"https:\/\/crudo-leather.com\/product\/chip-n-dale-customized-italian-leather-wrap-bracelet-palace-blue-blue-goldstone\/#primaryimage"},"image":{"@id":"https:\/\/crudo-leather.com\/product\/chip-n-dale-customized-italian-leather-wrap-bracelet-palace-blue-blue-goldstone\/#primaryimage"},"thumbnailUrl":"https:\/\/crudo-leather.com\/wp-content\/uploads\/2025\/11\/ChipDale_1st_WBG_BRT01stone_SD_a.jpg","datePublished":"2025-11-14T03:02:23+00:00","dateModified":"2026-01-08T07:21:06+00:00","description":"Inspired by Disney\u2019s most playful duo, the Chip \u2019n Dale Collection celebrates the joy of \u201cgoing a little nuts\u201d in style. Crafted in 925 silver and colorful enamel, each charm is made to mix, match, and make mischief. A little nutty, a lot of heart.","breadcrumb":{"@id":"https:\/\/crudo-leather.com\/product\/chip-n-dale-customized-italian-leather-wrap-bracelet-palace-blue-blue-goldstone\/#breadcrumb"},"inLanguage":"en-US","potentialAction":[{"@type":"ReadAction","target":["https:\/\/crudo-leather.com\/product\/chip-n-dale-customized-italian-leather-wrap-bracelet-palace-blue-blue-goldstone\/"]}]},{"@type":"ImageObject","inLanguage":"en-US","@id":"https:\/\/crudo-leather.com\/product\/chip-n-dale-customized-italian-leather-wrap-bracelet-palace-blue-blue-goldstone\/#primaryimage","url":"https:\/\/crudo-leather.com\/wp-content\/uploads\/2025\/11\/ChipDale_1st_WBG_BRT01stone_SD_a.jpg","contentUrl":"https:\/\/crudo-leather.com\/wp-content\/uploads\/2025\/11\/ChipDale_1st_WBG_BRT01stone_SD_a.jpg","width":2000,"height":2000},{"@type":"BreadcrumbList","@id":"https:\/\/crudo-leather.com\/product\/chip-n-dale-customized-italian-leather-wrap-bracelet-palace-blue-blue-goldstone\/#breadcrumb","itemListElement":[{"@type":"ListItem","position":1,"name":"Shop","item":"https:\/\/crudo-leather.com\/shop\/"},{"@type":"ListItem","position":2,"name":"Chip &#8216;n Dale Customized Leather Gemstone Bracelet"}]},{"@type":"WebSite","@id":"https:\/\/crudo-leather.com\/#website","url":"https:\/\/crudo-leather.com\/","name":"Crudo","description":"","potentialAction":[{"@type":"SearchAction","target":{"@type":"EntryPoint","urlTemplate":"https:\/\/crudo-leather.com\/?s={search_term_string}"},"query-input":{"@type":"PropertyValueSpecification","valueRequired":true,"valueName":"search_term_string"}}],"inLanguage":"en-US"}]}},"_links":{"self":[{"href":"https:\/\/crudo-leather.com\/de\/wp-json\/wp\/v2\/product\/362111"}],"collection":[{"href":"https:\/\/crudo-leather.com\/de\/wp-json\/wp\/v2\/product"}],"about":[{"href":"https:\/\/crudo-leather.com\/de\/wp-json\/wp\/v2\/types\/product"}],"replies":[{"embeddable":true,"href":"https:\/\/crudo-leather.com\/de\/wp-json\/wp\/v2\/comments?post=362111"}],"wp:featuredmedia":[{"embeddable":true,"href":"https:\/\/crudo-leather.com\/de\/wp-json\/wp\/v2\/media\/362081"}],"wp:attachment":[{"href":"https:\/\/crudo-leather.com\/de\/wp-json\/wp\/v2\/media?parent=362111"}],"wp:term":[{"taxonomy":"collection","embeddable":true,"href":"https:\/\/crudo-leather.com\/de\/wp-json\/wp\/v2\/collection?post=362111"},{"taxonomy":"trending_cat","embeddable":true,"href":"https:\/\/crudo-leather.com\/de\/wp-json\/wp\/v2\/trending_cat?post=362111"},{"taxonomy":"product_cat","embeddable":true,"href":"https:\/\/crudo-leather.com\/de\/wp-json\/wp\/v2\/product_cat?post=362111"},{"taxonomy":"product_tag","embeddable":true,"href":"https:\/\/crudo-leather.com\/de\/wp-json\/wp\/v2\/product_tag?post=362111"}],"curies":[{"name":"wp","href":"https:\/\/api.w.org\/{rel}","templated":true}]}}