{"id":362771,"date":"2025-11-17T15:31:18","date_gmt":"2025-11-17T07:31:18","guid":{"rendered":"https:\/\/crudo-leather.com\/?post_type=product&#038;p=362771"},"modified":"2026-01-13T16:46:59","modified_gmt":"2026-01-13T08:46:59","slug":"chip-n-dale-customized-925-silver-pendant-necklace-chip-sparkling-edition","status":"publish","type":"product","link":"https:\/\/crudo-leather.com\/de\/product\/chip-n-dale-customized-925-silver-pendant-necklace-chip-sparkling-edition\/","title":{"rendered":"Chip 'n Dale Limited Edition Emaille Strassstein Halskette"},"content":{"rendered":"","protected":false},"excerpt":{"rendered":"<strong><u>Chip und Chap Serie Special Edition\n<\/u><\/strong>Das lebhafte und niedliche Zwillingspaar \u2013 die Chip und Chap Serie verwandelt den verspielten Waldgeist in deinen pers\u00f6nlichen Stilcode. Eine Reihe von Anh\u00e4ngern, sorgf\u00e4ltig aus 925 Sterling Silber und bunter Emaille gefertigt, erm\u00f6glicht es dir, sie frei an deinem Armband zu kombinieren. Diese winzigen Akzente verleihen dir einen einzigartigen, verspielten Stil.\n\n<b>Klicke auf \"Zum Warenkorb hinzuf\u00fcgen und gestalten\", um deine Gravur zu entwerfen<\/b>\n- Offiziell lizenzierte Disney Produkte\n- Chip und Chap Anh\u00e4nger Halskette\n- Beim Kauf einer Chip und Chap Special Edition Halskette erh\u00e4ltst du eine Special Edition Geschenkbox mit abziehbarer Gru\u00dfkarte (inklusive Geschenkkarte und Produktgarantie)\n- Kostenloser Gravurservice, verschiedene Schriftarten und Gravurvorschl\u00e4ge zur Auswahl\n- Verstellbare Verschlussdesign, passt sich perfekt deinen Tragebed\u00fcrfnissen an\n- 925 Silber Halskette, abriebfest und verblasst nicht leicht\n- Glitzernde Kettendesign, unterstreicht die elegante Sch\u00f6nheit der Halskette\n\n<b>Herstellungszeit und Versanddetails<\/b>\n- Jedes Produkt ben\u00f6tigt nur 1-5 Werktage zur Fertigstellung\n- Bei Bestellung heute kann es bereits morgen versendet werden\n- Direktversand nach Hongkong und Macau","protected":false},"featured_media":362756,"comment_status":"open","ping_status":"closed","template":"","meta":{"inline_featured_image":false},"collection":[],"trending_cat":[],"product_cat":[85],"product_tag":[3169,2402],"class_list":{"0":"post-362771","1":"product","2":"type-product","3":"status-publish","4":"has-post-thumbnail","6":"product_cat-925-silver-necklace","7":"product_tag-chip-n-dale","8":"product_tag-disney-pixar","10":"first","11":"instock","12":"sale","13":"shipping-taxable","14":"purchasable","15":"product-type-variable"},"yoast_head":"<!-- This site is optimized with the Yoast SEO plugin v23.4 - https:\/\/yoast.com\/wordpress\/plugins\/seo\/ -->\n<title>Chip &#039;n Dale Limited Edition Emaille Strassstein Halskette - Crudo<\/title>\n<meta name=\"description\" content=\"Lebhafte und niedliche Zwillingskombination \u2013 Chip \u2019n Dale Kollektion verwandelt den verspielten Waldgeist in deinen Dresscode. Eine Reihe von Anh\u00e4ngern, sorgf\u00e4ltig aus 925 Sterling Silber und bunter Emaille gefertigt, erm\u00f6glicht es dir, sie frei an Armb\u00e4ndern zu kombinieren. Winzige Akzente verleihen dir einen einzigartigen, verspielten Stil.\" \/>\n<meta name=\"robots\" content=\"index, follow, max-snippet:-1, max-image-preview:large, max-video-preview:-1\" \/>\n<link rel=\"canonical\" href=\"https:\/\/crudo-leather.com\/de\/product\/chip-n-dale-customized-925-silver-pendant-necklace-chip-sparkling-edition\/\" \/>\n<meta property=\"og:locale\" content=\"en_US\" \/>\n<meta property=\"og:type\" content=\"article\" \/>\n<meta property=\"og:title\" content=\"Chip &#039;n Dale Limited Edition Emaille Strassstein Halskette - Crudo\" \/>\n<meta property=\"og:description\" content=\"Lebhafte und niedliche Zwillingskombination \u2013 Chip \u2019n Dale Kollektion verwandelt den verspielten Waldgeist in deinen Dresscode. Eine Reihe von Anh\u00e4ngern, sorgf\u00e4ltig aus 925 Sterling Silber und bunter Emaille gefertigt, erm\u00f6glicht es dir, sie frei an Armb\u00e4ndern zu kombinieren. Winzige Akzente verleihen dir einen einzigartigen, verspielten Stil.\" \/>\n<meta property=\"og:url\" content=\"https:\/\/crudo-leather.com\/product\/chip-n-dale-customized-925-silver-pendant-necklace-chip-sparkling-edition\/\" \/>\n<meta property=\"og:site_name\" content=\"Crudo\" \/>\n<meta property=\"article:modified_time\" content=\"2026-01-13T08:46:59+00:00\" \/>\n<meta property=\"og:image\" content=\"https:\/\/crudo-leather.com\/wp-content\/uploads\/2025\/11\/ChipDale_WBG_01d.png\" \/>\n\t<meta property=\"og:image:width\" content=\"2000\" \/>\n\t<meta property=\"og:image:height\" content=\"2000\" \/>\n\t<meta property=\"og:image:type\" content=\"image\/png\" \/>\n<meta name=\"twitter:card\" content=\"summary_large_image\" \/>\n<meta name=\"twitter:label1\" content=\"Est. reading time\" \/>\n\t<meta name=\"twitter:data1\" content=\"1 minute\" \/>\n<script type=\"application\/ld+json\" class=\"yoast-schema-graph\">{\"@context\":\"https:\/\/schema.org\",\"@graph\":[{\"@type\":\"WebPage\",\"@id\":\"https:\/\/crudo-leather.com\/product\/chip-n-dale-customized-925-silver-pendant-necklace-chip-sparkling-edition\/\",\"url\":\"https:\/\/crudo-leather.com\/product\/chip-n-dale-customized-925-silver-pendant-necklace-chip-sparkling-edition\/\",\"name\":\"Chip 'n Dale Customized 925 Silver Pendant Necklace - Chip | Sparkling Edition\",\"isPartOf\":{\"@id\":\"https:\/\/crudo-leather.com\/#website\"},\"primaryImageOfPage\":{\"@id\":\"https:\/\/crudo-leather.com\/product\/chip-n-dale-customized-925-silver-pendant-necklace-chip-sparkling-edition\/#primaryimage\"},\"image\":{\"@id\":\"https:\/\/crudo-leather.com\/product\/chip-n-dale-customized-925-silver-pendant-necklace-chip-sparkling-edition\/#primaryimage\"},\"thumbnailUrl\":\"https:\/\/crudo-leather.com\/wp-content\/uploads\/2025\/11\/ChipDale_WBG_01d.png\",\"datePublished\":\"2025-11-17T07:31:18+00:00\",\"dateModified\":\"2026-01-13T08:46:59+00:00\",\"description\":\"Inspired by Disney\u2019s most playful duo, the Chip \u2019n Dale Collection celebrates the joy of going a little nuts in style. Crafted in 925 silver and colorful enamel, each charm is made to mix, match, and make mischief. A little nutty, a lot of heart.\",\"breadcrumb\":{\"@id\":\"https:\/\/crudo-leather.com\/product\/chip-n-dale-customized-925-silver-pendant-necklace-chip-sparkling-edition\/#breadcrumb\"},\"inLanguage\":\"en-US\",\"potentialAction\":[{\"@type\":\"ReadAction\",\"target\":[\"https:\/\/crudo-leather.com\/product\/chip-n-dale-customized-925-silver-pendant-necklace-chip-sparkling-edition\/\"]}]},{\"@type\":\"ImageObject\",\"inLanguage\":\"en-US\",\"@id\":\"https:\/\/crudo-leather.com\/product\/chip-n-dale-customized-925-silver-pendant-necklace-chip-sparkling-edition\/#primaryimage\",\"url\":\"https:\/\/crudo-leather.com\/wp-content\/uploads\/2025\/11\/ChipDale_WBG_01d.png\",\"contentUrl\":\"https:\/\/crudo-leather.com\/wp-content\/uploads\/2025\/11\/ChipDale_WBG_01d.png\",\"width\":2000,\"height\":2000},{\"@type\":\"BreadcrumbList\",\"@id\":\"https:\/\/crudo-leather.com\/product\/chip-n-dale-customized-925-silver-pendant-necklace-chip-sparkling-edition\/#breadcrumb\",\"itemListElement\":[{\"@type\":\"ListItem\",\"position\":1,\"name\":\"Shop\",\"item\":\"https:\/\/crudo-leather.com\/shop\/\"},{\"@type\":\"ListItem\",\"position\":2,\"name\":\"Chip &#8216;n Dale Customized Enamel Pendant Necklace\"}]},{\"@type\":\"WebSite\",\"@id\":\"https:\/\/crudo-leather.com\/#website\",\"url\":\"https:\/\/crudo-leather.com\/\",\"name\":\"Crudo\",\"description\":\"\",\"potentialAction\":[{\"@type\":\"SearchAction\",\"target\":{\"@type\":\"EntryPoint\",\"urlTemplate\":\"https:\/\/crudo-leather.com\/?s={search_term_string}\"},\"query-input\":{\"@type\":\"PropertyValueSpecification\",\"valueRequired\":true,\"valueName\":\"search_term_string\"}}],\"inLanguage\":\"en-US\"}]}<\/script>\n<!-- \/ Yoast SEO plugin. -->","yoast_head_json":{"title":"Chip 'n Dale Limited Edition Emaille Strassstein Halskette - Crudo","description":"Lebhafte und niedliche Zwillingskombination \u2013 Chip \u2019n Dale Kollektion verwandelt den verspielten Waldgeist in deinen Dresscode. Eine Reihe von Anh\u00e4ngern, sorgf\u00e4ltig aus 925 Sterling Silber und bunter Emaille gefertigt, erm\u00f6glicht es dir, sie frei an Armb\u00e4ndern zu kombinieren. Winzige Akzente verleihen dir einen einzigartigen, verspielten Stil.","robots":{"index":"index","follow":"follow","max-snippet":"max-snippet:-1","max-image-preview":"max-image-preview:large","max-video-preview":"max-video-preview:-1"},"canonical":"https:\/\/crudo-leather.com\/de\/product\/chip-n-dale-customized-925-silver-pendant-necklace-chip-sparkling-edition\/","og_locale":"en_US","og_type":"article","og_title":"Chip 'n Dale Limited Edition Emaille Strassstein Halskette - Crudo","og_description":"Lebhafte und niedliche Zwillingskombination \u2013 Chip \u2019n Dale Kollektion verwandelt den verspielten Waldgeist in deinen Dresscode. Eine Reihe von Anh\u00e4ngern, sorgf\u00e4ltig aus 925 Sterling Silber und bunter Emaille gefertigt, erm\u00f6glicht es dir, sie frei an Armb\u00e4ndern zu kombinieren. Winzige Akzente verleihen dir einen einzigartigen, verspielten Stil.","og_url":"https:\/\/crudo-leather.com\/product\/chip-n-dale-customized-925-silver-pendant-necklace-chip-sparkling-edition\/","og_site_name":"Crudo","article_modified_time":"2026-01-13T08:46:59+00:00","og_image":[{"width":2000,"height":2000,"url":"https:\/\/crudo-leather.com\/wp-content\/uploads\/2025\/11\/ChipDale_WBG_01d.png","type":"image\/png"}],"twitter_card":"summary_large_image","twitter_misc":{"Est. reading time":"1 minute"},"schema":{"@context":"https:\/\/schema.org","@graph":[{"@type":"WebPage","@id":"https:\/\/crudo-leather.com\/product\/chip-n-dale-customized-925-silver-pendant-necklace-chip-sparkling-edition\/","url":"https:\/\/crudo-leather.com\/product\/chip-n-dale-customized-925-silver-pendant-necklace-chip-sparkling-edition\/","name":"Chip 'n Dale Customized 925 Silver Pendant Necklace - Chip | Sparkling Edition","isPartOf":{"@id":"https:\/\/crudo-leather.com\/#website"},"primaryImageOfPage":{"@id":"https:\/\/crudo-leather.com\/product\/chip-n-dale-customized-925-silver-pendant-necklace-chip-sparkling-edition\/#primaryimage"},"image":{"@id":"https:\/\/crudo-leather.com\/product\/chip-n-dale-customized-925-silver-pendant-necklace-chip-sparkling-edition\/#primaryimage"},"thumbnailUrl":"https:\/\/crudo-leather.com\/wp-content\/uploads\/2025\/11\/ChipDale_WBG_01d.png","datePublished":"2025-11-17T07:31:18+00:00","dateModified":"2026-01-13T08:46:59+00:00","description":"Inspired by Disney\u2019s most playful duo, the Chip \u2019n Dale Collection celebrates the joy of going a little nuts in style. Crafted in 925 silver and colorful enamel, each charm is made to mix, match, and make mischief. A little nutty, a lot of heart.","breadcrumb":{"@id":"https:\/\/crudo-leather.com\/product\/chip-n-dale-customized-925-silver-pendant-necklace-chip-sparkling-edition\/#breadcrumb"},"inLanguage":"en-US","potentialAction":[{"@type":"ReadAction","target":["https:\/\/crudo-leather.com\/product\/chip-n-dale-customized-925-silver-pendant-necklace-chip-sparkling-edition\/"]}]},{"@type":"ImageObject","inLanguage":"en-US","@id":"https:\/\/crudo-leather.com\/product\/chip-n-dale-customized-925-silver-pendant-necklace-chip-sparkling-edition\/#primaryimage","url":"https:\/\/crudo-leather.com\/wp-content\/uploads\/2025\/11\/ChipDale_WBG_01d.png","contentUrl":"https:\/\/crudo-leather.com\/wp-content\/uploads\/2025\/11\/ChipDale_WBG_01d.png","width":2000,"height":2000},{"@type":"BreadcrumbList","@id":"https:\/\/crudo-leather.com\/product\/chip-n-dale-customized-925-silver-pendant-necklace-chip-sparkling-edition\/#breadcrumb","itemListElement":[{"@type":"ListItem","position":1,"name":"Shop","item":"https:\/\/crudo-leather.com\/shop\/"},{"@type":"ListItem","position":2,"name":"Chip &#8216;n Dale Customized Enamel Pendant Necklace"}]},{"@type":"WebSite","@id":"https:\/\/crudo-leather.com\/#website","url":"https:\/\/crudo-leather.com\/","name":"Crudo","description":"","potentialAction":[{"@type":"SearchAction","target":{"@type":"EntryPoint","urlTemplate":"https:\/\/crudo-leather.com\/?s={search_term_string}"},"query-input":{"@type":"PropertyValueSpecification","valueRequired":true,"valueName":"search_term_string"}}],"inLanguage":"en-US"}]}},"_links":{"self":[{"href":"https:\/\/crudo-leather.com\/de\/wp-json\/wp\/v2\/product\/362771"}],"collection":[{"href":"https:\/\/crudo-leather.com\/de\/wp-json\/wp\/v2\/product"}],"about":[{"href":"https:\/\/crudo-leather.com\/de\/wp-json\/wp\/v2\/types\/product"}],"replies":[{"embeddable":true,"href":"https:\/\/crudo-leather.com\/de\/wp-json\/wp\/v2\/comments?post=362771"}],"wp:featuredmedia":[{"embeddable":true,"href":"https:\/\/crudo-leather.com\/de\/wp-json\/wp\/v2\/media\/362756"}],"wp:attachment":[{"href":"https:\/\/crudo-leather.com\/de\/wp-json\/wp\/v2\/media?parent=362771"}],"wp:term":[{"taxonomy":"collection","embeddable":true,"href":"https:\/\/crudo-leather.com\/de\/wp-json\/wp\/v2\/collection?post=362771"},{"taxonomy":"trending_cat","embeddable":true,"href":"https:\/\/crudo-leather.com\/de\/wp-json\/wp\/v2\/trending_cat?post=362771"},{"taxonomy":"product_cat","embeddable":true,"href":"https:\/\/crudo-leather.com\/de\/wp-json\/wp\/v2\/product_cat?post=362771"},{"taxonomy":"product_tag","embeddable":true,"href":"https:\/\/crudo-leather.com\/de\/wp-json\/wp\/v2\/product_tag?post=362771"}],"curies":[{"name":"wp","href":"https:\/\/api.w.org\/{rel}","templated":true}]}}