{"id":375477,"date":"2025-12-17T16:11:18","date_gmt":"2025-12-17T08:11:18","guid":{"rendered":"https:\/\/crudo-leather.com\/?post_type=product&#038;p=375477"},"modified":"2025-12-19T10:26:22","modified_gmt":"2025-12-19T02:26:22","slug":"pompompurin-925-silver-pendant-pompompurin","status":"publish","type":"product","link":"https:\/\/crudo-leather.com\/de\/product\/pompompurin-925-silver-pendant-pompompurin\/","title":{"rendered":"Pompompurin 925 Sterlingsilber Anh\u00e4nger - Pompompurin"},"content":{"rendered":"","protected":false},"excerpt":{"rendered":"<u><strong>Pompompurin (\u5e03\u7538\u72d7) Special Edition<\/strong><\/u>\n\nDer Duft des Nachmittagstees breitet sich wie Honig aus. Die Pompompurin Special Edition Kollektion interpretiert mit feinem Glanz dezente S\u00fc\u00dfe und einen Hauch von Luxus. Inspiriert von einem entspannten Nachmittagstee und cremigem Pudding umfasst die gesamte Kollektion 7 bunt lackierte Metall- und 925 Sterlingsilber-Anh\u00e4nger, die den zarten Glanz und die s\u00fc\u00dfe W\u00e4rme in Ihren H\u00e4nden einfangen.","protected":false},"featured_media":375479,"comment_status":"open","ping_status":"closed","template":"","meta":{"inline_featured_image":false},"collection":[],"trending_cat":[],"product_cat":[15],"product_tag":[],"class_list":{"0":"post-375477","1":"product","2":"type-product","3":"status-publish","4":"has-post-thumbnail","6":"product_cat-uncategorized","8":"first","9":"instock","10":"shipping-taxable","11":"purchasable","12":"product-type-variable"},"yoast_head":"<!-- This site is optimized with the Yoast SEO plugin v23.4 - https:\/\/yoast.com\/wordpress\/plugins\/seo\/ -->\n<title>Pompompurin 925 Sterlingsilber Anh\u00e4nger - Pompompurin - Crudo<\/title>\n<meta name=\"description\" content=\"Genie\u00dfen Sie einen sonnendurchfluteten Teeraum mit der Pompompurin-Sonderkollektion, wo cremiger Komfort auf verspielte Eleganz trifft. Eine siebenteilige Reihe \u2013 4 emaillierte Metallanh\u00e4nger und 3 Anh\u00e4nger aus 925 Sterling Silber \u2013 verk\u00f6rpert die gelassene Leichtigkeit einer Teegesellschaft, abgerundet mit einer puddingweichen Z\u00e4rtlichkeit in jedem Detail.\" \/>\n<meta name=\"robots\" content=\"index, follow, max-snippet:-1, max-image-preview:large, max-video-preview:-1\" \/>\n<link rel=\"canonical\" href=\"https:\/\/crudo-leather.com\/de\/product\/pompompurin-925-silver-pendant-pompompurin\/\" \/>\n<meta property=\"og:locale\" content=\"en_US\" \/>\n<meta property=\"og:type\" content=\"article\" \/>\n<meta property=\"og:title\" content=\"Pompompurin 925 Sterlingsilber Anh\u00e4nger - Pompompurin - Crudo\" \/>\n<meta property=\"og:description\" content=\"Genie\u00dfen Sie einen sonnendurchfluteten Teeraum mit der Pompompurin-Sonderkollektion, wo cremiger Komfort auf verspielte Eleganz trifft. Eine siebenteilige Reihe \u2013 4 emaillierte Metallanh\u00e4nger und 3 Anh\u00e4nger aus 925 Sterling Silber \u2013 verk\u00f6rpert die gelassene Leichtigkeit einer Teegesellschaft, abgerundet mit einer puddingweichen Z\u00e4rtlichkeit in jedem Detail.\" \/>\n<meta property=\"og:url\" content=\"https:\/\/crudo-leather.com\/product\/pompompurin-925-silver-pendant-pompompurin\/\" \/>\n<meta property=\"og:site_name\" content=\"Crudo\" \/>\n<meta property=\"article:modified_time\" content=\"2025-12-19T02:26:22+00:00\" \/>\n<meta property=\"og:image\" content=\"https:\/\/crudo-leather.com\/wp-content\/uploads\/2025\/12\/Purin_02.jpg\" \/>\n\t<meta property=\"og:image:width\" content=\"2000\" \/>\n\t<meta property=\"og:image:height\" content=\"2000\" \/>\n\t<meta property=\"og:image:type\" content=\"image\/jpeg\" \/>\n<meta name=\"twitter:card\" content=\"summary_large_image\" \/>\n<meta name=\"twitter:label1\" content=\"Est. reading time\" \/>\n\t<meta name=\"twitter:data1\" content=\"1 minute\" \/>\n<script type=\"application\/ld+json\" class=\"yoast-schema-graph\">{\"@context\":\"https:\/\/schema.org\",\"@graph\":[{\"@type\":\"WebPage\",\"@id\":\"https:\/\/crudo-leather.com\/product\/pompompurin-925-silver-pendant-pompompurin\/\",\"url\":\"https:\/\/crudo-leather.com\/product\/pompompurin-925-silver-pendant-pompompurin\/\",\"name\":\"Pompompurin 925 Silver Pendant - Pompompurin - Crudo\",\"isPartOf\":{\"@id\":\"https:\/\/crudo-leather.com\/#website\"},\"primaryImageOfPage\":{\"@id\":\"https:\/\/crudo-leather.com\/product\/pompompurin-925-silver-pendant-pompompurin\/#primaryimage\"},\"image\":{\"@id\":\"https:\/\/crudo-leather.com\/product\/pompompurin-925-silver-pendant-pompompurin\/#primaryimage\"},\"thumbnailUrl\":\"https:\/\/crudo-leather.com\/wp-content\/uploads\/2025\/12\/Purin_02.jpg\",\"datePublished\":\"2025-12-17T08:11:18+00:00\",\"dateModified\":\"2025-12-19T02:26:22+00:00\",\"description\":\"Settle into a sunlit tea room with Pompompurin special collection, where creamy comfort meets playful elegance. A seven pieces lineup\u20144 pieces of enamel painted metal charms and 3 pieces of 925 sterling silver pendants\u2014distills the unhurried ease of a tea gathering, finished with a pudding\u2011smooth tenderness in every detail.\",\"breadcrumb\":{\"@id\":\"https:\/\/crudo-leather.com\/product\/pompompurin-925-silver-pendant-pompompurin\/#breadcrumb\"},\"inLanguage\":\"en-US\",\"potentialAction\":[{\"@type\":\"ReadAction\",\"target\":[\"https:\/\/crudo-leather.com\/product\/pompompurin-925-silver-pendant-pompompurin\/\"]}]},{\"@type\":\"ImageObject\",\"inLanguage\":\"en-US\",\"@id\":\"https:\/\/crudo-leather.com\/product\/pompompurin-925-silver-pendant-pompompurin\/#primaryimage\",\"url\":\"https:\/\/crudo-leather.com\/wp-content\/uploads\/2025\/12\/Purin_02.jpg\",\"contentUrl\":\"https:\/\/crudo-leather.com\/wp-content\/uploads\/2025\/12\/Purin_02.jpg\",\"width\":2000,\"height\":2000},{\"@type\":\"BreadcrumbList\",\"@id\":\"https:\/\/crudo-leather.com\/product\/pompompurin-925-silver-pendant-pompompurin\/#breadcrumb\",\"itemListElement\":[{\"@type\":\"ListItem\",\"position\":1,\"name\":\"Shop\",\"item\":\"https:\/\/crudo-leather.com\/shop\/\"},{\"@type\":\"ListItem\",\"position\":2,\"name\":\"Pompompurin 925 Silver Pendant &#8211; Pompompurin\"}]},{\"@type\":\"WebSite\",\"@id\":\"https:\/\/crudo-leather.com\/#website\",\"url\":\"https:\/\/crudo-leather.com\/\",\"name\":\"Crudo\",\"description\":\"\",\"potentialAction\":[{\"@type\":\"SearchAction\",\"target\":{\"@type\":\"EntryPoint\",\"urlTemplate\":\"https:\/\/crudo-leather.com\/?s={search_term_string}\"},\"query-input\":{\"@type\":\"PropertyValueSpecification\",\"valueRequired\":true,\"valueName\":\"search_term_string\"}}],\"inLanguage\":\"en-US\"}]}<\/script>\n<!-- \/ Yoast SEO plugin. -->","yoast_head_json":{"title":"Pompompurin 925 Sterlingsilber Anh\u00e4nger - Pompompurin - Crudo","description":"Genie\u00dfen Sie einen sonnendurchfluteten Teeraum mit der Pompompurin-Sonderkollektion, wo cremiger Komfort auf verspielte Eleganz trifft. Eine siebenteilige Reihe \u2013 4 emaillierte Metallanh\u00e4nger und 3 Anh\u00e4nger aus 925 Sterling Silber \u2013 verk\u00f6rpert die gelassene Leichtigkeit einer Teegesellschaft, abgerundet mit einer puddingweichen Z\u00e4rtlichkeit in jedem Detail.","robots":{"index":"index","follow":"follow","max-snippet":"max-snippet:-1","max-image-preview":"max-image-preview:large","max-video-preview":"max-video-preview:-1"},"canonical":"https:\/\/crudo-leather.com\/de\/product\/pompompurin-925-silver-pendant-pompompurin\/","og_locale":"en_US","og_type":"article","og_title":"Pompompurin 925 Sterlingsilber Anh\u00e4nger - Pompompurin - Crudo","og_description":"Genie\u00dfen Sie einen sonnendurchfluteten Teeraum mit der Pompompurin-Sonderkollektion, wo cremiger Komfort auf verspielte Eleganz trifft. Eine siebenteilige Reihe \u2013 4 emaillierte Metallanh\u00e4nger und 3 Anh\u00e4nger aus 925 Sterling Silber \u2013 verk\u00f6rpert die gelassene Leichtigkeit einer Teegesellschaft, abgerundet mit einer puddingweichen Z\u00e4rtlichkeit in jedem Detail.","og_url":"https:\/\/crudo-leather.com\/product\/pompompurin-925-silver-pendant-pompompurin\/","og_site_name":"Crudo","article_modified_time":"2025-12-19T02:26:22+00:00","og_image":[{"width":2000,"height":2000,"url":"https:\/\/crudo-leather.com\/wp-content\/uploads\/2025\/12\/Purin_02.jpg","type":"image\/jpeg"}],"twitter_card":"summary_large_image","twitter_misc":{"Est. reading time":"1 minute"},"schema":{"@context":"https:\/\/schema.org","@graph":[{"@type":"WebPage","@id":"https:\/\/crudo-leather.com\/product\/pompompurin-925-silver-pendant-pompompurin\/","url":"https:\/\/crudo-leather.com\/product\/pompompurin-925-silver-pendant-pompompurin\/","name":"Pompompurin 925 Silver Pendant - Pompompurin - Crudo","isPartOf":{"@id":"https:\/\/crudo-leather.com\/#website"},"primaryImageOfPage":{"@id":"https:\/\/crudo-leather.com\/product\/pompompurin-925-silver-pendant-pompompurin\/#primaryimage"},"image":{"@id":"https:\/\/crudo-leather.com\/product\/pompompurin-925-silver-pendant-pompompurin\/#primaryimage"},"thumbnailUrl":"https:\/\/crudo-leather.com\/wp-content\/uploads\/2025\/12\/Purin_02.jpg","datePublished":"2025-12-17T08:11:18+00:00","dateModified":"2025-12-19T02:26:22+00:00","description":"Settle into a sunlit tea room with Pompompurin special collection, where creamy comfort meets playful elegance. A seven pieces lineup\u20144 pieces of enamel painted metal charms and 3 pieces of 925 sterling silver pendants\u2014distills the unhurried ease of a tea gathering, finished with a pudding\u2011smooth tenderness in every detail.","breadcrumb":{"@id":"https:\/\/crudo-leather.com\/product\/pompompurin-925-silver-pendant-pompompurin\/#breadcrumb"},"inLanguage":"en-US","potentialAction":[{"@type":"ReadAction","target":["https:\/\/crudo-leather.com\/product\/pompompurin-925-silver-pendant-pompompurin\/"]}]},{"@type":"ImageObject","inLanguage":"en-US","@id":"https:\/\/crudo-leather.com\/product\/pompompurin-925-silver-pendant-pompompurin\/#primaryimage","url":"https:\/\/crudo-leather.com\/wp-content\/uploads\/2025\/12\/Purin_02.jpg","contentUrl":"https:\/\/crudo-leather.com\/wp-content\/uploads\/2025\/12\/Purin_02.jpg","width":2000,"height":2000},{"@type":"BreadcrumbList","@id":"https:\/\/crudo-leather.com\/product\/pompompurin-925-silver-pendant-pompompurin\/#breadcrumb","itemListElement":[{"@type":"ListItem","position":1,"name":"Shop","item":"https:\/\/crudo-leather.com\/shop\/"},{"@type":"ListItem","position":2,"name":"Pompompurin 925 Silver Pendant &#8211; Pompompurin"}]},{"@type":"WebSite","@id":"https:\/\/crudo-leather.com\/#website","url":"https:\/\/crudo-leather.com\/","name":"Crudo","description":"","potentialAction":[{"@type":"SearchAction","target":{"@type":"EntryPoint","urlTemplate":"https:\/\/crudo-leather.com\/?s={search_term_string}"},"query-input":{"@type":"PropertyValueSpecification","valueRequired":true,"valueName":"search_term_string"}}],"inLanguage":"en-US"}]}},"_links":{"self":[{"href":"https:\/\/crudo-leather.com\/de\/wp-json\/wp\/v2\/product\/375477"}],"collection":[{"href":"https:\/\/crudo-leather.com\/de\/wp-json\/wp\/v2\/product"}],"about":[{"href":"https:\/\/crudo-leather.com\/de\/wp-json\/wp\/v2\/types\/product"}],"replies":[{"embeddable":true,"href":"https:\/\/crudo-leather.com\/de\/wp-json\/wp\/v2\/comments?post=375477"}],"wp:featuredmedia":[{"embeddable":true,"href":"https:\/\/crudo-leather.com\/de\/wp-json\/wp\/v2\/media\/375479"}],"wp:attachment":[{"href":"https:\/\/crudo-leather.com\/de\/wp-json\/wp\/v2\/media?parent=375477"}],"wp:term":[{"taxonomy":"collection","embeddable":true,"href":"https:\/\/crudo-leather.com\/de\/wp-json\/wp\/v2\/collection?post=375477"},{"taxonomy":"trending_cat","embeddable":true,"href":"https:\/\/crudo-leather.com\/de\/wp-json\/wp\/v2\/trending_cat?post=375477"},{"taxonomy":"product_cat","embeddable":true,"href":"https:\/\/crudo-leather.com\/de\/wp-json\/wp\/v2\/product_cat?post=375477"},{"taxonomy":"product_tag","embeddable":true,"href":"https:\/\/crudo-leather.com\/de\/wp-json\/wp\/v2\/product_tag?post=375477"}],"curies":[{"name":"wp","href":"https:\/\/api.w.org\/{rel}","templated":true}]}}