{"id":377587,"date":"2025-12-22T14:13:16","date_gmt":"2025-12-22T06:13:16","guid":{"rendered":"https:\/\/crudo-leather.com\/?post_type=product&#038;p=377587"},"modified":"2026-03-19T14:06:25","modified_gmt":"2026-03-19T06:06:25","slug":"pompompurin-customized-925-silver-pendant-necklace-pompompurin-sparkling-edition","status":"publish","type":"product","link":"https:\/\/crudo-leather.com\/de\/product\/pompompurin-customized-925-silver-pendant-necklace-pompompurin-sparkling-edition\/","title":{"rendered":"Pompompurin Limited Edition ma\u00dfgeschneiderte 925 Sterling Silber Halskette"},"content":{"rendered":"","protected":false},"excerpt":{"rendered":"<strong><u>Pompompurin Special Edition<\/u><\/strong>\nDer Duft von Nachmittagstee breitet sich wie Honig aus. Die Pompompurin Special Edition Kollektion interpretiert mit feinem Glanz dezente S\u00fc\u00dfe und einen exklusiven Hauch. Inspiriert von entspanntem Nachmittagstee und cremigem Pudding umfasst die gesamte Kollektion 3 Anh\u00e4nger aus 925er Sterlingsilber, die den zarten Glanz und die s\u00fc\u00dfe W\u00e4rme in Ihren H\u00e4nden vereinen.\n\n<b>Klicken Sie auf \"In den Warenkorb legen und gestalten\", um Ihre Gravur zu personalisieren.<\/b>\n\n- Offiziell lizenziertes Sanrio-Produkt\n- Pompompurin Anh\u00e4nger aus Sterlingsilber mit Kette\n- Beim Kauf einer Pompompurin Special Edition Halskette erhalten Sie eine Special Edition Geschenkbox mit abtrennbarer Gru\u00dfkarte (inklusive Geschenkkarte und Produktgarantie)\n- Verstellbare Verschluss-Design, perfekt an Ihre Tragebed\u00fcrfnisse angepasst\n- 925er Silber, kratzfest und verblasst nicht\n- Funkelnde Kettendesign, das die Eleganz und Sch\u00f6nheit der Halskette unterstreicht\n\n<b>Produktionszeit und Versanddetails<\/b>\n- Jedes Produkt ben\u00f6tigt nur 1-5 Werktage zur Fertigstellung\n- Bei Bestellung heute kann die Sendung bereits morgen versandt werden\n- Ausschlie\u00dflich erh\u00e4ltlich in Hongkong, Macau, Festlandchina, Japan, S\u00fcdkorea und S\u00fcdamerika (au\u00dfer Panama)","protected":false},"featured_media":377589,"comment_status":"open","ping_status":"closed","template":"","meta":{"inline_featured_image":false},"collection":[],"trending_cat":[],"product_cat":[85],"product_tag":[3298,32],"class_list":{"0":"post-377587","1":"product","2":"type-product","3":"status-publish","4":"has-post-thumbnail","6":"product_cat-925-silver-necklace","7":"product_tag-sanrio-pompompurin","8":"product_tag-sanrio-characters","10":"first","11":"instock","12":"sale","13":"shipping-taxable","14":"purchasable","15":"product-type-variable"},"yoast_head":"<!-- This site is optimized with the Yoast SEO plugin v23.4 - https:\/\/yoast.com\/wordpress\/plugins\/seo\/ -->\n<title>Pompompurin Limited Edition ma\u00dfgeschneiderte 925 Sterlingsilber Halskette - Pompompurin (Strasssteine Version)<\/title>\n<meta name=\"description\" content=\"Der Duft des Nachmittagstees breitet sich wie Honig aus, die Pompompurin Special Edition Kollektion interpretiert mit feinem Glanz dezente S\u00fc\u00dfe und einen Hauch von Luxus. Inspiriert von entspannten Nachmittagstees und cremigen Puddings, umfasst die gesamte Kollektion 3 Anh\u00e4nger aus 925 Sterlingsilber, die den feinen Glanz und die s\u00fc\u00dfe W\u00e4rme in den Fingerspitzen einfangen.\" \/>\n<meta name=\"robots\" content=\"index, follow, max-snippet:-1, max-image-preview:large, max-video-preview:-1\" \/>\n<link rel=\"canonical\" href=\"https:\/\/crudo-leather.com\/de\/product\/pompompurin-customized-925-silver-pendant-necklace-pompompurin-sparkling-edition\/\" \/>\n<meta property=\"og:locale\" content=\"en_US\" \/>\n<meta property=\"og:type\" content=\"article\" \/>\n<meta property=\"og:title\" content=\"Pompompurin Limited Edition ma\u00dfgeschneiderte 925 Sterlingsilber Halskette - Pompompurin (Strasssteine Version)\" \/>\n<meta property=\"og:description\" content=\"Der Duft des Nachmittagstees breitet sich wie Honig aus, die Pompompurin Special Edition Kollektion interpretiert mit feinem Glanz dezente S\u00fc\u00dfe und einen Hauch von Luxus. Inspiriert von entspannten Nachmittagstees und cremigen Puddings, umfasst die gesamte Kollektion 3 Anh\u00e4nger aus 925 Sterlingsilber, die den feinen Glanz und die s\u00fc\u00dfe W\u00e4rme in den Fingerspitzen einfangen.\" \/>\n<meta property=\"og:url\" content=\"https:\/\/crudo-leather.com\/product\/pompompurin-customized-925-silver-pendant-necklace-pompompurin-sparkling-edition\/\" \/>\n<meta property=\"og:site_name\" content=\"Crudo\" \/>\n<meta property=\"article:modified_time\" content=\"2026-03-19T06:06:25+00:00\" \/>\n<meta property=\"og:image\" content=\"https:\/\/crudo-leather.com\/wp-content\/uploads\/2025\/12\/Princess_WBG_02c.jpg\" \/>\n\t<meta property=\"og:image:width\" content=\"2000\" \/>\n\t<meta property=\"og:image:height\" content=\"2000\" \/>\n\t<meta property=\"og:image:type\" content=\"image\/jpeg\" \/>\n<meta name=\"twitter:card\" content=\"summary_large_image\" \/>\n<meta name=\"twitter:label1\" content=\"Est. reading time\" \/>\n\t<meta name=\"twitter:data1\" content=\"1 minute\" \/>\n<script type=\"application\/ld+json\" class=\"yoast-schema-graph\">{\"@context\":\"https:\/\/schema.org\",\"@graph\":[{\"@type\":\"WebPage\",\"@id\":\"https:\/\/crudo-leather.com\/product\/pompompurin-customized-925-silver-pendant-necklace-pompompurin-sparkling-edition\/\",\"url\":\"https:\/\/crudo-leather.com\/product\/pompompurin-customized-925-silver-pendant-necklace-pompompurin-sparkling-edition\/\",\"name\":\"Pompompurin Customized 925 Silver Pendant Necklace - Pompompurin (Sparkling Edition)\",\"isPartOf\":{\"@id\":\"https:\/\/crudo-leather.com\/#website\"},\"primaryImageOfPage\":{\"@id\":\"https:\/\/crudo-leather.com\/product\/pompompurin-customized-925-silver-pendant-necklace-pompompurin-sparkling-edition\/#primaryimage\"},\"image\":{\"@id\":\"https:\/\/crudo-leather.com\/product\/pompompurin-customized-925-silver-pendant-necklace-pompompurin-sparkling-edition\/#primaryimage\"},\"thumbnailUrl\":\"https:\/\/crudo-leather.com\/wp-content\/uploads\/2025\/12\/Princess_WBG_02c.jpg\",\"datePublished\":\"2025-12-22T06:13:16+00:00\",\"dateModified\":\"2026-03-19T06:06:25+00:00\",\"description\":\"Settle into a sunlit tea room with Pompompurin special collection, where creamy comfort meets playful elegance. A seven pieces lineup\u20144 pieces of enamel painted metal charms and 3 pieces of 925 sterling silver pendants\u2014distills the unhurried ease of a tea gathering, finished with a pudding\u2011smooth tenderness in every detail.\",\"breadcrumb\":{\"@id\":\"https:\/\/crudo-leather.com\/product\/pompompurin-customized-925-silver-pendant-necklace-pompompurin-sparkling-edition\/#breadcrumb\"},\"inLanguage\":\"en-US\",\"potentialAction\":[{\"@type\":\"ReadAction\",\"target\":[\"https:\/\/crudo-leather.com\/product\/pompompurin-customized-925-silver-pendant-necklace-pompompurin-sparkling-edition\/\"]}]},{\"@type\":\"ImageObject\",\"inLanguage\":\"en-US\",\"@id\":\"https:\/\/crudo-leather.com\/product\/pompompurin-customized-925-silver-pendant-necklace-pompompurin-sparkling-edition\/#primaryimage\",\"url\":\"https:\/\/crudo-leather.com\/wp-content\/uploads\/2025\/12\/Princess_WBG_02c.jpg\",\"contentUrl\":\"https:\/\/crudo-leather.com\/wp-content\/uploads\/2025\/12\/Princess_WBG_02c.jpg\",\"width\":2000,\"height\":2000},{\"@type\":\"BreadcrumbList\",\"@id\":\"https:\/\/crudo-leather.com\/product\/pompompurin-customized-925-silver-pendant-necklace-pompompurin-sparkling-edition\/#breadcrumb\",\"itemListElement\":[{\"@type\":\"ListItem\",\"position\":1,\"name\":\"Shop\",\"item\":\"https:\/\/crudo-leather.com\/shop\/\"},{\"@type\":\"ListItem\",\"position\":2,\"name\":\"Pompompurin Customized 925 Silver Pendant Necklace\"}]},{\"@type\":\"WebSite\",\"@id\":\"https:\/\/crudo-leather.com\/#website\",\"url\":\"https:\/\/crudo-leather.com\/\",\"name\":\"Crudo\",\"description\":\"\",\"potentialAction\":[{\"@type\":\"SearchAction\",\"target\":{\"@type\":\"EntryPoint\",\"urlTemplate\":\"https:\/\/crudo-leather.com\/?s={search_term_string}\"},\"query-input\":{\"@type\":\"PropertyValueSpecification\",\"valueRequired\":true,\"valueName\":\"search_term_string\"}}],\"inLanguage\":\"en-US\"}]}<\/script>\n<!-- \/ Yoast SEO plugin. -->","yoast_head_json":{"title":"Pompompurin Limited Edition ma\u00dfgeschneiderte 925 Sterlingsilber Halskette - Pompompurin (Strasssteine Version)","description":"Der Duft des Nachmittagstees breitet sich wie Honig aus, die Pompompurin Special Edition Kollektion interpretiert mit feinem Glanz dezente S\u00fc\u00dfe und einen Hauch von Luxus. Inspiriert von entspannten Nachmittagstees und cremigen Puddings, umfasst die gesamte Kollektion 3 Anh\u00e4nger aus 925 Sterlingsilber, die den feinen Glanz und die s\u00fc\u00dfe W\u00e4rme in den Fingerspitzen einfangen.","robots":{"index":"index","follow":"follow","max-snippet":"max-snippet:-1","max-image-preview":"max-image-preview:large","max-video-preview":"max-video-preview:-1"},"canonical":"https:\/\/crudo-leather.com\/de\/product\/pompompurin-customized-925-silver-pendant-necklace-pompompurin-sparkling-edition\/","og_locale":"en_US","og_type":"article","og_title":"Pompompurin Limited Edition ma\u00dfgeschneiderte 925 Sterlingsilber Halskette - Pompompurin (Strasssteine Version)","og_description":"Der Duft des Nachmittagstees breitet sich wie Honig aus, die Pompompurin Special Edition Kollektion interpretiert mit feinem Glanz dezente S\u00fc\u00dfe und einen Hauch von Luxus. Inspiriert von entspannten Nachmittagstees und cremigen Puddings, umfasst die gesamte Kollektion 3 Anh\u00e4nger aus 925 Sterlingsilber, die den feinen Glanz und die s\u00fc\u00dfe W\u00e4rme in den Fingerspitzen einfangen.","og_url":"https:\/\/crudo-leather.com\/product\/pompompurin-customized-925-silver-pendant-necklace-pompompurin-sparkling-edition\/","og_site_name":"Crudo","article_modified_time":"2026-03-19T06:06:25+00:00","og_image":[{"width":2000,"height":2000,"url":"https:\/\/crudo-leather.com\/wp-content\/uploads\/2025\/12\/Princess_WBG_02c.jpg","type":"image\/jpeg"}],"twitter_card":"summary_large_image","twitter_misc":{"Est. reading time":"1 minute"},"schema":{"@context":"https:\/\/schema.org","@graph":[{"@type":"WebPage","@id":"https:\/\/crudo-leather.com\/product\/pompompurin-customized-925-silver-pendant-necklace-pompompurin-sparkling-edition\/","url":"https:\/\/crudo-leather.com\/product\/pompompurin-customized-925-silver-pendant-necklace-pompompurin-sparkling-edition\/","name":"Pompompurin Customized 925 Silver Pendant Necklace - Pompompurin (Sparkling Edition)","isPartOf":{"@id":"https:\/\/crudo-leather.com\/#website"},"primaryImageOfPage":{"@id":"https:\/\/crudo-leather.com\/product\/pompompurin-customized-925-silver-pendant-necklace-pompompurin-sparkling-edition\/#primaryimage"},"image":{"@id":"https:\/\/crudo-leather.com\/product\/pompompurin-customized-925-silver-pendant-necklace-pompompurin-sparkling-edition\/#primaryimage"},"thumbnailUrl":"https:\/\/crudo-leather.com\/wp-content\/uploads\/2025\/12\/Princess_WBG_02c.jpg","datePublished":"2025-12-22T06:13:16+00:00","dateModified":"2026-03-19T06:06:25+00:00","description":"Settle into a sunlit tea room with Pompompurin special collection, where creamy comfort meets playful elegance. A seven pieces lineup\u20144 pieces of enamel painted metal charms and 3 pieces of 925 sterling silver pendants\u2014distills the unhurried ease of a tea gathering, finished with a pudding\u2011smooth tenderness in every detail.","breadcrumb":{"@id":"https:\/\/crudo-leather.com\/product\/pompompurin-customized-925-silver-pendant-necklace-pompompurin-sparkling-edition\/#breadcrumb"},"inLanguage":"en-US","potentialAction":[{"@type":"ReadAction","target":["https:\/\/crudo-leather.com\/product\/pompompurin-customized-925-silver-pendant-necklace-pompompurin-sparkling-edition\/"]}]},{"@type":"ImageObject","inLanguage":"en-US","@id":"https:\/\/crudo-leather.com\/product\/pompompurin-customized-925-silver-pendant-necklace-pompompurin-sparkling-edition\/#primaryimage","url":"https:\/\/crudo-leather.com\/wp-content\/uploads\/2025\/12\/Princess_WBG_02c.jpg","contentUrl":"https:\/\/crudo-leather.com\/wp-content\/uploads\/2025\/12\/Princess_WBG_02c.jpg","width":2000,"height":2000},{"@type":"BreadcrumbList","@id":"https:\/\/crudo-leather.com\/product\/pompompurin-customized-925-silver-pendant-necklace-pompompurin-sparkling-edition\/#breadcrumb","itemListElement":[{"@type":"ListItem","position":1,"name":"Shop","item":"https:\/\/crudo-leather.com\/shop\/"},{"@type":"ListItem","position":2,"name":"Pompompurin Customized 925 Silver Pendant Necklace"}]},{"@type":"WebSite","@id":"https:\/\/crudo-leather.com\/#website","url":"https:\/\/crudo-leather.com\/","name":"Crudo","description":"","potentialAction":[{"@type":"SearchAction","target":{"@type":"EntryPoint","urlTemplate":"https:\/\/crudo-leather.com\/?s={search_term_string}"},"query-input":{"@type":"PropertyValueSpecification","valueRequired":true,"valueName":"search_term_string"}}],"inLanguage":"en-US"}]}},"_links":{"self":[{"href":"https:\/\/crudo-leather.com\/de\/wp-json\/wp\/v2\/product\/377587"}],"collection":[{"href":"https:\/\/crudo-leather.com\/de\/wp-json\/wp\/v2\/product"}],"about":[{"href":"https:\/\/crudo-leather.com\/de\/wp-json\/wp\/v2\/types\/product"}],"replies":[{"embeddable":true,"href":"https:\/\/crudo-leather.com\/de\/wp-json\/wp\/v2\/comments?post=377587"}],"wp:featuredmedia":[{"embeddable":true,"href":"https:\/\/crudo-leather.com\/de\/wp-json\/wp\/v2\/media\/377589"}],"wp:attachment":[{"href":"https:\/\/crudo-leather.com\/de\/wp-json\/wp\/v2\/media?parent=377587"}],"wp:term":[{"taxonomy":"collection","embeddable":true,"href":"https:\/\/crudo-leather.com\/de\/wp-json\/wp\/v2\/collection?post=377587"},{"taxonomy":"trending_cat","embeddable":true,"href":"https:\/\/crudo-leather.com\/de\/wp-json\/wp\/v2\/trending_cat?post=377587"},{"taxonomy":"product_cat","embeddable":true,"href":"https:\/\/crudo-leather.com\/de\/wp-json\/wp\/v2\/product_cat?post=377587"},{"taxonomy":"product_tag","embeddable":true,"href":"https:\/\/crudo-leather.com\/de\/wp-json\/wp\/v2\/product_tag?post=377587"}],"curies":[{"name":"wp","href":"https:\/\/api.w.org\/{rel}","templated":true}]}}