{"id":377636,"date":"2025-12-22T15:51:35","date_gmt":"2025-12-22T07:51:35","guid":{"rendered":"https:\/\/crudo-leather.com\/?post_type=product&#038;p=377636"},"modified":"2026-03-19T14:04:00","modified_gmt":"2026-03-19T06:04:00","slug":"pompompurin-customized-925-silver-pendant-necklace-pompompurin","status":"publish","type":"product","link":"https:\/\/crudo-leather.com\/de\/product\/pompompurin-customized-925-silver-pendant-necklace-pompompurin\/","title":{"rendered":"Pompompurin Limited Edition ma\u00dfgeschneiderte 925 Sterling Silber Halskette"},"content":{"rendered":"","protected":false},"excerpt":{"rendered":"<strong><u>Pompompurin Special Edition\n<\/u><\/strong>Der Duft des Nachmittagstees breitet sich honigs\u00fc\u00df aus, die Pompompurin Special Edition Kollektion interpretiert mit feinem Glanz dezente S\u00fc\u00dfe und einen Hauch von Luxus. Inspiriert von entspannten Nachmittagstees und cremigen Puddings umfasst die gesamte Kollektion 3 Anh\u00e4nger aus 925er Sterlingsilber, die den zarten Glanz und die s\u00fc\u00dfe W\u00e4rme in Ihren H\u00e4nden einfangen.\n\n<b>Klicken Sie auf \"Zum Warenkorb hinzuf\u00fcgen und gestalten\", um Ihre Gravur zu entwerfen.<\/b>\n\n- Offiziell lizenziertes Sanrio-Produkt\n- Pompompurin Anh\u00e4nger-Kette aus Sterlingsilber\n- Beim Kauf einer Pompompurin Special Edition Kette erhalten Sie eine Special Edition Geschenkbox mit abrei\u00dfbarer Gru\u00dfkarte (inklusive Geschenkkarte und Produktgarantie)\n- Verstellbare Verschluss-Design, passt sich perfekt Ihren Tragebed\u00fcrfnissen an\n- 925er Silber, abriebfest und verblasst nicht leicht\n- Funkelnde Kettenglieder-Design, unterstreicht die elegante Sch\u00f6nheit der Kette\n\n<b>Herstellungszeit und Versanddetails<\/b>\n- Jedes Produkt ben\u00f6tigt nur 1-5 Werktage zur Fertigstellung\n- Bei Bestellung heute kann die Sendung bereits morgen versandt werden\n- Nur erh\u00e4ltlich f\u00fcr Hongkong, Macau, Festlandchina, Japan, S\u00fcdkorea und S\u00fcdamerika (au\u00dfer Panama)","protected":false},"featured_media":377638,"comment_status":"open","ping_status":"closed","template":"","meta":{"inline_featured_image":false},"collection":[],"trending_cat":[],"product_cat":[85],"product_tag":[3298],"class_list":{"0":"post-377636","1":"product","2":"type-product","3":"status-publish","4":"has-post-thumbnail","6":"product_cat-925-silver-necklace","7":"product_tag-sanrio-pompompurin","9":"first","10":"instock","11":"sale","12":"shipping-taxable","13":"purchasable","14":"product-type-variable"},"yoast_head":"<!-- This site is optimized with the Yoast SEO plugin v23.4 - https:\/\/yoast.com\/wordpress\/plugins\/seo\/ -->\n<title>Pompompurin Personalisiertes 925 Sterling Silber Anh\u00e4nger Halskette - Pompompurin<\/title>\n<meta name=\"description\" content=\"Lassen Sie sich in einem sonnendurchfluteten Teeraum mit der Pompompurin-Sonderkollektion nieder, wo cremiger Komfort auf verspielte Eleganz trifft. Eine siebenteilige Kollektion \u2013 4 emaillierte Metallanh\u00e4nger und 3 Anh\u00e4nger aus 925 Sterling Silber \u2013 destilliert die gelassene Leichtigkeit einer Teegesellschaft, abgerundet mit einer puddingweichen Z\u00e4rtlichkeit in jedem Detail.\" \/>\n<meta name=\"robots\" content=\"index, follow, max-snippet:-1, max-image-preview:large, max-video-preview:-1\" \/>\n<link rel=\"canonical\" href=\"https:\/\/crudo-leather.com\/de\/product\/pompompurin-customized-925-silver-pendant-necklace-pompompurin\/\" \/>\n<meta property=\"og:locale\" content=\"en_US\" \/>\n<meta property=\"og:type\" content=\"article\" \/>\n<meta property=\"og:title\" content=\"Pompompurin Personalisiertes 925 Sterling Silber Anh\u00e4nger Halskette - Pompompurin\" \/>\n<meta property=\"og:description\" content=\"Lassen Sie sich in einem sonnendurchfluteten Teeraum mit der Pompompurin-Sonderkollektion nieder, wo cremiger Komfort auf verspielte Eleganz trifft. Eine siebenteilige Kollektion \u2013 4 emaillierte Metallanh\u00e4nger und 3 Anh\u00e4nger aus 925 Sterling Silber \u2013 destilliert die gelassene Leichtigkeit einer Teegesellschaft, abgerundet mit einer puddingweichen Z\u00e4rtlichkeit in jedem Detail.\" \/>\n<meta property=\"og:url\" content=\"https:\/\/crudo-leather.com\/product\/pompompurin-customized-925-silver-pendant-necklace-pompompurin\/\" \/>\n<meta property=\"og:site_name\" content=\"Crudo\" \/>\n<meta property=\"article:modified_time\" content=\"2026-03-19T06:04:00+00:00\" \/>\n<meta property=\"og:image\" content=\"https:\/\/crudo-leather.com\/wp-content\/uploads\/2025\/12\/Princess_WBG_02b.jpg\" \/>\n\t<meta property=\"og:image:width\" content=\"2000\" \/>\n\t<meta property=\"og:image:height\" content=\"2000\" \/>\n\t<meta property=\"og:image:type\" content=\"image\/jpeg\" \/>\n<meta name=\"twitter:card\" content=\"summary_large_image\" \/>\n<meta name=\"twitter:label1\" content=\"Est. reading time\" \/>\n\t<meta name=\"twitter:data1\" content=\"1 minute\" \/>\n<script type=\"application\/ld+json\" class=\"yoast-schema-graph\">{\"@context\":\"https:\/\/schema.org\",\"@graph\":[{\"@type\":\"WebPage\",\"@id\":\"https:\/\/crudo-leather.com\/product\/pompompurin-customized-925-silver-pendant-necklace-pompompurin\/\",\"url\":\"https:\/\/crudo-leather.com\/product\/pompompurin-customized-925-silver-pendant-necklace-pompompurin\/\",\"name\":\"Pompompurin Customized 925 Silver Pendant Necklace - Pompompurin\",\"isPartOf\":{\"@id\":\"https:\/\/crudo-leather.com\/#website\"},\"primaryImageOfPage\":{\"@id\":\"https:\/\/crudo-leather.com\/product\/pompompurin-customized-925-silver-pendant-necklace-pompompurin\/#primaryimage\"},\"image\":{\"@id\":\"https:\/\/crudo-leather.com\/product\/pompompurin-customized-925-silver-pendant-necklace-pompompurin\/#primaryimage\"},\"thumbnailUrl\":\"https:\/\/crudo-leather.com\/wp-content\/uploads\/2025\/12\/Princess_WBG_02b.jpg\",\"datePublished\":\"2025-12-22T07:51:35+00:00\",\"dateModified\":\"2026-03-19T06:04:00+00:00\",\"description\":\"Settle into a sunlit tea room with Pompompurin special collection, where creamy comfort meets playful elegance. A seven pieces lineup\u20144 pieces of enamel painted metal charms and 3 pieces of 925 sterling silver pendants\u2014distills the unhurried ease of a tea gathering, finished with a pudding\u2011smooth tenderness in every detail.\",\"breadcrumb\":{\"@id\":\"https:\/\/crudo-leather.com\/product\/pompompurin-customized-925-silver-pendant-necklace-pompompurin\/#breadcrumb\"},\"inLanguage\":\"en-US\",\"potentialAction\":[{\"@type\":\"ReadAction\",\"target\":[\"https:\/\/crudo-leather.com\/product\/pompompurin-customized-925-silver-pendant-necklace-pompompurin\/\"]}]},{\"@type\":\"ImageObject\",\"inLanguage\":\"en-US\",\"@id\":\"https:\/\/crudo-leather.com\/product\/pompompurin-customized-925-silver-pendant-necklace-pompompurin\/#primaryimage\",\"url\":\"https:\/\/crudo-leather.com\/wp-content\/uploads\/2025\/12\/Princess_WBG_02b.jpg\",\"contentUrl\":\"https:\/\/crudo-leather.com\/wp-content\/uploads\/2025\/12\/Princess_WBG_02b.jpg\",\"width\":2000,\"height\":2000},{\"@type\":\"BreadcrumbList\",\"@id\":\"https:\/\/crudo-leather.com\/product\/pompompurin-customized-925-silver-pendant-necklace-pompompurin\/#breadcrumb\",\"itemListElement\":[{\"@type\":\"ListItem\",\"position\":1,\"name\":\"Shop\",\"item\":\"https:\/\/crudo-leather.com\/shop\/\"},{\"@type\":\"ListItem\",\"position\":2,\"name\":\"Pompompurin Customized 925 Silver Pendant Necklace\"}]},{\"@type\":\"WebSite\",\"@id\":\"https:\/\/crudo-leather.com\/#website\",\"url\":\"https:\/\/crudo-leather.com\/\",\"name\":\"Crudo\",\"description\":\"\",\"potentialAction\":[{\"@type\":\"SearchAction\",\"target\":{\"@type\":\"EntryPoint\",\"urlTemplate\":\"https:\/\/crudo-leather.com\/?s={search_term_string}\"},\"query-input\":{\"@type\":\"PropertyValueSpecification\",\"valueRequired\":true,\"valueName\":\"search_term_string\"}}],\"inLanguage\":\"en-US\"}]}<\/script>\n<!-- \/ Yoast SEO plugin. -->","yoast_head_json":{"title":"Pompompurin Personalisiertes 925 Sterling Silber Anh\u00e4nger Halskette - Pompompurin","description":"Lassen Sie sich in einem sonnendurchfluteten Teeraum mit der Pompompurin-Sonderkollektion nieder, wo cremiger Komfort auf verspielte Eleganz trifft. Eine siebenteilige Kollektion \u2013 4 emaillierte Metallanh\u00e4nger und 3 Anh\u00e4nger aus 925 Sterling Silber \u2013 destilliert die gelassene Leichtigkeit einer Teegesellschaft, abgerundet mit einer puddingweichen Z\u00e4rtlichkeit in jedem Detail.","robots":{"index":"index","follow":"follow","max-snippet":"max-snippet:-1","max-image-preview":"max-image-preview:large","max-video-preview":"max-video-preview:-1"},"canonical":"https:\/\/crudo-leather.com\/de\/product\/pompompurin-customized-925-silver-pendant-necklace-pompompurin\/","og_locale":"en_US","og_type":"article","og_title":"Pompompurin Personalisiertes 925 Sterling Silber Anh\u00e4nger Halskette - Pompompurin","og_description":"Lassen Sie sich in einem sonnendurchfluteten Teeraum mit der Pompompurin-Sonderkollektion nieder, wo cremiger Komfort auf verspielte Eleganz trifft. Eine siebenteilige Kollektion \u2013 4 emaillierte Metallanh\u00e4nger und 3 Anh\u00e4nger aus 925 Sterling Silber \u2013 destilliert die gelassene Leichtigkeit einer Teegesellschaft, abgerundet mit einer puddingweichen Z\u00e4rtlichkeit in jedem Detail.","og_url":"https:\/\/crudo-leather.com\/product\/pompompurin-customized-925-silver-pendant-necklace-pompompurin\/","og_site_name":"Crudo","article_modified_time":"2026-03-19T06:04:00+00:00","og_image":[{"width":2000,"height":2000,"url":"https:\/\/crudo-leather.com\/wp-content\/uploads\/2025\/12\/Princess_WBG_02b.jpg","type":"image\/jpeg"}],"twitter_card":"summary_large_image","twitter_misc":{"Est. reading time":"1 minute"},"schema":{"@context":"https:\/\/schema.org","@graph":[{"@type":"WebPage","@id":"https:\/\/crudo-leather.com\/product\/pompompurin-customized-925-silver-pendant-necklace-pompompurin\/","url":"https:\/\/crudo-leather.com\/product\/pompompurin-customized-925-silver-pendant-necklace-pompompurin\/","name":"Pompompurin Customized 925 Silver Pendant Necklace - Pompompurin","isPartOf":{"@id":"https:\/\/crudo-leather.com\/#website"},"primaryImageOfPage":{"@id":"https:\/\/crudo-leather.com\/product\/pompompurin-customized-925-silver-pendant-necklace-pompompurin\/#primaryimage"},"image":{"@id":"https:\/\/crudo-leather.com\/product\/pompompurin-customized-925-silver-pendant-necklace-pompompurin\/#primaryimage"},"thumbnailUrl":"https:\/\/crudo-leather.com\/wp-content\/uploads\/2025\/12\/Princess_WBG_02b.jpg","datePublished":"2025-12-22T07:51:35+00:00","dateModified":"2026-03-19T06:04:00+00:00","description":"Settle into a sunlit tea room with Pompompurin special collection, where creamy comfort meets playful elegance. A seven pieces lineup\u20144 pieces of enamel painted metal charms and 3 pieces of 925 sterling silver pendants\u2014distills the unhurried ease of a tea gathering, finished with a pudding\u2011smooth tenderness in every detail.","breadcrumb":{"@id":"https:\/\/crudo-leather.com\/product\/pompompurin-customized-925-silver-pendant-necklace-pompompurin\/#breadcrumb"},"inLanguage":"en-US","potentialAction":[{"@type":"ReadAction","target":["https:\/\/crudo-leather.com\/product\/pompompurin-customized-925-silver-pendant-necklace-pompompurin\/"]}]},{"@type":"ImageObject","inLanguage":"en-US","@id":"https:\/\/crudo-leather.com\/product\/pompompurin-customized-925-silver-pendant-necklace-pompompurin\/#primaryimage","url":"https:\/\/crudo-leather.com\/wp-content\/uploads\/2025\/12\/Princess_WBG_02b.jpg","contentUrl":"https:\/\/crudo-leather.com\/wp-content\/uploads\/2025\/12\/Princess_WBG_02b.jpg","width":2000,"height":2000},{"@type":"BreadcrumbList","@id":"https:\/\/crudo-leather.com\/product\/pompompurin-customized-925-silver-pendant-necklace-pompompurin\/#breadcrumb","itemListElement":[{"@type":"ListItem","position":1,"name":"Shop","item":"https:\/\/crudo-leather.com\/shop\/"},{"@type":"ListItem","position":2,"name":"Pompompurin Customized 925 Silver Pendant Necklace"}]},{"@type":"WebSite","@id":"https:\/\/crudo-leather.com\/#website","url":"https:\/\/crudo-leather.com\/","name":"Crudo","description":"","potentialAction":[{"@type":"SearchAction","target":{"@type":"EntryPoint","urlTemplate":"https:\/\/crudo-leather.com\/?s={search_term_string}"},"query-input":{"@type":"PropertyValueSpecification","valueRequired":true,"valueName":"search_term_string"}}],"inLanguage":"en-US"}]}},"_links":{"self":[{"href":"https:\/\/crudo-leather.com\/de\/wp-json\/wp\/v2\/product\/377636"}],"collection":[{"href":"https:\/\/crudo-leather.com\/de\/wp-json\/wp\/v2\/product"}],"about":[{"href":"https:\/\/crudo-leather.com\/de\/wp-json\/wp\/v2\/types\/product"}],"replies":[{"embeddable":true,"href":"https:\/\/crudo-leather.com\/de\/wp-json\/wp\/v2\/comments?post=377636"}],"wp:featuredmedia":[{"embeddable":true,"href":"https:\/\/crudo-leather.com\/de\/wp-json\/wp\/v2\/media\/377638"}],"wp:attachment":[{"href":"https:\/\/crudo-leather.com\/de\/wp-json\/wp\/v2\/media?parent=377636"}],"wp:term":[{"taxonomy":"collection","embeddable":true,"href":"https:\/\/crudo-leather.com\/de\/wp-json\/wp\/v2\/collection?post=377636"},{"taxonomy":"trending_cat","embeddable":true,"href":"https:\/\/crudo-leather.com\/de\/wp-json\/wp\/v2\/trending_cat?post=377636"},{"taxonomy":"product_cat","embeddable":true,"href":"https:\/\/crudo-leather.com\/de\/wp-json\/wp\/v2\/product_cat?post=377636"},{"taxonomy":"product_tag","embeddable":true,"href":"https:\/\/crudo-leather.com\/de\/wp-json\/wp\/v2\/product_tag?post=377636"}],"curies":[{"name":"wp","href":"https:\/\/api.w.org\/{rel}","templated":true}]}}