{"id":378046,"date":"2025-12-23T16:02:05","date_gmt":"2025-12-23T08:02:05","guid":{"rendered":"https:\/\/crudo-leather.com\/?post_type=product&#038;p=378046"},"modified":"2026-01-08T15:00:00","modified_gmt":"2026-01-08T07:00:00","slug":"pompompurin-customized-italian-leather-wrap-bracelet-swan-white-rose-gold","status":"publish","type":"product","link":"https:\/\/crudo-leather.com\/de\/product\/pompompurin-customized-italian-leather-wrap-bracelet-swan-white-rose-gold\/","title":{"rendered":"Pompompurin Limited Edition ma\u00dfgefertigtes geflochtenes Lederarmband"},"content":{"rendered":"","protected":false},"excerpt":{"rendered":"**Bitte w\u00e4hlen Sie mindestens einen Pompompurin-Anh\u00e4nger, sonst wird das Produkt nur mit dem urspr\u00fcnglichen Crudo-Rundanh\u00e4nger geliefert und nicht mit der Special Edition-Geschenkbox.**\n\n<strong><u>Pompompurin Special Edition<\/u><\/strong>\nDer Duft von Nachmittagstee breitet sich wie Honig aus. Die Pompompurin Special Edition-Kollektion interpretiert mit feinem Glanz dezente S\u00fc\u00dfe und einen Hauch von Luxus. Inspiriert von entspanntem Nachmittagstee und cremigem Pudding umfasst die gesamte Kollektion 7 bunt lackierte Metall- und 925 Sterlingsilber-Anh\u00e4nger, die feinen Glanz und s\u00fc\u00dfe W\u00e4rme in den Fingerspitzen vereinen.\n\n<strong>Klicken Sie auf \"Zum Warenkorb hinzuf\u00fcgen und gestalten\", um Ihre Gravur zu personalisieren.<\/strong>\n\n- Offiziell lizenziertes Sanrio-Produkt\n- Verschiedene Pompompurin-Emaille-Metall- oder 925-Silber-Anh\u00e4nger k\u00f6nnen frei kombiniert und am Lederarmband befestigt werden\n- Beim Kauf eines Pompompurin Special Edition-Lederarmbands erhalten Sie eine Special Edition-Geschenkbox mit abziehbarer Gru\u00dfkarte (inklusive Geschenkkarte und Produktgarantie)\n- Hergestellt aus italienischem, geflochtenem Vollrindleder und feinstem 316L-Edelstahl\n- Kostenloser Gravurservice mit einer Auswahl an Schriftarten und Gravurvorschl\u00e4gen\n- Bleibt lange haltbar, verblasst und oxidiert nicht leicht\n- Ausgestattet mit Magnetverschluss und exklusivem, achteckig geschnittenem Design\n- Geeignet f\u00fcr Menschen mit empfindlicher Haut\n\nHinweis: Das Armband ist nicht f\u00fcr Kinder unter 3 Jahren geeignet.\n\n<strong>Produktionszeit und Versanddetails<\/strong>\n- Jedes Produkt ben\u00f6tigt nur 1-5 Werktage zur Herstellung\n- Bei Bestellung heute kann die Lieferung bereits morgen erfolgen\n- Nur erh\u00e4ltlich in Hongkong, Macau, Festlandchina, Japan, S\u00fcdkorea und S\u00fcdamerika (au\u00dfer Panama)","protected":false},"featured_media":378051,"comment_status":"open","ping_status":"closed","template":"","meta":{"inline_featured_image":false},"collection":[],"trending_cat":[],"product_cat":[17],"product_tag":[3298],"class_list":{"0":"post-378046","1":"product","2":"type-product","3":"status-publish","4":"has-post-thumbnail","6":"product_cat-bracelets-cuffs","7":"product_tag-sanrio-pompompurin","9":"first","10":"instock","11":"sale","12":"shipping-taxable","13":"purchasable","14":"product-type-variable"},"yoast_head":"<!-- This site is optimized with the Yoast SEO plugin v23.4 - https:\/\/yoast.com\/wordpress\/plugins\/seo\/ -->\n<title>Pompompurin Limited Edition ma\u00dfgefertigtes geflochtenes Lederarmband - Schwanenwei\u00df - Ros\u00e9gold<\/title>\n<meta name=\"description\" content=\"Der Duft des Nachmittagstees breitet sich wie Honig aus, die Pompompurin Special Edition Kollektion interpretiert mit feinem Glanz dezente S\u00fc\u00dfe und einen Hauch von Luxus. Inspiriert von entspannten Nachmittagstees und cremigen Puddings, umfasst die gesamte Kollektion 7 bunt lackierte Metall- und 925 Sterlingsilber-Anh\u00e4nger, die den feinen Glanz und die s\u00fc\u00dfe W\u00e4rme in den Fingerspitzen einfangen.\" \/>\n<meta name=\"robots\" content=\"index, follow, max-snippet:-1, max-image-preview:large, max-video-preview:-1\" \/>\n<link rel=\"canonical\" href=\"https:\/\/crudo-leather.com\/de\/product\/pompompurin-customized-italian-leather-wrap-bracelet-swan-white-rose-gold\/\" \/>\n<meta property=\"og:locale\" content=\"en_US\" \/>\n<meta property=\"og:type\" content=\"article\" \/>\n<meta property=\"og:title\" content=\"Pompompurin Limited Edition ma\u00dfgefertigtes geflochtenes Lederarmband - Schwanenwei\u00df - Ros\u00e9gold\" \/>\n<meta property=\"og:description\" content=\"Der Duft des Nachmittagstees breitet sich wie Honig aus, die Pompompurin Special Edition Kollektion interpretiert mit feinem Glanz dezente S\u00fc\u00dfe und einen Hauch von Luxus. Inspiriert von entspannten Nachmittagstees und cremigen Puddings, umfasst die gesamte Kollektion 7 bunt lackierte Metall- und 925 Sterlingsilber-Anh\u00e4nger, die den feinen Glanz und die s\u00fc\u00dfe W\u00e4rme in den Fingerspitzen einfangen.\" \/>\n<meta property=\"og:url\" content=\"https:\/\/crudo-leather.com\/product\/pompompurin-customized-italian-leather-wrap-bracelet-swan-white-rose-gold\/\" \/>\n<meta property=\"og:site_name\" content=\"Crudo\" \/>\n<meta property=\"article:modified_time\" content=\"2026-01-08T07:00:00+00:00\" \/>\n<meta property=\"og:image\" content=\"https:\/\/crudo-leather.com\/wp-content\/uploads\/2025\/12\/PPP_WBG_BRT01_WE_3D.jpg\" \/>\n\t<meta property=\"og:image:width\" content=\"2000\" \/>\n\t<meta property=\"og:image:height\" content=\"2000\" \/>\n\t<meta property=\"og:image:type\" content=\"image\/jpeg\" \/>\n<meta name=\"twitter:card\" content=\"summary_large_image\" \/>\n<meta name=\"twitter:label1\" content=\"Est. reading time\" \/>\n\t<meta name=\"twitter:data1\" content=\"1 minute\" \/>\n<script type=\"application\/ld+json\" class=\"yoast-schema-graph\">{\"@context\":\"https:\/\/schema.org\",\"@graph\":[{\"@type\":\"WebPage\",\"@id\":\"https:\/\/crudo-leather.com\/product\/pompompurin-customized-italian-leather-wrap-bracelet-swan-white-rose-gold\/\",\"url\":\"https:\/\/crudo-leather.com\/product\/pompompurin-customized-italian-leather-wrap-bracelet-swan-white-rose-gold\/\",\"name\":\"Pompompurin Customized Italian Leather Wrap Bracelet - Swan White - Rose Gold\",\"isPartOf\":{\"@id\":\"https:\/\/crudo-leather.com\/#website\"},\"primaryImageOfPage\":{\"@id\":\"https:\/\/crudo-leather.com\/product\/pompompurin-customized-italian-leather-wrap-bracelet-swan-white-rose-gold\/#primaryimage\"},\"image\":{\"@id\":\"https:\/\/crudo-leather.com\/product\/pompompurin-customized-italian-leather-wrap-bracelet-swan-white-rose-gold\/#primaryimage\"},\"thumbnailUrl\":\"https:\/\/crudo-leather.com\/wp-content\/uploads\/2025\/12\/PPP_WBG_BRT01_WE_3D.jpg\",\"datePublished\":\"2025-12-23T08:02:05+00:00\",\"dateModified\":\"2026-01-08T07:00:00+00:00\",\"description\":\"Settle into a sunlit tea room with Pompompurin special collection, where creamy comfort meets playful elegance. A seven pieces lineup\u20144 pieces of enamel painted metal charms and 3 pieces of 925 sterling silver pendants\u2014distills the unhurried ease of a tea gathering, finished with a pudding\u2011smooth tenderness in every detail.\",\"breadcrumb\":{\"@id\":\"https:\/\/crudo-leather.com\/product\/pompompurin-customized-italian-leather-wrap-bracelet-swan-white-rose-gold\/#breadcrumb\"},\"inLanguage\":\"en-US\",\"potentialAction\":[{\"@type\":\"ReadAction\",\"target\":[\"https:\/\/crudo-leather.com\/product\/pompompurin-customized-italian-leather-wrap-bracelet-swan-white-rose-gold\/\"]}]},{\"@type\":\"ImageObject\",\"inLanguage\":\"en-US\",\"@id\":\"https:\/\/crudo-leather.com\/product\/pompompurin-customized-italian-leather-wrap-bracelet-swan-white-rose-gold\/#primaryimage\",\"url\":\"https:\/\/crudo-leather.com\/wp-content\/uploads\/2025\/12\/PPP_WBG_BRT01_WE_3D.jpg\",\"contentUrl\":\"https:\/\/crudo-leather.com\/wp-content\/uploads\/2025\/12\/PPP_WBG_BRT01_WE_3D.jpg\",\"width\":2000,\"height\":2000},{\"@type\":\"BreadcrumbList\",\"@id\":\"https:\/\/crudo-leather.com\/product\/pompompurin-customized-italian-leather-wrap-bracelet-swan-white-rose-gold\/#breadcrumb\",\"itemListElement\":[{\"@type\":\"ListItem\",\"position\":1,\"name\":\"Shop\",\"item\":\"https:\/\/crudo-leather.com\/shop\/\"},{\"@type\":\"ListItem\",\"position\":2,\"name\":\"Pompompurin Customized Italian Leather Wrap Bracelet\"}]},{\"@type\":\"WebSite\",\"@id\":\"https:\/\/crudo-leather.com\/#website\",\"url\":\"https:\/\/crudo-leather.com\/\",\"name\":\"Crudo\",\"description\":\"\",\"potentialAction\":[{\"@type\":\"SearchAction\",\"target\":{\"@type\":\"EntryPoint\",\"urlTemplate\":\"https:\/\/crudo-leather.com\/?s={search_term_string}\"},\"query-input\":{\"@type\":\"PropertyValueSpecification\",\"valueRequired\":true,\"valueName\":\"search_term_string\"}}],\"inLanguage\":\"en-US\"}]}<\/script>\n<!-- \/ Yoast SEO plugin. -->","yoast_head_json":{"title":"Pompompurin Limited Edition ma\u00dfgefertigtes geflochtenes Lederarmband - Schwanenwei\u00df - Ros\u00e9gold","description":"Der Duft des Nachmittagstees breitet sich wie Honig aus, die Pompompurin Special Edition Kollektion interpretiert mit feinem Glanz dezente S\u00fc\u00dfe und einen Hauch von Luxus. Inspiriert von entspannten Nachmittagstees und cremigen Puddings, umfasst die gesamte Kollektion 7 bunt lackierte Metall- und 925 Sterlingsilber-Anh\u00e4nger, die den feinen Glanz und die s\u00fc\u00dfe W\u00e4rme in den Fingerspitzen einfangen.","robots":{"index":"index","follow":"follow","max-snippet":"max-snippet:-1","max-image-preview":"max-image-preview:large","max-video-preview":"max-video-preview:-1"},"canonical":"https:\/\/crudo-leather.com\/de\/product\/pompompurin-customized-italian-leather-wrap-bracelet-swan-white-rose-gold\/","og_locale":"en_US","og_type":"article","og_title":"Pompompurin Limited Edition ma\u00dfgefertigtes geflochtenes Lederarmband - Schwanenwei\u00df - Ros\u00e9gold","og_description":"Der Duft des Nachmittagstees breitet sich wie Honig aus, die Pompompurin Special Edition Kollektion interpretiert mit feinem Glanz dezente S\u00fc\u00dfe und einen Hauch von Luxus. Inspiriert von entspannten Nachmittagstees und cremigen Puddings, umfasst die gesamte Kollektion 7 bunt lackierte Metall- und 925 Sterlingsilber-Anh\u00e4nger, die den feinen Glanz und die s\u00fc\u00dfe W\u00e4rme in den Fingerspitzen einfangen.","og_url":"https:\/\/crudo-leather.com\/product\/pompompurin-customized-italian-leather-wrap-bracelet-swan-white-rose-gold\/","og_site_name":"Crudo","article_modified_time":"2026-01-08T07:00:00+00:00","og_image":[{"width":2000,"height":2000,"url":"https:\/\/crudo-leather.com\/wp-content\/uploads\/2025\/12\/PPP_WBG_BRT01_WE_3D.jpg","type":"image\/jpeg"}],"twitter_card":"summary_large_image","twitter_misc":{"Est. reading time":"1 minute"},"schema":{"@context":"https:\/\/schema.org","@graph":[{"@type":"WebPage","@id":"https:\/\/crudo-leather.com\/product\/pompompurin-customized-italian-leather-wrap-bracelet-swan-white-rose-gold\/","url":"https:\/\/crudo-leather.com\/product\/pompompurin-customized-italian-leather-wrap-bracelet-swan-white-rose-gold\/","name":"Pompompurin Customized Italian Leather Wrap Bracelet - Swan White - Rose Gold","isPartOf":{"@id":"https:\/\/crudo-leather.com\/#website"},"primaryImageOfPage":{"@id":"https:\/\/crudo-leather.com\/product\/pompompurin-customized-italian-leather-wrap-bracelet-swan-white-rose-gold\/#primaryimage"},"image":{"@id":"https:\/\/crudo-leather.com\/product\/pompompurin-customized-italian-leather-wrap-bracelet-swan-white-rose-gold\/#primaryimage"},"thumbnailUrl":"https:\/\/crudo-leather.com\/wp-content\/uploads\/2025\/12\/PPP_WBG_BRT01_WE_3D.jpg","datePublished":"2025-12-23T08:02:05+00:00","dateModified":"2026-01-08T07:00:00+00:00","description":"Settle into a sunlit tea room with Pompompurin special collection, where creamy comfort meets playful elegance. A seven pieces lineup\u20144 pieces of enamel painted metal charms and 3 pieces of 925 sterling silver pendants\u2014distills the unhurried ease of a tea gathering, finished with a pudding\u2011smooth tenderness in every detail.","breadcrumb":{"@id":"https:\/\/crudo-leather.com\/product\/pompompurin-customized-italian-leather-wrap-bracelet-swan-white-rose-gold\/#breadcrumb"},"inLanguage":"en-US","potentialAction":[{"@type":"ReadAction","target":["https:\/\/crudo-leather.com\/product\/pompompurin-customized-italian-leather-wrap-bracelet-swan-white-rose-gold\/"]}]},{"@type":"ImageObject","inLanguage":"en-US","@id":"https:\/\/crudo-leather.com\/product\/pompompurin-customized-italian-leather-wrap-bracelet-swan-white-rose-gold\/#primaryimage","url":"https:\/\/crudo-leather.com\/wp-content\/uploads\/2025\/12\/PPP_WBG_BRT01_WE_3D.jpg","contentUrl":"https:\/\/crudo-leather.com\/wp-content\/uploads\/2025\/12\/PPP_WBG_BRT01_WE_3D.jpg","width":2000,"height":2000},{"@type":"BreadcrumbList","@id":"https:\/\/crudo-leather.com\/product\/pompompurin-customized-italian-leather-wrap-bracelet-swan-white-rose-gold\/#breadcrumb","itemListElement":[{"@type":"ListItem","position":1,"name":"Shop","item":"https:\/\/crudo-leather.com\/shop\/"},{"@type":"ListItem","position":2,"name":"Pompompurin Customized Italian Leather Wrap Bracelet"}]},{"@type":"WebSite","@id":"https:\/\/crudo-leather.com\/#website","url":"https:\/\/crudo-leather.com\/","name":"Crudo","description":"","potentialAction":[{"@type":"SearchAction","target":{"@type":"EntryPoint","urlTemplate":"https:\/\/crudo-leather.com\/?s={search_term_string}"},"query-input":{"@type":"PropertyValueSpecification","valueRequired":true,"valueName":"search_term_string"}}],"inLanguage":"en-US"}]}},"_links":{"self":[{"href":"https:\/\/crudo-leather.com\/de\/wp-json\/wp\/v2\/product\/378046"}],"collection":[{"href":"https:\/\/crudo-leather.com\/de\/wp-json\/wp\/v2\/product"}],"about":[{"href":"https:\/\/crudo-leather.com\/de\/wp-json\/wp\/v2\/types\/product"}],"replies":[{"embeddable":true,"href":"https:\/\/crudo-leather.com\/de\/wp-json\/wp\/v2\/comments?post=378046"}],"wp:featuredmedia":[{"embeddable":true,"href":"https:\/\/crudo-leather.com\/de\/wp-json\/wp\/v2\/media\/378051"}],"wp:attachment":[{"href":"https:\/\/crudo-leather.com\/de\/wp-json\/wp\/v2\/media?parent=378046"}],"wp:term":[{"taxonomy":"collection","embeddable":true,"href":"https:\/\/crudo-leather.com\/de\/wp-json\/wp\/v2\/collection?post=378046"},{"taxonomy":"trending_cat","embeddable":true,"href":"https:\/\/crudo-leather.com\/de\/wp-json\/wp\/v2\/trending_cat?post=378046"},{"taxonomy":"product_cat","embeddable":true,"href":"https:\/\/crudo-leather.com\/de\/wp-json\/wp\/v2\/product_cat?post=378046"},{"taxonomy":"product_tag","embeddable":true,"href":"https:\/\/crudo-leather.com\/de\/wp-json\/wp\/v2\/product_tag?post=378046"}],"curies":[{"name":"wp","href":"https:\/\/api.w.org\/{rel}","templated":true}]}}