{"id":378794,"date":"2025-12-25T11:52:52","date_gmt":"2025-12-25T03:52:52","guid":{"rendered":"https:\/\/crudo-leather.com\/?post_type=product&#038;p=378794"},"modified":"2025-12-29T17:47:43","modified_gmt":"2025-12-29T09:47:43","slug":"pompompurin-customized-leather-keychain-jet-black-white-gold","status":"publish","type":"product","link":"https:\/\/crudo-leather.com\/de\/product\/pompompurin-customized-leather-keychain-jet-black-white-gold\/","title":{"rendered":"Pompompurin Limited Edition personalisiertes geflochtenes Leder Schl\u00fcsselanh\u00e4nger"},"content":{"rendered":"","protected":false},"excerpt":{"rendered":"**Bitte w\u00e4hlen Sie mindestens einen Pompompurin-Anh\u00e4nger aus, sonst wird das Produkt nur mit dem urspr\u00fcnglichen Crudo-Rundanh\u00e4nger geliefert und nicht mit der Special Edition-Geschenkbox.**\n\n<strong><u>Pompompurin Special Edition<\/u><\/strong>\nDer Duft des Nachmittagstees breitet sich honigs\u00fc\u00df aus. Die Pompompurin Special Edition-Kollektion interpretiert mit feinem Glanz dezente S\u00fc\u00dfe und einen Hauch von Luxus. Inspiriert von entspannten Nachmittagstees und cremigem Pudding umfasst die gesamte Kollektion 7 bunt lackierte Metall- und 925 Sterlingsilber-Anh\u00e4nger, die den zarten Glanz und die warme S\u00fc\u00dfe in Ihren H\u00e4nden vereinen.\n\n<strong>Klicken Sie auf \"Zum Warenkorb hinzuf\u00fcgen und gestalten\", um Ihren Gravurtext zu personalisieren.<\/strong>\n\n- Offiziell lizenziertes Sanrio-Produkt\n- Verschiedene Pompompurin-Emaille-Metall- oder 925-Silber-Anh\u00e4nger k\u00f6nnen frei kombiniert und am Schl\u00fcsselbund befestigt werden\n- Beim Kauf eines Pompompurin Special Edition-Schl\u00fcsselbunds erhalten Sie eine Special Edition-Geschenkbox mit abziehbarer Gru\u00dfkarte (inklusive Geschenkkarte und Produktgarantie)\n- Kostenloser Gravurservice, verschiedene Schriftarten und Gravurvorschl\u00e4ge zur Auswahl\n- Handgefertigt aus italienischem, geflochtenem Vollnarbenleder, erweiterbar zum Anschluss verschiedener Gegenst\u00e4nde\n- Exklusives kleines Achteck-Metall-Cut-Out-Design\n- Vereinigt Kunst, Mode und Funktionalit\u00e4t im Design\n\n<strong>Herstellungszeit und Versanddetails<\/strong>\n- Jedes Produkt ben\u00f6tigt nur 1-5 Werktage zur Herstellung\n- Bei Bestellung heute kann der Versand bereits morgen erfolgen\n- Nur erh\u00e4ltlich in Hongkong, Macau, Festlandchina, Japan, S\u00fcdkorea und S\u00fcdamerika (au\u00dfer Panama)","protected":false},"featured_media":378786,"comment_status":"open","ping_status":"closed","template":"","meta":{"inline_featured_image":false},"collection":[],"trending_cat":[],"product_cat":[89],"product_tag":[3298],"class_list":{"0":"post-378794","1":"product","2":"type-product","3":"status-publish","4":"has-post-thumbnail","6":"product_cat-others-accessories","7":"product_tag-sanrio-pompompurin","9":"first","10":"instock","11":"sale","12":"shipping-taxable","13":"purchasable","14":"product-type-variable"},"yoast_head":"<!-- This site is optimized with the Yoast SEO plugin v23.4 - https:\/\/yoast.com\/wordpress\/plugins\/seo\/ -->\n<title>Pompompurin Limited Edition personalisiertes geflochtenes Leder Schl\u00fcsselanh\u00e4nger - Schwarz - Platin<\/title>\n<meta name=\"description\" content=\"Der Duft des Nachmittagstees breitet sich wie Honig aus, die Pompompurin Special Edition Kollektion interpretiert mit feinem Glanz dezente S\u00fc\u00dfe und einen Hauch von Luxus. Inspiriert von entspannten Nachmittagstees und cremigen Puddings, umfasst die gesamte Kollektion 7 bunt lackierte Metall- und 925 Sterlingsilber-Anh\u00e4nger, die den feinen Glanz und die s\u00fc\u00dfe W\u00e4rme in den Fingerspitzen einfangen.\" \/>\n<meta name=\"robots\" content=\"index, follow, max-snippet:-1, max-image-preview:large, max-video-preview:-1\" \/>\n<link rel=\"canonical\" href=\"https:\/\/crudo-leather.com\/de\/product\/pompompurin-customized-leather-keychain-jet-black-white-gold\/\" \/>\n<meta property=\"og:locale\" content=\"en_US\" \/>\n<meta property=\"og:type\" content=\"article\" \/>\n<meta property=\"og:title\" content=\"Pompompurin Limited Edition personalisiertes geflochtenes Leder Schl\u00fcsselanh\u00e4nger - Schwarz - Platin\" \/>\n<meta property=\"og:description\" content=\"Der Duft des Nachmittagstees breitet sich wie Honig aus, die Pompompurin Special Edition Kollektion interpretiert mit feinem Glanz dezente S\u00fc\u00dfe und einen Hauch von Luxus. Inspiriert von entspannten Nachmittagstees und cremigen Puddings, umfasst die gesamte Kollektion 7 bunt lackierte Metall- und 925 Sterlingsilber-Anh\u00e4nger, die den feinen Glanz und die s\u00fc\u00dfe W\u00e4rme in den Fingerspitzen einfangen.\" \/>\n<meta property=\"og:url\" content=\"https:\/\/crudo-leather.com\/product\/pompompurin-customized-leather-keychain-jet-black-white-gold\/\" \/>\n<meta property=\"og:site_name\" content=\"Crudo\" \/>\n<meta property=\"article:modified_time\" content=\"2025-12-29T09:47:43+00:00\" \/>\n<meta property=\"og:image\" content=\"https:\/\/crudo-leather.com\/wp-content\/uploads\/2025\/12\/PPP_KEC01_BLK_Front.jpg\" \/>\n\t<meta property=\"og:image:width\" content=\"2000\" \/>\n\t<meta property=\"og:image:height\" content=\"2000\" \/>\n\t<meta property=\"og:image:type\" content=\"image\/jpeg\" \/>\n<meta name=\"twitter:card\" content=\"summary_large_image\" \/>\n<meta name=\"twitter:label1\" content=\"Est. reading time\" \/>\n\t<meta name=\"twitter:data1\" content=\"1 minute\" \/>\n<script type=\"application\/ld+json\" class=\"yoast-schema-graph\">{\"@context\":\"https:\/\/schema.org\",\"@graph\":[{\"@type\":\"WebPage\",\"@id\":\"https:\/\/crudo-leather.com\/product\/pompompurin-customized-leather-keychain-jet-black-white-gold\/\",\"url\":\"https:\/\/crudo-leather.com\/product\/pompompurin-customized-leather-keychain-jet-black-white-gold\/\",\"name\":\"Pompompurin Customized Leather Keychain - Jet Black - White Gold\",\"isPartOf\":{\"@id\":\"https:\/\/crudo-leather.com\/#website\"},\"primaryImageOfPage\":{\"@id\":\"https:\/\/crudo-leather.com\/product\/pompompurin-customized-leather-keychain-jet-black-white-gold\/#primaryimage\"},\"image\":{\"@id\":\"https:\/\/crudo-leather.com\/product\/pompompurin-customized-leather-keychain-jet-black-white-gold\/#primaryimage\"},\"thumbnailUrl\":\"https:\/\/crudo-leather.com\/wp-content\/uploads\/2025\/12\/PPP_KEC01_BLK_Front.jpg\",\"datePublished\":\"2025-12-25T03:52:52+00:00\",\"dateModified\":\"2025-12-29T09:47:43+00:00\",\"description\":\"Afternoon tea lingers, honey\u2011sweet. Inspired by cozy tea gatherings and caramel pudding, the collection of enamel\u2011painted metal charms and 925 sterling silver pendants\u2014distills delicate luster and warm sweetness at your fingertips.\",\"breadcrumb\":{\"@id\":\"https:\/\/crudo-leather.com\/product\/pompompurin-customized-leather-keychain-jet-black-white-gold\/#breadcrumb\"},\"inLanguage\":\"en-US\",\"potentialAction\":[{\"@type\":\"ReadAction\",\"target\":[\"https:\/\/crudo-leather.com\/product\/pompompurin-customized-leather-keychain-jet-black-white-gold\/\"]}]},{\"@type\":\"ImageObject\",\"inLanguage\":\"en-US\",\"@id\":\"https:\/\/crudo-leather.com\/product\/pompompurin-customized-leather-keychain-jet-black-white-gold\/#primaryimage\",\"url\":\"https:\/\/crudo-leather.com\/wp-content\/uploads\/2025\/12\/PPP_KEC01_BLK_Front.jpg\",\"contentUrl\":\"https:\/\/crudo-leather.com\/wp-content\/uploads\/2025\/12\/PPP_KEC01_BLK_Front.jpg\",\"width\":2000,\"height\":2000},{\"@type\":\"BreadcrumbList\",\"@id\":\"https:\/\/crudo-leather.com\/product\/pompompurin-customized-leather-keychain-jet-black-white-gold\/#breadcrumb\",\"itemListElement\":[{\"@type\":\"ListItem\",\"position\":1,\"name\":\"Shop\",\"item\":\"https:\/\/crudo-leather.com\/shop\/\"},{\"@type\":\"ListItem\",\"position\":2,\"name\":\"Pompompurin Customized Leather Keychain\"}]},{\"@type\":\"WebSite\",\"@id\":\"https:\/\/crudo-leather.com\/#website\",\"url\":\"https:\/\/crudo-leather.com\/\",\"name\":\"Crudo\",\"description\":\"\",\"potentialAction\":[{\"@type\":\"SearchAction\",\"target\":{\"@type\":\"EntryPoint\",\"urlTemplate\":\"https:\/\/crudo-leather.com\/?s={search_term_string}\"},\"query-input\":{\"@type\":\"PropertyValueSpecification\",\"valueRequired\":true,\"valueName\":\"search_term_string\"}}],\"inLanguage\":\"en-US\"}]}<\/script>\n<!-- \/ Yoast SEO plugin. -->","yoast_head_json":{"title":"Pompompurin Limited Edition personalisiertes geflochtenes Leder Schl\u00fcsselanh\u00e4nger - Schwarz - Platin","description":"Der Duft des Nachmittagstees breitet sich wie Honig aus, die Pompompurin Special Edition Kollektion interpretiert mit feinem Glanz dezente S\u00fc\u00dfe und einen Hauch von Luxus. Inspiriert von entspannten Nachmittagstees und cremigen Puddings, umfasst die gesamte Kollektion 7 bunt lackierte Metall- und 925 Sterlingsilber-Anh\u00e4nger, die den feinen Glanz und die s\u00fc\u00dfe W\u00e4rme in den Fingerspitzen einfangen.","robots":{"index":"index","follow":"follow","max-snippet":"max-snippet:-1","max-image-preview":"max-image-preview:large","max-video-preview":"max-video-preview:-1"},"canonical":"https:\/\/crudo-leather.com\/de\/product\/pompompurin-customized-leather-keychain-jet-black-white-gold\/","og_locale":"en_US","og_type":"article","og_title":"Pompompurin Limited Edition personalisiertes geflochtenes Leder Schl\u00fcsselanh\u00e4nger - Schwarz - Platin","og_description":"Der Duft des Nachmittagstees breitet sich wie Honig aus, die Pompompurin Special Edition Kollektion interpretiert mit feinem Glanz dezente S\u00fc\u00dfe und einen Hauch von Luxus. Inspiriert von entspannten Nachmittagstees und cremigen Puddings, umfasst die gesamte Kollektion 7 bunt lackierte Metall- und 925 Sterlingsilber-Anh\u00e4nger, die den feinen Glanz und die s\u00fc\u00dfe W\u00e4rme in den Fingerspitzen einfangen.","og_url":"https:\/\/crudo-leather.com\/product\/pompompurin-customized-leather-keychain-jet-black-white-gold\/","og_site_name":"Crudo","article_modified_time":"2025-12-29T09:47:43+00:00","og_image":[{"width":2000,"height":2000,"url":"https:\/\/crudo-leather.com\/wp-content\/uploads\/2025\/12\/PPP_KEC01_BLK_Front.jpg","type":"image\/jpeg"}],"twitter_card":"summary_large_image","twitter_misc":{"Est. reading time":"1 minute"},"schema":{"@context":"https:\/\/schema.org","@graph":[{"@type":"WebPage","@id":"https:\/\/crudo-leather.com\/product\/pompompurin-customized-leather-keychain-jet-black-white-gold\/","url":"https:\/\/crudo-leather.com\/product\/pompompurin-customized-leather-keychain-jet-black-white-gold\/","name":"Pompompurin Customized Leather Keychain - Jet Black - White Gold","isPartOf":{"@id":"https:\/\/crudo-leather.com\/#website"},"primaryImageOfPage":{"@id":"https:\/\/crudo-leather.com\/product\/pompompurin-customized-leather-keychain-jet-black-white-gold\/#primaryimage"},"image":{"@id":"https:\/\/crudo-leather.com\/product\/pompompurin-customized-leather-keychain-jet-black-white-gold\/#primaryimage"},"thumbnailUrl":"https:\/\/crudo-leather.com\/wp-content\/uploads\/2025\/12\/PPP_KEC01_BLK_Front.jpg","datePublished":"2025-12-25T03:52:52+00:00","dateModified":"2025-12-29T09:47:43+00:00","description":"Afternoon tea lingers, honey\u2011sweet. Inspired by cozy tea gatherings and caramel pudding, the collection of enamel\u2011painted metal charms and 925 sterling silver pendants\u2014distills delicate luster and warm sweetness at your fingertips.","breadcrumb":{"@id":"https:\/\/crudo-leather.com\/product\/pompompurin-customized-leather-keychain-jet-black-white-gold\/#breadcrumb"},"inLanguage":"en-US","potentialAction":[{"@type":"ReadAction","target":["https:\/\/crudo-leather.com\/product\/pompompurin-customized-leather-keychain-jet-black-white-gold\/"]}]},{"@type":"ImageObject","inLanguage":"en-US","@id":"https:\/\/crudo-leather.com\/product\/pompompurin-customized-leather-keychain-jet-black-white-gold\/#primaryimage","url":"https:\/\/crudo-leather.com\/wp-content\/uploads\/2025\/12\/PPP_KEC01_BLK_Front.jpg","contentUrl":"https:\/\/crudo-leather.com\/wp-content\/uploads\/2025\/12\/PPP_KEC01_BLK_Front.jpg","width":2000,"height":2000},{"@type":"BreadcrumbList","@id":"https:\/\/crudo-leather.com\/product\/pompompurin-customized-leather-keychain-jet-black-white-gold\/#breadcrumb","itemListElement":[{"@type":"ListItem","position":1,"name":"Shop","item":"https:\/\/crudo-leather.com\/shop\/"},{"@type":"ListItem","position":2,"name":"Pompompurin Customized Leather Keychain"}]},{"@type":"WebSite","@id":"https:\/\/crudo-leather.com\/#website","url":"https:\/\/crudo-leather.com\/","name":"Crudo","description":"","potentialAction":[{"@type":"SearchAction","target":{"@type":"EntryPoint","urlTemplate":"https:\/\/crudo-leather.com\/?s={search_term_string}"},"query-input":{"@type":"PropertyValueSpecification","valueRequired":true,"valueName":"search_term_string"}}],"inLanguage":"en-US"}]}},"_links":{"self":[{"href":"https:\/\/crudo-leather.com\/de\/wp-json\/wp\/v2\/product\/378794"}],"collection":[{"href":"https:\/\/crudo-leather.com\/de\/wp-json\/wp\/v2\/product"}],"about":[{"href":"https:\/\/crudo-leather.com\/de\/wp-json\/wp\/v2\/types\/product"}],"replies":[{"embeddable":true,"href":"https:\/\/crudo-leather.com\/de\/wp-json\/wp\/v2\/comments?post=378794"}],"wp:featuredmedia":[{"embeddable":true,"href":"https:\/\/crudo-leather.com\/de\/wp-json\/wp\/v2\/media\/378786"}],"wp:attachment":[{"href":"https:\/\/crudo-leather.com\/de\/wp-json\/wp\/v2\/media?parent=378794"}],"wp:term":[{"taxonomy":"collection","embeddable":true,"href":"https:\/\/crudo-leather.com\/de\/wp-json\/wp\/v2\/collection?post=378794"},{"taxonomy":"trending_cat","embeddable":true,"href":"https:\/\/crudo-leather.com\/de\/wp-json\/wp\/v2\/trending_cat?post=378794"},{"taxonomy":"product_cat","embeddable":true,"href":"https:\/\/crudo-leather.com\/de\/wp-json\/wp\/v2\/product_cat?post=378794"},{"taxonomy":"product_tag","embeddable":true,"href":"https:\/\/crudo-leather.com\/de\/wp-json\/wp\/v2\/product_tag?post=378794"}],"curies":[{"name":"wp","href":"https:\/\/api.w.org\/{rel}","templated":true}]}}