{"id":384489,"date":"2026-01-15T10:22:14","date_gmt":"2026-01-15T02:22:14","guid":{"rendered":"https:\/\/crudo-leather.com\/?post_type=product&#038;p=384489"},"modified":"2026-03-19T16:29:06","modified_gmt":"2026-03-19T08:29:06","slug":"crayon-shinchan-925-silver-pendant-necklace-action-kamen-shinchan-3d-edition","status":"publish","type":"product","link":"https:\/\/crudo-leather.com\/de\/product\/crayon-shinchan-925-silver-pendant-necklace-action-kamen-shinchan-3d-edition\/","title":{"rendered":"Crayon Shinchan 925 Sterlingsilber Anh\u00e4nger Halskette"},"content":{"rendered":"","protected":false},"excerpt":{"rendered":"<strong><u>Crayon Shinchan x Crudo<\/u><\/strong>\nCrudo kooperiert mit der beliebten japanischen Cartoon-Figur \"Crayon Shinchan\" und pr\u00e4sentiert unter dem Motto \"Time to Play\" eine Reihe von lustigen und niedlichen Lederaccessoires. In Kombination mit dem exklusiven Customizing-Service von Crudo verwandeln sich Shinchan und seine Freunde und Familie in verschiedene Formen und werden zu filigranen Metallanh\u00e4ngern, die frei mit dem preisgekr\u00f6nten Lederarmband kombiniert werden k\u00f6nnen, um Ihren t\u00e4glichen Schmuck noch unterhaltsamer zu gestalten!\n\n<strong>Klicken Sie auf \"In den Warenkorb legen und gestalten\", um Ihren Gravurtext zu entwerfen<\/strong>\n\n- Offiziell lizenzierte Crayon Shinchan-Produkte aus Japan\n- Crayon Shinchan Anh\u00e4ngerhalskette aus Sterling Silber\n- Beim Kauf einer Crayon Shinchan Anh\u00e4ngerhalskette erhalten Sie eine limitierte Crayon Shinchan Geschenkbox mit abrei\u00dfbarer Gru\u00dfkarte (inklusive Geschenkkarte und Produktgarantie)\n- Verstellbare Verschlussdesign, perfekt an Ihre Tragebed\u00fcrfnisse angepasst\n- 925 Sterling Silber, abriebfest und verblasst nicht\n- Glitzernde Kettendesign, betont die Eleganz und Sch\u00f6nheit der Halskette\n\n<strong>Produktionszeit und Versanddetails<\/strong>\n- Jedes Produkt ben\u00f6tigt nur 1-5 Werktage zur Fertigstellung\n- Bei Bestellung heute kann die Lieferung bereits morgen erfolgen\n- Nur in Hongkong, Taiwan und Macau erh\u00e4ltlich","protected":false},"featured_media":384525,"comment_status":"open","ping_status":"closed","template":"","meta":{"inline_featured_image":false},"collection":[],"trending_cat":[],"product_cat":[85],"product_tag":[101],"class_list":{"0":"post-384489","1":"product","2":"type-product","3":"status-publish","4":"has-post-thumbnail","6":"product_cat-925-silver-necklace","7":"product_tag-crayon-shinchan","9":"first","10":"instock","11":"sale","12":"shipping-taxable","13":"purchasable","14":"product-type-variable"},"yoast_head":"<!-- This site is optimized with the Yoast SEO plugin v23.4 - https:\/\/yoast.com\/wordpress\/plugins\/seo\/ -->\n<title>Crayon Shinchan 925 Sterlingsilber Anh\u00e4nger Halskette - Crudo<\/title>\n<meta name=\"description\" content=\"Settle into a sunlit tea room with Pompompurin special collection, where creamy comfort meets playful elegance. A seven pieces lineup\u20144 pieces of enamel painted metal charms and 3 pieces of 925 sterling silver pendants\u2014distills the unhurried ease of a tea gathering, finished with a pudding\u2011smooth tenderness in every detail.\" \/>\n<meta name=\"robots\" content=\"index, follow, max-snippet:-1, max-image-preview:large, max-video-preview:-1\" \/>\n<link rel=\"canonical\" href=\"https:\/\/crudo-leather.com\/de\/product\/crayon-shinchan-925-silver-pendant-necklace-action-kamen-shinchan-3d-edition\/\" \/>\n<meta property=\"og:locale\" content=\"en_US\" \/>\n<meta property=\"og:type\" content=\"article\" \/>\n<meta property=\"og:title\" content=\"Crayon Shinchan 925 Sterlingsilber Anh\u00e4nger Halskette - Crudo\" \/>\n<meta property=\"og:description\" content=\"Settle into a sunlit tea room with Pompompurin special collection, where creamy comfort meets playful elegance. A seven pieces lineup\u20144 pieces of enamel painted metal charms and 3 pieces of 925 sterling silver pendants\u2014distills the unhurried ease of a tea gathering, finished with a pudding\u2011smooth tenderness in every detail.\" \/>\n<meta property=\"og:url\" content=\"https:\/\/crudo-leather.com\/product\/crayon-shinchan-925-silver-pendant-necklace-action-kamen-shinchan-3d-edition\/\" \/>\n<meta property=\"og:site_name\" content=\"Crudo\" \/>\n<meta property=\"article:modified_time\" content=\"2026-03-19T08:29:06+00:00\" \/>\n<meta property=\"og:image\" content=\"https:\/\/crudo-leather.com\/wp-content\/uploads\/2026\/01\/CSC_Necklace_03.jpg\" \/>\n\t<meta property=\"og:image:width\" content=\"2000\" \/>\n\t<meta property=\"og:image:height\" content=\"2000\" \/>\n\t<meta property=\"og:image:type\" content=\"image\/jpeg\" \/>\n<meta name=\"twitter:card\" content=\"summary_large_image\" \/>\n<meta name=\"twitter:label1\" content=\"Est. reading time\" \/>\n\t<meta name=\"twitter:data1\" content=\"1 minute\" \/>\n<script type=\"application\/ld+json\" class=\"yoast-schema-graph\">{\"@context\":\"https:\/\/schema.org\",\"@graph\":[{\"@type\":\"WebPage\",\"@id\":\"https:\/\/crudo-leather.com\/product\/crayon-shinchan-925-silver-pendant-necklace-action-kamen-shinchan-3d-edition\/\",\"url\":\"https:\/\/crudo-leather.com\/product\/crayon-shinchan-925-silver-pendant-necklace-action-kamen-shinchan-3d-edition\/\",\"name\":\"Crayon Shinchan 925 Silver Pendant Necklace - Action Kamen Shinchan (3D Edition)\",\"isPartOf\":{\"@id\":\"https:\/\/crudo-leather.com\/#website\"},\"primaryImageOfPage\":{\"@id\":\"https:\/\/crudo-leather.com\/product\/crayon-shinchan-925-silver-pendant-necklace-action-kamen-shinchan-3d-edition\/#primaryimage\"},\"image\":{\"@id\":\"https:\/\/crudo-leather.com\/product\/crayon-shinchan-925-silver-pendant-necklace-action-kamen-shinchan-3d-edition\/#primaryimage\"},\"thumbnailUrl\":\"https:\/\/crudo-leather.com\/wp-content\/uploads\/2026\/01\/CSC_Necklace_03.jpg\",\"datePublished\":\"2026-01-15T02:22:14+00:00\",\"dateModified\":\"2026-03-19T08:29:06+00:00\",\"description\":\"Settle into a sunlit tea room with Pompompurin special collection, where creamy comfort meets playful elegance. A seven pieces lineup\u20144 pieces of enamel painted metal charms and 3 pieces of 925 sterling silver pendants\u2014distills the unhurried ease of a tea gathering, finished with a pudding\u2011smooth tenderness in every detail.\",\"breadcrumb\":{\"@id\":\"https:\/\/crudo-leather.com\/product\/crayon-shinchan-925-silver-pendant-necklace-action-kamen-shinchan-3d-edition\/#breadcrumb\"},\"inLanguage\":\"en-US\",\"potentialAction\":[{\"@type\":\"ReadAction\",\"target\":[\"https:\/\/crudo-leather.com\/product\/crayon-shinchan-925-silver-pendant-necklace-action-kamen-shinchan-3d-edition\/\"]}]},{\"@type\":\"ImageObject\",\"inLanguage\":\"en-US\",\"@id\":\"https:\/\/crudo-leather.com\/product\/crayon-shinchan-925-silver-pendant-necklace-action-kamen-shinchan-3d-edition\/#primaryimage\",\"url\":\"https:\/\/crudo-leather.com\/wp-content\/uploads\/2026\/01\/CSC_Necklace_03.jpg\",\"contentUrl\":\"https:\/\/crudo-leather.com\/wp-content\/uploads\/2026\/01\/CSC_Necklace_03.jpg\",\"width\":2000,\"height\":2000},{\"@type\":\"BreadcrumbList\",\"@id\":\"https:\/\/crudo-leather.com\/product\/crayon-shinchan-925-silver-pendant-necklace-action-kamen-shinchan-3d-edition\/#breadcrumb\",\"itemListElement\":[{\"@type\":\"ListItem\",\"position\":1,\"name\":\"Shop\",\"item\":\"https:\/\/crudo-leather.com\/shop\/\"},{\"@type\":\"ListItem\",\"position\":2,\"name\":\"Crayon Shinchan 925 Silver Pendant Necklace\"}]},{\"@type\":\"WebSite\",\"@id\":\"https:\/\/crudo-leather.com\/#website\",\"url\":\"https:\/\/crudo-leather.com\/\",\"name\":\"Crudo\",\"description\":\"\",\"potentialAction\":[{\"@type\":\"SearchAction\",\"target\":{\"@type\":\"EntryPoint\",\"urlTemplate\":\"https:\/\/crudo-leather.com\/?s={search_term_string}\"},\"query-input\":{\"@type\":\"PropertyValueSpecification\",\"valueRequired\":true,\"valueName\":\"search_term_string\"}}],\"inLanguage\":\"en-US\"}]}<\/script>\n<!-- \/ Yoast SEO plugin. -->","yoast_head_json":{"title":"Crayon Shinchan 925 Sterlingsilber Anh\u00e4nger Halskette - Crudo","description":"Settle into a sunlit tea room with Pompompurin special collection, where creamy comfort meets playful elegance. A seven pieces lineup\u20144 pieces of enamel painted metal charms and 3 pieces of 925 sterling silver pendants\u2014distills the unhurried ease of a tea gathering, finished with a pudding\u2011smooth tenderness in every detail.","robots":{"index":"index","follow":"follow","max-snippet":"max-snippet:-1","max-image-preview":"max-image-preview:large","max-video-preview":"max-video-preview:-1"},"canonical":"https:\/\/crudo-leather.com\/de\/product\/crayon-shinchan-925-silver-pendant-necklace-action-kamen-shinchan-3d-edition\/","og_locale":"en_US","og_type":"article","og_title":"Crayon Shinchan 925 Sterlingsilber Anh\u00e4nger Halskette - Crudo","og_description":"Settle into a sunlit tea room with Pompompurin special collection, where creamy comfort meets playful elegance. A seven pieces lineup\u20144 pieces of enamel painted metal charms and 3 pieces of 925 sterling silver pendants\u2014distills the unhurried ease of a tea gathering, finished with a pudding\u2011smooth tenderness in every detail.","og_url":"https:\/\/crudo-leather.com\/product\/crayon-shinchan-925-silver-pendant-necklace-action-kamen-shinchan-3d-edition\/","og_site_name":"Crudo","article_modified_time":"2026-03-19T08:29:06+00:00","og_image":[{"width":2000,"height":2000,"url":"https:\/\/crudo-leather.com\/wp-content\/uploads\/2026\/01\/CSC_Necklace_03.jpg","type":"image\/jpeg"}],"twitter_card":"summary_large_image","twitter_misc":{"Est. reading time":"1 minute"},"schema":{"@context":"https:\/\/schema.org","@graph":[{"@type":"WebPage","@id":"https:\/\/crudo-leather.com\/product\/crayon-shinchan-925-silver-pendant-necklace-action-kamen-shinchan-3d-edition\/","url":"https:\/\/crudo-leather.com\/product\/crayon-shinchan-925-silver-pendant-necklace-action-kamen-shinchan-3d-edition\/","name":"Crayon Shinchan 925 Silver Pendant Necklace - Action Kamen Shinchan (3D Edition)","isPartOf":{"@id":"https:\/\/crudo-leather.com\/#website"},"primaryImageOfPage":{"@id":"https:\/\/crudo-leather.com\/product\/crayon-shinchan-925-silver-pendant-necklace-action-kamen-shinchan-3d-edition\/#primaryimage"},"image":{"@id":"https:\/\/crudo-leather.com\/product\/crayon-shinchan-925-silver-pendant-necklace-action-kamen-shinchan-3d-edition\/#primaryimage"},"thumbnailUrl":"https:\/\/crudo-leather.com\/wp-content\/uploads\/2026\/01\/CSC_Necklace_03.jpg","datePublished":"2026-01-15T02:22:14+00:00","dateModified":"2026-03-19T08:29:06+00:00","description":"Settle into a sunlit tea room with Pompompurin special collection, where creamy comfort meets playful elegance. A seven pieces lineup\u20144 pieces of enamel painted metal charms and 3 pieces of 925 sterling silver pendants\u2014distills the unhurried ease of a tea gathering, finished with a pudding\u2011smooth tenderness in every detail.","breadcrumb":{"@id":"https:\/\/crudo-leather.com\/product\/crayon-shinchan-925-silver-pendant-necklace-action-kamen-shinchan-3d-edition\/#breadcrumb"},"inLanguage":"en-US","potentialAction":[{"@type":"ReadAction","target":["https:\/\/crudo-leather.com\/product\/crayon-shinchan-925-silver-pendant-necklace-action-kamen-shinchan-3d-edition\/"]}]},{"@type":"ImageObject","inLanguage":"en-US","@id":"https:\/\/crudo-leather.com\/product\/crayon-shinchan-925-silver-pendant-necklace-action-kamen-shinchan-3d-edition\/#primaryimage","url":"https:\/\/crudo-leather.com\/wp-content\/uploads\/2026\/01\/CSC_Necklace_03.jpg","contentUrl":"https:\/\/crudo-leather.com\/wp-content\/uploads\/2026\/01\/CSC_Necklace_03.jpg","width":2000,"height":2000},{"@type":"BreadcrumbList","@id":"https:\/\/crudo-leather.com\/product\/crayon-shinchan-925-silver-pendant-necklace-action-kamen-shinchan-3d-edition\/#breadcrumb","itemListElement":[{"@type":"ListItem","position":1,"name":"Shop","item":"https:\/\/crudo-leather.com\/shop\/"},{"@type":"ListItem","position":2,"name":"Crayon Shinchan 925 Silver Pendant Necklace"}]},{"@type":"WebSite","@id":"https:\/\/crudo-leather.com\/#website","url":"https:\/\/crudo-leather.com\/","name":"Crudo","description":"","potentialAction":[{"@type":"SearchAction","target":{"@type":"EntryPoint","urlTemplate":"https:\/\/crudo-leather.com\/?s={search_term_string}"},"query-input":{"@type":"PropertyValueSpecification","valueRequired":true,"valueName":"search_term_string"}}],"inLanguage":"en-US"}]}},"_links":{"self":[{"href":"https:\/\/crudo-leather.com\/de\/wp-json\/wp\/v2\/product\/384489"}],"collection":[{"href":"https:\/\/crudo-leather.com\/de\/wp-json\/wp\/v2\/product"}],"about":[{"href":"https:\/\/crudo-leather.com\/de\/wp-json\/wp\/v2\/types\/product"}],"replies":[{"embeddable":true,"href":"https:\/\/crudo-leather.com\/de\/wp-json\/wp\/v2\/comments?post=384489"}],"wp:featuredmedia":[{"embeddable":true,"href":"https:\/\/crudo-leather.com\/de\/wp-json\/wp\/v2\/media\/384525"}],"wp:attachment":[{"href":"https:\/\/crudo-leather.com\/de\/wp-json\/wp\/v2\/media?parent=384489"}],"wp:term":[{"taxonomy":"collection","embeddable":true,"href":"https:\/\/crudo-leather.com\/de\/wp-json\/wp\/v2\/collection?post=384489"},{"taxonomy":"trending_cat","embeddable":true,"href":"https:\/\/crudo-leather.com\/de\/wp-json\/wp\/v2\/trending_cat?post=384489"},{"taxonomy":"product_cat","embeddable":true,"href":"https:\/\/crudo-leather.com\/de\/wp-json\/wp\/v2\/product_cat?post=384489"},{"taxonomy":"product_tag","embeddable":true,"href":"https:\/\/crudo-leather.com\/de\/wp-json\/wp\/v2\/product_tag?post=384489"}],"curies":[{"name":"wp","href":"https:\/\/api.w.org\/{rel}","templated":true}]}}