{"id":386087,"date":"2026-01-19T15:17:10","date_gmt":"2026-01-19T07:17:10","guid":{"rendered":"https:\/\/crudo-leather.com\/?post_type=product&#038;p=386087"},"modified":"2026-02-06T15:45:53","modified_gmt":"2026-02-06T07:45:53","slug":"la-rosa-customized-uv-print-image-preserved-rose-starry-glass-jar-engraving-athena-pink","status":"publish","type":"product","link":"https:\/\/crudo-leather.com\/de\/product\/la-rosa-customized-uv-print-image-preserved-rose-starry-glass-jar-engraving-athena-pink\/","title":{"rendered":"La Rosa personalisierte Himmelsrosen-Frischblumenvase"},"content":{"rendered":"","protected":false},"excerpt":{"rendered":"Schenken Sie ihr eine unverg\u00e4ngliche Romantik. Die La Rosa Sternenhimmel-Rosen-Vase mit haltbaren Blumen bewahrt den sch\u00f6nsten Moment der Bl\u00fcte mit hochwertigen Ewigkeitsrosen. Das warme LED-Licht bringt den traumhaften und romantischen Sternenhimmel direkt vor eure Augen und schafft die sch\u00f6nste s\u00fc\u00dfe Liebeserkl\u00e4rung f\u00fcr euch beide.\n\nMit personalisiertem Lasergravurservice, um eure bewegenden Erinnerungen, eure Namen oder eine tiefgr\u00fcndige Liebeserkl\u00e4rung fein auf der haltbaren Blume zu verewigen und eure Liebesgeschichte f\u00fcr immer lebendig zu halten.\n\n<strong>Klicken Sie auf \"Zum Warenkorb hinzuf\u00fcgen und gestalten\", um Ihren Gravurinhalt zu entwerfen<\/strong>\n\n- Auswahl hochwertiger rosa Rosen als Hauptblume, erg\u00e4nzt durch Hortensien und Schleierkraut in passenden Farbt\u00f6nen; die Blumen sind speziell haltbar behandelt und bleiben \u00fcber Jahre farbecht\n- Metallanh\u00e4nger mit s\u00fc\u00dfen Botschaften per Lasergravur personalisierbar\n- Die Rosen sind mit LED-Lichtern umwickelt, die im Dunkeln leuchten und eine romantische Sternenhimmel-Atmosph\u00e4re schaffen\n- Pr\u00e4sentiert in einer transparenten Glasvase, elegant und pflegeleicht, ideal als Dekoration f\u00fcr Zuhause oder das B\u00fcro\n\n<strong>Produktionszeit und Versanddetails:<\/strong>\n- Jedes Produkt ben\u00f6tigt nur 1-5 Werktage zur Fertigstellung\n- Bei Bestellung heute kann die Lieferung bereits morgen erfolgen\n- Nur verf\u00fcgbar f\u00fcr Hongkong, Macau und das chinesische Festland","protected":false},"featured_media":386089,"comment_status":"open","ping_status":"closed","template":"","meta":{"inline_featured_image":false},"collection":[],"trending_cat":[],"product_cat":[2780],"product_tag":[],"class_list":{"0":"post-386087","1":"product","2":"type-product","3":"status-publish","4":"has-post-thumbnail","6":"product_cat-preserved-rose-jar","8":"first","9":"instock","10":"sale","11":"shipping-taxable","12":"purchasable","13":"product-type-variable"},"yoast_head":"<!-- This site is optimized with the Yoast SEO plugin v23.4 - https:\/\/yoast.com\/wordpress\/plugins\/seo\/ -->\n<title>La Rosa personalisierte Himmelsrosen-Konservenvase - Crudo<\/title>\n<meta name=\"description\" content=\"Schenken Sie ihr eine unverg\u00e4ngliche Romantik. Die La Rosa Sternenhimmel-Rosen-Vase bewahrt mit hochwertigen Ewigkeitsrosen den sch\u00f6nsten Moment der Bl\u00fcte. Das warme LED-Licht bringt den traumhaften und romantischen Sternenhimmel direkt vor eure Augen und schafft f\u00fcr euch beide die sch\u00f6nste s\u00fc\u00dfe Liebeserkl\u00e4rung auf dem Bildschirm.\" \/>\n<meta name=\"robots\" content=\"index, follow, max-snippet:-1, max-image-preview:large, max-video-preview:-1\" \/>\n<link rel=\"canonical\" href=\"https:\/\/crudo-leather.com\/de\/product\/la-rosa-customized-uv-print-image-preserved-rose-starry-glass-jar-engraving-athena-pink\/\" \/>\n<meta property=\"og:locale\" content=\"en_US\" \/>\n<meta property=\"og:type\" content=\"article\" \/>\n<meta property=\"og:title\" content=\"La Rosa personalisierte Himmelsrosen-Konservenvase - Crudo\" \/>\n<meta property=\"og:description\" content=\"Schenken Sie ihr eine unverg\u00e4ngliche Romantik. Die La Rosa Sternenhimmel-Rosen-Vase bewahrt mit hochwertigen Ewigkeitsrosen den sch\u00f6nsten Moment der Bl\u00fcte. Das warme LED-Licht bringt den traumhaften und romantischen Sternenhimmel direkt vor eure Augen und schafft f\u00fcr euch beide die sch\u00f6nste s\u00fc\u00dfe Liebeserkl\u00e4rung auf dem Bildschirm.\" \/>\n<meta property=\"og:url\" content=\"https:\/\/crudo-leather.com\/product\/la-rosa-customized-uv-print-image-preserved-rose-starry-glass-jar-engraving-athena-pink\/\" \/>\n<meta property=\"og:site_name\" content=\"Crudo\" \/>\n<meta property=\"article:modified_time\" content=\"2026-02-06T07:45:53+00:00\" \/>\n<meta property=\"og:image\" content=\"https:\/\/crudo-leather.com\/wp-content\/uploads\/2026\/01\/FLB25_Pink-1.jpg\" \/>\n\t<meta property=\"og:image:width\" content=\"2000\" \/>\n\t<meta property=\"og:image:height\" content=\"2000\" \/>\n\t<meta property=\"og:image:type\" content=\"image\/jpeg\" \/>\n<meta name=\"twitter:card\" content=\"summary_large_image\" \/>\n<meta name=\"twitter:label1\" content=\"Est. reading time\" \/>\n\t<meta name=\"twitter:data1\" content=\"1 minute\" \/>\n<script type=\"application\/ld+json\" class=\"yoast-schema-graph\">{\"@context\":\"https:\/\/schema.org\",\"@graph\":[{\"@type\":\"WebPage\",\"@id\":\"https:\/\/crudo-leather.com\/product\/la-rosa-customized-uv-print-image-preserved-rose-starry-glass-jar-engraving-athena-pink\/\",\"url\":\"https:\/\/crudo-leather.com\/product\/la-rosa-customized-uv-print-image-preserved-rose-starry-glass-jar-engraving-athena-pink\/\",\"name\":\"La Rosa Customized Preserved Rose Starry Glass Jar - Crudo\",\"isPartOf\":{\"@id\":\"https:\/\/crudo-leather.com\/#website\"},\"primaryImageOfPage\":{\"@id\":\"https:\/\/crudo-leather.com\/product\/la-rosa-customized-uv-print-image-preserved-rose-starry-glass-jar-engraving-athena-pink\/#primaryimage\"},\"image\":{\"@id\":\"https:\/\/crudo-leather.com\/product\/la-rosa-customized-uv-print-image-preserved-rose-starry-glass-jar-engraving-athena-pink\/#primaryimage\"},\"thumbnailUrl\":\"https:\/\/crudo-leather.com\/wp-content\/uploads\/2026\/01\/FLB25_Pink-1.jpg\",\"datePublished\":\"2026-01-19T07:17:10+00:00\",\"dateModified\":\"2026-02-06T07:45:53+00:00\",\"description\":\"Give her a romance that never fades. The La Rosa Starry Preserved Rose Glass Jar captures the rose at its most beautiful moment, crafted with a premium everlasting rose. Illuminated by a warm LED glow, the dreamy starry design brings a magical, romantic atmosphere to life \u2014 creating the perfect stage for your sweetest confession of love.\",\"breadcrumb\":{\"@id\":\"https:\/\/crudo-leather.com\/product\/la-rosa-customized-uv-print-image-preserved-rose-starry-glass-jar-engraving-athena-pink\/#breadcrumb\"},\"inLanguage\":\"en-US\",\"potentialAction\":[{\"@type\":\"ReadAction\",\"target\":[\"https:\/\/crudo-leather.com\/product\/la-rosa-customized-uv-print-image-preserved-rose-starry-glass-jar-engraving-athena-pink\/\"]}]},{\"@type\":\"ImageObject\",\"inLanguage\":\"en-US\",\"@id\":\"https:\/\/crudo-leather.com\/product\/la-rosa-customized-uv-print-image-preserved-rose-starry-glass-jar-engraving-athena-pink\/#primaryimage\",\"url\":\"https:\/\/crudo-leather.com\/wp-content\/uploads\/2026\/01\/FLB25_Pink-1.jpg\",\"contentUrl\":\"https:\/\/crudo-leather.com\/wp-content\/uploads\/2026\/01\/FLB25_Pink-1.jpg\",\"width\":2000,\"height\":2000},{\"@type\":\"BreadcrumbList\",\"@id\":\"https:\/\/crudo-leather.com\/product\/la-rosa-customized-uv-print-image-preserved-rose-starry-glass-jar-engraving-athena-pink\/#breadcrumb\",\"itemListElement\":[{\"@type\":\"ListItem\",\"position\":1,\"name\":\"Shop\",\"item\":\"https:\/\/crudo-leather.com\/shop\/\"},{\"@type\":\"ListItem\",\"position\":2,\"name\":\"La Rosa Customized Preserved Rose Starry Glass Jar\"}]},{\"@type\":\"WebSite\",\"@id\":\"https:\/\/crudo-leather.com\/#website\",\"url\":\"https:\/\/crudo-leather.com\/\",\"name\":\"Crudo\",\"description\":\"\",\"potentialAction\":[{\"@type\":\"SearchAction\",\"target\":{\"@type\":\"EntryPoint\",\"urlTemplate\":\"https:\/\/crudo-leather.com\/?s={search_term_string}\"},\"query-input\":{\"@type\":\"PropertyValueSpecification\",\"valueRequired\":true,\"valueName\":\"search_term_string\"}}],\"inLanguage\":\"en-US\"}]}<\/script>\n<!-- \/ Yoast SEO plugin. -->","yoast_head_json":{"title":"La Rosa personalisierte Himmelsrosen-Konservenvase - Crudo","description":"Schenken Sie ihr eine unverg\u00e4ngliche Romantik. Die La Rosa Sternenhimmel-Rosen-Vase bewahrt mit hochwertigen Ewigkeitsrosen den sch\u00f6nsten Moment der Bl\u00fcte. Das warme LED-Licht bringt den traumhaften und romantischen Sternenhimmel direkt vor eure Augen und schafft f\u00fcr euch beide die sch\u00f6nste s\u00fc\u00dfe Liebeserkl\u00e4rung auf dem Bildschirm.","robots":{"index":"index","follow":"follow","max-snippet":"max-snippet:-1","max-image-preview":"max-image-preview:large","max-video-preview":"max-video-preview:-1"},"canonical":"https:\/\/crudo-leather.com\/de\/product\/la-rosa-customized-uv-print-image-preserved-rose-starry-glass-jar-engraving-athena-pink\/","og_locale":"en_US","og_type":"article","og_title":"La Rosa personalisierte Himmelsrosen-Konservenvase - Crudo","og_description":"Schenken Sie ihr eine unverg\u00e4ngliche Romantik. Die La Rosa Sternenhimmel-Rosen-Vase bewahrt mit hochwertigen Ewigkeitsrosen den sch\u00f6nsten Moment der Bl\u00fcte. Das warme LED-Licht bringt den traumhaften und romantischen Sternenhimmel direkt vor eure Augen und schafft f\u00fcr euch beide die sch\u00f6nste s\u00fc\u00dfe Liebeserkl\u00e4rung auf dem Bildschirm.","og_url":"https:\/\/crudo-leather.com\/product\/la-rosa-customized-uv-print-image-preserved-rose-starry-glass-jar-engraving-athena-pink\/","og_site_name":"Crudo","article_modified_time":"2026-02-06T07:45:53+00:00","og_image":[{"width":2000,"height":2000,"url":"https:\/\/crudo-leather.com\/wp-content\/uploads\/2026\/01\/FLB25_Pink-1.jpg","type":"image\/jpeg"}],"twitter_card":"summary_large_image","twitter_misc":{"Est. reading time":"1 minute"},"schema":{"@context":"https:\/\/schema.org","@graph":[{"@type":"WebPage","@id":"https:\/\/crudo-leather.com\/product\/la-rosa-customized-uv-print-image-preserved-rose-starry-glass-jar-engraving-athena-pink\/","url":"https:\/\/crudo-leather.com\/product\/la-rosa-customized-uv-print-image-preserved-rose-starry-glass-jar-engraving-athena-pink\/","name":"La Rosa Customized Preserved Rose Starry Glass Jar - Crudo","isPartOf":{"@id":"https:\/\/crudo-leather.com\/#website"},"primaryImageOfPage":{"@id":"https:\/\/crudo-leather.com\/product\/la-rosa-customized-uv-print-image-preserved-rose-starry-glass-jar-engraving-athena-pink\/#primaryimage"},"image":{"@id":"https:\/\/crudo-leather.com\/product\/la-rosa-customized-uv-print-image-preserved-rose-starry-glass-jar-engraving-athena-pink\/#primaryimage"},"thumbnailUrl":"https:\/\/crudo-leather.com\/wp-content\/uploads\/2026\/01\/FLB25_Pink-1.jpg","datePublished":"2026-01-19T07:17:10+00:00","dateModified":"2026-02-06T07:45:53+00:00","description":"Give her a romance that never fades. The La Rosa Starry Preserved Rose Glass Jar captures the rose at its most beautiful moment, crafted with a premium everlasting rose. Illuminated by a warm LED glow, the dreamy starry design brings a magical, romantic atmosphere to life \u2014 creating the perfect stage for your sweetest confession of love.","breadcrumb":{"@id":"https:\/\/crudo-leather.com\/product\/la-rosa-customized-uv-print-image-preserved-rose-starry-glass-jar-engraving-athena-pink\/#breadcrumb"},"inLanguage":"en-US","potentialAction":[{"@type":"ReadAction","target":["https:\/\/crudo-leather.com\/product\/la-rosa-customized-uv-print-image-preserved-rose-starry-glass-jar-engraving-athena-pink\/"]}]},{"@type":"ImageObject","inLanguage":"en-US","@id":"https:\/\/crudo-leather.com\/product\/la-rosa-customized-uv-print-image-preserved-rose-starry-glass-jar-engraving-athena-pink\/#primaryimage","url":"https:\/\/crudo-leather.com\/wp-content\/uploads\/2026\/01\/FLB25_Pink-1.jpg","contentUrl":"https:\/\/crudo-leather.com\/wp-content\/uploads\/2026\/01\/FLB25_Pink-1.jpg","width":2000,"height":2000},{"@type":"BreadcrumbList","@id":"https:\/\/crudo-leather.com\/product\/la-rosa-customized-uv-print-image-preserved-rose-starry-glass-jar-engraving-athena-pink\/#breadcrumb","itemListElement":[{"@type":"ListItem","position":1,"name":"Shop","item":"https:\/\/crudo-leather.com\/shop\/"},{"@type":"ListItem","position":2,"name":"La Rosa Customized Preserved Rose Starry Glass Jar"}]},{"@type":"WebSite","@id":"https:\/\/crudo-leather.com\/#website","url":"https:\/\/crudo-leather.com\/","name":"Crudo","description":"","potentialAction":[{"@type":"SearchAction","target":{"@type":"EntryPoint","urlTemplate":"https:\/\/crudo-leather.com\/?s={search_term_string}"},"query-input":{"@type":"PropertyValueSpecification","valueRequired":true,"valueName":"search_term_string"}}],"inLanguage":"en-US"}]}},"_links":{"self":[{"href":"https:\/\/crudo-leather.com\/de\/wp-json\/wp\/v2\/product\/386087"}],"collection":[{"href":"https:\/\/crudo-leather.com\/de\/wp-json\/wp\/v2\/product"}],"about":[{"href":"https:\/\/crudo-leather.com\/de\/wp-json\/wp\/v2\/types\/product"}],"replies":[{"embeddable":true,"href":"https:\/\/crudo-leather.com\/de\/wp-json\/wp\/v2\/comments?post=386087"}],"wp:featuredmedia":[{"embeddable":true,"href":"https:\/\/crudo-leather.com\/de\/wp-json\/wp\/v2\/media\/386089"}],"wp:attachment":[{"href":"https:\/\/crudo-leather.com\/de\/wp-json\/wp\/v2\/media?parent=386087"}],"wp:term":[{"taxonomy":"collection","embeddable":true,"href":"https:\/\/crudo-leather.com\/de\/wp-json\/wp\/v2\/collection?post=386087"},{"taxonomy":"trending_cat","embeddable":true,"href":"https:\/\/crudo-leather.com\/de\/wp-json\/wp\/v2\/trending_cat?post=386087"},{"taxonomy":"product_cat","embeddable":true,"href":"https:\/\/crudo-leather.com\/de\/wp-json\/wp\/v2\/product_cat?post=386087"},{"taxonomy":"product_tag","embeddable":true,"href":"https:\/\/crudo-leather.com\/de\/wp-json\/wp\/v2\/product_tag?post=386087"}],"curies":[{"name":"wp","href":"https:\/\/api.w.org\/{rel}","templated":true}]}}