{"id":402950,"date":"2026-02-18T15:45:45","date_gmt":"2026-02-18T07:45:45","guid":{"rendered":"https:\/\/crudo-leather.com\/?post_type=product&#038;p=402950"},"modified":"2026-03-19T16:35:16","modified_gmt":"2026-03-19T08:35:16","slug":"hangyodon-925-silver-pendant-hangyodon-cool-black","status":"publish","type":"product","link":"https:\/\/crudo-leather.com\/de\/product\/hangyodon-925-silver-pendant-hangyodon-cool-black\/","title":{"rendered":"Hangyodon 925 Sterlingsilber Anh\u00e4nger - HANGYODON | Cool Black Edition"},"content":{"rendered":"","protected":false},"excerpt":{"rendered":"<u><strong>HANGYODON Special Edition<\/strong><\/u>\nFolgen Sie den Schritten von HANGYODON und tauchen Sie ein in das azurblaue Meer, um eine Ozeanreise zu beginnen. Die HANGYODON Special Edition Schmuckst\u00fccke sind von der \u201egeheimnisvollen Tiefsee\u201c und der \u201efrischen Meeresbrise\u201c inspiriert und verweben das tiefe Blau und das funkelnde Licht der Wellen am Handgelenk.\n\nDie gesamte Kollektion umfasst 6 HANGYODON bemalte Anh\u00e4nger und 925 Sterlingsilber Anh\u00e4nger, die frei mit verschiedenen Armb\u00e4ndern kombiniert werden k\u00f6nnen. Mit personalisierten Gravuren k\u00f6nnen Sie Ihr eigenes Tiefsee-Tagebuch zusammenstellen.","protected":false},"featured_media":406537,"comment_status":"open","ping_status":"closed","template":"","meta":{"inline_featured_image":false},"collection":[],"trending_cat":[],"product_cat":[2415,15],"product_tag":[],"class_list":{"0":"post-402950","1":"product","2":"type-product","3":"status-publish","4":"has-post-thumbnail","6":"product_cat-pendant-metal-plate","7":"product_cat-uncategorized","9":"first","10":"instock","11":"shipping-taxable","12":"purchasable","13":"product-type-variable"},"yoast_head":"<!-- This site is optimized with the Yoast SEO plugin v23.4 - https:\/\/yoast.com\/wordpress\/plugins\/seo\/ -->\n<title>Hangyodon 925 Silber Anh\u00e4nger - HANGYODON | Cool Black Edition - Crudo<\/title>\n<meta name=\"description\" content=\"Folgen Sie den Schritten von HANGYODON, tauchen Sie ein in das azurblaue Meer und beginnen Sie eine Meereswanderung. Die HANGYODON Special Edition Schmuckst\u00fccke sind von der &#039;geheimnisvollen Tiefsee&#039; und der &#039;erfrischenden Meeresbrise&#039; inspiriert und verweben das tiefe Blau und das funkelnde Licht der Wellen am Handgelenk.\" \/>\n<meta name=\"robots\" content=\"index, follow, max-snippet:-1, max-image-preview:large, max-video-preview:-1\" \/>\n<link rel=\"canonical\" href=\"https:\/\/crudo-leather.com\/de\/product\/hangyodon-925-silver-pendant-hangyodon-cool-black\/\" \/>\n<meta property=\"og:locale\" content=\"en_US\" \/>\n<meta property=\"og:type\" content=\"article\" \/>\n<meta property=\"og:title\" content=\"Hangyodon 925 Silber Anh\u00e4nger - HANGYODON | Cool Black Edition - Crudo\" \/>\n<meta property=\"og:description\" content=\"Folgen Sie den Schritten von HANGYODON, tauchen Sie ein in das azurblaue Meer und beginnen Sie eine Meereswanderung. Die HANGYODON Special Edition Schmuckst\u00fccke sind von der &#039;geheimnisvollen Tiefsee&#039; und der &#039;erfrischenden Meeresbrise&#039; inspiriert und verweben das tiefe Blau und das funkelnde Licht der Wellen am Handgelenk.\" \/>\n<meta property=\"og:url\" content=\"https:\/\/crudo-leather.com\/product\/hangyodon-925-silver-pendant-hangyodon-cool-black\/\" \/>\n<meta property=\"og:site_name\" content=\"Crudo\" \/>\n<meta property=\"article:modified_time\" content=\"2026-03-19T08:35:16+00:00\" \/>\n<meta property=\"og:image\" content=\"https:\/\/crudo-leather.com\/wp-content\/uploads\/2026\/02\/HG_WBG_04.jpg\" \/>\n\t<meta property=\"og:image:width\" content=\"2000\" \/>\n\t<meta property=\"og:image:height\" content=\"2000\" \/>\n\t<meta property=\"og:image:type\" content=\"image\/jpeg\" \/>\n<meta name=\"twitter:card\" content=\"summary_large_image\" \/>\n<meta name=\"twitter:label1\" content=\"Est. reading time\" \/>\n\t<meta name=\"twitter:data1\" content=\"1 minute\" \/>\n<script type=\"application\/ld+json\" class=\"yoast-schema-graph\">{\"@context\":\"https:\/\/schema.org\",\"@graph\":[{\"@type\":\"WebPage\",\"@id\":\"https:\/\/crudo-leather.com\/product\/hangyodon-925-silver-pendant-hangyodon-cool-black\/\",\"url\":\"https:\/\/crudo-leather.com\/product\/hangyodon-925-silver-pendant-hangyodon-cool-black\/\",\"name\":\"Hangyodon 925 Silver Pendant - HANGYODON | Cool Black - Crudo\",\"isPartOf\":{\"@id\":\"https:\/\/crudo-leather.com\/#website\"},\"primaryImageOfPage\":{\"@id\":\"https:\/\/crudo-leather.com\/product\/hangyodon-925-silver-pendant-hangyodon-cool-black\/#primaryimage\"},\"image\":{\"@id\":\"https:\/\/crudo-leather.com\/product\/hangyodon-925-silver-pendant-hangyodon-cool-black\/#primaryimage\"},\"thumbnailUrl\":\"https:\/\/crudo-leather.com\/wp-content\/uploads\/2026\/02\/HG_WBG_04.jpg\",\"datePublished\":\"2026-02-18T07:45:45+00:00\",\"dateModified\":\"2026-03-19T08:35:16+00:00\",\"description\":\"Follow in HANGYODON\u2019s footsteps, dive into the azure sea, and embark on a chill ocean journey. Inspired by the \\\"Mysterious Deep Sea\\\" and \\\"Refreshing Waves,\\\" this special edition collection weaves deep blues and shimmering light around your wrist.\",\"breadcrumb\":{\"@id\":\"https:\/\/crudo-leather.com\/product\/hangyodon-925-silver-pendant-hangyodon-cool-black\/#breadcrumb\"},\"inLanguage\":\"en-US\",\"potentialAction\":[{\"@type\":\"ReadAction\",\"target\":[\"https:\/\/crudo-leather.com\/product\/hangyodon-925-silver-pendant-hangyodon-cool-black\/\"]}]},{\"@type\":\"ImageObject\",\"inLanguage\":\"en-US\",\"@id\":\"https:\/\/crudo-leather.com\/product\/hangyodon-925-silver-pendant-hangyodon-cool-black\/#primaryimage\",\"url\":\"https:\/\/crudo-leather.com\/wp-content\/uploads\/2026\/02\/HG_WBG_04.jpg\",\"contentUrl\":\"https:\/\/crudo-leather.com\/wp-content\/uploads\/2026\/02\/HG_WBG_04.jpg\",\"width\":2000,\"height\":2000},{\"@type\":\"BreadcrumbList\",\"@id\":\"https:\/\/crudo-leather.com\/product\/hangyodon-925-silver-pendant-hangyodon-cool-black\/#breadcrumb\",\"itemListElement\":[{\"@type\":\"ListItem\",\"position\":1,\"name\":\"Shop\",\"item\":\"https:\/\/crudo-leather.com\/shop\/\"},{\"@type\":\"ListItem\",\"position\":2,\"name\":\"Hangyodon 925 Silver Pendant &#8211; HANGYODON | Cool Black\"}]},{\"@type\":\"WebSite\",\"@id\":\"https:\/\/crudo-leather.com\/#website\",\"url\":\"https:\/\/crudo-leather.com\/\",\"name\":\"Crudo\",\"description\":\"\",\"potentialAction\":[{\"@type\":\"SearchAction\",\"target\":{\"@type\":\"EntryPoint\",\"urlTemplate\":\"https:\/\/crudo-leather.com\/?s={search_term_string}\"},\"query-input\":{\"@type\":\"PropertyValueSpecification\",\"valueRequired\":true,\"valueName\":\"search_term_string\"}}],\"inLanguage\":\"en-US\"}]}<\/script>\n<!-- \/ Yoast SEO plugin. -->","yoast_head_json":{"title":"Hangyodon 925 Silber Anh\u00e4nger - HANGYODON | Cool Black Edition - Crudo","description":"Folgen Sie den Schritten von HANGYODON, tauchen Sie ein in das azurblaue Meer und beginnen Sie eine Meereswanderung. Die HANGYODON Special Edition Schmuckst\u00fccke sind von der 'geheimnisvollen Tiefsee' und der 'erfrischenden Meeresbrise' inspiriert und verweben das tiefe Blau und das funkelnde Licht der Wellen am Handgelenk.","robots":{"index":"index","follow":"follow","max-snippet":"max-snippet:-1","max-image-preview":"max-image-preview:large","max-video-preview":"max-video-preview:-1"},"canonical":"https:\/\/crudo-leather.com\/de\/product\/hangyodon-925-silver-pendant-hangyodon-cool-black\/","og_locale":"en_US","og_type":"article","og_title":"Hangyodon 925 Silber Anh\u00e4nger - HANGYODON | Cool Black Edition - Crudo","og_description":"Folgen Sie den Schritten von HANGYODON, tauchen Sie ein in das azurblaue Meer und beginnen Sie eine Meereswanderung. Die HANGYODON Special Edition Schmuckst\u00fccke sind von der 'geheimnisvollen Tiefsee' und der 'erfrischenden Meeresbrise' inspiriert und verweben das tiefe Blau und das funkelnde Licht der Wellen am Handgelenk.","og_url":"https:\/\/crudo-leather.com\/product\/hangyodon-925-silver-pendant-hangyodon-cool-black\/","og_site_name":"Crudo","article_modified_time":"2026-03-19T08:35:16+00:00","og_image":[{"width":2000,"height":2000,"url":"https:\/\/crudo-leather.com\/wp-content\/uploads\/2026\/02\/HG_WBG_04.jpg","type":"image\/jpeg"}],"twitter_card":"summary_large_image","twitter_misc":{"Est. reading time":"1 minute"},"schema":{"@context":"https:\/\/schema.org","@graph":[{"@type":"WebPage","@id":"https:\/\/crudo-leather.com\/product\/hangyodon-925-silver-pendant-hangyodon-cool-black\/","url":"https:\/\/crudo-leather.com\/product\/hangyodon-925-silver-pendant-hangyodon-cool-black\/","name":"Hangyodon 925 Silver Pendant - HANGYODON | Cool Black - Crudo","isPartOf":{"@id":"https:\/\/crudo-leather.com\/#website"},"primaryImageOfPage":{"@id":"https:\/\/crudo-leather.com\/product\/hangyodon-925-silver-pendant-hangyodon-cool-black\/#primaryimage"},"image":{"@id":"https:\/\/crudo-leather.com\/product\/hangyodon-925-silver-pendant-hangyodon-cool-black\/#primaryimage"},"thumbnailUrl":"https:\/\/crudo-leather.com\/wp-content\/uploads\/2026\/02\/HG_WBG_04.jpg","datePublished":"2026-02-18T07:45:45+00:00","dateModified":"2026-03-19T08:35:16+00:00","description":"Follow in HANGYODON\u2019s footsteps, dive into the azure sea, and embark on a chill ocean journey. Inspired by the \"Mysterious Deep Sea\" and \"Refreshing Waves,\" this special edition collection weaves deep blues and shimmering light around your wrist.","breadcrumb":{"@id":"https:\/\/crudo-leather.com\/product\/hangyodon-925-silver-pendant-hangyodon-cool-black\/#breadcrumb"},"inLanguage":"en-US","potentialAction":[{"@type":"ReadAction","target":["https:\/\/crudo-leather.com\/product\/hangyodon-925-silver-pendant-hangyodon-cool-black\/"]}]},{"@type":"ImageObject","inLanguage":"en-US","@id":"https:\/\/crudo-leather.com\/product\/hangyodon-925-silver-pendant-hangyodon-cool-black\/#primaryimage","url":"https:\/\/crudo-leather.com\/wp-content\/uploads\/2026\/02\/HG_WBG_04.jpg","contentUrl":"https:\/\/crudo-leather.com\/wp-content\/uploads\/2026\/02\/HG_WBG_04.jpg","width":2000,"height":2000},{"@type":"BreadcrumbList","@id":"https:\/\/crudo-leather.com\/product\/hangyodon-925-silver-pendant-hangyodon-cool-black\/#breadcrumb","itemListElement":[{"@type":"ListItem","position":1,"name":"Shop","item":"https:\/\/crudo-leather.com\/shop\/"},{"@type":"ListItem","position":2,"name":"Hangyodon 925 Silver Pendant &#8211; HANGYODON | Cool Black"}]},{"@type":"WebSite","@id":"https:\/\/crudo-leather.com\/#website","url":"https:\/\/crudo-leather.com\/","name":"Crudo","description":"","potentialAction":[{"@type":"SearchAction","target":{"@type":"EntryPoint","urlTemplate":"https:\/\/crudo-leather.com\/?s={search_term_string}"},"query-input":{"@type":"PropertyValueSpecification","valueRequired":true,"valueName":"search_term_string"}}],"inLanguage":"en-US"}]}},"_links":{"self":[{"href":"https:\/\/crudo-leather.com\/de\/wp-json\/wp\/v2\/product\/402950"}],"collection":[{"href":"https:\/\/crudo-leather.com\/de\/wp-json\/wp\/v2\/product"}],"about":[{"href":"https:\/\/crudo-leather.com\/de\/wp-json\/wp\/v2\/types\/product"}],"replies":[{"embeddable":true,"href":"https:\/\/crudo-leather.com\/de\/wp-json\/wp\/v2\/comments?post=402950"}],"wp:featuredmedia":[{"embeddable":true,"href":"https:\/\/crudo-leather.com\/de\/wp-json\/wp\/v2\/media\/406537"}],"wp:attachment":[{"href":"https:\/\/crudo-leather.com\/de\/wp-json\/wp\/v2\/media?parent=402950"}],"wp:term":[{"taxonomy":"collection","embeddable":true,"href":"https:\/\/crudo-leather.com\/de\/wp-json\/wp\/v2\/collection?post=402950"},{"taxonomy":"trending_cat","embeddable":true,"href":"https:\/\/crudo-leather.com\/de\/wp-json\/wp\/v2\/trending_cat?post=402950"},{"taxonomy":"product_cat","embeddable":true,"href":"https:\/\/crudo-leather.com\/de\/wp-json\/wp\/v2\/product_cat?post=402950"},{"taxonomy":"product_tag","embeddable":true,"href":"https:\/\/crudo-leather.com\/de\/wp-json\/wp\/v2\/product_tag?post=402950"}],"curies":[{"name":"wp","href":"https:\/\/api.w.org\/{rel}","templated":true}]}}