{"id":403178,"date":"2026-02-18T16:07:05","date_gmt":"2026-02-18T08:07:05","guid":{"rendered":"https:\/\/crudo-leather.com\/?post_type=product&#038;p=403178"},"modified":"2026-03-04T11:04:56","modified_gmt":"2026-03-04T03:04:56","slug":"hangyodon-customized-italian-leather-wrap-bracelet-cotton-candy-rose-gold","status":"publish","type":"product","link":"https:\/\/crudo-leather.com\/de\/product\/hangyodon-customized-italian-leather-wrap-bracelet-cotton-candy-rose-gold\/","title":{"rendered":"Hangyodon Limited Edition ma\u00dfgefertigtes geflochtenes Lederarmband"},"content":{"rendered":"","protected":false},"excerpt":{"rendered":"**Bitte w\u00e4hlen Sie mindestens einen HANGYODON-Anh\u00e4nger aus, sonst wird das Produkt nur mit dem urspr\u00fcnglichen Crudo-Rundanh\u00e4nger geliefert und nicht mit der Special Edition-Geschenkbox.**\n\n<strong><u>HANGYODON Special Edition<\/u><\/strong>\nFolgen Sie HANGYODONs Spuren und tauchen Sie ein in das azurblaue Meer, um eine maritime Reise zu beginnen. Die HANGYODON Special Edition-Schmuckst\u00fccke sind von der \"geheimnisvollen Tiefsee\" und der \"frischen Meeresbrise\" inspiriert und vereinen tiefes Blau und funkelndes Licht am Handgelenk.\n\nDie gesamte Kollektion umfasst 6 HANGYODON-bemalte Anh\u00e4nger und 925 Sterling Silber-Anh\u00e4nger, die frei mit verschiedenen Armb\u00e4ndern kombiniert werden k\u00f6nnen. Mit personalisierter Gravur gestalten Sie Ihr ganz pers\u00f6nliches Tagebuch der Tiefseereise.\n\n<strong>Klicken Sie auf \"Zum Warenkorb hinzuf\u00fcgen und gestalten\", um Ihre Gravur zu entwerfen.<\/strong>\n\n- Offiziell lizenziertes Sanrio-Produkt\n- Verschiedene HANGYODON-Emaille-Metall- oder 925 Silber-Anh\u00e4nger k\u00f6nnen frei kombiniert und am Lederarmband befestigt werden\n- Beim Kauf eines HANGYODON Special Edition-Lederarmbands erhalten Sie eine Special Edition-Geschenkbox mit abziehbarer Gru\u00dfkarte (inklusive Geschenkkarte und Produktgarantie)\n- Hergestellt aus italienischem, geflochtenem Rindleder erster Wahl und feinstem 316L-Edelstahl\n- Kostenloser Gravurservice mit einer Auswahl an Schriftarten und Gravurvorschl\u00e4gen\n- Verblasst und oxidiert nicht leicht, bleibt dauerhaft erhalten\n- Mit Magnetverschluss und exklusivem Achteckschliff-Design\n- Geeignet f\u00fcr Menschen mit empfindlicher Haut\n\nHinweis: Das Armband ist nicht f\u00fcr Kinder unter 3 Jahren geeignet.\n\n<strong>Herstellungszeit und Versanddetails<\/strong>\n- Jedes Produkt ben\u00f6tigt nur 1-5 Werktage zur Herstellung\n- Bestellungen von heute k\u00f6nnen bereits morgen versendet werden\n- Nur erh\u00e4ltlich in Hongkong, Macau, Festlandchina, Japan, S\u00fcdkorea und S\u00fcdamerika (au\u00dfer Panama)","protected":false},"featured_media":403138,"comment_status":"open","ping_status":"closed","template":"","meta":{"inline_featured_image":false},"collection":[],"trending_cat":[],"product_cat":[17],"product_tag":[3369],"class_list":{"0":"post-403178","1":"product","2":"type-product","3":"status-publish","4":"has-post-thumbnail","6":"product_cat-bracelets-cuffs","7":"product_tag-sanrio-hangyodon","9":"first","10":"instock","11":"sale","12":"shipping-taxable","13":"purchasable","14":"product-type-variable"},"yoast_head":"<!-- This site is optimized with the Yoast SEO plugin v23.4 - https:\/\/yoast.com\/wordpress\/plugins\/seo\/ -->\n<title>Hangyodon Limited Edition ma\u00dfgeschneidertes geflochtenes Lederarmband - Crudo<\/title>\n<meta name=\"description\" content=\"Folgen Sie den Schritten von HANGYODON, tauchen Sie in das azurblaue Meer ein und beginnen Sie eine Meereswanderung. Die HANGYODON Special Edition Accessoires sind von &quot;geheimnisvoller Tiefsee&quot; und &quot;erfrischenden Wellen&quot; inspiriert und verweben tiefes Blau und funkelndes Licht am Handgelenk.\" \/>\n<meta name=\"robots\" content=\"index, follow, max-snippet:-1, max-image-preview:large, max-video-preview:-1\" \/>\n<link rel=\"canonical\" href=\"https:\/\/crudo-leather.com\/de\/product\/hangyodon-customized-italian-leather-wrap-bracelet-cotton-candy-rose-gold\/\" \/>\n<meta property=\"og:locale\" content=\"en_US\" \/>\n<meta property=\"og:type\" content=\"article\" \/>\n<meta property=\"og:title\" content=\"Hangyodon Limited Edition ma\u00dfgeschneidertes geflochtenes Lederarmband - Crudo\" \/>\n<meta property=\"og:description\" content=\"Folgen Sie den Schritten von HANGYODON, tauchen Sie in das azurblaue Meer ein und beginnen Sie eine Meereswanderung. Die HANGYODON Special Edition Accessoires sind von &quot;geheimnisvoller Tiefsee&quot; und &quot;erfrischenden Wellen&quot; inspiriert und verweben tiefes Blau und funkelndes Licht am Handgelenk.\" \/>\n<meta property=\"og:url\" content=\"https:\/\/crudo-leather.com\/product\/hangyodon-customized-italian-leather-wrap-bracelet-cotton-candy-rose-gold\/\" \/>\n<meta property=\"og:site_name\" content=\"Crudo\" \/>\n<meta property=\"article:modified_time\" content=\"2026-03-04T03:04:56+00:00\" \/>\n<meta property=\"og:image\" content=\"https:\/\/crudo-leather.com\/wp-content\/uploads\/2026\/02\/Hangyodon_WBG_BRT01_Strawberry_a.jpg\" \/>\n\t<meta property=\"og:image:width\" content=\"2000\" \/>\n\t<meta property=\"og:image:height\" content=\"2000\" \/>\n\t<meta property=\"og:image:type\" content=\"image\/jpeg\" \/>\n<meta name=\"twitter:card\" content=\"summary_large_image\" \/>\n<meta name=\"twitter:label1\" content=\"Est. reading time\" \/>\n\t<meta name=\"twitter:data1\" content=\"1 minute\" \/>\n<script type=\"application\/ld+json\" class=\"yoast-schema-graph\">{\"@context\":\"https:\/\/schema.org\",\"@graph\":[{\"@type\":\"WebPage\",\"@id\":\"https:\/\/crudo-leather.com\/product\/hangyodon-customized-italian-leather-wrap-bracelet-cotton-candy-rose-gold\/\",\"url\":\"https:\/\/crudo-leather.com\/product\/hangyodon-customized-italian-leather-wrap-bracelet-cotton-candy-rose-gold\/\",\"name\":\"Hangyodon Customized Italian Leather Wrap Bracelet - Cotton Candy - Rose Gold\",\"isPartOf\":{\"@id\":\"https:\/\/crudo-leather.com\/#website\"},\"primaryImageOfPage\":{\"@id\":\"https:\/\/crudo-leather.com\/product\/hangyodon-customized-italian-leather-wrap-bracelet-cotton-candy-rose-gold\/#primaryimage\"},\"image\":{\"@id\":\"https:\/\/crudo-leather.com\/product\/hangyodon-customized-italian-leather-wrap-bracelet-cotton-candy-rose-gold\/#primaryimage\"},\"thumbnailUrl\":\"https:\/\/crudo-leather.com\/wp-content\/uploads\/2026\/02\/Hangyodon_WBG_BRT01_Strawberry_a.jpg\",\"datePublished\":\"2026-02-18T08:07:05+00:00\",\"dateModified\":\"2026-03-04T03:04:56+00:00\",\"description\":\"Follow in HANGYODON\u2019s footsteps, dive into the azure sea, and embark on a chill ocean journey. Inspired by the \\\"Mysterious Deep Sea\\\" and \\\"Refreshing Waves,\\\" this special edition collection weaves deep blues and shimmering light around your wrist.\",\"breadcrumb\":{\"@id\":\"https:\/\/crudo-leather.com\/product\/hangyodon-customized-italian-leather-wrap-bracelet-cotton-candy-rose-gold\/#breadcrumb\"},\"inLanguage\":\"en-US\",\"potentialAction\":[{\"@type\":\"ReadAction\",\"target\":[\"https:\/\/crudo-leather.com\/product\/hangyodon-customized-italian-leather-wrap-bracelet-cotton-candy-rose-gold\/\"]}]},{\"@type\":\"ImageObject\",\"inLanguage\":\"en-US\",\"@id\":\"https:\/\/crudo-leather.com\/product\/hangyodon-customized-italian-leather-wrap-bracelet-cotton-candy-rose-gold\/#primaryimage\",\"url\":\"https:\/\/crudo-leather.com\/wp-content\/uploads\/2026\/02\/Hangyodon_WBG_BRT01_Strawberry_a.jpg\",\"contentUrl\":\"https:\/\/crudo-leather.com\/wp-content\/uploads\/2026\/02\/Hangyodon_WBG_BRT01_Strawberry_a.jpg\",\"width\":2000,\"height\":2000},{\"@type\":\"BreadcrumbList\",\"@id\":\"https:\/\/crudo-leather.com\/product\/hangyodon-customized-italian-leather-wrap-bracelet-cotton-candy-rose-gold\/#breadcrumb\",\"itemListElement\":[{\"@type\":\"ListItem\",\"position\":1,\"name\":\"Shop\",\"item\":\"https:\/\/crudo-leather.com\/shop\/\"},{\"@type\":\"ListItem\",\"position\":2,\"name\":\"Hangyodon Customized Italian Leather Wrap Bracelet\"}]},{\"@type\":\"WebSite\",\"@id\":\"https:\/\/crudo-leather.com\/#website\",\"url\":\"https:\/\/crudo-leather.com\/\",\"name\":\"Crudo\",\"description\":\"\",\"potentialAction\":[{\"@type\":\"SearchAction\",\"target\":{\"@type\":\"EntryPoint\",\"urlTemplate\":\"https:\/\/crudo-leather.com\/?s={search_term_string}\"},\"query-input\":{\"@type\":\"PropertyValueSpecification\",\"valueRequired\":true,\"valueName\":\"search_term_string\"}}],\"inLanguage\":\"en-US\"}]}<\/script>\n<!-- \/ Yoast SEO plugin. -->","yoast_head_json":{"title":"Hangyodon Limited Edition ma\u00dfgeschneidertes geflochtenes Lederarmband - Crudo","description":"Folgen Sie den Schritten von HANGYODON, tauchen Sie in das azurblaue Meer ein und beginnen Sie eine Meereswanderung. Die HANGYODON Special Edition Accessoires sind von \"geheimnisvoller Tiefsee\" und \"erfrischenden Wellen\" inspiriert und verweben tiefes Blau und funkelndes Licht am Handgelenk.","robots":{"index":"index","follow":"follow","max-snippet":"max-snippet:-1","max-image-preview":"max-image-preview:large","max-video-preview":"max-video-preview:-1"},"canonical":"https:\/\/crudo-leather.com\/de\/product\/hangyodon-customized-italian-leather-wrap-bracelet-cotton-candy-rose-gold\/","og_locale":"en_US","og_type":"article","og_title":"Hangyodon Limited Edition ma\u00dfgeschneidertes geflochtenes Lederarmband - Crudo","og_description":"Folgen Sie den Schritten von HANGYODON, tauchen Sie in das azurblaue Meer ein und beginnen Sie eine Meereswanderung. Die HANGYODON Special Edition Accessoires sind von \"geheimnisvoller Tiefsee\" und \"erfrischenden Wellen\" inspiriert und verweben tiefes Blau und funkelndes Licht am Handgelenk.","og_url":"https:\/\/crudo-leather.com\/product\/hangyodon-customized-italian-leather-wrap-bracelet-cotton-candy-rose-gold\/","og_site_name":"Crudo","article_modified_time":"2026-03-04T03:04:56+00:00","og_image":[{"width":2000,"height":2000,"url":"https:\/\/crudo-leather.com\/wp-content\/uploads\/2026\/02\/Hangyodon_WBG_BRT01_Strawberry_a.jpg","type":"image\/jpeg"}],"twitter_card":"summary_large_image","twitter_misc":{"Est. reading time":"1 minute"},"schema":{"@context":"https:\/\/schema.org","@graph":[{"@type":"WebPage","@id":"https:\/\/crudo-leather.com\/product\/hangyodon-customized-italian-leather-wrap-bracelet-cotton-candy-rose-gold\/","url":"https:\/\/crudo-leather.com\/product\/hangyodon-customized-italian-leather-wrap-bracelet-cotton-candy-rose-gold\/","name":"Hangyodon Customized Italian Leather Wrap Bracelet - Cotton Candy - Rose Gold","isPartOf":{"@id":"https:\/\/crudo-leather.com\/#website"},"primaryImageOfPage":{"@id":"https:\/\/crudo-leather.com\/product\/hangyodon-customized-italian-leather-wrap-bracelet-cotton-candy-rose-gold\/#primaryimage"},"image":{"@id":"https:\/\/crudo-leather.com\/product\/hangyodon-customized-italian-leather-wrap-bracelet-cotton-candy-rose-gold\/#primaryimage"},"thumbnailUrl":"https:\/\/crudo-leather.com\/wp-content\/uploads\/2026\/02\/Hangyodon_WBG_BRT01_Strawberry_a.jpg","datePublished":"2026-02-18T08:07:05+00:00","dateModified":"2026-03-04T03:04:56+00:00","description":"Follow in HANGYODON\u2019s footsteps, dive into the azure sea, and embark on a chill ocean journey. Inspired by the \"Mysterious Deep Sea\" and \"Refreshing Waves,\" this special edition collection weaves deep blues and shimmering light around your wrist.","breadcrumb":{"@id":"https:\/\/crudo-leather.com\/product\/hangyodon-customized-italian-leather-wrap-bracelet-cotton-candy-rose-gold\/#breadcrumb"},"inLanguage":"en-US","potentialAction":[{"@type":"ReadAction","target":["https:\/\/crudo-leather.com\/product\/hangyodon-customized-italian-leather-wrap-bracelet-cotton-candy-rose-gold\/"]}]},{"@type":"ImageObject","inLanguage":"en-US","@id":"https:\/\/crudo-leather.com\/product\/hangyodon-customized-italian-leather-wrap-bracelet-cotton-candy-rose-gold\/#primaryimage","url":"https:\/\/crudo-leather.com\/wp-content\/uploads\/2026\/02\/Hangyodon_WBG_BRT01_Strawberry_a.jpg","contentUrl":"https:\/\/crudo-leather.com\/wp-content\/uploads\/2026\/02\/Hangyodon_WBG_BRT01_Strawberry_a.jpg","width":2000,"height":2000},{"@type":"BreadcrumbList","@id":"https:\/\/crudo-leather.com\/product\/hangyodon-customized-italian-leather-wrap-bracelet-cotton-candy-rose-gold\/#breadcrumb","itemListElement":[{"@type":"ListItem","position":1,"name":"Shop","item":"https:\/\/crudo-leather.com\/shop\/"},{"@type":"ListItem","position":2,"name":"Hangyodon Customized Italian Leather Wrap Bracelet"}]},{"@type":"WebSite","@id":"https:\/\/crudo-leather.com\/#website","url":"https:\/\/crudo-leather.com\/","name":"Crudo","description":"","potentialAction":[{"@type":"SearchAction","target":{"@type":"EntryPoint","urlTemplate":"https:\/\/crudo-leather.com\/?s={search_term_string}"},"query-input":{"@type":"PropertyValueSpecification","valueRequired":true,"valueName":"search_term_string"}}],"inLanguage":"en-US"}]}},"_links":{"self":[{"href":"https:\/\/crudo-leather.com\/de\/wp-json\/wp\/v2\/product\/403178"}],"collection":[{"href":"https:\/\/crudo-leather.com\/de\/wp-json\/wp\/v2\/product"}],"about":[{"href":"https:\/\/crudo-leather.com\/de\/wp-json\/wp\/v2\/types\/product"}],"replies":[{"embeddable":true,"href":"https:\/\/crudo-leather.com\/de\/wp-json\/wp\/v2\/comments?post=403178"}],"wp:featuredmedia":[{"embeddable":true,"href":"https:\/\/crudo-leather.com\/de\/wp-json\/wp\/v2\/media\/403138"}],"wp:attachment":[{"href":"https:\/\/crudo-leather.com\/de\/wp-json\/wp\/v2\/media?parent=403178"}],"wp:term":[{"taxonomy":"collection","embeddable":true,"href":"https:\/\/crudo-leather.com\/de\/wp-json\/wp\/v2\/collection?post=403178"},{"taxonomy":"trending_cat","embeddable":true,"href":"https:\/\/crudo-leather.com\/de\/wp-json\/wp\/v2\/trending_cat?post=403178"},{"taxonomy":"product_cat","embeddable":true,"href":"https:\/\/crudo-leather.com\/de\/wp-json\/wp\/v2\/product_cat?post=403178"},{"taxonomy":"product_tag","embeddable":true,"href":"https:\/\/crudo-leather.com\/de\/wp-json\/wp\/v2\/product_tag?post=403178"}],"curies":[{"name":"wp","href":"https:\/\/api.w.org\/{rel}","templated":true}]}}