{"id":403235,"date":"2026-02-18T17:45:52","date_gmt":"2026-02-18T09:45:52","guid":{"rendered":"https:\/\/crudo-leather.com\/?post_type=product&#038;p=403235"},"modified":"2026-03-04T11:01:40","modified_gmt":"2026-03-04T03:01:40","slug":"hangyodon-customzied-silver-beaded-heart-tag-gemstone-bracelet-rose-quartz","status":"publish","type":"product","link":"https:\/\/crudo-leather.com\/de\/product\/hangyodon-customzied-silver-beaded-heart-tag-gemstone-bracelet-rose-quartz\/","title":{"rendered":"Hangyodon Limited Edition ma\u00dfgeschmiedete reine Silber Edelstein Perlen Armband"},"content":{"rendered":"","protected":false},"excerpt":{"rendered":"**Bitte w\u00e4hlen Sie mindestens einen HANGYODON-Anh\u00e4nger, sonst wird das Produkt nur mit dem urspr\u00fcnglichen Crudo-Rundanh\u00e4nger geliefert und nicht mit der Special Edition-Geschenkbox**\n\n<strong><u>HANGYODON Special Edition<\/u><\/strong>\nFolgen Sie den Spuren von HANGYODON und tauchen Sie ein in das azurblaue Meer, um eine maritime Reise zu beginnen. Die HANGYODON Special Edition-Schmuckst\u00fccke sind von der \"geheimnisvollen Tiefsee\" und der \"erfrischenden Meeresbrise\" inspiriert und verweben tiefes Blau und funkelndes Licht am Handgelenk.\n\nDie gesamte Kollektion umfasst 6 HANGYODON-bemalte Anh\u00e4nger und 925 Sterling Silber-Anh\u00e4nger, die frei mit verschiedenen Armb\u00e4ndern kombiniert werden k\u00f6nnen. Zusammen mit personalisierten Gravuren entsteht so Ihr ganz pers\u00f6nliches Tagebuch der Tiefseereise.\n\n<strong>Klicken Sie auf \"Zum Warenkorb hinzuf\u00fcgen und gestalten\", um Ihre Gravur zu entwerfen<\/strong>\n\n- Offiziell lizenziertes Sanrio-Produkt\n- Verschiedene HANGYODON-Emaille-Metall- oder 925 Silber-Anh\u00e4nger k\u00f6nnen frei kombiniert und an Armb\u00e4ndern befestigt werden\n- Beim Kauf eines HANGYODON Special Edition-Armbands erhalten Sie eine Special Edition-Geschenkbox mit abziehbarer Gru\u00dfkarte (inklusive Geschenkkarte und Produktgarantie)\n- Verwendung von nat\u00fcrlichem Rosenquarz, verziert mit 925 Silber-Perlen, f\u00fcr einen leichten Luxus und elegante Haptik, die Ihnen Liebe und Gl\u00fcck bringt\n- Jeder Edelstein wird nat\u00fcrlich abgebaut und hat eine einzigartige, nat\u00fcrliche Textur\n- H\u00fcbscher herzf\u00f6rmiger Anh\u00e4nger kann mit personalisierten Lasergravuren versehen werden\n- Mit verstellbarem Verschluss f\u00fcr perfekten Sitz am Handgelenk\n- Kostenloser Gravurservice, verschiedene Schriftarten und Gravurvorschl\u00e4ge zur Auswahl\n- Verblasst und oxidiert nicht leicht, f\u00fcr dauerhafte Haltbarkeit\n- Silberschmuck eignet sich f\u00fcr Menschen mit empfindlicher Haut\n\n<strong>Produktionszeit und Versanddetails<\/strong>\n- Jedes Produkt ben\u00f6tigt nur 1-5 Werktage zur Fertigstellung\n- Bei Bestellung heute kann die Lieferung bereits morgen erfolgen\n- Nur erh\u00e4ltlich in Hongkong, Macau, Festlandchina, Japan, S\u00fcdkorea und S\u00fcdamerika (au\u00dfer Panama)","protected":false},"featured_media":403224,"comment_status":"open","ping_status":"closed","template":"","meta":{"inline_featured_image":false},"collection":[],"trending_cat":[],"product_cat":[79],"product_tag":[3369,32],"class_list":{"0":"post-403235","1":"product","2":"type-product","3":"status-publish","4":"has-post-thumbnail","6":"product_cat-bead-bracelet","7":"product_tag-sanrio-hangyodon","8":"product_tag-sanrio-characters","10":"first","11":"instock","12":"sale","13":"shipping-taxable","14":"purchasable","15":"product-type-variable"},"yoast_head":"<!-- This site is optimized with the Yoast SEO plugin v23.4 - https:\/\/yoast.com\/wordpress\/plugins\/seo\/ -->\n<title>Hangyodon Limited Edition ma\u00dfgeschneiderte reine Silber Edelstein Perlen Armband - Crudo<\/title>\n<meta name=\"description\" content=\"Folgen Sie den Schritten von HANGYODON, tauchen Sie ein in das azurblaue Meer und beginnen Sie eine Meereswanderung. Die HANGYODON Special Edition Schmuckst\u00fccke sind von der &#039;geheimnisvollen Tiefsee&#039; und der &#039;erfrischenden Meeresbrise&#039; inspiriert und verweben das tiefe Blau und das funkelnde Licht der Wellen am Handgelenk.\" \/>\n<meta name=\"robots\" content=\"index, follow, max-snippet:-1, max-image-preview:large, max-video-preview:-1\" \/>\n<link rel=\"canonical\" href=\"https:\/\/crudo-leather.com\/de\/product\/hangyodon-customzied-silver-beaded-heart-tag-gemstone-bracelet-rose-quartz\/\" \/>\n<meta property=\"og:locale\" content=\"en_US\" \/>\n<meta property=\"og:type\" content=\"article\" \/>\n<meta property=\"og:title\" content=\"Hangyodon Limited Edition ma\u00dfgeschneiderte reine Silber Edelstein Perlen Armband - Crudo\" \/>\n<meta property=\"og:description\" content=\"Folgen Sie den Schritten von HANGYODON, tauchen Sie ein in das azurblaue Meer und beginnen Sie eine Meereswanderung. Die HANGYODON Special Edition Schmuckst\u00fccke sind von der &#039;geheimnisvollen Tiefsee&#039; und der &#039;erfrischenden Meeresbrise&#039; inspiriert und verweben das tiefe Blau und das funkelnde Licht der Wellen am Handgelenk.\" \/>\n<meta property=\"og:url\" content=\"https:\/\/crudo-leather.com\/product\/hangyodon-customzied-silver-beaded-heart-tag-gemstone-bracelet-rose-quartz\/\" \/>\n<meta property=\"og:site_name\" content=\"Crudo\" \/>\n<meta property=\"article:modified_time\" content=\"2026-03-04T03:01:40+00:00\" \/>\n<meta property=\"og:image\" content=\"https:\/\/crudo-leather.com\/wp-content\/uploads\/2026\/02\/Hangyodon_BRT09-Pink_a.jpg\" \/>\n\t<meta property=\"og:image:width\" content=\"2000\" \/>\n\t<meta property=\"og:image:height\" content=\"2000\" \/>\n\t<meta property=\"og:image:type\" content=\"image\/jpeg\" \/>\n<meta name=\"twitter:card\" content=\"summary_large_image\" \/>\n<meta name=\"twitter:label1\" content=\"Est. reading time\" \/>\n\t<meta name=\"twitter:data1\" content=\"1 minute\" \/>\n<script type=\"application\/ld+json\" class=\"yoast-schema-graph\">{\"@context\":\"https:\/\/schema.org\",\"@graph\":[{\"@type\":\"WebPage\",\"@id\":\"https:\/\/crudo-leather.com\/product\/hangyodon-customzied-silver-beaded-heart-tag-gemstone-bracelet-rose-quartz\/\",\"url\":\"https:\/\/crudo-leather.com\/product\/hangyodon-customzied-silver-beaded-heart-tag-gemstone-bracelet-rose-quartz\/\",\"name\":\"Hangyodon Customzied Silver Beaded Heart Tag Gemstone Bracelet - Rose Quartz\",\"isPartOf\":{\"@id\":\"https:\/\/crudo-leather.com\/#website\"},\"primaryImageOfPage\":{\"@id\":\"https:\/\/crudo-leather.com\/product\/hangyodon-customzied-silver-beaded-heart-tag-gemstone-bracelet-rose-quartz\/#primaryimage\"},\"image\":{\"@id\":\"https:\/\/crudo-leather.com\/product\/hangyodon-customzied-silver-beaded-heart-tag-gemstone-bracelet-rose-quartz\/#primaryimage\"},\"thumbnailUrl\":\"https:\/\/crudo-leather.com\/wp-content\/uploads\/2026\/02\/Hangyodon_BRT09-Pink_a.jpg\",\"datePublished\":\"2026-02-18T09:45:52+00:00\",\"dateModified\":\"2026-03-04T03:01:40+00:00\",\"description\":\"Follow in HANGYODON\u2019s footsteps, dive into the azure sea, and embark on a chill ocean journey. Inspired by the \\\"Mysterious Deep Sea\\\" and \\\"Refreshing Waves,\\\" this special edition collection weaves deep blues and shimmering light around your wrist.\",\"breadcrumb\":{\"@id\":\"https:\/\/crudo-leather.com\/product\/hangyodon-customzied-silver-beaded-heart-tag-gemstone-bracelet-rose-quartz\/#breadcrumb\"},\"inLanguage\":\"en-US\",\"potentialAction\":[{\"@type\":\"ReadAction\",\"target\":[\"https:\/\/crudo-leather.com\/product\/hangyodon-customzied-silver-beaded-heart-tag-gemstone-bracelet-rose-quartz\/\"]}]},{\"@type\":\"ImageObject\",\"inLanguage\":\"en-US\",\"@id\":\"https:\/\/crudo-leather.com\/product\/hangyodon-customzied-silver-beaded-heart-tag-gemstone-bracelet-rose-quartz\/#primaryimage\",\"url\":\"https:\/\/crudo-leather.com\/wp-content\/uploads\/2026\/02\/Hangyodon_BRT09-Pink_a.jpg\",\"contentUrl\":\"https:\/\/crudo-leather.com\/wp-content\/uploads\/2026\/02\/Hangyodon_BRT09-Pink_a.jpg\",\"width\":2000,\"height\":2000},{\"@type\":\"BreadcrumbList\",\"@id\":\"https:\/\/crudo-leather.com\/product\/hangyodon-customzied-silver-beaded-heart-tag-gemstone-bracelet-rose-quartz\/#breadcrumb\",\"itemListElement\":[{\"@type\":\"ListItem\",\"position\":1,\"name\":\"Shop\",\"item\":\"https:\/\/crudo-leather.com\/shop\/\"},{\"@type\":\"ListItem\",\"position\":2,\"name\":\"Hangyodon Customzied Silver Beaded Heart Tag Gemstone Bracelet\"}]},{\"@type\":\"WebSite\",\"@id\":\"https:\/\/crudo-leather.com\/#website\",\"url\":\"https:\/\/crudo-leather.com\/\",\"name\":\"Crudo\",\"description\":\"\",\"potentialAction\":[{\"@type\":\"SearchAction\",\"target\":{\"@type\":\"EntryPoint\",\"urlTemplate\":\"https:\/\/crudo-leather.com\/?s={search_term_string}\"},\"query-input\":{\"@type\":\"PropertyValueSpecification\",\"valueRequired\":true,\"valueName\":\"search_term_string\"}}],\"inLanguage\":\"en-US\"}]}<\/script>\n<!-- \/ Yoast SEO plugin. -->","yoast_head_json":{"title":"Hangyodon Limited Edition ma\u00dfgeschneiderte reine Silber Edelstein Perlen Armband - Crudo","description":"Folgen Sie den Schritten von HANGYODON, tauchen Sie ein in das azurblaue Meer und beginnen Sie eine Meereswanderung. Die HANGYODON Special Edition Schmuckst\u00fccke sind von der 'geheimnisvollen Tiefsee' und der 'erfrischenden Meeresbrise' inspiriert und verweben das tiefe Blau und das funkelnde Licht der Wellen am Handgelenk.","robots":{"index":"index","follow":"follow","max-snippet":"max-snippet:-1","max-image-preview":"max-image-preview:large","max-video-preview":"max-video-preview:-1"},"canonical":"https:\/\/crudo-leather.com\/de\/product\/hangyodon-customzied-silver-beaded-heart-tag-gemstone-bracelet-rose-quartz\/","og_locale":"en_US","og_type":"article","og_title":"Hangyodon Limited Edition ma\u00dfgeschneiderte reine Silber Edelstein Perlen Armband - Crudo","og_description":"Folgen Sie den Schritten von HANGYODON, tauchen Sie ein in das azurblaue Meer und beginnen Sie eine Meereswanderung. Die HANGYODON Special Edition Schmuckst\u00fccke sind von der 'geheimnisvollen Tiefsee' und der 'erfrischenden Meeresbrise' inspiriert und verweben das tiefe Blau und das funkelnde Licht der Wellen am Handgelenk.","og_url":"https:\/\/crudo-leather.com\/product\/hangyodon-customzied-silver-beaded-heart-tag-gemstone-bracelet-rose-quartz\/","og_site_name":"Crudo","article_modified_time":"2026-03-04T03:01:40+00:00","og_image":[{"width":2000,"height":2000,"url":"https:\/\/crudo-leather.com\/wp-content\/uploads\/2026\/02\/Hangyodon_BRT09-Pink_a.jpg","type":"image\/jpeg"}],"twitter_card":"summary_large_image","twitter_misc":{"Est. reading time":"1 minute"},"schema":{"@context":"https:\/\/schema.org","@graph":[{"@type":"WebPage","@id":"https:\/\/crudo-leather.com\/product\/hangyodon-customzied-silver-beaded-heart-tag-gemstone-bracelet-rose-quartz\/","url":"https:\/\/crudo-leather.com\/product\/hangyodon-customzied-silver-beaded-heart-tag-gemstone-bracelet-rose-quartz\/","name":"Hangyodon Customzied Silver Beaded Heart Tag Gemstone Bracelet - Rose Quartz","isPartOf":{"@id":"https:\/\/crudo-leather.com\/#website"},"primaryImageOfPage":{"@id":"https:\/\/crudo-leather.com\/product\/hangyodon-customzied-silver-beaded-heart-tag-gemstone-bracelet-rose-quartz\/#primaryimage"},"image":{"@id":"https:\/\/crudo-leather.com\/product\/hangyodon-customzied-silver-beaded-heart-tag-gemstone-bracelet-rose-quartz\/#primaryimage"},"thumbnailUrl":"https:\/\/crudo-leather.com\/wp-content\/uploads\/2026\/02\/Hangyodon_BRT09-Pink_a.jpg","datePublished":"2026-02-18T09:45:52+00:00","dateModified":"2026-03-04T03:01:40+00:00","description":"Follow in HANGYODON\u2019s footsteps, dive into the azure sea, and embark on a chill ocean journey. Inspired by the \"Mysterious Deep Sea\" and \"Refreshing Waves,\" this special edition collection weaves deep blues and shimmering light around your wrist.","breadcrumb":{"@id":"https:\/\/crudo-leather.com\/product\/hangyodon-customzied-silver-beaded-heart-tag-gemstone-bracelet-rose-quartz\/#breadcrumb"},"inLanguage":"en-US","potentialAction":[{"@type":"ReadAction","target":["https:\/\/crudo-leather.com\/product\/hangyodon-customzied-silver-beaded-heart-tag-gemstone-bracelet-rose-quartz\/"]}]},{"@type":"ImageObject","inLanguage":"en-US","@id":"https:\/\/crudo-leather.com\/product\/hangyodon-customzied-silver-beaded-heart-tag-gemstone-bracelet-rose-quartz\/#primaryimage","url":"https:\/\/crudo-leather.com\/wp-content\/uploads\/2026\/02\/Hangyodon_BRT09-Pink_a.jpg","contentUrl":"https:\/\/crudo-leather.com\/wp-content\/uploads\/2026\/02\/Hangyodon_BRT09-Pink_a.jpg","width":2000,"height":2000},{"@type":"BreadcrumbList","@id":"https:\/\/crudo-leather.com\/product\/hangyodon-customzied-silver-beaded-heart-tag-gemstone-bracelet-rose-quartz\/#breadcrumb","itemListElement":[{"@type":"ListItem","position":1,"name":"Shop","item":"https:\/\/crudo-leather.com\/shop\/"},{"@type":"ListItem","position":2,"name":"Hangyodon Customzied Silver Beaded Heart Tag Gemstone Bracelet"}]},{"@type":"WebSite","@id":"https:\/\/crudo-leather.com\/#website","url":"https:\/\/crudo-leather.com\/","name":"Crudo","description":"","potentialAction":[{"@type":"SearchAction","target":{"@type":"EntryPoint","urlTemplate":"https:\/\/crudo-leather.com\/?s={search_term_string}"},"query-input":{"@type":"PropertyValueSpecification","valueRequired":true,"valueName":"search_term_string"}}],"inLanguage":"en-US"}]}},"_links":{"self":[{"href":"https:\/\/crudo-leather.com\/de\/wp-json\/wp\/v2\/product\/403235"}],"collection":[{"href":"https:\/\/crudo-leather.com\/de\/wp-json\/wp\/v2\/product"}],"about":[{"href":"https:\/\/crudo-leather.com\/de\/wp-json\/wp\/v2\/types\/product"}],"replies":[{"embeddable":true,"href":"https:\/\/crudo-leather.com\/de\/wp-json\/wp\/v2\/comments?post=403235"}],"wp:featuredmedia":[{"embeddable":true,"href":"https:\/\/crudo-leather.com\/de\/wp-json\/wp\/v2\/media\/403224"}],"wp:attachment":[{"href":"https:\/\/crudo-leather.com\/de\/wp-json\/wp\/v2\/media?parent=403235"}],"wp:term":[{"taxonomy":"collection","embeddable":true,"href":"https:\/\/crudo-leather.com\/de\/wp-json\/wp\/v2\/collection?post=403235"},{"taxonomy":"trending_cat","embeddable":true,"href":"https:\/\/crudo-leather.com\/de\/wp-json\/wp\/v2\/trending_cat?post=403235"},{"taxonomy":"product_cat","embeddable":true,"href":"https:\/\/crudo-leather.com\/de\/wp-json\/wp\/v2\/product_cat?post=403235"},{"taxonomy":"product_tag","embeddable":true,"href":"https:\/\/crudo-leather.com\/de\/wp-json\/wp\/v2\/product_tag?post=403235"}],"curies":[{"name":"wp","href":"https:\/\/api.w.org\/{rel}","templated":true}]}}