{"id":4541,"date":"2024-08-01T19:38:47","date_gmt":"2024-08-01T11:38:47","guid":{"rendered":"https:\/\/crudo-leather.com\/product\/crayon-shinchan-uv-printed-customized-rfid-slim-wallet-saffiano-palace-blue\/"},"modified":"2025-05-20T11:46:24","modified_gmt":"2025-05-20T03:46:24","slug":"crayon-shinchan-uv-printed-customized-rfid-slim-wallet-saffiano-palace-blue","status":"publish","type":"product","link":"https:\/\/crudo-leather.com\/de\/product\/crayon-shinchan-uv-printed-customized-rfid-slim-wallet-saffiano-palace-blue\/","title":{"rendered":"Crayon Shinchan Limited Edition UV-Druck personalisiertes RFID-D\u00fcnnportemonnaie"},"content":{"rendered":"","protected":false},"excerpt":{"rendered":"** Nachdem Sie ein Produkt ausgew\u00e4hlt und auf \"In den Warenkorb legen und gestalten\" geklickt haben, w\u00e4hlen Sie bitte auf der Gestaltungsseite mindestens ein spezielles Crayon Shinchan-Motiv aus, um die UV-Druckanpassung abzuschlie\u00dfen und das Crayon Shinchan-Geschenkset zu verbessern.**\n\n<ins><strong>Crayon Shinchan x Crudo<\/strong><\/ins>\n\nIn Kombination mit der exklusiven Crudo-Anpassungstechnologie f\u00fcr UV-Druck und dem verspielten Image von Crayon Shinchan wird Shinchan mit hoher Pr\u00e4zision und Detailgenauigkeit auf das Leder gedruckt, sodass das Motiv lebendiger und die Details klarer werden. Dies pr\u00e4sentiert perfekt Shinchans niedliches Aussehen, verleiht Ihren Lederprodukten Leben und macht sie zu einem Teil Ihres Lebens.\n\n- Offiziell lizenzierte Crayon Shinchan-Produkte aus Japan\n- Bis zu 25 spezielle Crayon Shinchan-Motive zur Auswahl, die zusammen mit Ihrer personalisierten Unterschrift per UV-Druck auf das Lederportemonnaie gedruckt werden\n- Beim Kauf eines limitierten Crayon Shinchan-Lederportemonnaies erhalten Sie ein Crayon Shinchan-Geschenkset mit einer abrei\u00dfbaren Gru\u00dfkarte\n- Hergestellt aus italienischem Rindleder mit Kreuzpr\u00e4gung und Aluminium\n- Extrem leichtes und kompaktes Design f\u00fcr einfachen Transport\n- \u00c4u\u00dferst glattes, ausklappbares Kartenfachdesign, mit dem Sie alle Karten mit einer Hand entnehmen k\u00f6nnen\n- Mit RFID-Blockerfunktion zum Schutz wichtiger Daten auf Ihren Karten vor Diebstahl\n- Separate Geldfachkonstruktion zur Aufbewahrung von Banknoten\n- Praktischer und sicherer Magnetverschluss\n\n<strong>Portemonnaie-Aufteilung<\/strong><strong>:<\/strong>\n- 1 Kartenfach (f\u00fcr 4 bis 5 Karten)\n- 2 Innentaschen (jede f\u00fcr 1 Karte)\n- 1 Geldfach\nInsgesamt Platz f\u00fcr 6-8 Karten\n\n<strong>Herstellungszeit und Versanddetails<\/strong><strong>:<\/strong>\n- Jedes Produkt ben\u00f6tigt nur 1-5 Werktage zur Fertigstellung\n- Bei Bestellung heute kann die Lieferung bereits morgen erfolgen\n- Nur in Hongkong, Taiwan und Macau erh\u00e4ltlich","protected":false},"featured_media":7720,"comment_status":"open","ping_status":"closed","template":"","meta":{"inline_featured_image":false},"collection":[2282],"trending_cat":[2398,2393],"product_cat":[80],"product_tag":[101],"class_list":{"0":"post-4541","1":"product","2":"type-product","3":"status-publish","4":"has-post-thumbnail","6":"trending_cat-gift-for-him","7":"trending_cat-perito-rfid-slim-wallet","8":"product_cat-men-wallet","9":"product_tag-crayon-shinchan","11":"first","12":"instock","13":"sale","14":"shipping-taxable","15":"purchasable","16":"product-type-variable"},"yoast_head":"<!-- This site is optimized with the Yoast SEO plugin v23.4 - https:\/\/yoast.com\/wordpress\/plugins\/seo\/ -->\n<title>Crudo Kuromi Kollektion: Verabredung mit dem Oberstufensch\u00fcler Y2K 925 Silber 3D Anh\u00e4nger<\/title>\n<meta name=\"description\" content=\"Crudo Kuromi Limited Edition Verabredung mit dem \u00e4lteren Kommilitonen Y2K 925 Sterlingsilber 3D-Anh\u00e4nger. Sanrio lizenziert, exquisites 3D-Design, kann mit Schmuck personalisiert werden.\" \/>\n<meta name=\"robots\" content=\"index, follow, max-snippet:-1, max-image-preview:large, max-video-preview:-1\" \/>\n<link rel=\"canonical\" href=\"https:\/\/crudo-leather.com\/de\/product\/crayon-shinchan-uv-printed-customized-rfid-slim-wallet-saffiano-palace-blue\/\" \/>\n<meta property=\"og:locale\" content=\"en_US\" \/>\n<meta property=\"og:type\" content=\"article\" \/>\n<meta property=\"og:title\" content=\"Crudo Kuromi Kollektion: Verabredung mit dem Oberstufensch\u00fcler Y2K 925 Silber 3D Anh\u00e4nger\" \/>\n<meta property=\"og:description\" content=\"Crudo Kuromi Limited Edition Verabredung mit dem \u00e4lteren Kommilitonen Y2K 925 Sterlingsilber 3D-Anh\u00e4nger. Sanrio lizenziert, exquisites 3D-Design, kann mit Schmuck personalisiert werden.\" \/>\n<meta property=\"og:url\" content=\"https:\/\/crudo-leather.com\/product\/crayon-shinchan-uv-printed-customized-rfid-slim-wallet-saffiano-palace-blue\/\" \/>\n<meta property=\"og:site_name\" content=\"Crudo\" \/>\n<meta property=\"article:modified_time\" content=\"2025-05-20T03:46:24+00:00\" \/>\n<meta property=\"og:image\" content=\"https:\/\/crudo-leather.com\/wp-content\/uploads\/2024\/08\/slw02_csc_blue-2.jpg\" \/>\n\t<meta property=\"og:image:width\" content=\"640\" \/>\n\t<meta property=\"og:image:height\" content=\"640\" \/>\n\t<meta property=\"og:image:type\" content=\"image\/jpeg\" \/>\n<meta name=\"twitter:card\" content=\"summary_large_image\" \/>\n<meta name=\"twitter:label1\" content=\"Est. reading time\" \/>\n\t<meta name=\"twitter:data1\" content=\"1 minute\" \/>\n<script type=\"application\/ld+json\" class=\"yoast-schema-graph\">{\"@context\":\"https:\/\/schema.org\",\"@graph\":[{\"@type\":\"WebPage\",\"@id\":\"https:\/\/crudo-leather.com\/product\/crayon-shinchan-uv-printed-customized-rfid-slim-wallet-saffiano-palace-blue\/\",\"url\":\"https:\/\/crudo-leather.com\/product\/crayon-shinchan-uv-printed-customized-rfid-slim-wallet-saffiano-palace-blue\/\",\"name\":\"Crayon Shinchan UV Printed RFID Slim Wallet - Saffiano Palace Blue\",\"isPartOf\":{\"@id\":\"https:\/\/crudo-leather.com\/#website\"},\"primaryImageOfPage\":{\"@id\":\"https:\/\/crudo-leather.com\/product\/crayon-shinchan-uv-printed-customized-rfid-slim-wallet-saffiano-palace-blue\/#primaryimage\"},\"image\":{\"@id\":\"https:\/\/crudo-leather.com\/product\/crayon-shinchan-uv-printed-customized-rfid-slim-wallet-saffiano-palace-blue\/#primaryimage\"},\"thumbnailUrl\":\"https:\/\/crudo-leather.com\/wp-content\/uploads\/2024\/08\/slw02_csc_blue-2.jpg\",\"datePublished\":\"2024-08-01T11:38:47+00:00\",\"dateModified\":\"2025-05-20T03:46:24+00:00\",\"description\":\"Get the officially licensed Crayon Shinchan UV printed RFID slim wallet. Saffiano palace blue, secure & stylish. Free engraving & luxury gift box. Keep your essentials safe. Shop now!\",\"breadcrumb\":{\"@id\":\"https:\/\/crudo-leather.com\/product\/crayon-shinchan-uv-printed-customized-rfid-slim-wallet-saffiano-palace-blue\/#breadcrumb\"},\"inLanguage\":\"en-US\",\"potentialAction\":[{\"@type\":\"ReadAction\",\"target\":[\"https:\/\/crudo-leather.com\/product\/crayon-shinchan-uv-printed-customized-rfid-slim-wallet-saffiano-palace-blue\/\"]}]},{\"@type\":\"ImageObject\",\"inLanguage\":\"en-US\",\"@id\":\"https:\/\/crudo-leather.com\/product\/crayon-shinchan-uv-printed-customized-rfid-slim-wallet-saffiano-palace-blue\/#primaryimage\",\"url\":\"https:\/\/crudo-leather.com\/wp-content\/uploads\/2024\/08\/slw02_csc_blue-2.jpg\",\"contentUrl\":\"https:\/\/crudo-leather.com\/wp-content\/uploads\/2024\/08\/slw02_csc_blue-2.jpg\",\"width\":640,\"height\":640},{\"@type\":\"BreadcrumbList\",\"@id\":\"https:\/\/crudo-leather.com\/product\/crayon-shinchan-uv-printed-customized-rfid-slim-wallet-saffiano-palace-blue\/#breadcrumb\",\"itemListElement\":[{\"@type\":\"ListItem\",\"position\":1,\"name\":\"Shop\",\"item\":\"https:\/\/crudo-leather.com\/shop\/\"},{\"@type\":\"ListItem\",\"position\":2,\"name\":\"Crayon Shinchan UV Printed Customized RFID Slim Wallet\"}]},{\"@type\":\"WebSite\",\"@id\":\"https:\/\/crudo-leather.com\/#website\",\"url\":\"https:\/\/crudo-leather.com\/\",\"name\":\"Crudo\",\"description\":\"\",\"potentialAction\":[{\"@type\":\"SearchAction\",\"target\":{\"@type\":\"EntryPoint\",\"urlTemplate\":\"https:\/\/crudo-leather.com\/?s={search_term_string}\"},\"query-input\":{\"@type\":\"PropertyValueSpecification\",\"valueRequired\":true,\"valueName\":\"search_term_string\"}}],\"inLanguage\":\"en-US\"}]}<\/script>\n<!-- \/ Yoast SEO plugin. -->","yoast_head_json":{"title":"Crudo Kuromi Kollektion: Verabredung mit dem Oberstufensch\u00fcler Y2K 925 Silber 3D Anh\u00e4nger","description":"Crudo Kuromi Limited Edition Verabredung mit dem \u00e4lteren Kommilitonen Y2K 925 Sterlingsilber 3D-Anh\u00e4nger. Sanrio lizenziert, exquisites 3D-Design, kann mit Schmuck personalisiert werden.","robots":{"index":"index","follow":"follow","max-snippet":"max-snippet:-1","max-image-preview":"max-image-preview:large","max-video-preview":"max-video-preview:-1"},"canonical":"https:\/\/crudo-leather.com\/de\/product\/crayon-shinchan-uv-printed-customized-rfid-slim-wallet-saffiano-palace-blue\/","og_locale":"en_US","og_type":"article","og_title":"Crudo Kuromi Kollektion: Verabredung mit dem Oberstufensch\u00fcler Y2K 925 Silber 3D Anh\u00e4nger","og_description":"Crudo Kuromi Limited Edition Verabredung mit dem \u00e4lteren Kommilitonen Y2K 925 Sterlingsilber 3D-Anh\u00e4nger. Sanrio lizenziert, exquisites 3D-Design, kann mit Schmuck personalisiert werden.","og_url":"https:\/\/crudo-leather.com\/product\/crayon-shinchan-uv-printed-customized-rfid-slim-wallet-saffiano-palace-blue\/","og_site_name":"Crudo","article_modified_time":"2025-05-20T03:46:24+00:00","og_image":[{"width":640,"height":640,"url":"https:\/\/crudo-leather.com\/wp-content\/uploads\/2024\/08\/slw02_csc_blue-2.jpg","type":"image\/jpeg"}],"twitter_card":"summary_large_image","twitter_misc":{"Est. reading time":"1 minute"},"schema":{"@context":"https:\/\/schema.org","@graph":[{"@type":"WebPage","@id":"https:\/\/crudo-leather.com\/product\/crayon-shinchan-uv-printed-customized-rfid-slim-wallet-saffiano-palace-blue\/","url":"https:\/\/crudo-leather.com\/product\/crayon-shinchan-uv-printed-customized-rfid-slim-wallet-saffiano-palace-blue\/","name":"Crayon Shinchan UV Printed RFID Slim Wallet - Saffiano Palace Blue","isPartOf":{"@id":"https:\/\/crudo-leather.com\/#website"},"primaryImageOfPage":{"@id":"https:\/\/crudo-leather.com\/product\/crayon-shinchan-uv-printed-customized-rfid-slim-wallet-saffiano-palace-blue\/#primaryimage"},"image":{"@id":"https:\/\/crudo-leather.com\/product\/crayon-shinchan-uv-printed-customized-rfid-slim-wallet-saffiano-palace-blue\/#primaryimage"},"thumbnailUrl":"https:\/\/crudo-leather.com\/wp-content\/uploads\/2024\/08\/slw02_csc_blue-2.jpg","datePublished":"2024-08-01T11:38:47+00:00","dateModified":"2025-05-20T03:46:24+00:00","description":"Get the officially licensed Crayon Shinchan UV printed RFID slim wallet. Saffiano palace blue, secure & stylish. Free engraving & luxury gift box. Keep your essentials safe. Shop now!","breadcrumb":{"@id":"https:\/\/crudo-leather.com\/product\/crayon-shinchan-uv-printed-customized-rfid-slim-wallet-saffiano-palace-blue\/#breadcrumb"},"inLanguage":"en-US","potentialAction":[{"@type":"ReadAction","target":["https:\/\/crudo-leather.com\/product\/crayon-shinchan-uv-printed-customized-rfid-slim-wallet-saffiano-palace-blue\/"]}]},{"@type":"ImageObject","inLanguage":"en-US","@id":"https:\/\/crudo-leather.com\/product\/crayon-shinchan-uv-printed-customized-rfid-slim-wallet-saffiano-palace-blue\/#primaryimage","url":"https:\/\/crudo-leather.com\/wp-content\/uploads\/2024\/08\/slw02_csc_blue-2.jpg","contentUrl":"https:\/\/crudo-leather.com\/wp-content\/uploads\/2024\/08\/slw02_csc_blue-2.jpg","width":640,"height":640},{"@type":"BreadcrumbList","@id":"https:\/\/crudo-leather.com\/product\/crayon-shinchan-uv-printed-customized-rfid-slim-wallet-saffiano-palace-blue\/#breadcrumb","itemListElement":[{"@type":"ListItem","position":1,"name":"Shop","item":"https:\/\/crudo-leather.com\/shop\/"},{"@type":"ListItem","position":2,"name":"Crayon Shinchan UV Printed Customized RFID Slim Wallet"}]},{"@type":"WebSite","@id":"https:\/\/crudo-leather.com\/#website","url":"https:\/\/crudo-leather.com\/","name":"Crudo","description":"","potentialAction":[{"@type":"SearchAction","target":{"@type":"EntryPoint","urlTemplate":"https:\/\/crudo-leather.com\/?s={search_term_string}"},"query-input":{"@type":"PropertyValueSpecification","valueRequired":true,"valueName":"search_term_string"}}],"inLanguage":"en-US"}]}},"_links":{"self":[{"href":"https:\/\/crudo-leather.com\/de\/wp-json\/wp\/v2\/product\/4541"}],"collection":[{"href":"https:\/\/crudo-leather.com\/de\/wp-json\/wp\/v2\/product"}],"about":[{"href":"https:\/\/crudo-leather.com\/de\/wp-json\/wp\/v2\/types\/product"}],"replies":[{"embeddable":true,"href":"https:\/\/crudo-leather.com\/de\/wp-json\/wp\/v2\/comments?post=4541"}],"wp:featuredmedia":[{"embeddable":true,"href":"https:\/\/crudo-leather.com\/de\/wp-json\/wp\/v2\/media\/7720"}],"wp:attachment":[{"href":"https:\/\/crudo-leather.com\/de\/wp-json\/wp\/v2\/media?parent=4541"}],"wp:term":[{"taxonomy":"collection","embeddable":true,"href":"https:\/\/crudo-leather.com\/de\/wp-json\/wp\/v2\/collection?post=4541"},{"taxonomy":"trending_cat","embeddable":true,"href":"https:\/\/crudo-leather.com\/de\/wp-json\/wp\/v2\/trending_cat?post=4541"},{"taxonomy":"product_cat","embeddable":true,"href":"https:\/\/crudo-leather.com\/de\/wp-json\/wp\/v2\/product_cat?post=4541"},{"taxonomy":"product_tag","embeddable":true,"href":"https:\/\/crudo-leather.com\/de\/wp-json\/wp\/v2\/product_tag?post=4541"}],"curies":[{"name":"wp","href":"https:\/\/api.w.org\/{rel}","templated":true}]}}