{"id":4631,"date":"2024-08-01T19:43:28","date_gmt":"2024-08-01T11:43:28","guid":{"rendered":"https:\/\/crudo-leather.com\/product\/peanuts-925-silver-small-3d-pendant-%e2%94%80-woodstock-adventure\/"},"modified":"2026-02-03T12:08:06","modified_gmt":"2026-02-03T04:08:06","slug":"peanuts-925-silver-small-3d-pendant-thick-woodstock-adventure","status":"publish","type":"product","link":"https:\/\/crudo-leather.com\/de\/product\/peanuts-925-silver-small-3d-pendant-thick-woodstock-adventure\/","title":{"rendered":"Snoopy 925 Silber 3D-Anh\u00e4nger - Woodstock | Adventure"},"content":{"rendered":"","protected":false},"excerpt":{"rendered":"**Dieses Produkt ist ein Kombinationsprodukt und muss mit dem PEANUTS Limited Edition Lederaccessoire gekauft werden**\n\n<ins><strong>Crudo x PEANUTS<\/strong><\/ins>\nCrudo pr\u00e4sentiert in Zusammenarbeit mit PEANUTS offiziell lizenzierte Limited Edition geflochtene Lederaccessoires. Die klassischen Charaktere aus den Peanuts-Comics werden in 925er Silber als dreidimensionale Anh\u00e4nger verwandelt, die frei kombiniert und an Crudos beliebten Lederarmb\u00e4ndern und Schl\u00fcsselringen befestigt werden k\u00f6nnen, um auf humorvolle Weise eine positive und optimistische Einstellung zu vermitteln.\n\n- Offiziell lizenzierte PEANUTS Produkte\n- Peanuts-Comics Charaktere als 925er Silberanh\u00e4nger\n- Hergestellt aus 925er Sterlingsilber mit farbiger Emaille\n- 3D-Design f\u00fcr mehr Tiefe und Raffinesse\n- Freie Kombination verschiedener Sets","protected":false},"featured_media":8480,"comment_status":"open","ping_status":"closed","template":"","meta":{"inline_featured_image":false},"collection":[],"trending_cat":[],"product_cat":[2415,15],"product_tag":[],"class_list":{"0":"post-4631","1":"product","2":"type-product","3":"status-publish","4":"has-post-thumbnail","6":"product_cat-pendant-metal-plate","7":"product_cat-uncategorized","9":"first","10":"instock","11":"shipping-taxable","12":"purchasable","13":"product-type-variable"},"yoast_head":"<!-- This site is optimized with the Yoast SEO plugin v23.4 - https:\/\/yoast.com\/wordpress\/plugins\/seo\/ -->\n<title>PEANUTS 925 Silber Anh\u00e4nger - Woodstock | Adventure - Crudo<\/title>\n<meta name=\"description\" content=\"Die klassischen Charaktere aus &quot;Peanuts&quot; verwandeln sich in kleine 3D-Anh\u00e4nger aus 925er Sterlingsilber, die frei kombiniert und an Crudos ikonische Lederarmb\u00e4nder und Schl\u00fcsselringe angebracht werden k\u00f6nnen, um auf humorvolle Weise eine positive und optimistische Einstellung zu vermitteln.\" \/>\n<meta name=\"robots\" content=\"index, follow, max-snippet:-1, max-image-preview:large, max-video-preview:-1\" \/>\n<link rel=\"canonical\" href=\"https:\/\/crudo-leather.com\/de\/product\/peanuts-925-silver-small-3d-pendant-thick-woodstock-adventure\/\" \/>\n<meta property=\"og:locale\" content=\"en_US\" \/>\n<meta property=\"og:type\" content=\"article\" \/>\n<meta property=\"og:title\" content=\"PEANUTS 925 Silber Anh\u00e4nger - Woodstock | Adventure - Crudo\" \/>\n<meta property=\"og:description\" content=\"Die klassischen Charaktere aus &quot;Peanuts&quot; verwandeln sich in kleine 3D-Anh\u00e4nger aus 925er Sterlingsilber, die frei kombiniert und an Crudos ikonische Lederarmb\u00e4nder und Schl\u00fcsselringe angebracht werden k\u00f6nnen, um auf humorvolle Weise eine positive und optimistische Einstellung zu vermitteln.\" \/>\n<meta property=\"og:url\" content=\"https:\/\/crudo-leather.com\/product\/peanuts-925-silver-small-3d-pendant-thick-woodstock-adventure\/\" \/>\n<meta property=\"og:site_name\" content=\"Crudo\" \/>\n<meta property=\"article:modified_time\" content=\"2026-02-03T04:08:06+00:00\" \/>\n<meta property=\"og:image\" content=\"https:\/\/crudo-leather.com\/wp-content\/uploads\/2024\/08\/pns24_7.jpg\" \/>\n\t<meta property=\"og:image:width\" content=\"2000\" \/>\n\t<meta property=\"og:image:height\" content=\"2000\" \/>\n\t<meta property=\"og:image:type\" content=\"image\/jpeg\" \/>\n<meta name=\"twitter:card\" content=\"summary_large_image\" \/>\n<meta name=\"twitter:label1\" content=\"Est. reading time\" \/>\n\t<meta name=\"twitter:data1\" content=\"1 minute\" \/>\n<script type=\"application\/ld+json\" class=\"yoast-schema-graph\">{\"@context\":\"https:\/\/schema.org\",\"@graph\":[{\"@type\":\"WebPage\",\"@id\":\"https:\/\/crudo-leather.com\/product\/peanuts-925-silver-small-3d-pendant-thick-woodstock-adventure\/\",\"url\":\"https:\/\/crudo-leather.com\/product\/peanuts-925-silver-small-3d-pendant-thick-woodstock-adventure\/\",\"name\":\"Peanuts Woodstock Adventure 3D Silver Pendant\",\"isPartOf\":{\"@id\":\"https:\/\/crudo-leather.com\/#website\"},\"primaryImageOfPage\":{\"@id\":\"https:\/\/crudo-leather.com\/product\/peanuts-925-silver-small-3d-pendant-thick-woodstock-adventure\/#primaryimage\"},\"image\":{\"@id\":\"https:\/\/crudo-leather.com\/product\/peanuts-925-silver-small-3d-pendant-thick-woodstock-adventure\/#primaryimage\"},\"thumbnailUrl\":\"https:\/\/crudo-leather.com\/wp-content\/uploads\/2024\/08\/pns24_7.jpg\",\"datePublished\":\"2024-08-01T11:43:28+00:00\",\"dateModified\":\"2026-02-03T04:08:06+00:00\",\"description\":\"Join the adventure with the Peanuts Woodstock Adventure Thick 925 Silver 3D Pendant. A charming accessory for Woodstock fans.\",\"breadcrumb\":{\"@id\":\"https:\/\/crudo-leather.com\/product\/peanuts-925-silver-small-3d-pendant-thick-woodstock-adventure\/#breadcrumb\"},\"inLanguage\":\"en-US\",\"potentialAction\":[{\"@type\":\"ReadAction\",\"target\":[\"https:\/\/crudo-leather.com\/product\/peanuts-925-silver-small-3d-pendant-thick-woodstock-adventure\/\"]}]},{\"@type\":\"ImageObject\",\"inLanguage\":\"en-US\",\"@id\":\"https:\/\/crudo-leather.com\/product\/peanuts-925-silver-small-3d-pendant-thick-woodstock-adventure\/#primaryimage\",\"url\":\"https:\/\/crudo-leather.com\/wp-content\/uploads\/2024\/08\/pns24_7.jpg\",\"contentUrl\":\"https:\/\/crudo-leather.com\/wp-content\/uploads\/2024\/08\/pns24_7.jpg\",\"width\":2000,\"height\":2000},{\"@type\":\"BreadcrumbList\",\"@id\":\"https:\/\/crudo-leather.com\/product\/peanuts-925-silver-small-3d-pendant-thick-woodstock-adventure\/#breadcrumb\",\"itemListElement\":[{\"@type\":\"ListItem\",\"position\":1,\"name\":\"Shop\",\"item\":\"https:\/\/crudo-leather.com\/shop\/\"},{\"@type\":\"ListItem\",\"position\":2,\"name\":\"Snoopy 925 Silver Pendant &#8211; Woodstock | Adventure\"}]},{\"@type\":\"WebSite\",\"@id\":\"https:\/\/crudo-leather.com\/#website\",\"url\":\"https:\/\/crudo-leather.com\/\",\"name\":\"Crudo\",\"description\":\"\",\"potentialAction\":[{\"@type\":\"SearchAction\",\"target\":{\"@type\":\"EntryPoint\",\"urlTemplate\":\"https:\/\/crudo-leather.com\/?s={search_term_string}\"},\"query-input\":{\"@type\":\"PropertyValueSpecification\",\"valueRequired\":true,\"valueName\":\"search_term_string\"}}],\"inLanguage\":\"en-US\"}]}<\/script>\n<!-- \/ Yoast SEO plugin. -->","yoast_head_json":{"title":"PEANUTS 925 Silber Anh\u00e4nger - Woodstock | Adventure - Crudo","description":"Die klassischen Charaktere aus \"Peanuts\" verwandeln sich in kleine 3D-Anh\u00e4nger aus 925er Sterlingsilber, die frei kombiniert und an Crudos ikonische Lederarmb\u00e4nder und Schl\u00fcsselringe angebracht werden k\u00f6nnen, um auf humorvolle Weise eine positive und optimistische Einstellung zu vermitteln.","robots":{"index":"index","follow":"follow","max-snippet":"max-snippet:-1","max-image-preview":"max-image-preview:large","max-video-preview":"max-video-preview:-1"},"canonical":"https:\/\/crudo-leather.com\/de\/product\/peanuts-925-silver-small-3d-pendant-thick-woodstock-adventure\/","og_locale":"en_US","og_type":"article","og_title":"PEANUTS 925 Silber Anh\u00e4nger - Woodstock | Adventure - Crudo","og_description":"Die klassischen Charaktere aus \"Peanuts\" verwandeln sich in kleine 3D-Anh\u00e4nger aus 925er Sterlingsilber, die frei kombiniert und an Crudos ikonische Lederarmb\u00e4nder und Schl\u00fcsselringe angebracht werden k\u00f6nnen, um auf humorvolle Weise eine positive und optimistische Einstellung zu vermitteln.","og_url":"https:\/\/crudo-leather.com\/product\/peanuts-925-silver-small-3d-pendant-thick-woodstock-adventure\/","og_site_name":"Crudo","article_modified_time":"2026-02-03T04:08:06+00:00","og_image":[{"width":2000,"height":2000,"url":"https:\/\/crudo-leather.com\/wp-content\/uploads\/2024\/08\/pns24_7.jpg","type":"image\/jpeg"}],"twitter_card":"summary_large_image","twitter_misc":{"Est. reading time":"1 minute"},"schema":{"@context":"https:\/\/schema.org","@graph":[{"@type":"WebPage","@id":"https:\/\/crudo-leather.com\/product\/peanuts-925-silver-small-3d-pendant-thick-woodstock-adventure\/","url":"https:\/\/crudo-leather.com\/product\/peanuts-925-silver-small-3d-pendant-thick-woodstock-adventure\/","name":"Peanuts Woodstock Adventure 3D Silver Pendant","isPartOf":{"@id":"https:\/\/crudo-leather.com\/#website"},"primaryImageOfPage":{"@id":"https:\/\/crudo-leather.com\/product\/peanuts-925-silver-small-3d-pendant-thick-woodstock-adventure\/#primaryimage"},"image":{"@id":"https:\/\/crudo-leather.com\/product\/peanuts-925-silver-small-3d-pendant-thick-woodstock-adventure\/#primaryimage"},"thumbnailUrl":"https:\/\/crudo-leather.com\/wp-content\/uploads\/2024\/08\/pns24_7.jpg","datePublished":"2024-08-01T11:43:28+00:00","dateModified":"2026-02-03T04:08:06+00:00","description":"Join the adventure with the Peanuts Woodstock Adventure Thick 925 Silver 3D Pendant. A charming accessory for Woodstock fans.","breadcrumb":{"@id":"https:\/\/crudo-leather.com\/product\/peanuts-925-silver-small-3d-pendant-thick-woodstock-adventure\/#breadcrumb"},"inLanguage":"en-US","potentialAction":[{"@type":"ReadAction","target":["https:\/\/crudo-leather.com\/product\/peanuts-925-silver-small-3d-pendant-thick-woodstock-adventure\/"]}]},{"@type":"ImageObject","inLanguage":"en-US","@id":"https:\/\/crudo-leather.com\/product\/peanuts-925-silver-small-3d-pendant-thick-woodstock-adventure\/#primaryimage","url":"https:\/\/crudo-leather.com\/wp-content\/uploads\/2024\/08\/pns24_7.jpg","contentUrl":"https:\/\/crudo-leather.com\/wp-content\/uploads\/2024\/08\/pns24_7.jpg","width":2000,"height":2000},{"@type":"BreadcrumbList","@id":"https:\/\/crudo-leather.com\/product\/peanuts-925-silver-small-3d-pendant-thick-woodstock-adventure\/#breadcrumb","itemListElement":[{"@type":"ListItem","position":1,"name":"Shop","item":"https:\/\/crudo-leather.com\/shop\/"},{"@type":"ListItem","position":2,"name":"Snoopy 925 Silver Pendant &#8211; Woodstock | Adventure"}]},{"@type":"WebSite","@id":"https:\/\/crudo-leather.com\/#website","url":"https:\/\/crudo-leather.com\/","name":"Crudo","description":"","potentialAction":[{"@type":"SearchAction","target":{"@type":"EntryPoint","urlTemplate":"https:\/\/crudo-leather.com\/?s={search_term_string}"},"query-input":{"@type":"PropertyValueSpecification","valueRequired":true,"valueName":"search_term_string"}}],"inLanguage":"en-US"}]}},"_links":{"self":[{"href":"https:\/\/crudo-leather.com\/de\/wp-json\/wp\/v2\/product\/4631"}],"collection":[{"href":"https:\/\/crudo-leather.com\/de\/wp-json\/wp\/v2\/product"}],"about":[{"href":"https:\/\/crudo-leather.com\/de\/wp-json\/wp\/v2\/types\/product"}],"replies":[{"embeddable":true,"href":"https:\/\/crudo-leather.com\/de\/wp-json\/wp\/v2\/comments?post=4631"}],"wp:featuredmedia":[{"embeddable":true,"href":"https:\/\/crudo-leather.com\/de\/wp-json\/wp\/v2\/media\/8480"}],"wp:attachment":[{"href":"https:\/\/crudo-leather.com\/de\/wp-json\/wp\/v2\/media?parent=4631"}],"wp:term":[{"taxonomy":"collection","embeddable":true,"href":"https:\/\/crudo-leather.com\/de\/wp-json\/wp\/v2\/collection?post=4631"},{"taxonomy":"trending_cat","embeddable":true,"href":"https:\/\/crudo-leather.com\/de\/wp-json\/wp\/v2\/trending_cat?post=4631"},{"taxonomy":"product_cat","embeddable":true,"href":"https:\/\/crudo-leather.com\/de\/wp-json\/wp\/v2\/product_cat?post=4631"},{"taxonomy":"product_tag","embeddable":true,"href":"https:\/\/crudo-leather.com\/de\/wp-json\/wp\/v2\/product_tag?post=4631"}],"curies":[{"name":"wp","href":"https:\/\/api.w.org\/{rel}","templated":true}]}}