{"id":4654,"date":"2024-08-01T19:44:29","date_gmt":"2024-08-01T11:44:29","guid":{"rendered":"https:\/\/crudo-leather.com\/product\/crayon-shinchan-925-silver-small-3d-pendant-roaming-himawari-nohora-3d-edition\/"},"modified":"2026-05-08T10:30:05","modified_gmt":"2026-05-08T02:30:05","slug":"crayon-shinchan-925-silver-small-3d-pendant-roaming-himawari-nohora-3d-edition","status":"publish","type":"product","link":"https:\/\/crudo-leather.com\/de\/product\/crayon-shinchan-925-silver-small-3d-pendant-roaming-himawari-nohora-3d-edition\/","title":{"rendered":"Crayon Shinchan 925 Silber 3D-Anh\u00e4nger - Liegendes Himawari"},"content":{"rendered":"","protected":false},"excerpt":{"rendered":"<p>** Dieses Produkt ist ein Kombinationsprodukt und muss mit <a href=\"\/zh-hk\/collections\/crayon-shinchan\/\">Crayon Shinchan Limited Edition Lederaccessoires<\/a> gekauft werden ** <\/p>\n\n<p><ins><strong>Crayon Shinchan x Crudo <\/strong><\/ins><br \/>\nCrudo kooperiert mit der beliebten japanischen Cartoonfigur \"Crayon Shinchan\" und hat das Thema \"Time to Play\" gew\u00e4hlt. Verschiedene Versionen von Shinchan und seinen Freunden und Familienmitgliedern werden in exquisite 925 Silber 3D-Anh\u00e4nger verwandelt, die an Crudos klassischen Lederarmb\u00e4ndern und Edelstein-Metallarmb\u00e4ndern befestigt sind, um Ihren t\u00e4glichen Schmuck unterhaltsam zu gestalten! ;<br \/>\n <br \/>\n- Offiziell lizenzierte Crayon Shinchan Produkte aus Japan <br \/>\n- Niedliche 925 Silberanh\u00e4nger mit Crayon Shinchan Charakteren<br \/>\n- Hergestellt aus 925 Silber mit Ros\u00e9goldbeschichtung<br \/>\n- 3D-Design f\u00fcr mehr Tiefe und Raffinesse<br \/>\n- Freie Kombination verschiedener Sets<\/p>","protected":false},"featured_media":8653,"comment_status":"open","ping_status":"closed","template":"","meta":{"inline_featured_image":false},"collection":[],"trending_cat":[],"product_cat":[2415,15],"product_tag":[],"class_list":{"0":"post-4654","1":"product","2":"type-product","3":"status-publish","4":"has-post-thumbnail","6":"product_cat-pendant-metal-plate","7":"product_cat-uncategorized","9":"first","10":"instock","11":"shipping-taxable","12":"purchasable","13":"product-type-variable"},"yoast_head":"<!-- This site is optimized with the Yoast SEO plugin v23.4 - https:\/\/yoast.com\/wordpress\/plugins\/seo\/ -->\n<title>Crudo Crayon Shinchan 925 Silber Anh\u00e4nger<\/title>\n<meta name=\"description\" content=\"Entdecken Sie die Crudo Crayon Shinchan Kollektion 925 Silber 3D Anh\u00e4nger &quot;Himawari&quot;. Das exquisite und niedliche Design verleiht Ihrem Schmuck einen verspielten Touch. Kaufen Sie jetzt und erleben Sie Ihre Kindheitserinnerungen neu.\" \/>\n<meta name=\"robots\" content=\"index, follow, max-snippet:-1, max-image-preview:large, max-video-preview:-1\" \/>\n<link rel=\"canonical\" href=\"https:\/\/crudo-leather.com\/de\/product\/crayon-shinchan-925-silver-small-3d-pendant-roaming-himawari-nohora-3d-edition\/\" \/>\n<meta property=\"og:locale\" content=\"en_US\" \/>\n<meta property=\"og:type\" content=\"article\" \/>\n<meta property=\"og:title\" content=\"Crudo Crayon Shinchan 925 Silber Anh\u00e4nger\" \/>\n<meta property=\"og:description\" content=\"Entdecken Sie die Crudo Crayon Shinchan Kollektion 925 Silber 3D Anh\u00e4nger &quot;Himawari&quot;. Das exquisite und niedliche Design verleiht Ihrem Schmuck einen verspielten Touch. Kaufen Sie jetzt und erleben Sie Ihre Kindheitserinnerungen neu.\" \/>\n<meta property=\"og:url\" content=\"https:\/\/crudo-leather.com\/product\/crayon-shinchan-925-silver-small-3d-pendant-roaming-himawari-nohora-3d-edition\/\" \/>\n<meta property=\"og:site_name\" content=\"Crudo\" \/>\n<meta property=\"article:modified_time\" content=\"2026-05-08T02:30:05+00:00\" \/>\n<meta property=\"og:image\" content=\"https:\/\/crudo-leather.com\/wp-content\/uploads\/2024\/08\/shinchan_2000_wbg3d_5a.jpg\" \/>\n\t<meta property=\"og:image:width\" content=\"640\" \/>\n\t<meta property=\"og:image:height\" content=\"640\" \/>\n\t<meta property=\"og:image:type\" content=\"image\/jpeg\" \/>\n<meta name=\"twitter:card\" content=\"summary_large_image\" \/>\n<script type=\"application\/ld+json\" class=\"yoast-schema-graph\">{\"@context\":\"https:\/\/schema.org\",\"@graph\":[{\"@type\":\"WebPage\",\"@id\":\"https:\/\/crudo-leather.com\/product\/crayon-shinchan-925-silver-small-3d-pendant-roaming-himawari-nohora-3d-edition\/\",\"url\":\"https:\/\/crudo-leather.com\/product\/crayon-shinchan-925-silver-small-3d-pendant-roaming-himawari-nohora-3d-edition\/\",\"name\":\"Crayon Shinchan 925 Silver 3D Pendant - Roaming Himawari Nohora\",\"isPartOf\":{\"@id\":\"https:\/\/crudo-leather.com\/#website\"},\"primaryImageOfPage\":{\"@id\":\"https:\/\/crudo-leather.com\/product\/crayon-shinchan-925-silver-small-3d-pendant-roaming-himawari-nohora-3d-edition\/#primaryimage\"},\"image\":{\"@id\":\"https:\/\/crudo-leather.com\/product\/crayon-shinchan-925-silver-small-3d-pendant-roaming-himawari-nohora-3d-edition\/#primaryimage\"},\"thumbnailUrl\":\"https:\/\/crudo-leather.com\/wp-content\/uploads\/2024\/08\/shinchan_2000_wbg3d_5a.jpg\",\"datePublished\":\"2024-08-01T11:44:29+00:00\",\"dateModified\":\"2026-05-08T02:30:05+00:00\",\"description\":\"Get the officially licensed Crayon Shinchan 925 silver small 3D pendant. Roaming Himawari Nohora 3D Edition. A charming and unique accessory for fans. Shop now!\",\"breadcrumb\":{\"@id\":\"https:\/\/crudo-leather.com\/product\/crayon-shinchan-925-silver-small-3d-pendant-roaming-himawari-nohora-3d-edition\/#breadcrumb\"},\"inLanguage\":\"en-US\",\"potentialAction\":[{\"@type\":\"ReadAction\",\"target\":[\"https:\/\/crudo-leather.com\/product\/crayon-shinchan-925-silver-small-3d-pendant-roaming-himawari-nohora-3d-edition\/\"]}]},{\"@type\":\"ImageObject\",\"inLanguage\":\"en-US\",\"@id\":\"https:\/\/crudo-leather.com\/product\/crayon-shinchan-925-silver-small-3d-pendant-roaming-himawari-nohora-3d-edition\/#primaryimage\",\"url\":\"https:\/\/crudo-leather.com\/wp-content\/uploads\/2024\/08\/shinchan_2000_wbg3d_5a.jpg\",\"contentUrl\":\"https:\/\/crudo-leather.com\/wp-content\/uploads\/2024\/08\/shinchan_2000_wbg3d_5a.jpg\",\"width\":640,\"height\":640},{\"@type\":\"BreadcrumbList\",\"@id\":\"https:\/\/crudo-leather.com\/product\/crayon-shinchan-925-silver-small-3d-pendant-roaming-himawari-nohora-3d-edition\/#breadcrumb\",\"itemListElement\":[{\"@type\":\"ListItem\",\"position\":1,\"name\":\"Shop\",\"item\":\"https:\/\/crudo-leather.com\/shop\/\"},{\"@type\":\"ListItem\",\"position\":2,\"name\":\"Crayon Shinchan 925 Silver Pendant &#8211; Himawari Nohora\"}]},{\"@type\":\"WebSite\",\"@id\":\"https:\/\/crudo-leather.com\/#website\",\"url\":\"https:\/\/crudo-leather.com\/\",\"name\":\"Crudo\",\"description\":\"\",\"potentialAction\":[{\"@type\":\"SearchAction\",\"target\":{\"@type\":\"EntryPoint\",\"urlTemplate\":\"https:\/\/crudo-leather.com\/?s={search_term_string}\"},\"query-input\":{\"@type\":\"PropertyValueSpecification\",\"valueRequired\":true,\"valueName\":\"search_term_string\"}}],\"inLanguage\":\"en-US\"}]}<\/script>\n<!-- \/ Yoast SEO plugin. -->","yoast_head_json":{"title":"Crudo Crayon Shinchan 925 Silber Anh\u00e4nger","description":"Entdecken Sie die Crudo Crayon Shinchan Kollektion 925 Silber 3D Anh\u00e4nger \"Himawari\". Das exquisite und niedliche Design verleiht Ihrem Schmuck einen verspielten Touch. Kaufen Sie jetzt und erleben Sie Ihre Kindheitserinnerungen neu.","robots":{"index":"index","follow":"follow","max-snippet":"max-snippet:-1","max-image-preview":"max-image-preview:large","max-video-preview":"max-video-preview:-1"},"canonical":"https:\/\/crudo-leather.com\/de\/product\/crayon-shinchan-925-silver-small-3d-pendant-roaming-himawari-nohora-3d-edition\/","og_locale":"en_US","og_type":"article","og_title":"Crudo Crayon Shinchan 925 Silber Anh\u00e4nger","og_description":"Entdecken Sie die Crudo Crayon Shinchan Kollektion 925 Silber 3D Anh\u00e4nger \"Himawari\". Das exquisite und niedliche Design verleiht Ihrem Schmuck einen verspielten Touch. Kaufen Sie jetzt und erleben Sie Ihre Kindheitserinnerungen neu.","og_url":"https:\/\/crudo-leather.com\/product\/crayon-shinchan-925-silver-small-3d-pendant-roaming-himawari-nohora-3d-edition\/","og_site_name":"Crudo","article_modified_time":"2026-05-08T02:30:05+00:00","og_image":[{"width":640,"height":640,"url":"https:\/\/crudo-leather.com\/wp-content\/uploads\/2024\/08\/shinchan_2000_wbg3d_5a.jpg","type":"image\/jpeg"}],"twitter_card":"summary_large_image","schema":{"@context":"https:\/\/schema.org","@graph":[{"@type":"WebPage","@id":"https:\/\/crudo-leather.com\/product\/crayon-shinchan-925-silver-small-3d-pendant-roaming-himawari-nohora-3d-edition\/","url":"https:\/\/crudo-leather.com\/product\/crayon-shinchan-925-silver-small-3d-pendant-roaming-himawari-nohora-3d-edition\/","name":"Crayon Shinchan 925 Silver 3D Pendant - Roaming Himawari Nohora","isPartOf":{"@id":"https:\/\/crudo-leather.com\/#website"},"primaryImageOfPage":{"@id":"https:\/\/crudo-leather.com\/product\/crayon-shinchan-925-silver-small-3d-pendant-roaming-himawari-nohora-3d-edition\/#primaryimage"},"image":{"@id":"https:\/\/crudo-leather.com\/product\/crayon-shinchan-925-silver-small-3d-pendant-roaming-himawari-nohora-3d-edition\/#primaryimage"},"thumbnailUrl":"https:\/\/crudo-leather.com\/wp-content\/uploads\/2024\/08\/shinchan_2000_wbg3d_5a.jpg","datePublished":"2024-08-01T11:44:29+00:00","dateModified":"2026-05-08T02:30:05+00:00","description":"Get the officially licensed Crayon Shinchan 925 silver small 3D pendant. Roaming Himawari Nohora 3D Edition. A charming and unique accessory for fans. Shop now!","breadcrumb":{"@id":"https:\/\/crudo-leather.com\/product\/crayon-shinchan-925-silver-small-3d-pendant-roaming-himawari-nohora-3d-edition\/#breadcrumb"},"inLanguage":"en-US","potentialAction":[{"@type":"ReadAction","target":["https:\/\/crudo-leather.com\/product\/crayon-shinchan-925-silver-small-3d-pendant-roaming-himawari-nohora-3d-edition\/"]}]},{"@type":"ImageObject","inLanguage":"en-US","@id":"https:\/\/crudo-leather.com\/product\/crayon-shinchan-925-silver-small-3d-pendant-roaming-himawari-nohora-3d-edition\/#primaryimage","url":"https:\/\/crudo-leather.com\/wp-content\/uploads\/2024\/08\/shinchan_2000_wbg3d_5a.jpg","contentUrl":"https:\/\/crudo-leather.com\/wp-content\/uploads\/2024\/08\/shinchan_2000_wbg3d_5a.jpg","width":640,"height":640},{"@type":"BreadcrumbList","@id":"https:\/\/crudo-leather.com\/product\/crayon-shinchan-925-silver-small-3d-pendant-roaming-himawari-nohora-3d-edition\/#breadcrumb","itemListElement":[{"@type":"ListItem","position":1,"name":"Shop","item":"https:\/\/crudo-leather.com\/shop\/"},{"@type":"ListItem","position":2,"name":"Crayon Shinchan 925 Silver Pendant &#8211; Himawari Nohora"}]},{"@type":"WebSite","@id":"https:\/\/crudo-leather.com\/#website","url":"https:\/\/crudo-leather.com\/","name":"Crudo","description":"","potentialAction":[{"@type":"SearchAction","target":{"@type":"EntryPoint","urlTemplate":"https:\/\/crudo-leather.com\/?s={search_term_string}"},"query-input":{"@type":"PropertyValueSpecification","valueRequired":true,"valueName":"search_term_string"}}],"inLanguage":"en-US"}]}},"_links":{"self":[{"href":"https:\/\/crudo-leather.com\/de\/wp-json\/wp\/v2\/product\/4654"}],"collection":[{"href":"https:\/\/crudo-leather.com\/de\/wp-json\/wp\/v2\/product"}],"about":[{"href":"https:\/\/crudo-leather.com\/de\/wp-json\/wp\/v2\/types\/product"}],"replies":[{"embeddable":true,"href":"https:\/\/crudo-leather.com\/de\/wp-json\/wp\/v2\/comments?post=4654"}],"wp:featuredmedia":[{"embeddable":true,"href":"https:\/\/crudo-leather.com\/de\/wp-json\/wp\/v2\/media\/8653"}],"wp:attachment":[{"href":"https:\/\/crudo-leather.com\/de\/wp-json\/wp\/v2\/media?parent=4654"}],"wp:term":[{"taxonomy":"collection","embeddable":true,"href":"https:\/\/crudo-leather.com\/de\/wp-json\/wp\/v2\/collection?post=4654"},{"taxonomy":"trending_cat","embeddable":true,"href":"https:\/\/crudo-leather.com\/de\/wp-json\/wp\/v2\/trending_cat?post=4654"},{"taxonomy":"product_cat","embeddable":true,"href":"https:\/\/crudo-leather.com\/de\/wp-json\/wp\/v2\/product_cat?post=4654"},{"taxonomy":"product_tag","embeddable":true,"href":"https:\/\/crudo-leather.com\/de\/wp-json\/wp\/v2\/product_tag?post=4654"}],"curies":[{"name":"wp","href":"https:\/\/api.w.org\/{rel}","templated":true}]}}