{"id":4669,"date":"2024-08-01T19:44:50","date_gmt":"2024-08-01T11:44:50","guid":{"rendered":"https:\/\/crudo-leather.com\/product\/disney-yululun-925-silver-enamel-small-3d-pendant-winnie-the-pooh\/"},"modified":"2026-01-02T10:14:57","modified_gmt":"2026-01-02T02:14:57","slug":"disney-yululun-925-silver-enamel-small-3d-pendant-winnie-the-pooh","status":"publish","type":"product","link":"https:\/\/crudo-leather.com\/de\/product\/disney-yululun-925-silver-enamel-small-3d-pendant-winnie-the-pooh\/","title":{"rendered":"Disney Yululun 925 Silber Anh\u00e4nger - Winnie Puuh (925 Silber Special Edition)"},"content":{"rendered":"","protected":false},"excerpt":{"rendered":"** Dieses Produkt ist ein Kombinationsprodukt und muss mit dem Disney Yululun Special Edition Schmuck gekauft werden**\n\n<ins><strong>Disney Special Edition<\/strong><\/ins>\n\nYululun l\u00e4sst das Herz eines jeden entspannen, sie lassen sich von nichts st\u00f6ren. Bestellen Sie jetzt Ihr personalisiertes Disney Yululun Special Edition Armband und tauchen Sie ein in die magische Welt der Disney-Charaktere.\n\n- Offiziell lizenziertes Disney-Produkt\n\n- Verschiedene Disney-Charaktere Yululun-Thema 925 Sterlingsilber 3D-Anh\u00e4nger\n\n- Hergestellt aus 925 Sterlingsilber mit Ros\u00e9goldbeschichtung\n\n- 3D-Design verleiht mehr Tiefe und ist noch verfeinerter\n\n- Frei kombinierbar mit Leder- oder Stahlschmuck","protected":false},"featured_media":289312,"comment_status":"open","ping_status":"closed","template":"","meta":{"inline_featured_image":false},"collection":[3030],"trending_cat":[],"product_cat":[2415,15],"product_tag":[],"class_list":{"0":"post-4669","1":"product","2":"type-product","3":"status-publish","4":"has-post-thumbnail","6":"product_cat-pendant-metal-plate","7":"product_cat-uncategorized","9":"first","10":"instock","11":"shipping-taxable","12":"purchasable","13":"product-type-variable"},"yoast_head":"<!-- This site is optimized with the Yoast SEO plugin v23.4 - https:\/\/yoast.com\/wordpress\/plugins\/seo\/ -->\n<title>Crudo Disney Yululun 925 Silber Emaille Winnie Puuh 3D Anh\u00e4nger<\/title>\n<meta name=\"description\" content=\"Crudo Leather x Disney Yululun Limited Edition 925 Silber Emaille Winnie Puuh 3D Anh\u00e4nger. Exquisite Ros\u00e9gold-Beschichtung und Emaille-Kunsthandwerk, frei kombinierbar mit Leder- oder Stahlschmuck, um Ihren Crudo-Schmuck mit verspieltem Charme zu bereichern.\" \/>\n<meta name=\"robots\" content=\"index, follow, max-snippet:-1, max-image-preview:large, max-video-preview:-1\" \/>\n<link rel=\"canonical\" href=\"https:\/\/crudo-leather.com\/de\/product\/disney-yululun-925-silver-enamel-small-3d-pendant-winnie-the-pooh\/\" \/>\n<meta property=\"og:locale\" content=\"en_US\" \/>\n<meta property=\"og:type\" content=\"article\" \/>\n<meta property=\"og:title\" content=\"Crudo Disney Yululun 925 Silber Emaille Winnie Puuh 3D Anh\u00e4nger\" \/>\n<meta property=\"og:description\" content=\"Crudo Leather x Disney Yululun Limited Edition 925 Silber Emaille Winnie Puuh 3D Anh\u00e4nger. Exquisite Ros\u00e9gold-Beschichtung und Emaille-Kunsthandwerk, frei kombinierbar mit Leder- oder Stahlschmuck, um Ihren Crudo-Schmuck mit verspieltem Charme zu bereichern.\" \/>\n<meta property=\"og:url\" content=\"https:\/\/crudo-leather.com\/product\/disney-yululun-925-silver-enamel-small-3d-pendant-winnie-the-pooh\/\" \/>\n<meta property=\"og:site_name\" content=\"Crudo\" \/>\n<meta property=\"article:modified_time\" content=\"2026-01-02T02:14:57+00:00\" \/>\n<meta property=\"og:image\" content=\"https:\/\/crudo-leather.com\/wp-content\/uploads\/2024\/08\/Yululun_3DPooh.jpg\" \/>\n\t<meta property=\"og:image:width\" content=\"2000\" \/>\n\t<meta property=\"og:image:height\" content=\"2000\" \/>\n\t<meta property=\"og:image:type\" content=\"image\/jpeg\" \/>\n<meta name=\"twitter:card\" content=\"summary_large_image\" \/>\n<meta name=\"twitter:label1\" content=\"Est. reading time\" \/>\n\t<meta name=\"twitter:data1\" content=\"1 minute\" \/>\n<script type=\"application\/ld+json\" class=\"yoast-schema-graph\">{\"@context\":\"https:\/\/schema.org\",\"@graph\":[{\"@type\":\"WebPage\",\"@id\":\"https:\/\/crudo-leather.com\/product\/disney-yululun-925-silver-enamel-small-3d-pendant-winnie-the-pooh\/\",\"url\":\"https:\/\/crudo-leather.com\/product\/disney-yululun-925-silver-enamel-small-3d-pendant-winnie-the-pooh\/\",\"name\":\"Winnie The Pooh Yululun 3D Silver Pendant\",\"isPartOf\":{\"@id\":\"https:\/\/crudo-leather.com\/#website\"},\"primaryImageOfPage\":{\"@id\":\"https:\/\/crudo-leather.com\/product\/disney-yululun-925-silver-enamel-small-3d-pendant-winnie-the-pooh\/#primaryimage\"},\"image\":{\"@id\":\"https:\/\/crudo-leather.com\/product\/disney-yululun-925-silver-enamel-small-3d-pendant-winnie-the-pooh\/#primaryimage\"},\"thumbnailUrl\":\"https:\/\/crudo-leather.com\/wp-content\/uploads\/2024\/08\/Yululun_3DPooh.jpg\",\"datePublished\":\"2024-08-01T11:44:50+00:00\",\"dateModified\":\"2026-01-02T02:14:57+00:00\",\"description\":\"Carry joy with the Disney Yululun Winnie The Pooh 925 Silver Enamel 3D Pendant. A delightful accessory for Pooh fans.\",\"breadcrumb\":{\"@id\":\"https:\/\/crudo-leather.com\/product\/disney-yululun-925-silver-enamel-small-3d-pendant-winnie-the-pooh\/#breadcrumb\"},\"inLanguage\":\"en-US\",\"potentialAction\":[{\"@type\":\"ReadAction\",\"target\":[\"https:\/\/crudo-leather.com\/product\/disney-yululun-925-silver-enamel-small-3d-pendant-winnie-the-pooh\/\"]}]},{\"@type\":\"ImageObject\",\"inLanguage\":\"en-US\",\"@id\":\"https:\/\/crudo-leather.com\/product\/disney-yululun-925-silver-enamel-small-3d-pendant-winnie-the-pooh\/#primaryimage\",\"url\":\"https:\/\/crudo-leather.com\/wp-content\/uploads\/2024\/08\/Yululun_3DPooh.jpg\",\"contentUrl\":\"https:\/\/crudo-leather.com\/wp-content\/uploads\/2024\/08\/Yululun_3DPooh.jpg\",\"width\":2000,\"height\":2000},{\"@type\":\"BreadcrumbList\",\"@id\":\"https:\/\/crudo-leather.com\/product\/disney-yululun-925-silver-enamel-small-3d-pendant-winnie-the-pooh\/#breadcrumb\",\"itemListElement\":[{\"@type\":\"ListItem\",\"position\":1,\"name\":\"Shop\",\"item\":\"https:\/\/crudo-leather.com\/shop\/\"},{\"@type\":\"ListItem\",\"position\":2,\"name\":\"Disney Yululun 925 Silver Pendant &#8211; Winnie the Pooh (925 Silver Edition)\"}]},{\"@type\":\"WebSite\",\"@id\":\"https:\/\/crudo-leather.com\/#website\",\"url\":\"https:\/\/crudo-leather.com\/\",\"name\":\"Crudo\",\"description\":\"\",\"potentialAction\":[{\"@type\":\"SearchAction\",\"target\":{\"@type\":\"EntryPoint\",\"urlTemplate\":\"https:\/\/crudo-leather.com\/?s={search_term_string}\"},\"query-input\":{\"@type\":\"PropertyValueSpecification\",\"valueRequired\":true,\"valueName\":\"search_term_string\"}}],\"inLanguage\":\"en-US\"}]}<\/script>\n<!-- \/ Yoast SEO plugin. -->","yoast_head_json":{"title":"Crudo Disney Yululun 925 Silber Emaille Winnie Puuh 3D Anh\u00e4nger","description":"Crudo Leather x Disney Yululun Limited Edition 925 Silber Emaille Winnie Puuh 3D Anh\u00e4nger. Exquisite Ros\u00e9gold-Beschichtung und Emaille-Kunsthandwerk, frei kombinierbar mit Leder- oder Stahlschmuck, um Ihren Crudo-Schmuck mit verspieltem Charme zu bereichern.","robots":{"index":"index","follow":"follow","max-snippet":"max-snippet:-1","max-image-preview":"max-image-preview:large","max-video-preview":"max-video-preview:-1"},"canonical":"https:\/\/crudo-leather.com\/de\/product\/disney-yululun-925-silver-enamel-small-3d-pendant-winnie-the-pooh\/","og_locale":"en_US","og_type":"article","og_title":"Crudo Disney Yululun 925 Silber Emaille Winnie Puuh 3D Anh\u00e4nger","og_description":"Crudo Leather x Disney Yululun Limited Edition 925 Silber Emaille Winnie Puuh 3D Anh\u00e4nger. Exquisite Ros\u00e9gold-Beschichtung und Emaille-Kunsthandwerk, frei kombinierbar mit Leder- oder Stahlschmuck, um Ihren Crudo-Schmuck mit verspieltem Charme zu bereichern.","og_url":"https:\/\/crudo-leather.com\/product\/disney-yululun-925-silver-enamel-small-3d-pendant-winnie-the-pooh\/","og_site_name":"Crudo","article_modified_time":"2026-01-02T02:14:57+00:00","og_image":[{"width":2000,"height":2000,"url":"https:\/\/crudo-leather.com\/wp-content\/uploads\/2024\/08\/Yululun_3DPooh.jpg","type":"image\/jpeg"}],"twitter_card":"summary_large_image","twitter_misc":{"Est. reading time":"1 minute"},"schema":{"@context":"https:\/\/schema.org","@graph":[{"@type":"WebPage","@id":"https:\/\/crudo-leather.com\/product\/disney-yululun-925-silver-enamel-small-3d-pendant-winnie-the-pooh\/","url":"https:\/\/crudo-leather.com\/product\/disney-yululun-925-silver-enamel-small-3d-pendant-winnie-the-pooh\/","name":"Winnie The Pooh Yululun 3D Silver Pendant","isPartOf":{"@id":"https:\/\/crudo-leather.com\/#website"},"primaryImageOfPage":{"@id":"https:\/\/crudo-leather.com\/product\/disney-yululun-925-silver-enamel-small-3d-pendant-winnie-the-pooh\/#primaryimage"},"image":{"@id":"https:\/\/crudo-leather.com\/product\/disney-yululun-925-silver-enamel-small-3d-pendant-winnie-the-pooh\/#primaryimage"},"thumbnailUrl":"https:\/\/crudo-leather.com\/wp-content\/uploads\/2024\/08\/Yululun_3DPooh.jpg","datePublished":"2024-08-01T11:44:50+00:00","dateModified":"2026-01-02T02:14:57+00:00","description":"Carry joy with the Disney Yululun Winnie The Pooh 925 Silver Enamel 3D Pendant. A delightful accessory for Pooh fans.","breadcrumb":{"@id":"https:\/\/crudo-leather.com\/product\/disney-yululun-925-silver-enamel-small-3d-pendant-winnie-the-pooh\/#breadcrumb"},"inLanguage":"en-US","potentialAction":[{"@type":"ReadAction","target":["https:\/\/crudo-leather.com\/product\/disney-yululun-925-silver-enamel-small-3d-pendant-winnie-the-pooh\/"]}]},{"@type":"ImageObject","inLanguage":"en-US","@id":"https:\/\/crudo-leather.com\/product\/disney-yululun-925-silver-enamel-small-3d-pendant-winnie-the-pooh\/#primaryimage","url":"https:\/\/crudo-leather.com\/wp-content\/uploads\/2024\/08\/Yululun_3DPooh.jpg","contentUrl":"https:\/\/crudo-leather.com\/wp-content\/uploads\/2024\/08\/Yululun_3DPooh.jpg","width":2000,"height":2000},{"@type":"BreadcrumbList","@id":"https:\/\/crudo-leather.com\/product\/disney-yululun-925-silver-enamel-small-3d-pendant-winnie-the-pooh\/#breadcrumb","itemListElement":[{"@type":"ListItem","position":1,"name":"Shop","item":"https:\/\/crudo-leather.com\/shop\/"},{"@type":"ListItem","position":2,"name":"Disney Yululun 925 Silver Pendant &#8211; Winnie the Pooh (925 Silver Edition)"}]},{"@type":"WebSite","@id":"https:\/\/crudo-leather.com\/#website","url":"https:\/\/crudo-leather.com\/","name":"Crudo","description":"","potentialAction":[{"@type":"SearchAction","target":{"@type":"EntryPoint","urlTemplate":"https:\/\/crudo-leather.com\/?s={search_term_string}"},"query-input":{"@type":"PropertyValueSpecification","valueRequired":true,"valueName":"search_term_string"}}],"inLanguage":"en-US"}]}},"_links":{"self":[{"href":"https:\/\/crudo-leather.com\/de\/wp-json\/wp\/v2\/product\/4669"}],"collection":[{"href":"https:\/\/crudo-leather.com\/de\/wp-json\/wp\/v2\/product"}],"about":[{"href":"https:\/\/crudo-leather.com\/de\/wp-json\/wp\/v2\/types\/product"}],"replies":[{"embeddable":true,"href":"https:\/\/crudo-leather.com\/de\/wp-json\/wp\/v2\/comments?post=4669"}],"wp:featuredmedia":[{"embeddable":true,"href":"https:\/\/crudo-leather.com\/de\/wp-json\/wp\/v2\/media\/289312"}],"wp:attachment":[{"href":"https:\/\/crudo-leather.com\/de\/wp-json\/wp\/v2\/media?parent=4669"}],"wp:term":[{"taxonomy":"collection","embeddable":true,"href":"https:\/\/crudo-leather.com\/de\/wp-json\/wp\/v2\/collection?post=4669"},{"taxonomy":"trending_cat","embeddable":true,"href":"https:\/\/crudo-leather.com\/de\/wp-json\/wp\/v2\/trending_cat?post=4669"},{"taxonomy":"product_cat","embeddable":true,"href":"https:\/\/crudo-leather.com\/de\/wp-json\/wp\/v2\/product_cat?post=4669"},{"taxonomy":"product_tag","embeddable":true,"href":"https:\/\/crudo-leather.com\/de\/wp-json\/wp\/v2\/product_tag?post=4669"}],"curies":[{"name":"wp","href":"https:\/\/api.w.org\/{rel}","templated":true}]}}