{"id":4679,"date":"2024-08-01T19:45:05","date_gmt":"2024-08-01T11:45:05","guid":{"rendered":"https:\/\/crudo-leather.com\/product\/puro-bar-necklace-rose-gold-usually-bought-together\/"},"modified":"2026-03-26T12:27:42","modified_gmt":"2026-03-26T04:27:42","slug":"puro-bar-necklace-rose-gold-usually-bought-together","status":"publish","type":"product","link":"https:\/\/crudo-leather.com\/de\/product\/puro-bar-necklace-rose-gold-usually-bought-together\/","title":{"rendered":"Puro Halskette"},"content":{"rendered":"","protected":false},"excerpt":{"rendered":"Mit einem Schmuckst\u00fcck erz\u00e4hlen Sie Ihre unendliche Liebe. Brechen Sie Geschlechtergrenzen, der Puro Bar personalisierte Anh\u00e4nger interpretiert mit klaren und pr\u00e4gnanten Linien den Unisex-Minimalismus. Besonders bieten wir den Service \"Vierseitige personalisierte Gravur\" an, eine Farbe pro Person, graviert mit den Namen und dem Jahrestag des anderen, um eine 360-Grad perfekt umh\u00fcllende Liebesgeschichte zu schaffen. Zum n\u00e4chsten Fest schenken Sie das einzigartigste und pers\u00f6nlichste Geschenk.\n\n<strong>Beschreibung :\n<\/strong>- Mehrere Schriftarten, Emojis und Gravurvorschl\u00e4ge zur Auswahl\n- Kostenloses Upgrade zum edlen Geschenkset (inklusive Geschenkkarte und Produktgarantie)\n- Personalisierter Gravierservice, kann S\u00e4tze oder Emojis gravieren\n- Hergestellt aus hochwertigem 316L Edelstahl\n- Exklusives kleines Achteck-Metallschliffdesign\n- Handgefertigt von Kunsthandwerkern\n\n<strong>Herstellungszeit und Versanddetails<\/strong><strong> <\/strong>\n- Jedes Produkt ben\u00f6tigt nur 1-5 Werktage zur Fertigstellung\n- Bei Bestellung heute kann es bereits morgen versendet werden\n- Weltweit versandkostenfrei","protected":false},"featured_media":8733,"comment_status":"open","ping_status":"closed","template":"","meta":{"inline_featured_image":false},"collection":[],"trending_cat":[],"product_cat":[86],"product_tag":[],"class_list":{"0":"post-4679","1":"product","2":"type-product","3":"status-publish","4":"has-post-thumbnail","6":"product_cat-customized","8":"first","9":"instock","10":"sale","11":"shipping-taxable","12":"purchasable","13":"product-type-variable"},"yoast_head":"<!-- This site is optimized with the Yoast SEO plugin v23.4 - https:\/\/yoast.com\/wordpress\/plugins\/seo\/ -->\n<title>Puro Langkette\uff5cRos\u00e9gold\uff5cCrudo Leather Craft<\/title>\n<meta name=\"description\" content=\"Der lange Anh\u00e4nger ist aus hochwertigem 316L-Edelstahl gefertigt und gl\u00e4nzt elegant. Das schlichte Liniendesign verstr\u00f6mt eine dezente Ausstrahlung.\" \/>\n<meta name=\"robots\" content=\"index, follow, max-snippet:-1, max-image-preview:large, max-video-preview:-1\" \/>\n<link rel=\"canonical\" href=\"https:\/\/crudo-leather.com\/de\/product\/puro-bar-necklace-rose-gold-usually-bought-together\/\" \/>\n<meta property=\"og:locale\" content=\"en_US\" \/>\n<meta property=\"og:type\" content=\"article\" \/>\n<meta property=\"og:title\" content=\"Puro Langkette\uff5cRos\u00e9gold\uff5cCrudo Leather Craft\" \/>\n<meta property=\"og:description\" content=\"Der lange Anh\u00e4nger ist aus hochwertigem 316L-Edelstahl gefertigt und gl\u00e4nzt elegant. Das schlichte Liniendesign verstr\u00f6mt eine dezente Ausstrahlung.\" \/>\n<meta property=\"og:url\" content=\"https:\/\/crudo-leather.com\/product\/puro-bar-necklace-rose-gold-usually-bought-together\/\" \/>\n<meta property=\"og:site_name\" content=\"Crudo\" \/>\n<meta property=\"article:modified_time\" content=\"2026-03-26T04:27:42+00:00\" \/>\n<meta property=\"og:image\" content=\"https:\/\/crudo-leather.com\/wp-content\/uploads\/2024\/08\/puro_bar_necklace_in_925_silver_-_rose_gold_plated_small-1-1.jpg\" \/>\n\t<meta property=\"og:image:width\" content=\"640\" \/>\n\t<meta property=\"og:image:height\" content=\"640\" \/>\n\t<meta property=\"og:image:type\" content=\"image\/jpeg\" \/>\n<meta name=\"twitter:card\" content=\"summary_large_image\" \/>\n<meta name=\"twitter:label1\" content=\"Est. reading time\" \/>\n\t<meta name=\"twitter:data1\" content=\"1 minute\" \/>\n<script type=\"application\/ld+json\" class=\"yoast-schema-graph\">{\"@context\":\"https:\/\/schema.org\",\"@graph\":[{\"@type\":\"WebPage\",\"@id\":\"https:\/\/crudo-leather.com\/product\/puro-bar-necklace-rose-gold-usually-bought-together\/\",\"url\":\"https:\/\/crudo-leather.com\/product\/puro-bar-necklace-rose-gold-usually-bought-together\/\",\"name\":\"Puro Bar Necklace\uff5cRose Gold Plated\uff5cCrudo Leather Craft\",\"isPartOf\":{\"@id\":\"https:\/\/crudo-leather.com\/#website\"},\"primaryImageOfPage\":{\"@id\":\"https:\/\/crudo-leather.com\/product\/puro-bar-necklace-rose-gold-usually-bought-together\/#primaryimage\"},\"image\":{\"@id\":\"https:\/\/crudo-leather.com\/product\/puro-bar-necklace-rose-gold-usually-bought-together\/#primaryimage\"},\"thumbnailUrl\":\"https:\/\/crudo-leather.com\/wp-content\/uploads\/2024\/08\/puro_bar_necklace_in_925_silver_-_rose_gold_plated_small-1-1.jpg\",\"datePublished\":\"2024-08-01T11:45:05+00:00\",\"dateModified\":\"2026-03-26T04:27:42+00:00\",\"description\":\"Chic and shimmering, the necklace features a sleek vertical bar that showcases the quintessence of an understated look.\",\"breadcrumb\":{\"@id\":\"https:\/\/crudo-leather.com\/product\/puro-bar-necklace-rose-gold-usually-bought-together\/#breadcrumb\"},\"inLanguage\":\"en-US\",\"potentialAction\":[{\"@type\":\"ReadAction\",\"target\":[\"https:\/\/crudo-leather.com\/product\/puro-bar-necklace-rose-gold-usually-bought-together\/\"]}]},{\"@type\":\"ImageObject\",\"inLanguage\":\"en-US\",\"@id\":\"https:\/\/crudo-leather.com\/product\/puro-bar-necklace-rose-gold-usually-bought-together\/#primaryimage\",\"url\":\"https:\/\/crudo-leather.com\/wp-content\/uploads\/2024\/08\/puro_bar_necklace_in_925_silver_-_rose_gold_plated_small-1-1.jpg\",\"contentUrl\":\"https:\/\/crudo-leather.com\/wp-content\/uploads\/2024\/08\/puro_bar_necklace_in_925_silver_-_rose_gold_plated_small-1-1.jpg\",\"width\":640,\"height\":640},{\"@type\":\"BreadcrumbList\",\"@id\":\"https:\/\/crudo-leather.com\/product\/puro-bar-necklace-rose-gold-usually-bought-together\/#breadcrumb\",\"itemListElement\":[{\"@type\":\"ListItem\",\"position\":1,\"name\":\"Shop\",\"item\":\"https:\/\/crudo-leather.com\/shop\/\"},{\"@type\":\"ListItem\",\"position\":2,\"name\":\"Puro Bar Necklace\"}]},{\"@type\":\"WebSite\",\"@id\":\"https:\/\/crudo-leather.com\/#website\",\"url\":\"https:\/\/crudo-leather.com\/\",\"name\":\"Crudo\",\"description\":\"\",\"potentialAction\":[{\"@type\":\"SearchAction\",\"target\":{\"@type\":\"EntryPoint\",\"urlTemplate\":\"https:\/\/crudo-leather.com\/?s={search_term_string}\"},\"query-input\":{\"@type\":\"PropertyValueSpecification\",\"valueRequired\":true,\"valueName\":\"search_term_string\"}}],\"inLanguage\":\"en-US\"}]}<\/script>\n<!-- \/ Yoast SEO plugin. -->","yoast_head_json":{"title":"Puro Langkette\uff5cRos\u00e9gold\uff5cCrudo Leather Craft","description":"Der lange Anh\u00e4nger ist aus hochwertigem 316L-Edelstahl gefertigt und gl\u00e4nzt elegant. Das schlichte Liniendesign verstr\u00f6mt eine dezente Ausstrahlung.","robots":{"index":"index","follow":"follow","max-snippet":"max-snippet:-1","max-image-preview":"max-image-preview:large","max-video-preview":"max-video-preview:-1"},"canonical":"https:\/\/crudo-leather.com\/de\/product\/puro-bar-necklace-rose-gold-usually-bought-together\/","og_locale":"en_US","og_type":"article","og_title":"Puro Langkette\uff5cRos\u00e9gold\uff5cCrudo Leather Craft","og_description":"Der lange Anh\u00e4nger ist aus hochwertigem 316L-Edelstahl gefertigt und gl\u00e4nzt elegant. Das schlichte Liniendesign verstr\u00f6mt eine dezente Ausstrahlung.","og_url":"https:\/\/crudo-leather.com\/product\/puro-bar-necklace-rose-gold-usually-bought-together\/","og_site_name":"Crudo","article_modified_time":"2026-03-26T04:27:42+00:00","og_image":[{"width":640,"height":640,"url":"https:\/\/crudo-leather.com\/wp-content\/uploads\/2024\/08\/puro_bar_necklace_in_925_silver_-_rose_gold_plated_small-1-1.jpg","type":"image\/jpeg"}],"twitter_card":"summary_large_image","twitter_misc":{"Est. reading time":"1 minute"},"schema":{"@context":"https:\/\/schema.org","@graph":[{"@type":"WebPage","@id":"https:\/\/crudo-leather.com\/product\/puro-bar-necklace-rose-gold-usually-bought-together\/","url":"https:\/\/crudo-leather.com\/product\/puro-bar-necklace-rose-gold-usually-bought-together\/","name":"Puro Bar Necklace\uff5cRose Gold Plated\uff5cCrudo Leather Craft","isPartOf":{"@id":"https:\/\/crudo-leather.com\/#website"},"primaryImageOfPage":{"@id":"https:\/\/crudo-leather.com\/product\/puro-bar-necklace-rose-gold-usually-bought-together\/#primaryimage"},"image":{"@id":"https:\/\/crudo-leather.com\/product\/puro-bar-necklace-rose-gold-usually-bought-together\/#primaryimage"},"thumbnailUrl":"https:\/\/crudo-leather.com\/wp-content\/uploads\/2024\/08\/puro_bar_necklace_in_925_silver_-_rose_gold_plated_small-1-1.jpg","datePublished":"2024-08-01T11:45:05+00:00","dateModified":"2026-03-26T04:27:42+00:00","description":"Chic and shimmering, the necklace features a sleek vertical bar that showcases the quintessence of an understated look.","breadcrumb":{"@id":"https:\/\/crudo-leather.com\/product\/puro-bar-necklace-rose-gold-usually-bought-together\/#breadcrumb"},"inLanguage":"en-US","potentialAction":[{"@type":"ReadAction","target":["https:\/\/crudo-leather.com\/product\/puro-bar-necklace-rose-gold-usually-bought-together\/"]}]},{"@type":"ImageObject","inLanguage":"en-US","@id":"https:\/\/crudo-leather.com\/product\/puro-bar-necklace-rose-gold-usually-bought-together\/#primaryimage","url":"https:\/\/crudo-leather.com\/wp-content\/uploads\/2024\/08\/puro_bar_necklace_in_925_silver_-_rose_gold_plated_small-1-1.jpg","contentUrl":"https:\/\/crudo-leather.com\/wp-content\/uploads\/2024\/08\/puro_bar_necklace_in_925_silver_-_rose_gold_plated_small-1-1.jpg","width":640,"height":640},{"@type":"BreadcrumbList","@id":"https:\/\/crudo-leather.com\/product\/puro-bar-necklace-rose-gold-usually-bought-together\/#breadcrumb","itemListElement":[{"@type":"ListItem","position":1,"name":"Shop","item":"https:\/\/crudo-leather.com\/shop\/"},{"@type":"ListItem","position":2,"name":"Puro Bar Necklace"}]},{"@type":"WebSite","@id":"https:\/\/crudo-leather.com\/#website","url":"https:\/\/crudo-leather.com\/","name":"Crudo","description":"","potentialAction":[{"@type":"SearchAction","target":{"@type":"EntryPoint","urlTemplate":"https:\/\/crudo-leather.com\/?s={search_term_string}"},"query-input":{"@type":"PropertyValueSpecification","valueRequired":true,"valueName":"search_term_string"}}],"inLanguage":"en-US"}]}},"_links":{"self":[{"href":"https:\/\/crudo-leather.com\/de\/wp-json\/wp\/v2\/product\/4679"}],"collection":[{"href":"https:\/\/crudo-leather.com\/de\/wp-json\/wp\/v2\/product"}],"about":[{"href":"https:\/\/crudo-leather.com\/de\/wp-json\/wp\/v2\/types\/product"}],"replies":[{"embeddable":true,"href":"https:\/\/crudo-leather.com\/de\/wp-json\/wp\/v2\/comments?post=4679"}],"wp:featuredmedia":[{"embeddable":true,"href":"https:\/\/crudo-leather.com\/de\/wp-json\/wp\/v2\/media\/8733"}],"wp:attachment":[{"href":"https:\/\/crudo-leather.com\/de\/wp-json\/wp\/v2\/media?parent=4679"}],"wp:term":[{"taxonomy":"collection","embeddable":true,"href":"https:\/\/crudo-leather.com\/de\/wp-json\/wp\/v2\/collection?post=4679"},{"taxonomy":"trending_cat","embeddable":true,"href":"https:\/\/crudo-leather.com\/de\/wp-json\/wp\/v2\/trending_cat?post=4679"},{"taxonomy":"product_cat","embeddable":true,"href":"https:\/\/crudo-leather.com\/de\/wp-json\/wp\/v2\/product_cat?post=4679"},{"taxonomy":"product_tag","embeddable":true,"href":"https:\/\/crudo-leather.com\/de\/wp-json\/wp\/v2\/product_tag?post=4679"}],"curies":[{"name":"wp","href":"https:\/\/api.w.org\/{rel}","templated":true}]}}