{"id":4686,"date":"2024-08-01T19:45:29","date_gmt":"2024-08-01T11:45:29","guid":{"rendered":"https:\/\/crudo-leather.com\/product\/il-fato-initial-q-925-silver-necklace-14k-rose-gold-plated\/"},"modified":"2025-11-17T09:27:05","modified_gmt":"2025-11-17T01:27:05","slug":"il-fato-initial-q-925-silver-necklace-14k-rose-gold-plated","status":"publish","type":"product","link":"https:\/\/crudo-leather.com\/de\/product\/il-fato-initial-q-925-silver-necklace-14k-rose-gold-plated\/","title":{"rendered":"Il Fato 925 Silber Buchstabe \"Q\" Halskette"},"content":{"rendered":"","protected":false},"excerpt":{"rendered":"<p><strong>Damit Sie beruhigt einkaufen k\u00f6nnen, bieten wir Ihnen eine 7-t\u00e4gige bedingungslose R\u00fcckgabegarantie<\/strong><\/p>\n\n<p>- Hergestellt aus 925er Silber mit 14K Ros\u00e9goldvergoldung<br \/>\n- Besetzt mit 5 A5-kubischen Zirkonia-Steinen<br \/>\n- Auswahl aus 26 Buchstaben des Alphabets<br \/>\n- Einzigartige Handwerkskunst der Steinverarbeitung l\u00e4sst die Zirkonia-Steine mit dem Licht interagieren und strahlenden Glanz entfalten<br \/>\n- Verstellbare Verschlussschleife zum individuellen Anpassen der Halskette<br \/>\n- Kostenloses Upgrade auf ein elegantes Geschenkset (inklusive Geschenkkarte und Produktgarantie) <br \/>\n<br \/>\n<strong>Produktionszeit und Versanddetails<\/strong> <br \/>\n- Jedes Produkt ben\u00f6tigt nur 1-5 Werktage zur Fertigstellung<br \/>\n- Bei Bestellung heute kann die Sendung bereits morgen versandt werden<br \/>\n- Weltweiter Versand<\/p>","protected":false},"featured_media":8794,"comment_status":"open","ping_status":"closed","template":"","meta":{"inline_featured_image":false},"collection":[],"trending_cat":[],"product_cat":[85],"product_tag":[],"class_list":{"0":"post-4686","1":"product","2":"type-product","3":"status-publish","4":"has-post-thumbnail","6":"product_cat-925-silver-necklace","8":"first","9":"instock","10":"sale","11":"shipping-taxable","12":"purchasable","13":"product-type-variable"},"yoast_head":"<!-- This site is optimized with the Yoast SEO plugin v23.4 - https:\/\/yoast.com\/wordpress\/plugins\/seo\/ -->\n<title>Crudo Il Fato 925 Silber Buchstabe &quot;Q&quot; Halskette<\/title>\n<meta name=\"description\" content=\"Entdecken Sie die Crudo Il Fato 925 Sterling Silber Buchstaben &quot;Q&quot; Halskette, mit 14K Ros\u00e9gold vergoldet und funkelnden Zirkonia besetzt. Personalisierte Gravur m\u00f6glich, inklusive Geschenkbox und einj\u00e4hriger Garantie. Wir schm\u00fccken Sie mit einem einzigartigen Accessoire.\" \/>\n<meta name=\"robots\" content=\"index, follow, max-snippet:-1, max-image-preview:large, max-video-preview:-1\" \/>\n<link rel=\"canonical\" href=\"https:\/\/crudo-leather.com\/de\/product\/il-fato-initial-q-925-silver-necklace-14k-rose-gold-plated\/\" \/>\n<meta property=\"og:locale\" content=\"en_US\" \/>\n<meta property=\"og:type\" content=\"article\" \/>\n<meta property=\"og:title\" content=\"Crudo Il Fato 925 Silber Buchstabe &quot;Q&quot; Halskette\" \/>\n<meta property=\"og:description\" content=\"Entdecken Sie die Crudo Il Fato 925 Sterling Silber Buchstaben &quot;Q&quot; Halskette, mit 14K Ros\u00e9gold vergoldet und funkelnden Zirkonia besetzt. Personalisierte Gravur m\u00f6glich, inklusive Geschenkbox und einj\u00e4hriger Garantie. Wir schm\u00fccken Sie mit einem einzigartigen Accessoire.\" \/>\n<meta property=\"og:url\" content=\"https:\/\/crudo-leather.com\/product\/il-fato-initial-q-925-silver-necklace-14k-rose-gold-plated\/\" \/>\n<meta property=\"og:site_name\" content=\"Crudo\" \/>\n<meta property=\"article:modified_time\" content=\"2025-11-17T01:27:05+00:00\" \/>\n<meta property=\"og:image\" content=\"https:\/\/crudo-leather.com\/wp-content\/uploads\/2024\/08\/q-1.jpg\" \/>\n\t<meta property=\"og:image:width\" content=\"640\" \/>\n\t<meta property=\"og:image:height\" content=\"640\" \/>\n\t<meta property=\"og:image:type\" content=\"image\/jpeg\" \/>\n<meta name=\"twitter:card\" content=\"summary_large_image\" \/>\n<script type=\"application\/ld+json\" class=\"yoast-schema-graph\">{\"@context\":\"https:\/\/schema.org\",\"@graph\":[{\"@type\":\"WebPage\",\"@id\":\"https:\/\/crudo-leather.com\/product\/il-fato-initial-q-925-silver-necklace-14k-rose-gold-plated\/\",\"url\":\"https:\/\/crudo-leather.com\/product\/il-fato-initial-q-925-silver-necklace-14k-rose-gold-plated\/\",\"name\":\"Il Fato Initial Q 925 Silver Necklace - 14K Rose Gold Plated\",\"isPartOf\":{\"@id\":\"https:\/\/crudo-leather.com\/#website\"},\"primaryImageOfPage\":{\"@id\":\"https:\/\/crudo-leather.com\/product\/il-fato-initial-q-925-silver-necklace-14k-rose-gold-plated\/#primaryimage\"},\"image\":{\"@id\":\"https:\/\/crudo-leather.com\/product\/il-fato-initial-q-925-silver-necklace-14k-rose-gold-plated\/#primaryimage\"},\"thumbnailUrl\":\"https:\/\/crudo-leather.com\/wp-content\/uploads\/2024\/08\/q-1.jpg\",\"datePublished\":\"2024-08-01T11:45:29+00:00\",\"dateModified\":\"2025-11-17T01:27:05+00:00\",\"description\":\"Discover Il Fato initial Q 925 silver necklace, 14K rose gold plated. A personalized and elegant accessory, perfect for a unique touch. Shop now!\",\"breadcrumb\":{\"@id\":\"https:\/\/crudo-leather.com\/product\/il-fato-initial-q-925-silver-necklace-14k-rose-gold-plated\/#breadcrumb\"},\"inLanguage\":\"en-US\",\"potentialAction\":[{\"@type\":\"ReadAction\",\"target\":[\"https:\/\/crudo-leather.com\/product\/il-fato-initial-q-925-silver-necklace-14k-rose-gold-plated\/\"]}]},{\"@type\":\"ImageObject\",\"inLanguage\":\"en-US\",\"@id\":\"https:\/\/crudo-leather.com\/product\/il-fato-initial-q-925-silver-necklace-14k-rose-gold-plated\/#primaryimage\",\"url\":\"https:\/\/crudo-leather.com\/wp-content\/uploads\/2024\/08\/q-1.jpg\",\"contentUrl\":\"https:\/\/crudo-leather.com\/wp-content\/uploads\/2024\/08\/q-1.jpg\",\"width\":640,\"height\":640},{\"@type\":\"BreadcrumbList\",\"@id\":\"https:\/\/crudo-leather.com\/product\/il-fato-initial-q-925-silver-necklace-14k-rose-gold-plated\/#breadcrumb\",\"itemListElement\":[{\"@type\":\"ListItem\",\"position\":1,\"name\":\"Shop\",\"item\":\"https:\/\/crudo-leather.com\/shop\/\"},{\"@type\":\"ListItem\",\"position\":2,\"name\":\"Il Fato Initial &#8220;Q&#8221; 925 Silver Necklace\"}]},{\"@type\":\"WebSite\",\"@id\":\"https:\/\/crudo-leather.com\/#website\",\"url\":\"https:\/\/crudo-leather.com\/\",\"name\":\"Crudo\",\"description\":\"\",\"potentialAction\":[{\"@type\":\"SearchAction\",\"target\":{\"@type\":\"EntryPoint\",\"urlTemplate\":\"https:\/\/crudo-leather.com\/?s={search_term_string}\"},\"query-input\":{\"@type\":\"PropertyValueSpecification\",\"valueRequired\":true,\"valueName\":\"search_term_string\"}}],\"inLanguage\":\"en-US\"}]}<\/script>\n<!-- \/ Yoast SEO plugin. -->","yoast_head_json":{"title":"Crudo Il Fato 925 Silber Buchstabe \"Q\" Halskette","description":"Entdecken Sie die Crudo Il Fato 925 Sterling Silber Buchstaben \"Q\" Halskette, mit 14K Ros\u00e9gold vergoldet und funkelnden Zirkonia besetzt. Personalisierte Gravur m\u00f6glich, inklusive Geschenkbox und einj\u00e4hriger Garantie. Wir schm\u00fccken Sie mit einem einzigartigen Accessoire.","robots":{"index":"index","follow":"follow","max-snippet":"max-snippet:-1","max-image-preview":"max-image-preview:large","max-video-preview":"max-video-preview:-1"},"canonical":"https:\/\/crudo-leather.com\/de\/product\/il-fato-initial-q-925-silver-necklace-14k-rose-gold-plated\/","og_locale":"en_US","og_type":"article","og_title":"Crudo Il Fato 925 Silber Buchstabe \"Q\" Halskette","og_description":"Entdecken Sie die Crudo Il Fato 925 Sterling Silber Buchstaben \"Q\" Halskette, mit 14K Ros\u00e9gold vergoldet und funkelnden Zirkonia besetzt. Personalisierte Gravur m\u00f6glich, inklusive Geschenkbox und einj\u00e4hriger Garantie. Wir schm\u00fccken Sie mit einem einzigartigen Accessoire.","og_url":"https:\/\/crudo-leather.com\/product\/il-fato-initial-q-925-silver-necklace-14k-rose-gold-plated\/","og_site_name":"Crudo","article_modified_time":"2025-11-17T01:27:05+00:00","og_image":[{"width":640,"height":640,"url":"https:\/\/crudo-leather.com\/wp-content\/uploads\/2024\/08\/q-1.jpg","type":"image\/jpeg"}],"twitter_card":"summary_large_image","schema":{"@context":"https:\/\/schema.org","@graph":[{"@type":"WebPage","@id":"https:\/\/crudo-leather.com\/product\/il-fato-initial-q-925-silver-necklace-14k-rose-gold-plated\/","url":"https:\/\/crudo-leather.com\/product\/il-fato-initial-q-925-silver-necklace-14k-rose-gold-plated\/","name":"Il Fato Initial Q 925 Silver Necklace - 14K Rose Gold Plated","isPartOf":{"@id":"https:\/\/crudo-leather.com\/#website"},"primaryImageOfPage":{"@id":"https:\/\/crudo-leather.com\/product\/il-fato-initial-q-925-silver-necklace-14k-rose-gold-plated\/#primaryimage"},"image":{"@id":"https:\/\/crudo-leather.com\/product\/il-fato-initial-q-925-silver-necklace-14k-rose-gold-plated\/#primaryimage"},"thumbnailUrl":"https:\/\/crudo-leather.com\/wp-content\/uploads\/2024\/08\/q-1.jpg","datePublished":"2024-08-01T11:45:29+00:00","dateModified":"2025-11-17T01:27:05+00:00","description":"Discover Il Fato initial Q 925 silver necklace, 14K rose gold plated. A personalized and elegant accessory, perfect for a unique touch. Shop now!","breadcrumb":{"@id":"https:\/\/crudo-leather.com\/product\/il-fato-initial-q-925-silver-necklace-14k-rose-gold-plated\/#breadcrumb"},"inLanguage":"en-US","potentialAction":[{"@type":"ReadAction","target":["https:\/\/crudo-leather.com\/product\/il-fato-initial-q-925-silver-necklace-14k-rose-gold-plated\/"]}]},{"@type":"ImageObject","inLanguage":"en-US","@id":"https:\/\/crudo-leather.com\/product\/il-fato-initial-q-925-silver-necklace-14k-rose-gold-plated\/#primaryimage","url":"https:\/\/crudo-leather.com\/wp-content\/uploads\/2024\/08\/q-1.jpg","contentUrl":"https:\/\/crudo-leather.com\/wp-content\/uploads\/2024\/08\/q-1.jpg","width":640,"height":640},{"@type":"BreadcrumbList","@id":"https:\/\/crudo-leather.com\/product\/il-fato-initial-q-925-silver-necklace-14k-rose-gold-plated\/#breadcrumb","itemListElement":[{"@type":"ListItem","position":1,"name":"Shop","item":"https:\/\/crudo-leather.com\/shop\/"},{"@type":"ListItem","position":2,"name":"Il Fato Initial &#8220;Q&#8221; 925 Silver Necklace"}]},{"@type":"WebSite","@id":"https:\/\/crudo-leather.com\/#website","url":"https:\/\/crudo-leather.com\/","name":"Crudo","description":"","potentialAction":[{"@type":"SearchAction","target":{"@type":"EntryPoint","urlTemplate":"https:\/\/crudo-leather.com\/?s={search_term_string}"},"query-input":{"@type":"PropertyValueSpecification","valueRequired":true,"valueName":"search_term_string"}}],"inLanguage":"en-US"}]}},"_links":{"self":[{"href":"https:\/\/crudo-leather.com\/de\/wp-json\/wp\/v2\/product\/4686"}],"collection":[{"href":"https:\/\/crudo-leather.com\/de\/wp-json\/wp\/v2\/product"}],"about":[{"href":"https:\/\/crudo-leather.com\/de\/wp-json\/wp\/v2\/types\/product"}],"replies":[{"embeddable":true,"href":"https:\/\/crudo-leather.com\/de\/wp-json\/wp\/v2\/comments?post=4686"}],"wp:featuredmedia":[{"embeddable":true,"href":"https:\/\/crudo-leather.com\/de\/wp-json\/wp\/v2\/media\/8794"}],"wp:attachment":[{"href":"https:\/\/crudo-leather.com\/de\/wp-json\/wp\/v2\/media?parent=4686"}],"wp:term":[{"taxonomy":"collection","embeddable":true,"href":"https:\/\/crudo-leather.com\/de\/wp-json\/wp\/v2\/collection?post=4686"},{"taxonomy":"trending_cat","embeddable":true,"href":"https:\/\/crudo-leather.com\/de\/wp-json\/wp\/v2\/trending_cat?post=4686"},{"taxonomy":"product_cat","embeddable":true,"href":"https:\/\/crudo-leather.com\/de\/wp-json\/wp\/v2\/product_cat?post=4686"},{"taxonomy":"product_tag","embeddable":true,"href":"https:\/\/crudo-leather.com\/de\/wp-json\/wp\/v2\/product_tag?post=4686"}],"curies":[{"name":"wp","href":"https:\/\/api.w.org\/{rel}","templated":true}]}}