{"id":4700,"date":"2024-08-01T19:46:33","date_gmt":"2024-08-01T11:46:33","guid":{"rendered":"https:\/\/crudo-leather.com\/product\/crayon-shinchan-uv-printed-customized-rfid-slim-passport-wallet-saffiano-blue\/"},"modified":"2026-01-05T17:32:28","modified_gmt":"2026-01-05T09:32:28","slug":"crayon-shinchan-uv-printed-customized-rfid-slim-passport-wallet-saffiano-blue","status":"publish","type":"product","link":"https:\/\/crudo-leather.com\/de\/product\/crayon-shinchan-uv-printed-customized-rfid-slim-passport-wallet-saffiano-blue\/","title":{"rendered":"Crayon Shinchan Limited Edition UV-Druck personalisiertes RFID d\u00fcnnes Leder Reisepassh\u00fclle Portemonnaie"},"content":{"rendered":"","protected":false},"excerpt":{"rendered":"** W\u00e4hlen Sie ein Produkt aus und klicken Sie auf \"Zum Warenkorb hinzuf\u00fcgen und gestalten\". Bitte w\u00e4hlen Sie auf der Gestaltungsseite mindestens ein spezielles Crayon Shinchan-Muster aus, um die UV-Druckanpassung abzuschlie\u00dfen und das Crayon Shinchan-Geschenkset zu verbessern.**\n\n<ins><strong>Crayon Shinchan x Crudo<\/strong><\/ins>\n\nKombinieren Sie Crudos exklusive UV-Drucktechnik f\u00fcr individuelle Anpassungen mit dem verspielten Image von Crayon Shinchan. Shinchan wird mit hoher Pr\u00e4zision und Detailgenauigkeit auf das Leder gedruckt, sodass das Muster farbenfroher und die Details klarer werden. Dies pr\u00e4sentiert perfekt Shinchans niedliches Aussehen, verleiht Ihren Lederprodukten Leben und macht sie zu einem Teil Ihres Lebens.\n\n- Offiziell lizenzierte Crayon Shinchan-Produkte aus Japan\n- Hergestellt aus italienischem Kreuznarben-Vollrindleder\n- Bis zu 25 spezielle Crayon Shinchan-Muster zur Auswahl, die zusammen mit Ihrer personalisierten Unterschrift per UV-Druck auf die Leder-Reisepassh\u00fclle aufgebracht werden\n- Beim Kauf einer limitierten Crayon Shinchan-Leder-Reisepassh\u00fclle erhalten Sie ein Crayon Shinchan-Geschenkset mit abrei\u00dfbarer Gru\u00dfkarte (inklusive Geschenkkarte und Produktgarantie)\n- RFID-Technologie sch\u00fctzt wichtige Daten auf Ihren Karten vor Diebstahl\n- Handgen\u00e4hte Ziehf\u00e4den, geschliffene und vers\u00e4uberte Kanten\n\n<strong>Detaillierte Informationen<\/strong>\n- Unabh\u00e4ngiges Geldfach\n- 5 Kreditkartenf\u00e4cher\n- 1 Reisepassfach\n- 1 Bordkartenfach\n- 1 Innentasche\n\n<strong>Herstellungszeit und Versanddetails<\/strong>\n- Jedes Produkt ben\u00f6tigt nur 1-5 Werktage zur Fertigstellung\n- Bei Bestellung heute kann die Lieferung bereits morgen erfolgen\n- Nur in Hongkong, Taiwan und Macau erh\u00e4ltlich","protected":false},"featured_media":8917,"comment_status":"open","ping_status":"closed","template":"","meta":{"inline_featured_image":false},"collection":[2282],"trending_cat":[],"product_cat":[82],"product_tag":[101],"class_list":{"0":"post-4700","1":"product","2":"type-product","3":"status-publish","4":"has-post-thumbnail","6":"product_cat-passport-holder","7":"product_tag-crayon-shinchan","9":"first","10":"instock","11":"sale","12":"shipping-taxable","13":"purchasable","14":"product-type-variable"},"yoast_head":"<!-- This site is optimized with the Yoast SEO plugin v23.4 - https:\/\/yoast.com\/wordpress\/plugins\/seo\/ -->\n<title>Crudo Crayon Shinchan Kollektion: Blaues RFID Leder Reisepass-Portemonnaie<\/title>\n<meta name=\"description\" content=\"Crudo Crayon Shinchan Limited Edition RFID Slim Leder Reisepass-Portemonnaie, blaues Kreuzmuster Rindsleder UV-Druck. Offizielle japanische Lizenz, RFID-Schutz, sch\u00fctzt Ihre wichtigen Daten. Inklusive exklusiver Geschenkbox, limitiert f\u00fcr Hongkong, Taiwan und Macau. Jetzt kaufen!\" \/>\n<meta name=\"robots\" content=\"index, follow, max-snippet:-1, max-image-preview:large, max-video-preview:-1\" \/>\n<link rel=\"canonical\" href=\"https:\/\/crudo-leather.com\/de\/product\/crayon-shinchan-uv-printed-customized-rfid-slim-passport-wallet-saffiano-blue\/\" \/>\n<meta property=\"og:locale\" content=\"en_US\" \/>\n<meta property=\"og:type\" content=\"article\" \/>\n<meta property=\"og:title\" content=\"Crudo Crayon Shinchan Kollektion: Blaues RFID Leder Reisepass-Portemonnaie\" \/>\n<meta property=\"og:description\" content=\"Crudo Crayon Shinchan Limited Edition RFID Slim Leder Reisepass-Portemonnaie, blaues Kreuzmuster Rindsleder UV-Druck. Offizielle japanische Lizenz, RFID-Schutz, sch\u00fctzt Ihre wichtigen Daten. Inklusive exklusiver Geschenkbox, limitiert f\u00fcr Hongkong, Taiwan und Macau. Jetzt kaufen!\" \/>\n<meta property=\"og:url\" content=\"https:\/\/crudo-leather.com\/product\/crayon-shinchan-uv-printed-customized-rfid-slim-passport-wallet-saffiano-blue\/\" \/>\n<meta property=\"og:site_name\" content=\"Crudo\" \/>\n<meta property=\"article:modified_time\" content=\"2026-01-05T09:32:28+00:00\" \/>\n<meta property=\"og:image\" content=\"https:\/\/crudo-leather.com\/wp-content\/uploads\/2024\/08\/csc_pph13_1_blue-1.jpg\" \/>\n\t<meta property=\"og:image:width\" content=\"2000\" \/>\n\t<meta property=\"og:image:height\" content=\"2000\" \/>\n\t<meta property=\"og:image:type\" content=\"image\/jpeg\" \/>\n<meta name=\"twitter:card\" content=\"summary_large_image\" \/>\n<meta name=\"twitter:label1\" content=\"Est. reading time\" \/>\n\t<meta name=\"twitter:data1\" content=\"1 minute\" \/>\n<script type=\"application\/ld+json\" class=\"yoast-schema-graph\">{\"@context\":\"https:\/\/schema.org\",\"@graph\":[{\"@type\":\"WebPage\",\"@id\":\"https:\/\/crudo-leather.com\/product\/crayon-shinchan-uv-printed-customized-rfid-slim-passport-wallet-saffiano-blue\/\",\"url\":\"https:\/\/crudo-leather.com\/product\/crayon-shinchan-uv-printed-customized-rfid-slim-passport-wallet-saffiano-blue\/\",\"name\":\"Crayon Shinchan UV Printed RFID Slim Passport Wallet - Saffiano Blue\",\"isPartOf\":{\"@id\":\"https:\/\/crudo-leather.com\/#website\"},\"primaryImageOfPage\":{\"@id\":\"https:\/\/crudo-leather.com\/product\/crayon-shinchan-uv-printed-customized-rfid-slim-passport-wallet-saffiano-blue\/#primaryimage\"},\"image\":{\"@id\":\"https:\/\/crudo-leather.com\/product\/crayon-shinchan-uv-printed-customized-rfid-slim-passport-wallet-saffiano-blue\/#primaryimage\"},\"thumbnailUrl\":\"https:\/\/crudo-leather.com\/wp-content\/uploads\/2024\/08\/csc_pph13_1_blue-1.jpg\",\"datePublished\":\"2024-08-01T11:46:33+00:00\",\"dateModified\":\"2026-01-05T09:32:28+00:00\",\"description\":\"Get the officially licensed Crayon Shinchan UV printed RFID slim passport wallet. Saffiano blue, secure & stylish. Free engraving & luxury gift box. Travel essential. Shop now!\",\"breadcrumb\":{\"@id\":\"https:\/\/crudo-leather.com\/product\/crayon-shinchan-uv-printed-customized-rfid-slim-passport-wallet-saffiano-blue\/#breadcrumb\"},\"inLanguage\":\"en-US\",\"potentialAction\":[{\"@type\":\"ReadAction\",\"target\":[\"https:\/\/crudo-leather.com\/product\/crayon-shinchan-uv-printed-customized-rfid-slim-passport-wallet-saffiano-blue\/\"]}]},{\"@type\":\"ImageObject\",\"inLanguage\":\"en-US\",\"@id\":\"https:\/\/crudo-leather.com\/product\/crayon-shinchan-uv-printed-customized-rfid-slim-passport-wallet-saffiano-blue\/#primaryimage\",\"url\":\"https:\/\/crudo-leather.com\/wp-content\/uploads\/2024\/08\/csc_pph13_1_blue-1.jpg\",\"contentUrl\":\"https:\/\/crudo-leather.com\/wp-content\/uploads\/2024\/08\/csc_pph13_1_blue-1.jpg\",\"width\":2000,\"height\":2000},{\"@type\":\"BreadcrumbList\",\"@id\":\"https:\/\/crudo-leather.com\/product\/crayon-shinchan-uv-printed-customized-rfid-slim-passport-wallet-saffiano-blue\/#breadcrumb\",\"itemListElement\":[{\"@type\":\"ListItem\",\"position\":1,\"name\":\"Shop\",\"item\":\"https:\/\/crudo-leather.com\/shop\/\"},{\"@type\":\"ListItem\",\"position\":2,\"name\":\"Crayon Shinchan UV Printed Customized RFID Slim Passport Wallet\"}]},{\"@type\":\"WebSite\",\"@id\":\"https:\/\/crudo-leather.com\/#website\",\"url\":\"https:\/\/crudo-leather.com\/\",\"name\":\"Crudo\",\"description\":\"\",\"potentialAction\":[{\"@type\":\"SearchAction\",\"target\":{\"@type\":\"EntryPoint\",\"urlTemplate\":\"https:\/\/crudo-leather.com\/?s={search_term_string}\"},\"query-input\":{\"@type\":\"PropertyValueSpecification\",\"valueRequired\":true,\"valueName\":\"search_term_string\"}}],\"inLanguage\":\"en-US\"}]}<\/script>\n<!-- \/ Yoast SEO plugin. -->","yoast_head_json":{"title":"Crudo Crayon Shinchan Kollektion: Blaues RFID Leder Reisepass-Portemonnaie","description":"Crudo Crayon Shinchan Limited Edition RFID Slim Leder Reisepass-Portemonnaie, blaues Kreuzmuster Rindsleder UV-Druck. Offizielle japanische Lizenz, RFID-Schutz, sch\u00fctzt Ihre wichtigen Daten. Inklusive exklusiver Geschenkbox, limitiert f\u00fcr Hongkong, Taiwan und Macau. Jetzt kaufen!","robots":{"index":"index","follow":"follow","max-snippet":"max-snippet:-1","max-image-preview":"max-image-preview:large","max-video-preview":"max-video-preview:-1"},"canonical":"https:\/\/crudo-leather.com\/de\/product\/crayon-shinchan-uv-printed-customized-rfid-slim-passport-wallet-saffiano-blue\/","og_locale":"en_US","og_type":"article","og_title":"Crudo Crayon Shinchan Kollektion: Blaues RFID Leder Reisepass-Portemonnaie","og_description":"Crudo Crayon Shinchan Limited Edition RFID Slim Leder Reisepass-Portemonnaie, blaues Kreuzmuster Rindsleder UV-Druck. Offizielle japanische Lizenz, RFID-Schutz, sch\u00fctzt Ihre wichtigen Daten. Inklusive exklusiver Geschenkbox, limitiert f\u00fcr Hongkong, Taiwan und Macau. Jetzt kaufen!","og_url":"https:\/\/crudo-leather.com\/product\/crayon-shinchan-uv-printed-customized-rfid-slim-passport-wallet-saffiano-blue\/","og_site_name":"Crudo","article_modified_time":"2026-01-05T09:32:28+00:00","og_image":[{"width":2000,"height":2000,"url":"https:\/\/crudo-leather.com\/wp-content\/uploads\/2024\/08\/csc_pph13_1_blue-1.jpg","type":"image\/jpeg"}],"twitter_card":"summary_large_image","twitter_misc":{"Est. reading time":"1 minute"},"schema":{"@context":"https:\/\/schema.org","@graph":[{"@type":"WebPage","@id":"https:\/\/crudo-leather.com\/product\/crayon-shinchan-uv-printed-customized-rfid-slim-passport-wallet-saffiano-blue\/","url":"https:\/\/crudo-leather.com\/product\/crayon-shinchan-uv-printed-customized-rfid-slim-passport-wallet-saffiano-blue\/","name":"Crayon Shinchan UV Printed RFID Slim Passport Wallet - Saffiano Blue","isPartOf":{"@id":"https:\/\/crudo-leather.com\/#website"},"primaryImageOfPage":{"@id":"https:\/\/crudo-leather.com\/product\/crayon-shinchan-uv-printed-customized-rfid-slim-passport-wallet-saffiano-blue\/#primaryimage"},"image":{"@id":"https:\/\/crudo-leather.com\/product\/crayon-shinchan-uv-printed-customized-rfid-slim-passport-wallet-saffiano-blue\/#primaryimage"},"thumbnailUrl":"https:\/\/crudo-leather.com\/wp-content\/uploads\/2024\/08\/csc_pph13_1_blue-1.jpg","datePublished":"2024-08-01T11:46:33+00:00","dateModified":"2026-01-05T09:32:28+00:00","description":"Get the officially licensed Crayon Shinchan UV printed RFID slim passport wallet. Saffiano blue, secure & stylish. Free engraving & luxury gift box. Travel essential. Shop now!","breadcrumb":{"@id":"https:\/\/crudo-leather.com\/product\/crayon-shinchan-uv-printed-customized-rfid-slim-passport-wallet-saffiano-blue\/#breadcrumb"},"inLanguage":"en-US","potentialAction":[{"@type":"ReadAction","target":["https:\/\/crudo-leather.com\/product\/crayon-shinchan-uv-printed-customized-rfid-slim-passport-wallet-saffiano-blue\/"]}]},{"@type":"ImageObject","inLanguage":"en-US","@id":"https:\/\/crudo-leather.com\/product\/crayon-shinchan-uv-printed-customized-rfid-slim-passport-wallet-saffiano-blue\/#primaryimage","url":"https:\/\/crudo-leather.com\/wp-content\/uploads\/2024\/08\/csc_pph13_1_blue-1.jpg","contentUrl":"https:\/\/crudo-leather.com\/wp-content\/uploads\/2024\/08\/csc_pph13_1_blue-1.jpg","width":2000,"height":2000},{"@type":"BreadcrumbList","@id":"https:\/\/crudo-leather.com\/product\/crayon-shinchan-uv-printed-customized-rfid-slim-passport-wallet-saffiano-blue\/#breadcrumb","itemListElement":[{"@type":"ListItem","position":1,"name":"Shop","item":"https:\/\/crudo-leather.com\/shop\/"},{"@type":"ListItem","position":2,"name":"Crayon Shinchan UV Printed Customized RFID Slim Passport Wallet"}]},{"@type":"WebSite","@id":"https:\/\/crudo-leather.com\/#website","url":"https:\/\/crudo-leather.com\/","name":"Crudo","description":"","potentialAction":[{"@type":"SearchAction","target":{"@type":"EntryPoint","urlTemplate":"https:\/\/crudo-leather.com\/?s={search_term_string}"},"query-input":{"@type":"PropertyValueSpecification","valueRequired":true,"valueName":"search_term_string"}}],"inLanguage":"en-US"}]}},"_links":{"self":[{"href":"https:\/\/crudo-leather.com\/de\/wp-json\/wp\/v2\/product\/4700"}],"collection":[{"href":"https:\/\/crudo-leather.com\/de\/wp-json\/wp\/v2\/product"}],"about":[{"href":"https:\/\/crudo-leather.com\/de\/wp-json\/wp\/v2\/types\/product"}],"replies":[{"embeddable":true,"href":"https:\/\/crudo-leather.com\/de\/wp-json\/wp\/v2\/comments?post=4700"}],"wp:featuredmedia":[{"embeddable":true,"href":"https:\/\/crudo-leather.com\/de\/wp-json\/wp\/v2\/media\/8917"}],"wp:attachment":[{"href":"https:\/\/crudo-leather.com\/de\/wp-json\/wp\/v2\/media?parent=4700"}],"wp:term":[{"taxonomy":"collection","embeddable":true,"href":"https:\/\/crudo-leather.com\/de\/wp-json\/wp\/v2\/collection?post=4700"},{"taxonomy":"trending_cat","embeddable":true,"href":"https:\/\/crudo-leather.com\/de\/wp-json\/wp\/v2\/trending_cat?post=4700"},{"taxonomy":"product_cat","embeddable":true,"href":"https:\/\/crudo-leather.com\/de\/wp-json\/wp\/v2\/product_cat?post=4700"},{"taxonomy":"product_tag","embeddable":true,"href":"https:\/\/crudo-leather.com\/de\/wp-json\/wp\/v2\/product_tag?post=4700"}],"curies":[{"name":"wp","href":"https:\/\/api.w.org\/{rel}","templated":true}]}}