{"id":4707,"date":"2024-08-01T19:47:08","date_gmt":"2024-08-01T11:47:08","guid":{"rendered":"https:\/\/crudo-leather.com\/product\/sanrio-characters-uv-printed-customized-rfid-slim-passport-wallet-saffiano-black\/"},"modified":"2026-01-02T09:46:52","modified_gmt":"2026-01-02T01:46:52","slug":"sanrio-characters-uv-printed-customized-rfid-slim-passport-wallet-saffiano-black","status":"publish","type":"product","link":"https:\/\/crudo-leather.com\/de\/product\/sanrio-characters-uv-printed-customized-rfid-slim-passport-wallet-saffiano-black\/","title":{"rendered":"Sanrio Charaktere Limited Edition UV-Druck personalisiertes RFID d\u00fcnnes Leder Reisepassh\u00fclle"},"content":{"rendered":"","protected":false},"excerpt":{"rendered":"** Nach Auswahl des Produkts und Klicken auf \"Zum Warenkorb hinzuf\u00fcgen und gestalten\" w\u00e4hlen Sie bitte auf der Gestaltungsseite mindestens ein spezielles Muster aus der Sanrio Charaktere Kollektion aus, um die UV-Druckanpassung abzuschlie\u00dfen und das Sanrio Charaktere Geschenkset zu verbessern.**\n\n<ins><strong>Sanrio Charaktere x Crudo<\/strong><\/ins>\nDie klassischen beliebten japanischen Charaktere Sanrio Charaktere sind da! In der Crudo x Sanrio Kollektion treten die niedlichen Charaktere Hello Kitty, Kuromi, Cinnamoroll und Pompompurin in Shiba Inu-Form auf. Durch Crudos exklusive UV-Drucktechnik werden die niedlichen Sanrio Charaktere mit hoher Pr\u00e4zision und Detailgenauigkeit auf das Leder gedruckt, sodass Ihre Lederaccessoires sowohl stilvoll als auch niedlich sind.\n\n- Offiziell lizenzierte Sanrio Produkte\n- Hergestellt aus italienischem Kreuznarben-Vollrindleder\n- Bis zu 17 spezielle Muster der Sanrio Charaktere Kollektion zur Auswahl, die zusammen mit Ihrem personalisierten Signatur-UV-Druck auf dem Leder-Reisepassh\u00fclle gedruckt werden\n- Beim Kauf einer limitierten Leder-Reisepassh\u00fclle der Sanrio Charaktere erhalten Sie ein Sanrio Charaktere Geschenkset mit abrei\u00dfbarer Gru\u00dfkarte\n- RFID-Technologie sch\u00fctzt wichtige Daten auf Ihren Karten vor Diebstahl\n- Handgen\u00e4hte Ziern\u00e4hte, geschliffene und vers\u00e4uberte Kanten\n\n<strong>Detaillierte Informationen<\/strong>\n- Separate Geldscheinfach\n- 5 Kreditkartenf\u00e4cher\n- 1 Reisepassfach\n- 1 Bordkartenfach\n- 1 Innentasche\n\n<strong>Herstellungszeit und Versanddetails<\/strong>\n- Jedes Produkt ben\u00f6tigt nur 1-5 Werktage zur Herstellung\n- Bei Bestellung heute kann es bereits morgen versendet werden\n- Nur erh\u00e4ltlich in Hongkong, Macau, Festlandchina, Japan, S\u00fcdkorea und S\u00fcdamerika (au\u00dfer Panama)","protected":false},"featured_media":8977,"comment_status":"open","ping_status":"closed","template":"","meta":{"inline_featured_image":false},"collection":[2273],"trending_cat":[],"product_cat":[82],"product_tag":[2404],"class_list":{"0":"post-4707","1":"product","2":"type-product","3":"status-publish","4":"has-post-thumbnail","6":"product_cat-passport-holder","7":"product_tag-sanrio-shiba-inu","9":"first","10":"instock","11":"sale","12":"shipping-taxable","13":"purchasable","14":"product-type-variable"},"yoast_head":"<!-- This site is optimized with the Yoast SEO plugin v23.4 - https:\/\/yoast.com\/wordpress\/plugins\/seo\/ -->\n<title>Sanrio Charaktere RFID schlanke Reisepassh\u00fclle Saffiano Schwarz<\/title>\n<meta name=\"description\" content=\"Crudo x Sanrio Charaktere Limited Edition! UV-bedrucktes personalisiertes RFID-D\u00fcnnleder-Reisepass-Portemonnaie, Saffiano Schwarz. Offiziell lizenziert, Diebstahlschutz-Technologie.\" \/>\n<meta name=\"robots\" content=\"index, follow, max-snippet:-1, max-image-preview:large, max-video-preview:-1\" \/>\n<link rel=\"canonical\" href=\"https:\/\/crudo-leather.com\/de\/product\/sanrio-characters-uv-printed-customized-rfid-slim-passport-wallet-saffiano-black\/\" \/>\n<meta property=\"og:locale\" content=\"en_US\" \/>\n<meta property=\"og:type\" content=\"article\" \/>\n<meta property=\"og:title\" content=\"Sanrio Charaktere RFID schlanke Reisepassh\u00fclle Saffiano Schwarz\" \/>\n<meta property=\"og:description\" content=\"Crudo x Sanrio Charaktere Limited Edition! UV-bedrucktes personalisiertes RFID-D\u00fcnnleder-Reisepass-Portemonnaie, Saffiano Schwarz. Offiziell lizenziert, Diebstahlschutz-Technologie.\" \/>\n<meta property=\"og:url\" content=\"https:\/\/crudo-leather.com\/product\/sanrio-characters-uv-printed-customized-rfid-slim-passport-wallet-saffiano-black\/\" \/>\n<meta property=\"og:site_name\" content=\"Crudo\" \/>\n<meta property=\"article:modified_time\" content=\"2026-01-02T01:46:52+00:00\" \/>\n<meta property=\"og:image\" content=\"https:\/\/crudo-leather.com\/wp-content\/uploads\/2024\/08\/sro_pph13_1_black-1.jpg\" \/>\n\t<meta property=\"og:image:width\" content=\"2000\" \/>\n\t<meta property=\"og:image:height\" content=\"2000\" \/>\n\t<meta property=\"og:image:type\" content=\"image\/jpeg\" \/>\n<meta name=\"twitter:card\" content=\"summary_large_image\" \/>\n<meta name=\"twitter:label1\" content=\"Est. reading time\" \/>\n\t<meta name=\"twitter:data1\" content=\"1 minute\" \/>\n<script type=\"application\/ld+json\" class=\"yoast-schema-graph\">{\"@context\":\"https:\/\/schema.org\",\"@graph\":[{\"@type\":\"WebPage\",\"@id\":\"https:\/\/crudo-leather.com\/product\/sanrio-characters-uv-printed-customized-rfid-slim-passport-wallet-saffiano-black\/\",\"url\":\"https:\/\/crudo-leather.com\/product\/sanrio-characters-uv-printed-customized-rfid-slim-passport-wallet-saffiano-black\/\",\"name\":\"Sanrio Characters UV Printed RFID Slim Passport Wallet - Saffiano Black\",\"isPartOf\":{\"@id\":\"https:\/\/crudo-leather.com\/#website\"},\"primaryImageOfPage\":{\"@id\":\"https:\/\/crudo-leather.com\/product\/sanrio-characters-uv-printed-customized-rfid-slim-passport-wallet-saffiano-black\/#primaryimage\"},\"image\":{\"@id\":\"https:\/\/crudo-leather.com\/product\/sanrio-characters-uv-printed-customized-rfid-slim-passport-wallet-saffiano-black\/#primaryimage\"},\"thumbnailUrl\":\"https:\/\/crudo-leather.com\/wp-content\/uploads\/2024\/08\/sro_pph13_1_black-1.jpg\",\"datePublished\":\"2024-08-01T11:47:08+00:00\",\"dateModified\":\"2026-01-02T01:46:52+00:00\",\"description\":\"Explore officially licensed Sanrio Characters UV printed RFID slim passport wallet. Saffiano black, secure & stylish. Free engraving & luxury gift box. Travel essential. Shop now!\",\"breadcrumb\":{\"@id\":\"https:\/\/crudo-leather.com\/product\/sanrio-characters-uv-printed-customized-rfid-slim-passport-wallet-saffiano-black\/#breadcrumb\"},\"inLanguage\":\"en-US\",\"potentialAction\":[{\"@type\":\"ReadAction\",\"target\":[\"https:\/\/crudo-leather.com\/product\/sanrio-characters-uv-printed-customized-rfid-slim-passport-wallet-saffiano-black\/\"]}]},{\"@type\":\"ImageObject\",\"inLanguage\":\"en-US\",\"@id\":\"https:\/\/crudo-leather.com\/product\/sanrio-characters-uv-printed-customized-rfid-slim-passport-wallet-saffiano-black\/#primaryimage\",\"url\":\"https:\/\/crudo-leather.com\/wp-content\/uploads\/2024\/08\/sro_pph13_1_black-1.jpg\",\"contentUrl\":\"https:\/\/crudo-leather.com\/wp-content\/uploads\/2024\/08\/sro_pph13_1_black-1.jpg\",\"width\":2000,\"height\":2000},{\"@type\":\"BreadcrumbList\",\"@id\":\"https:\/\/crudo-leather.com\/product\/sanrio-characters-uv-printed-customized-rfid-slim-passport-wallet-saffiano-black\/#breadcrumb\",\"itemListElement\":[{\"@type\":\"ListItem\",\"position\":1,\"name\":\"Shop\",\"item\":\"https:\/\/crudo-leather.com\/shop\/\"},{\"@type\":\"ListItem\",\"position\":2,\"name\":\"Sanrio Characters UV Printed Customized RFID Slim Passport Wallet\"}]},{\"@type\":\"WebSite\",\"@id\":\"https:\/\/crudo-leather.com\/#website\",\"url\":\"https:\/\/crudo-leather.com\/\",\"name\":\"Crudo\",\"description\":\"\",\"potentialAction\":[{\"@type\":\"SearchAction\",\"target\":{\"@type\":\"EntryPoint\",\"urlTemplate\":\"https:\/\/crudo-leather.com\/?s={search_term_string}\"},\"query-input\":{\"@type\":\"PropertyValueSpecification\",\"valueRequired\":true,\"valueName\":\"search_term_string\"}}],\"inLanguage\":\"en-US\"}]}<\/script>\n<!-- \/ Yoast SEO plugin. -->","yoast_head_json":{"title":"Sanrio Charaktere RFID schlanke Reisepassh\u00fclle Saffiano Schwarz","description":"Crudo x Sanrio Charaktere Limited Edition! UV-bedrucktes personalisiertes RFID-D\u00fcnnleder-Reisepass-Portemonnaie, Saffiano Schwarz. Offiziell lizenziert, Diebstahlschutz-Technologie.","robots":{"index":"index","follow":"follow","max-snippet":"max-snippet:-1","max-image-preview":"max-image-preview:large","max-video-preview":"max-video-preview:-1"},"canonical":"https:\/\/crudo-leather.com\/de\/product\/sanrio-characters-uv-printed-customized-rfid-slim-passport-wallet-saffiano-black\/","og_locale":"en_US","og_type":"article","og_title":"Sanrio Charaktere RFID schlanke Reisepassh\u00fclle Saffiano Schwarz","og_description":"Crudo x Sanrio Charaktere Limited Edition! UV-bedrucktes personalisiertes RFID-D\u00fcnnleder-Reisepass-Portemonnaie, Saffiano Schwarz. Offiziell lizenziert, Diebstahlschutz-Technologie.","og_url":"https:\/\/crudo-leather.com\/product\/sanrio-characters-uv-printed-customized-rfid-slim-passport-wallet-saffiano-black\/","og_site_name":"Crudo","article_modified_time":"2026-01-02T01:46:52+00:00","og_image":[{"width":2000,"height":2000,"url":"https:\/\/crudo-leather.com\/wp-content\/uploads\/2024\/08\/sro_pph13_1_black-1.jpg","type":"image\/jpeg"}],"twitter_card":"summary_large_image","twitter_misc":{"Est. reading time":"1 minute"},"schema":{"@context":"https:\/\/schema.org","@graph":[{"@type":"WebPage","@id":"https:\/\/crudo-leather.com\/product\/sanrio-characters-uv-printed-customized-rfid-slim-passport-wallet-saffiano-black\/","url":"https:\/\/crudo-leather.com\/product\/sanrio-characters-uv-printed-customized-rfid-slim-passport-wallet-saffiano-black\/","name":"Sanrio Characters UV Printed RFID Slim Passport Wallet - Saffiano Black","isPartOf":{"@id":"https:\/\/crudo-leather.com\/#website"},"primaryImageOfPage":{"@id":"https:\/\/crudo-leather.com\/product\/sanrio-characters-uv-printed-customized-rfid-slim-passport-wallet-saffiano-black\/#primaryimage"},"image":{"@id":"https:\/\/crudo-leather.com\/product\/sanrio-characters-uv-printed-customized-rfid-slim-passport-wallet-saffiano-black\/#primaryimage"},"thumbnailUrl":"https:\/\/crudo-leather.com\/wp-content\/uploads\/2024\/08\/sro_pph13_1_black-1.jpg","datePublished":"2024-08-01T11:47:08+00:00","dateModified":"2026-01-02T01:46:52+00:00","description":"Explore officially licensed Sanrio Characters UV printed RFID slim passport wallet. Saffiano black, secure & stylish. Free engraving & luxury gift box. Travel essential. Shop now!","breadcrumb":{"@id":"https:\/\/crudo-leather.com\/product\/sanrio-characters-uv-printed-customized-rfid-slim-passport-wallet-saffiano-black\/#breadcrumb"},"inLanguage":"en-US","potentialAction":[{"@type":"ReadAction","target":["https:\/\/crudo-leather.com\/product\/sanrio-characters-uv-printed-customized-rfid-slim-passport-wallet-saffiano-black\/"]}]},{"@type":"ImageObject","inLanguage":"en-US","@id":"https:\/\/crudo-leather.com\/product\/sanrio-characters-uv-printed-customized-rfid-slim-passport-wallet-saffiano-black\/#primaryimage","url":"https:\/\/crudo-leather.com\/wp-content\/uploads\/2024\/08\/sro_pph13_1_black-1.jpg","contentUrl":"https:\/\/crudo-leather.com\/wp-content\/uploads\/2024\/08\/sro_pph13_1_black-1.jpg","width":2000,"height":2000},{"@type":"BreadcrumbList","@id":"https:\/\/crudo-leather.com\/product\/sanrio-characters-uv-printed-customized-rfid-slim-passport-wallet-saffiano-black\/#breadcrumb","itemListElement":[{"@type":"ListItem","position":1,"name":"Shop","item":"https:\/\/crudo-leather.com\/shop\/"},{"@type":"ListItem","position":2,"name":"Sanrio Characters UV Printed Customized RFID Slim Passport Wallet"}]},{"@type":"WebSite","@id":"https:\/\/crudo-leather.com\/#website","url":"https:\/\/crudo-leather.com\/","name":"Crudo","description":"","potentialAction":[{"@type":"SearchAction","target":{"@type":"EntryPoint","urlTemplate":"https:\/\/crudo-leather.com\/?s={search_term_string}"},"query-input":{"@type":"PropertyValueSpecification","valueRequired":true,"valueName":"search_term_string"}}],"inLanguage":"en-US"}]}},"_links":{"self":[{"href":"https:\/\/crudo-leather.com\/de\/wp-json\/wp\/v2\/product\/4707"}],"collection":[{"href":"https:\/\/crudo-leather.com\/de\/wp-json\/wp\/v2\/product"}],"about":[{"href":"https:\/\/crudo-leather.com\/de\/wp-json\/wp\/v2\/types\/product"}],"replies":[{"embeddable":true,"href":"https:\/\/crudo-leather.com\/de\/wp-json\/wp\/v2\/comments?post=4707"}],"wp:featuredmedia":[{"embeddable":true,"href":"https:\/\/crudo-leather.com\/de\/wp-json\/wp\/v2\/media\/8977"}],"wp:attachment":[{"href":"https:\/\/crudo-leather.com\/de\/wp-json\/wp\/v2\/media?parent=4707"}],"wp:term":[{"taxonomy":"collection","embeddable":true,"href":"https:\/\/crudo-leather.com\/de\/wp-json\/wp\/v2\/collection?post=4707"},{"taxonomy":"trending_cat","embeddable":true,"href":"https:\/\/crudo-leather.com\/de\/wp-json\/wp\/v2\/trending_cat?post=4707"},{"taxonomy":"product_cat","embeddable":true,"href":"https:\/\/crudo-leather.com\/de\/wp-json\/wp\/v2\/product_cat?post=4707"},{"taxonomy":"product_tag","embeddable":true,"href":"https:\/\/crudo-leather.com\/de\/wp-json\/wp\/v2\/product_tag?post=4707"}],"curies":[{"name":"wp","href":"https:\/\/api.w.org\/{rel}","templated":true}]}}