{"id":4710,"date":"2024-08-01T19:47:16","date_gmt":"2024-08-01T11:47:16","guid":{"rendered":"https:\/\/crudo-leather.com\/product\/senzaltro-leather-badge-holder-saffiano-grey\/"},"modified":"2026-01-02T09:49:25","modified_gmt":"2026-01-02T01:49:25","slug":"senzaltro-leather-badge-holder-saffiano-grey","status":"publish","type":"product","link":"https:\/\/crudo-leather.com\/de\/product\/senzaltro-leather-badge-holder-saffiano-grey\/","title":{"rendered":"Senzaltro Leder Kartenhalter f\u00fcr Ausweise"},"content":{"rendered":"","protected":false},"excerpt":{"rendered":"<strong>Beschreibung :\n<\/strong>- Mehrere Schriftarten und Gravurvorschl\u00e4ge zur Auswahl\n- Kostenloses Upgrade zum exklusiven Geschenkset (inklusive Geschenkkarte und Produktgarantie)\n- Personalisierte Ledergravur\n- Auswahl von Emoji-Motiven\n- Handgefertigte Nahtverzierung\n- Freie Wahl der Schriftart\n- Handgeschliffene und abgerundete Kanten\n- Hergestellt aus 100 % italienischem Kreuznarben-Vollrindleder\n\n<strong>Herstellungszeit und Versanddetails<\/strong><strong> <\/strong>\n- Jedes Produkt ben\u00f6tigt nur 1-5 Werktage zur Fertigstellung\n- Bei Bestellung heute kann die Sendung bereits morgen versandt werden\n- Weltweiter Versand","protected":false},"featured_media":9002,"comment_status":"open","ping_status":"closed","template":"","meta":{"inline_featured_image":false},"collection":[],"trending_cat":[],"product_cat":[21],"product_tag":[],"class_list":{"0":"post-4710","1":"product","2":"type-product","3":"status-publish","4":"has-post-thumbnail","6":"product_cat-small-leather-goods","8":"first","9":"instock","10":"sale","11":"shipping-taxable","12":"purchasable","13":"product-type-variable"},"yoast_head":"<!-- This site is optimized with the Yoast SEO plugin v23.4 - https:\/\/yoast.com\/wordpress\/plugins\/seo\/ -->\n<title>Crudo Kuromi-Kooperation: Marineblau Ros\u00e9gold Leder geflochtenes Schl\u00fcsselband<\/title>\n<meta name=\"description\" content=\"Crudo Kuromi Limited Edition personalisiertes geflochtenes Leder-Schl\u00fcsselanh\u00e4nger, Marineblau mit Ros\u00e9gold. Sanrio lizenziert, kostenlose Gravur, inklusive exklusiver Geschenkbox.\" \/>\n<meta name=\"robots\" content=\"index, follow, max-snippet:-1, max-image-preview:large, max-video-preview:-1\" \/>\n<link rel=\"canonical\" href=\"https:\/\/crudo-leather.com\/de\/product\/senzaltro-leather-badge-holder-saffiano-grey\/\" \/>\n<meta property=\"og:locale\" content=\"en_US\" \/>\n<meta property=\"og:type\" content=\"article\" \/>\n<meta property=\"og:title\" content=\"Crudo Kuromi-Kooperation: Marineblau Ros\u00e9gold Leder geflochtenes Schl\u00fcsselband\" \/>\n<meta property=\"og:description\" content=\"Crudo Kuromi Limited Edition personalisiertes geflochtenes Leder-Schl\u00fcsselanh\u00e4nger, Marineblau mit Ros\u00e9gold. Sanrio lizenziert, kostenlose Gravur, inklusive exklusiver Geschenkbox.\" \/>\n<meta property=\"og:url\" content=\"https:\/\/crudo-leather.com\/product\/senzaltro-leather-badge-holder-saffiano-grey\/\" \/>\n<meta property=\"og:site_name\" content=\"Crudo\" \/>\n<meta property=\"article:modified_time\" content=\"2026-01-02T01:49:25+00:00\" \/>\n<meta property=\"og:image\" content=\"https:\/\/crudo-leather.com\/wp-content\/uploads\/2024\/08\/18-2.jpg\" \/>\n\t<meta property=\"og:image:width\" content=\"640\" \/>\n\t<meta property=\"og:image:height\" content=\"640\" \/>\n\t<meta property=\"og:image:type\" content=\"image\/jpeg\" \/>\n<meta name=\"twitter:card\" content=\"summary_large_image\" \/>\n<meta name=\"twitter:label1\" content=\"Est. reading time\" \/>\n\t<meta name=\"twitter:data1\" content=\"1 minute\" \/>\n<script type=\"application\/ld+json\" class=\"yoast-schema-graph\">{\"@context\":\"https:\/\/schema.org\",\"@graph\":[{\"@type\":\"WebPage\",\"@id\":\"https:\/\/crudo-leather.com\/product\/senzaltro-leather-badge-holder-saffiano-grey\/\",\"url\":\"https:\/\/crudo-leather.com\/product\/senzaltro-leather-badge-holder-saffiano-grey\/\",\"name\":\"Senzaltro Leather Badge Holder - Saffiano Grey\",\"isPartOf\":{\"@id\":\"https:\/\/crudo-leather.com\/#website\"},\"primaryImageOfPage\":{\"@id\":\"https:\/\/crudo-leather.com\/product\/senzaltro-leather-badge-holder-saffiano-grey\/#primaryimage\"},\"image\":{\"@id\":\"https:\/\/crudo-leather.com\/product\/senzaltro-leather-badge-holder-saffiano-grey\/#primaryimage\"},\"thumbnailUrl\":\"https:\/\/crudo-leather.com\/wp-content\/uploads\/2024\/08\/18-2.jpg\",\"datePublished\":\"2024-08-01T11:47:16+00:00\",\"dateModified\":\"2026-01-02T01:49:25+00:00\",\"description\":\"Discover Senzaltro leather badge holder in saffiano grey. Crafted with premium Italian leather, multi-functional design. Ideal for daily or office use. Shop now!\",\"breadcrumb\":{\"@id\":\"https:\/\/crudo-leather.com\/product\/senzaltro-leather-badge-holder-saffiano-grey\/#breadcrumb\"},\"inLanguage\":\"en-US\",\"potentialAction\":[{\"@type\":\"ReadAction\",\"target\":[\"https:\/\/crudo-leather.com\/product\/senzaltro-leather-badge-holder-saffiano-grey\/\"]}]},{\"@type\":\"ImageObject\",\"inLanguage\":\"en-US\",\"@id\":\"https:\/\/crudo-leather.com\/product\/senzaltro-leather-badge-holder-saffiano-grey\/#primaryimage\",\"url\":\"https:\/\/crudo-leather.com\/wp-content\/uploads\/2024\/08\/18-2.jpg\",\"contentUrl\":\"https:\/\/crudo-leather.com\/wp-content\/uploads\/2024\/08\/18-2.jpg\",\"width\":640,\"height\":640},{\"@type\":\"BreadcrumbList\",\"@id\":\"https:\/\/crudo-leather.com\/product\/senzaltro-leather-badge-holder-saffiano-grey\/#breadcrumb\",\"itemListElement\":[{\"@type\":\"ListItem\",\"position\":1,\"name\":\"Shop\",\"item\":\"https:\/\/crudo-leather.com\/shop\/\"},{\"@type\":\"ListItem\",\"position\":2,\"name\":\"Senzaltro Leather Badge Holder\"}]},{\"@type\":\"WebSite\",\"@id\":\"https:\/\/crudo-leather.com\/#website\",\"url\":\"https:\/\/crudo-leather.com\/\",\"name\":\"Crudo\",\"description\":\"\",\"potentialAction\":[{\"@type\":\"SearchAction\",\"target\":{\"@type\":\"EntryPoint\",\"urlTemplate\":\"https:\/\/crudo-leather.com\/?s={search_term_string}\"},\"query-input\":{\"@type\":\"PropertyValueSpecification\",\"valueRequired\":true,\"valueName\":\"search_term_string\"}}],\"inLanguage\":\"en-US\"}]}<\/script>\n<!-- \/ Yoast SEO plugin. -->","yoast_head_json":{"title":"Crudo Kuromi-Kooperation: Marineblau Ros\u00e9gold Leder geflochtenes Schl\u00fcsselband","description":"Crudo Kuromi Limited Edition personalisiertes geflochtenes Leder-Schl\u00fcsselanh\u00e4nger, Marineblau mit Ros\u00e9gold. Sanrio lizenziert, kostenlose Gravur, inklusive exklusiver Geschenkbox.","robots":{"index":"index","follow":"follow","max-snippet":"max-snippet:-1","max-image-preview":"max-image-preview:large","max-video-preview":"max-video-preview:-1"},"canonical":"https:\/\/crudo-leather.com\/de\/product\/senzaltro-leather-badge-holder-saffiano-grey\/","og_locale":"en_US","og_type":"article","og_title":"Crudo Kuromi-Kooperation: Marineblau Ros\u00e9gold Leder geflochtenes Schl\u00fcsselband","og_description":"Crudo Kuromi Limited Edition personalisiertes geflochtenes Leder-Schl\u00fcsselanh\u00e4nger, Marineblau mit Ros\u00e9gold. Sanrio lizenziert, kostenlose Gravur, inklusive exklusiver Geschenkbox.","og_url":"https:\/\/crudo-leather.com\/product\/senzaltro-leather-badge-holder-saffiano-grey\/","og_site_name":"Crudo","article_modified_time":"2026-01-02T01:49:25+00:00","og_image":[{"width":640,"height":640,"url":"https:\/\/crudo-leather.com\/wp-content\/uploads\/2024\/08\/18-2.jpg","type":"image\/jpeg"}],"twitter_card":"summary_large_image","twitter_misc":{"Est. reading time":"1 minute"},"schema":{"@context":"https:\/\/schema.org","@graph":[{"@type":"WebPage","@id":"https:\/\/crudo-leather.com\/product\/senzaltro-leather-badge-holder-saffiano-grey\/","url":"https:\/\/crudo-leather.com\/product\/senzaltro-leather-badge-holder-saffiano-grey\/","name":"Senzaltro Leather Badge Holder - Saffiano Grey","isPartOf":{"@id":"https:\/\/crudo-leather.com\/#website"},"primaryImageOfPage":{"@id":"https:\/\/crudo-leather.com\/product\/senzaltro-leather-badge-holder-saffiano-grey\/#primaryimage"},"image":{"@id":"https:\/\/crudo-leather.com\/product\/senzaltro-leather-badge-holder-saffiano-grey\/#primaryimage"},"thumbnailUrl":"https:\/\/crudo-leather.com\/wp-content\/uploads\/2024\/08\/18-2.jpg","datePublished":"2024-08-01T11:47:16+00:00","dateModified":"2026-01-02T01:49:25+00:00","description":"Discover Senzaltro leather badge holder in saffiano grey. Crafted with premium Italian leather, multi-functional design. Ideal for daily or office use. Shop now!","breadcrumb":{"@id":"https:\/\/crudo-leather.com\/product\/senzaltro-leather-badge-holder-saffiano-grey\/#breadcrumb"},"inLanguage":"en-US","potentialAction":[{"@type":"ReadAction","target":["https:\/\/crudo-leather.com\/product\/senzaltro-leather-badge-holder-saffiano-grey\/"]}]},{"@type":"ImageObject","inLanguage":"en-US","@id":"https:\/\/crudo-leather.com\/product\/senzaltro-leather-badge-holder-saffiano-grey\/#primaryimage","url":"https:\/\/crudo-leather.com\/wp-content\/uploads\/2024\/08\/18-2.jpg","contentUrl":"https:\/\/crudo-leather.com\/wp-content\/uploads\/2024\/08\/18-2.jpg","width":640,"height":640},{"@type":"BreadcrumbList","@id":"https:\/\/crudo-leather.com\/product\/senzaltro-leather-badge-holder-saffiano-grey\/#breadcrumb","itemListElement":[{"@type":"ListItem","position":1,"name":"Shop","item":"https:\/\/crudo-leather.com\/shop\/"},{"@type":"ListItem","position":2,"name":"Senzaltro Leather Badge Holder"}]},{"@type":"WebSite","@id":"https:\/\/crudo-leather.com\/#website","url":"https:\/\/crudo-leather.com\/","name":"Crudo","description":"","potentialAction":[{"@type":"SearchAction","target":{"@type":"EntryPoint","urlTemplate":"https:\/\/crudo-leather.com\/?s={search_term_string}"},"query-input":{"@type":"PropertyValueSpecification","valueRequired":true,"valueName":"search_term_string"}}],"inLanguage":"en-US"}]}},"_links":{"self":[{"href":"https:\/\/crudo-leather.com\/de\/wp-json\/wp\/v2\/product\/4710"}],"collection":[{"href":"https:\/\/crudo-leather.com\/de\/wp-json\/wp\/v2\/product"}],"about":[{"href":"https:\/\/crudo-leather.com\/de\/wp-json\/wp\/v2\/types\/product"}],"replies":[{"embeddable":true,"href":"https:\/\/crudo-leather.com\/de\/wp-json\/wp\/v2\/comments?post=4710"}],"wp:featuredmedia":[{"embeddable":true,"href":"https:\/\/crudo-leather.com\/de\/wp-json\/wp\/v2\/media\/9002"}],"wp:attachment":[{"href":"https:\/\/crudo-leather.com\/de\/wp-json\/wp\/v2\/media?parent=4710"}],"wp:term":[{"taxonomy":"collection","embeddable":true,"href":"https:\/\/crudo-leather.com\/de\/wp-json\/wp\/v2\/collection?post=4710"},{"taxonomy":"trending_cat","embeddable":true,"href":"https:\/\/crudo-leather.com\/de\/wp-json\/wp\/v2\/trending_cat?post=4710"},{"taxonomy":"product_cat","embeddable":true,"href":"https:\/\/crudo-leather.com\/de\/wp-json\/wp\/v2\/product_cat?post=4710"},{"taxonomy":"product_tag","embeddable":true,"href":"https:\/\/crudo-leather.com\/de\/wp-json\/wp\/v2\/product_tag?post=4710"}],"curies":[{"name":"wp","href":"https:\/\/api.w.org\/{rel}","templated":true}]}}