{"id":4715,"date":"2024-08-01T19:47:25","date_gmt":"2024-08-01T11:47:25","guid":{"rendered":"https:\/\/crudo-leather.com\/product\/senzaltro-customized-leather-luggage-tag-saffiano-grey\/"},"modified":"2026-01-02T09:45:06","modified_gmt":"2026-01-02T01:45:06","slug":"senzaltro-customized-leather-luggage-tag-saffiano-grey","status":"publish","type":"product","link":"https:\/\/crudo-leather.com\/de\/product\/senzaltro-customized-leather-luggage-tag-saffiano-grey\/","title":{"rendered":"Senzaltro personalisiertes Ledergep\u00e4ckanh\u00e4nger"},"content":{"rendered":"","protected":false},"excerpt":{"rendered":"Hergestellt aus hochwertigem italienischem Rindsleder, verleiht das ma\u00dfgeschneiderte Ledergep\u00e4ckanh\u00e4nger Senzaltro Ihrem Gep\u00e4ck Stil und Sicherheit.\n\n- Ausgew\u00e4hltes, hochwertiges italienisches Saffianleder, schlicht und schlank, langlebig und zeitlos.\n\n- Lederklappendesign, die R\u00e4nder schmiegen sich perfekt an die transparente Kartentasche an, sch\u00fctzt effektiv die Privatsph\u00e4re und erm\u00f6glicht bei Bedarf einen einfachen Zugriff auf Informationen.\n\n- Jedes Lederetui wird von erfahrenen Handwerkern handgen\u00e4ht, geschliffen und vers\u00e4umt, mit einem feinen Griffgef\u00fchl.\n\n- Personalisiertes Leder und Gravur auf der Nachrichtenplatte, verschiedene Schriftarten, Emojis und Muster zur Auswahl\n\n- Kostenloses Upgrade auf elegantes Geschenkset (inklusive Geschenkkarte und Produktgarantie)\n\n<strong>Details:<\/strong>\n-   1 transparente Kartentasche\n\n<strong>Produktionszeit und Versanddetails<\/strong>\n-   Jedes Produkt ben\u00f6tigt nur 1-5 Werktage zur Fertigstellung\n-   Bei Bestellung heute kann es bereits morgen versendet werden\n-   Weltweiter Versand","protected":false},"featured_media":9044,"comment_status":"open","ping_status":"closed","template":"","meta":{"inline_featured_image":false},"collection":[],"trending_cat":[],"product_cat":[2376],"product_tag":[],"class_list":{"0":"post-4715","1":"product","2":"type-product","3":"status-publish","4":"has-post-thumbnail","6":"product_cat-luggage-tag","8":"first","9":"instock","10":"sale","11":"shipping-taxable","12":"purchasable","13":"product-type-variable"},"yoast_head":"<!-- This site is optimized with the Yoast SEO plugin v23.4 - https:\/\/yoast.com\/wordpress\/plugins\/seo\/ -->\n<title>Crudo Senzaltro personalisiertes Ledergep\u00e4ckanh\u00e4nger: Grau<\/title>\n<meta name=\"description\" content=\"Crudo Senzaltro personalisiertes Saffiano-Leder Gep\u00e4ckanh\u00e4nger. Modisches Grau, feine Gravur, verleiht Ihrer Reise Pers\u00f6nlichkeit. Hochwertiges italienisches Leder.\" \/>\n<meta name=\"robots\" content=\"index, follow, max-snippet:-1, max-image-preview:large, max-video-preview:-1\" \/>\n<link rel=\"canonical\" href=\"https:\/\/crudo-leather.com\/de\/product\/senzaltro-customized-leather-luggage-tag-saffiano-grey\/\" \/>\n<meta property=\"og:locale\" content=\"en_US\" \/>\n<meta property=\"og:type\" content=\"article\" \/>\n<meta property=\"og:title\" content=\"Crudo Senzaltro personalisiertes Ledergep\u00e4ckanh\u00e4nger: Grau\" \/>\n<meta property=\"og:description\" content=\"Crudo Senzaltro personalisiertes Saffiano-Leder Gep\u00e4ckanh\u00e4nger. Modisches Grau, feine Gravur, verleiht Ihrer Reise Pers\u00f6nlichkeit. Hochwertiges italienisches Leder.\" \/>\n<meta property=\"og:url\" content=\"https:\/\/crudo-leather.com\/product\/senzaltro-customized-leather-luggage-tag-saffiano-grey\/\" \/>\n<meta property=\"og:site_name\" content=\"Crudo\" \/>\n<meta property=\"article:modified_time\" content=\"2026-01-02T01:45:06+00:00\" \/>\n<meta property=\"og:image\" content=\"https:\/\/crudo-leather.com\/wp-content\/uploads\/2024\/08\/tag01_1_grey-1.jpg\" \/>\n\t<meta property=\"og:image:width\" content=\"640\" \/>\n\t<meta property=\"og:image:height\" content=\"640\" \/>\n\t<meta property=\"og:image:type\" content=\"image\/jpeg\" \/>\n<meta name=\"twitter:card\" content=\"summary_large_image\" \/>\n<meta name=\"twitter:label1\" content=\"Est. reading time\" \/>\n\t<meta name=\"twitter:data1\" content=\"1 minute\" \/>\n<script type=\"application\/ld+json\" class=\"yoast-schema-graph\">{\"@context\":\"https:\/\/schema.org\",\"@graph\":[{\"@type\":\"WebPage\",\"@id\":\"https:\/\/crudo-leather.com\/product\/senzaltro-customized-leather-luggage-tag-saffiano-grey\/\",\"url\":\"https:\/\/crudo-leather.com\/product\/senzaltro-customized-leather-luggage-tag-saffiano-grey\/\",\"name\":\"Senzaltro Customized Leather Luggage Tag - Saffiano Grey\",\"isPartOf\":{\"@id\":\"https:\/\/crudo-leather.com\/#website\"},\"primaryImageOfPage\":{\"@id\":\"https:\/\/crudo-leather.com\/product\/senzaltro-customized-leather-luggage-tag-saffiano-grey\/#primaryimage\"},\"image\":{\"@id\":\"https:\/\/crudo-leather.com\/product\/senzaltro-customized-leather-luggage-tag-saffiano-grey\/#primaryimage\"},\"thumbnailUrl\":\"https:\/\/crudo-leather.com\/wp-content\/uploads\/2024\/08\/tag01_1_grey-1.jpg\",\"datePublished\":\"2024-08-01T11:47:25+00:00\",\"dateModified\":\"2026-01-02T01:45:06+00:00\",\"description\":\"Discover Senzaltro customized leather luggage tag. Saffiano grey, durable & stylish. Free engraving & luxury gift box. Make your luggage unique. Shop now!\",\"breadcrumb\":{\"@id\":\"https:\/\/crudo-leather.com\/product\/senzaltro-customized-leather-luggage-tag-saffiano-grey\/#breadcrumb\"},\"inLanguage\":\"en-US\",\"potentialAction\":[{\"@type\":\"ReadAction\",\"target\":[\"https:\/\/crudo-leather.com\/product\/senzaltro-customized-leather-luggage-tag-saffiano-grey\/\"]}]},{\"@type\":\"ImageObject\",\"inLanguage\":\"en-US\",\"@id\":\"https:\/\/crudo-leather.com\/product\/senzaltro-customized-leather-luggage-tag-saffiano-grey\/#primaryimage\",\"url\":\"https:\/\/crudo-leather.com\/wp-content\/uploads\/2024\/08\/tag01_1_grey-1.jpg\",\"contentUrl\":\"https:\/\/crudo-leather.com\/wp-content\/uploads\/2024\/08\/tag01_1_grey-1.jpg\",\"width\":640,\"height\":640},{\"@type\":\"BreadcrumbList\",\"@id\":\"https:\/\/crudo-leather.com\/product\/senzaltro-customized-leather-luggage-tag-saffiano-grey\/#breadcrumb\",\"itemListElement\":[{\"@type\":\"ListItem\",\"position\":1,\"name\":\"Shop\",\"item\":\"https:\/\/crudo-leather.com\/shop\/\"},{\"@type\":\"ListItem\",\"position\":2,\"name\":\"Senzaltro Customized Leather Luggage Tag\"}]},{\"@type\":\"WebSite\",\"@id\":\"https:\/\/crudo-leather.com\/#website\",\"url\":\"https:\/\/crudo-leather.com\/\",\"name\":\"Crudo\",\"description\":\"\",\"potentialAction\":[{\"@type\":\"SearchAction\",\"target\":{\"@type\":\"EntryPoint\",\"urlTemplate\":\"https:\/\/crudo-leather.com\/?s={search_term_string}\"},\"query-input\":{\"@type\":\"PropertyValueSpecification\",\"valueRequired\":true,\"valueName\":\"search_term_string\"}}],\"inLanguage\":\"en-US\"}]}<\/script>\n<!-- \/ Yoast SEO plugin. -->","yoast_head_json":{"title":"Crudo Senzaltro personalisiertes Ledergep\u00e4ckanh\u00e4nger: Grau","description":"Crudo Senzaltro personalisiertes Saffiano-Leder Gep\u00e4ckanh\u00e4nger. Modisches Grau, feine Gravur, verleiht Ihrer Reise Pers\u00f6nlichkeit. Hochwertiges italienisches Leder.","robots":{"index":"index","follow":"follow","max-snippet":"max-snippet:-1","max-image-preview":"max-image-preview:large","max-video-preview":"max-video-preview:-1"},"canonical":"https:\/\/crudo-leather.com\/de\/product\/senzaltro-customized-leather-luggage-tag-saffiano-grey\/","og_locale":"en_US","og_type":"article","og_title":"Crudo Senzaltro personalisiertes Ledergep\u00e4ckanh\u00e4nger: Grau","og_description":"Crudo Senzaltro personalisiertes Saffiano-Leder Gep\u00e4ckanh\u00e4nger. Modisches Grau, feine Gravur, verleiht Ihrer Reise Pers\u00f6nlichkeit. Hochwertiges italienisches Leder.","og_url":"https:\/\/crudo-leather.com\/product\/senzaltro-customized-leather-luggage-tag-saffiano-grey\/","og_site_name":"Crudo","article_modified_time":"2026-01-02T01:45:06+00:00","og_image":[{"width":640,"height":640,"url":"https:\/\/crudo-leather.com\/wp-content\/uploads\/2024\/08\/tag01_1_grey-1.jpg","type":"image\/jpeg"}],"twitter_card":"summary_large_image","twitter_misc":{"Est. reading time":"1 minute"},"schema":{"@context":"https:\/\/schema.org","@graph":[{"@type":"WebPage","@id":"https:\/\/crudo-leather.com\/product\/senzaltro-customized-leather-luggage-tag-saffiano-grey\/","url":"https:\/\/crudo-leather.com\/product\/senzaltro-customized-leather-luggage-tag-saffiano-grey\/","name":"Senzaltro Customized Leather Luggage Tag - Saffiano Grey","isPartOf":{"@id":"https:\/\/crudo-leather.com\/#website"},"primaryImageOfPage":{"@id":"https:\/\/crudo-leather.com\/product\/senzaltro-customized-leather-luggage-tag-saffiano-grey\/#primaryimage"},"image":{"@id":"https:\/\/crudo-leather.com\/product\/senzaltro-customized-leather-luggage-tag-saffiano-grey\/#primaryimage"},"thumbnailUrl":"https:\/\/crudo-leather.com\/wp-content\/uploads\/2024\/08\/tag01_1_grey-1.jpg","datePublished":"2024-08-01T11:47:25+00:00","dateModified":"2026-01-02T01:45:06+00:00","description":"Discover Senzaltro customized leather luggage tag. Saffiano grey, durable & stylish. Free engraving & luxury gift box. Make your luggage unique. Shop now!","breadcrumb":{"@id":"https:\/\/crudo-leather.com\/product\/senzaltro-customized-leather-luggage-tag-saffiano-grey\/#breadcrumb"},"inLanguage":"en-US","potentialAction":[{"@type":"ReadAction","target":["https:\/\/crudo-leather.com\/product\/senzaltro-customized-leather-luggage-tag-saffiano-grey\/"]}]},{"@type":"ImageObject","inLanguage":"en-US","@id":"https:\/\/crudo-leather.com\/product\/senzaltro-customized-leather-luggage-tag-saffiano-grey\/#primaryimage","url":"https:\/\/crudo-leather.com\/wp-content\/uploads\/2024\/08\/tag01_1_grey-1.jpg","contentUrl":"https:\/\/crudo-leather.com\/wp-content\/uploads\/2024\/08\/tag01_1_grey-1.jpg","width":640,"height":640},{"@type":"BreadcrumbList","@id":"https:\/\/crudo-leather.com\/product\/senzaltro-customized-leather-luggage-tag-saffiano-grey\/#breadcrumb","itemListElement":[{"@type":"ListItem","position":1,"name":"Shop","item":"https:\/\/crudo-leather.com\/shop\/"},{"@type":"ListItem","position":2,"name":"Senzaltro Customized Leather Luggage Tag"}]},{"@type":"WebSite","@id":"https:\/\/crudo-leather.com\/#website","url":"https:\/\/crudo-leather.com\/","name":"Crudo","description":"","potentialAction":[{"@type":"SearchAction","target":{"@type":"EntryPoint","urlTemplate":"https:\/\/crudo-leather.com\/?s={search_term_string}"},"query-input":{"@type":"PropertyValueSpecification","valueRequired":true,"valueName":"search_term_string"}}],"inLanguage":"en-US"}]}},"_links":{"self":[{"href":"https:\/\/crudo-leather.com\/de\/wp-json\/wp\/v2\/product\/4715"}],"collection":[{"href":"https:\/\/crudo-leather.com\/de\/wp-json\/wp\/v2\/product"}],"about":[{"href":"https:\/\/crudo-leather.com\/de\/wp-json\/wp\/v2\/types\/product"}],"replies":[{"embeddable":true,"href":"https:\/\/crudo-leather.com\/de\/wp-json\/wp\/v2\/comments?post=4715"}],"wp:featuredmedia":[{"embeddable":true,"href":"https:\/\/crudo-leather.com\/de\/wp-json\/wp\/v2\/media\/9044"}],"wp:attachment":[{"href":"https:\/\/crudo-leather.com\/de\/wp-json\/wp\/v2\/media?parent=4715"}],"wp:term":[{"taxonomy":"collection","embeddable":true,"href":"https:\/\/crudo-leather.com\/de\/wp-json\/wp\/v2\/collection?post=4715"},{"taxonomy":"trending_cat","embeddable":true,"href":"https:\/\/crudo-leather.com\/de\/wp-json\/wp\/v2\/trending_cat?post=4715"},{"taxonomy":"product_cat","embeddable":true,"href":"https:\/\/crudo-leather.com\/de\/wp-json\/wp\/v2\/product_cat?post=4715"},{"taxonomy":"product_tag","embeddable":true,"href":"https:\/\/crudo-leather.com\/de\/wp-json\/wp\/v2\/product_tag?post=4715"}],"curies":[{"name":"wp","href":"https:\/\/api.w.org\/{rel}","templated":true}]}}