{"id":4730,"date":"2024-08-01T19:48:16","date_gmt":"2024-08-01T11:48:16","guid":{"rendered":"https:\/\/crudo-leather.com\/product\/crayon-shinchan-uv-printed-customized-leather-badge-holder-saffiano-mauve\/"},"modified":"2026-01-02T09:49:28","modified_gmt":"2026-01-02T01:49:28","slug":"crayon-shinchan-uv-printed-customized-leather-badge-holder-saffiano-mauve","status":"publish","type":"product","link":"https:\/\/crudo-leather.com\/de\/product\/crayon-shinchan-uv-printed-customized-leather-badge-holder-saffiano-mauve\/","title":{"rendered":"Crayon Shinchan Limited Edition UV-Druck personalisierter Lederausweishalter"},"content":{"rendered":"","protected":false},"excerpt":{"rendered":"<p>** Nach Auswahl des Produkts und Klicken auf \"Zum Warenkorb hinzuf\u00fcgen und gestalten\" w\u00e4hlen Sie bitte auf der Gestaltungsseite mindestens ein spezielles Muster aus der Crayon Shinchan Serie aus, um die UV-Druckanpassung abzuschlie\u00dfen und das Crayon Shinchan Geschenkset zu verbessern. **\u00a0<\/p>\n\n<p><ins><strong>Crayon Shinchan x Crudo\u00a0<\/strong><\/ins><\/p>\n\n<p>Kombinieren Sie Crudos exklusive UV-Drucktechnik f\u00fcr Anpassungen mit dem verspielten Image von Crayon Shinchan, um Shinchan mit hoher Pr\u00e4zision und Detailgenauigkeit auf Leder zu drucken. Dadurch werden die Muster farbenfroher und die Details klarer, perfekt pr\u00e4sentiert Shinchans niedliches Aussehen und verleiht Ihren Lederprodukten Leben, sodass sie Teil Ihres Lebens werden.\u00a0<\/p>\n\n<p>- Offiziell lizenzierte Crayon Shinchan Produkte aus Japan\u00a0<br \/>\n-\u00a0Bis zu 25 spezielle Muster der Crayon Shinchan Serie zur Auswahl, die zusammen mit Ihrer personalisierten Unterschrift per UV-Druck auf dem Leder-Kartenhalter f\u00fcr Ausweise gedruckt werden\u00a0<br \/>\n-\u00a0Beim Kauf der limitierten Edition des Leder-Kartenhalters f\u00fcr Ausweise von Crayon Shinchan erhalten Sie ein Crayon Shinchan Geschenkset mit einer abrei\u00dfbaren Gru\u00dfkarte\u00a0<br \/>\n- Hergestellt aus 100 % italienischem Kreuznarben-Vollrindleder\u00a0<br \/>\n- Handgen\u00e4hte Ziern\u00e4hte, geschliffen und abgerundet\u00a0<\/p>\n\n<p><strong>Detaillierte Informationen<\/strong><strong> :<\/strong><br \/>\n- Ein Ausweisfach, zwei Kartenf\u00e4cher<br \/>\n- Inklusive Halsband aus Leder<\/p>\n\n<p><strong>Herstellungszeit und Versanddetails<\/strong><strong>\u00a0<\/strong><br \/>\n-\u00a0Jedes Produkt ben\u00f6tigt nur 1-5 Arbeitstage zur Fertigstellung<br \/>\n-\u00a0Bei Bestellung heute kann es bereits morgen versendet werden<br \/>\n-\u00a0Nur in Hongkong, Taiwan und Macau erh\u00e4ltlich\u00a0<\/p>","protected":false},"featured_media":11950,"comment_status":"open","ping_status":"closed","template":"","meta":{"inline_featured_image":false},"collection":[2282],"trending_cat":[2394],"product_cat":[21],"product_tag":[101],"class_list":{"0":"post-4730","1":"product","2":"type-product","3":"status-publish","4":"has-post-thumbnail","6":"trending_cat-prestige-collection-offers","7":"product_cat-small-leather-goods","8":"product_tag-crayon-shinchan","10":"first","11":"instock","12":"sale","13":"shipping-taxable","14":"purchasable","15":"product-type-variable"},"yoast_head":"<!-- This site is optimized with the Yoast SEO plugin v23.4 - https:\/\/yoast.com\/wordpress\/plugins\/seo\/ -->\n<title>Crudo Kuromi Kooperation: Metallanh\u00e4nger f\u00fcr E-Sport-Profis<\/title>\n<meta name=\"description\" content=\"Crudo Kuromi Limited Edition Gaming Champion Metallanh\u00e4nger. Sanrio lizenziert, hochwertiger UV-Druck, frei kombinierbar mit Schmuck.\" \/>\n<meta name=\"robots\" content=\"index, follow, max-snippet:-1, max-image-preview:large, max-video-preview:-1\" \/>\n<link rel=\"canonical\" href=\"https:\/\/crudo-leather.com\/de\/product\/crayon-shinchan-uv-printed-customized-leather-badge-holder-saffiano-mauve\/\" \/>\n<meta property=\"og:locale\" content=\"en_US\" \/>\n<meta property=\"og:type\" content=\"article\" \/>\n<meta property=\"og:title\" content=\"Crudo Kuromi Kooperation: Metallanh\u00e4nger f\u00fcr E-Sport-Profis\" \/>\n<meta property=\"og:description\" content=\"Crudo Kuromi Limited Edition Gaming Champion Metallanh\u00e4nger. Sanrio lizenziert, hochwertiger UV-Druck, frei kombinierbar mit Schmuck.\" \/>\n<meta property=\"og:url\" content=\"https:\/\/crudo-leather.com\/product\/crayon-shinchan-uv-printed-customized-leather-badge-holder-saffiano-mauve\/\" \/>\n<meta property=\"og:site_name\" content=\"Crudo\" \/>\n<meta property=\"article:modified_time\" content=\"2026-01-02T01:49:28+00:00\" \/>\n<meta property=\"og:image\" content=\"https:\/\/crudo-leather.com\/wp-content\/uploads\/2024\/08\/csc_uv_wbg_wph13saopue_b.jpg\" \/>\n\t<meta property=\"og:image:width\" content=\"640\" \/>\n\t<meta property=\"og:image:height\" content=\"640\" \/>\n\t<meta property=\"og:image:type\" content=\"image\/jpeg\" \/>\n<meta name=\"twitter:card\" content=\"summary_large_image\" \/>\n<meta name=\"twitter:label1\" content=\"Est. reading time\" \/>\n\t<meta name=\"twitter:data1\" content=\"1 minute\" \/>\n<script type=\"application\/ld+json\" class=\"yoast-schema-graph\">{\"@context\":\"https:\/\/schema.org\",\"@graph\":[{\"@type\":\"WebPage\",\"@id\":\"https:\/\/crudo-leather.com\/product\/crayon-shinchan-uv-printed-customized-leather-badge-holder-saffiano-mauve\/\",\"url\":\"https:\/\/crudo-leather.com\/product\/crayon-shinchan-uv-printed-customized-leather-badge-holder-saffiano-mauve\/\",\"name\":\"Crayon Shinchan UV Printed Leather Badge Holder - Saffiano Mauve\",\"isPartOf\":{\"@id\":\"https:\/\/crudo-leather.com\/#website\"},\"primaryImageOfPage\":{\"@id\":\"https:\/\/crudo-leather.com\/product\/crayon-shinchan-uv-printed-customized-leather-badge-holder-saffiano-mauve\/#primaryimage\"},\"image\":{\"@id\":\"https:\/\/crudo-leather.com\/product\/crayon-shinchan-uv-printed-customized-leather-badge-holder-saffiano-mauve\/#primaryimage\"},\"thumbnailUrl\":\"https:\/\/crudo-leather.com\/wp-content\/uploads\/2024\/08\/csc_uv_wbg_wph13saopue_b.jpg\",\"datePublished\":\"2024-08-01T11:48:16+00:00\",\"dateModified\":\"2026-01-02T01:49:28+00:00\",\"description\":\"Get the officially licensed Crayon Shinchan UV printed leather badge holder. Saffiano mauve, multi-functional design. Free engraving & luxury gift box. Ideal for daily or office use. Shop now!\",\"breadcrumb\":{\"@id\":\"https:\/\/crudo-leather.com\/product\/crayon-shinchan-uv-printed-customized-leather-badge-holder-saffiano-mauve\/#breadcrumb\"},\"inLanguage\":\"en-US\",\"potentialAction\":[{\"@type\":\"ReadAction\",\"target\":[\"https:\/\/crudo-leather.com\/product\/crayon-shinchan-uv-printed-customized-leather-badge-holder-saffiano-mauve\/\"]}]},{\"@type\":\"ImageObject\",\"inLanguage\":\"en-US\",\"@id\":\"https:\/\/crudo-leather.com\/product\/crayon-shinchan-uv-printed-customized-leather-badge-holder-saffiano-mauve\/#primaryimage\",\"url\":\"https:\/\/crudo-leather.com\/wp-content\/uploads\/2024\/08\/csc_uv_wbg_wph13saopue_b.jpg\",\"contentUrl\":\"https:\/\/crudo-leather.com\/wp-content\/uploads\/2024\/08\/csc_uv_wbg_wph13saopue_b.jpg\",\"width\":640,\"height\":640},{\"@type\":\"BreadcrumbList\",\"@id\":\"https:\/\/crudo-leather.com\/product\/crayon-shinchan-uv-printed-customized-leather-badge-holder-saffiano-mauve\/#breadcrumb\",\"itemListElement\":[{\"@type\":\"ListItem\",\"position\":1,\"name\":\"Shop\",\"item\":\"https:\/\/crudo-leather.com\/shop\/\"},{\"@type\":\"ListItem\",\"position\":2,\"name\":\"Crayon Shinchan UV Printed Customized Leather Badge Holder\"}]},{\"@type\":\"WebSite\",\"@id\":\"https:\/\/crudo-leather.com\/#website\",\"url\":\"https:\/\/crudo-leather.com\/\",\"name\":\"Crudo\",\"description\":\"\",\"potentialAction\":[{\"@type\":\"SearchAction\",\"target\":{\"@type\":\"EntryPoint\",\"urlTemplate\":\"https:\/\/crudo-leather.com\/?s={search_term_string}\"},\"query-input\":{\"@type\":\"PropertyValueSpecification\",\"valueRequired\":true,\"valueName\":\"search_term_string\"}}],\"inLanguage\":\"en-US\"}]}<\/script>\n<!-- \/ Yoast SEO plugin. -->","yoast_head_json":{"title":"Crudo Kuromi Kooperation: Metallanh\u00e4nger f\u00fcr E-Sport-Profis","description":"Crudo Kuromi Limited Edition Gaming Champion Metallanh\u00e4nger. Sanrio lizenziert, hochwertiger UV-Druck, frei kombinierbar mit Schmuck.","robots":{"index":"index","follow":"follow","max-snippet":"max-snippet:-1","max-image-preview":"max-image-preview:large","max-video-preview":"max-video-preview:-1"},"canonical":"https:\/\/crudo-leather.com\/de\/product\/crayon-shinchan-uv-printed-customized-leather-badge-holder-saffiano-mauve\/","og_locale":"en_US","og_type":"article","og_title":"Crudo Kuromi Kooperation: Metallanh\u00e4nger f\u00fcr E-Sport-Profis","og_description":"Crudo Kuromi Limited Edition Gaming Champion Metallanh\u00e4nger. Sanrio lizenziert, hochwertiger UV-Druck, frei kombinierbar mit Schmuck.","og_url":"https:\/\/crudo-leather.com\/product\/crayon-shinchan-uv-printed-customized-leather-badge-holder-saffiano-mauve\/","og_site_name":"Crudo","article_modified_time":"2026-01-02T01:49:28+00:00","og_image":[{"width":640,"height":640,"url":"https:\/\/crudo-leather.com\/wp-content\/uploads\/2024\/08\/csc_uv_wbg_wph13saopue_b.jpg","type":"image\/jpeg"}],"twitter_card":"summary_large_image","twitter_misc":{"Est. reading time":"1 minute"},"schema":{"@context":"https:\/\/schema.org","@graph":[{"@type":"WebPage","@id":"https:\/\/crudo-leather.com\/product\/crayon-shinchan-uv-printed-customized-leather-badge-holder-saffiano-mauve\/","url":"https:\/\/crudo-leather.com\/product\/crayon-shinchan-uv-printed-customized-leather-badge-holder-saffiano-mauve\/","name":"Crayon Shinchan UV Printed Leather Badge Holder - Saffiano Mauve","isPartOf":{"@id":"https:\/\/crudo-leather.com\/#website"},"primaryImageOfPage":{"@id":"https:\/\/crudo-leather.com\/product\/crayon-shinchan-uv-printed-customized-leather-badge-holder-saffiano-mauve\/#primaryimage"},"image":{"@id":"https:\/\/crudo-leather.com\/product\/crayon-shinchan-uv-printed-customized-leather-badge-holder-saffiano-mauve\/#primaryimage"},"thumbnailUrl":"https:\/\/crudo-leather.com\/wp-content\/uploads\/2024\/08\/csc_uv_wbg_wph13saopue_b.jpg","datePublished":"2024-08-01T11:48:16+00:00","dateModified":"2026-01-02T01:49:28+00:00","description":"Get the officially licensed Crayon Shinchan UV printed leather badge holder. Saffiano mauve, multi-functional design. Free engraving & luxury gift box. Ideal for daily or office use. Shop now!","breadcrumb":{"@id":"https:\/\/crudo-leather.com\/product\/crayon-shinchan-uv-printed-customized-leather-badge-holder-saffiano-mauve\/#breadcrumb"},"inLanguage":"en-US","potentialAction":[{"@type":"ReadAction","target":["https:\/\/crudo-leather.com\/product\/crayon-shinchan-uv-printed-customized-leather-badge-holder-saffiano-mauve\/"]}]},{"@type":"ImageObject","inLanguage":"en-US","@id":"https:\/\/crudo-leather.com\/product\/crayon-shinchan-uv-printed-customized-leather-badge-holder-saffiano-mauve\/#primaryimage","url":"https:\/\/crudo-leather.com\/wp-content\/uploads\/2024\/08\/csc_uv_wbg_wph13saopue_b.jpg","contentUrl":"https:\/\/crudo-leather.com\/wp-content\/uploads\/2024\/08\/csc_uv_wbg_wph13saopue_b.jpg","width":640,"height":640},{"@type":"BreadcrumbList","@id":"https:\/\/crudo-leather.com\/product\/crayon-shinchan-uv-printed-customized-leather-badge-holder-saffiano-mauve\/#breadcrumb","itemListElement":[{"@type":"ListItem","position":1,"name":"Shop","item":"https:\/\/crudo-leather.com\/shop\/"},{"@type":"ListItem","position":2,"name":"Crayon Shinchan UV Printed Customized Leather Badge Holder"}]},{"@type":"WebSite","@id":"https:\/\/crudo-leather.com\/#website","url":"https:\/\/crudo-leather.com\/","name":"Crudo","description":"","potentialAction":[{"@type":"SearchAction","target":{"@type":"EntryPoint","urlTemplate":"https:\/\/crudo-leather.com\/?s={search_term_string}"},"query-input":{"@type":"PropertyValueSpecification","valueRequired":true,"valueName":"search_term_string"}}],"inLanguage":"en-US"}]}},"_links":{"self":[{"href":"https:\/\/crudo-leather.com\/de\/wp-json\/wp\/v2\/product\/4730"}],"collection":[{"href":"https:\/\/crudo-leather.com\/de\/wp-json\/wp\/v2\/product"}],"about":[{"href":"https:\/\/crudo-leather.com\/de\/wp-json\/wp\/v2\/types\/product"}],"replies":[{"embeddable":true,"href":"https:\/\/crudo-leather.com\/de\/wp-json\/wp\/v2\/comments?post=4730"}],"wp:featuredmedia":[{"embeddable":true,"href":"https:\/\/crudo-leather.com\/de\/wp-json\/wp\/v2\/media\/11950"}],"wp:attachment":[{"href":"https:\/\/crudo-leather.com\/de\/wp-json\/wp\/v2\/media?parent=4730"}],"wp:term":[{"taxonomy":"collection","embeddable":true,"href":"https:\/\/crudo-leather.com\/de\/wp-json\/wp\/v2\/collection?post=4730"},{"taxonomy":"trending_cat","embeddable":true,"href":"https:\/\/crudo-leather.com\/de\/wp-json\/wp\/v2\/trending_cat?post=4730"},{"taxonomy":"product_cat","embeddable":true,"href":"https:\/\/crudo-leather.com\/de\/wp-json\/wp\/v2\/product_cat?post=4730"},{"taxonomy":"product_tag","embeddable":true,"href":"https:\/\/crudo-leather.com\/de\/wp-json\/wp\/v2\/product_tag?post=4730"}],"curies":[{"name":"wp","href":"https:\/\/api.w.org\/{rel}","templated":true}]}}