{"id":4750,"date":"2024-08-01T19:49:32","date_gmt":"2024-08-01T11:49:32","guid":{"rendered":"https:\/\/crudo-leather.com\/product\/crayon-shinchan-customized-woven-leather-t-bar-bracelet-jet-black-white-gold-edition\/"},"modified":"2025-11-17T09:22:41","modified_gmt":"2025-11-17T01:22:41","slug":"crayon-shinchan-customized-woven-leather-t-bar-bracelet-jet-black-white-gold-edition","status":"publish","type":"product","link":"https:\/\/crudo-leather.com\/de\/product\/crayon-shinchan-customized-woven-leather-t-bar-bracelet-jet-black-white-gold-edition\/","title":{"rendered":"Crayon Shinchan Limited Edition ma\u00dfgeschneidertes Doppelschnur geflochtenes Leder T-Bar Armband"},"content":{"rendered":"","protected":false},"excerpt":{"rendered":"<p>**Bitte w\u00e4hlen Sie mindestens einen Crayon Shinchan-Anh\u00e4nger aus, um kostenlos auf die Crayon Shinchan Special Edition Geschenkbox aufzur\u00fcsten; andernfalls wird das Produkt nur mit dem urspr\u00fcnglichen Crudo runden Anh\u00e4nger geliefert.** <\/p>\n\n<p><ins><strong>Crayon Shinchan x Crudo <\/strong><\/ins><br \/>\nCrudo kooperiert mit der beliebten japanischen Cartoon-Figur \"Crayon Shinchan\" und pr\u00e4sentiert unter dem Motto \"Time to Play\" eine Reihe von lustigen und niedlichen Lederaccessoires. Kombiniert mit dem exklusiven Crudo-Kundenservice verwandeln sich Shinchan und seine Freunde und Familie in verschiedene Stile und werden zu eleganten Anh\u00e4ngern, die frei mit dem preisgekr\u00f6nten Lederarmband kombiniert werden k\u00f6nnen, um Ihren t\u00e4glichen Schmuck noch unterhaltsamer zu machen!  <br \/>\n<br \/>\n<strong>Klicken Sie auf \"Zum Warenkorb hinzuf\u00fcgen und gestalten\", um Ihren Gravurtext zu entwerfen <\/strong><\/p>\n\n<p>- Offiziell lizenzierte Crayon Shinchan-Produkte aus Japan <br \/>\n- Mehrere verschiedene Stile von Shinchan und seinen Freunden und Familie als Metallanh\u00e4nger, die frei kombiniert und am Lederarmband befestigt werden k\u00f6nnen <br \/>\n- Beim Kauf des Crayon Shinchan Limited Edition Lederarmbands erhalten Sie die Crayon Shinchan Limited Edition Geschenkbox mit abziehbarer Gru\u00dfkarte (inklusive Geschenkkarte und Produktgarantie) <br \/>\n- Hergestellt aus italienischem geflochtenem Rindernarbenleder und hochwertigem 316L Edelstahl aus Deutschland <br \/>\n- Minimalistisches Einfachschlaufen-Doppelschnur-Design <br \/>\n- Spezielles T-f\u00f6rmiges Verschlussdesign f\u00fcr personalisierte Gravuren <br \/>\n- R\u00f6misches Uhrdesign auf dem runden Stahlring, um die Zeit mit Ihren Lieben festzuhalten <br \/>\n- Kostenloser Gravurservice mit verschiedenen Schriftarten, \u00fcber 100 Emojis und 60 Gravurvorschl\u00e4gen zur Auswahl <br \/>\n- Verblasst und oxidiert nicht leicht, bleibt dauerhaft erhalten <br \/>\n- Geeignet f\u00fcr Menschen mit empfindlicher Haut <br \/>\n- Magnetverschluss-Design <br \/>\n- Exklusives achteckiges Metallschliff-Design <\/p>\n\n<p><br \/>\n<strong>Herstellungszeit und Versanddetails\u202f <\/strong><br \/>\n- Jedes Produkt ben\u00f6tigt nur 1-5 Werktage zur Herstellung <br \/>\n- Bestellungen von heute k\u00f6nnen bereits morgen versendet werden <br \/>\n- Nur in Hongkong, Taiwan und Macau erh\u00e4ltlich <\/p>","protected":false},"featured_media":12122,"comment_status":"open","ping_status":"closed","template":"","meta":{"inline_featured_image":false},"collection":[2287],"trending_cat":[2394],"product_cat":[17],"product_tag":[101],"class_list":{"0":"post-4750","1":"product","2":"type-product","3":"status-publish","4":"has-post-thumbnail","6":"trending_cat-prestige-collection-offers","7":"product_cat-bracelets-cuffs","8":"product_tag-crayon-shinchan","10":"first","11":"instock","12":"sale","13":"shipping-taxable","14":"purchasable","15":"product-type-variable"},"yoast_head":"<!-- This site is optimized with the Yoast SEO plugin v23.4 - https:\/\/yoast.com\/wordpress\/plugins\/seo\/ -->\n<title>Crudo Crayon Shinchan personalisiertes geflochtenes Leder T-Verschluss Armband - Schwarz-Wei\u00df Gold Edition<\/title>\n<meta name=\"description\" content=\"Entdecken Sie das Crudo Crayon Shinchan Limited Edition Schwarz-Wei\u00df-Gold Edition gewebtes Leder T-Band Armband. Hergestellt aus italienischem Vollrindleder und 316L-Stahl, mit kostenloser Gravur und optionalem Anh\u00e4nger. Klassisch und modisch, zeigt einzigartigen Stil.\" \/>\n<meta name=\"robots\" content=\"index, follow, max-snippet:-1, max-image-preview:large, max-video-preview:-1\" \/>\n<link rel=\"canonical\" href=\"https:\/\/crudo-leather.com\/de\/product\/crayon-shinchan-customized-woven-leather-t-bar-bracelet-jet-black-white-gold-edition\/\" \/>\n<meta property=\"og:locale\" content=\"en_US\" \/>\n<meta property=\"og:type\" content=\"article\" \/>\n<meta property=\"og:title\" content=\"Crudo Crayon Shinchan personalisiertes geflochtenes Leder T-Verschluss Armband - Schwarz-Wei\u00df Gold Edition\" \/>\n<meta property=\"og:description\" content=\"Entdecken Sie das Crudo Crayon Shinchan Limited Edition Schwarz-Wei\u00df-Gold Edition gewebtes Leder T-Band Armband. Hergestellt aus italienischem Vollrindleder und 316L-Stahl, mit kostenloser Gravur und optionalem Anh\u00e4nger. Klassisch und modisch, zeigt einzigartigen Stil.\" \/>\n<meta property=\"og:url\" content=\"https:\/\/crudo-leather.com\/product\/crayon-shinchan-customized-woven-leather-t-bar-bracelet-jet-black-white-gold-edition\/\" \/>\n<meta property=\"og:site_name\" content=\"Crudo\" \/>\n<meta property=\"article:modified_time\" content=\"2025-11-17T01:22:41+00:00\" \/>\n<meta property=\"og:image\" content=\"https:\/\/crudo-leather.com\/wp-content\/uploads\/2024\/08\/shinchan_wbg_brt07_gdbk_f640_1-1.jpg\" \/>\n\t<meta property=\"og:image:width\" content=\"640\" \/>\n\t<meta property=\"og:image:height\" content=\"640\" \/>\n\t<meta property=\"og:image:type\" content=\"image\/jpeg\" \/>\n<meta name=\"twitter:card\" content=\"summary_large_image\" \/>\n<meta name=\"twitter:label1\" content=\"Est. reading time\" \/>\n\t<meta name=\"twitter:data1\" content=\"1 minute\" \/>\n<script type=\"application\/ld+json\" class=\"yoast-schema-graph\">{\"@context\":\"https:\/\/schema.org\",\"@graph\":[{\"@type\":\"WebPage\",\"@id\":\"https:\/\/crudo-leather.com\/product\/crayon-shinchan-customized-woven-leather-t-bar-bracelet-jet-black-white-gold-edition\/\",\"url\":\"https:\/\/crudo-leather.com\/product\/crayon-shinchan-customized-woven-leather-t-bar-bracelet-jet-black-white-gold-edition\/\",\"name\":\"Shinchan T-Bar Bracelet: Jet Black White Gold\",\"isPartOf\":{\"@id\":\"https:\/\/crudo-leather.com\/#website\"},\"primaryImageOfPage\":{\"@id\":\"https:\/\/crudo-leather.com\/product\/crayon-shinchan-customized-woven-leather-t-bar-bracelet-jet-black-white-gold-edition\/#primaryimage\"},\"image\":{\"@id\":\"https:\/\/crudo-leather.com\/product\/crayon-shinchan-customized-woven-leather-t-bar-bracelet-jet-black-white-gold-edition\/#primaryimage\"},\"thumbnailUrl\":\"https:\/\/crudo-leather.com\/wp-content\/uploads\/2024\/08\/shinchan_wbg_brt07_gdbk_f640_1-1.jpg\",\"datePublished\":\"2024-08-01T11:49:32+00:00\",\"dateModified\":\"2025-11-17T01:22:41+00:00\",\"description\":\"Personalize your style with the Crayon Shinchan Customized Woven Leather T-Bar Bracelet in Jet Black White Gold. A unique accessory.\",\"breadcrumb\":{\"@id\":\"https:\/\/crudo-leather.com\/product\/crayon-shinchan-customized-woven-leather-t-bar-bracelet-jet-black-white-gold-edition\/#breadcrumb\"},\"inLanguage\":\"en-US\",\"potentialAction\":[{\"@type\":\"ReadAction\",\"target\":[\"https:\/\/crudo-leather.com\/product\/crayon-shinchan-customized-woven-leather-t-bar-bracelet-jet-black-white-gold-edition\/\"]}]},{\"@type\":\"ImageObject\",\"inLanguage\":\"en-US\",\"@id\":\"https:\/\/crudo-leather.com\/product\/crayon-shinchan-customized-woven-leather-t-bar-bracelet-jet-black-white-gold-edition\/#primaryimage\",\"url\":\"https:\/\/crudo-leather.com\/wp-content\/uploads\/2024\/08\/shinchan_wbg_brt07_gdbk_f640_1-1.jpg\",\"contentUrl\":\"https:\/\/crudo-leather.com\/wp-content\/uploads\/2024\/08\/shinchan_wbg_brt07_gdbk_f640_1-1.jpg\",\"width\":640,\"height\":640},{\"@type\":\"BreadcrumbList\",\"@id\":\"https:\/\/crudo-leather.com\/product\/crayon-shinchan-customized-woven-leather-t-bar-bracelet-jet-black-white-gold-edition\/#breadcrumb\",\"itemListElement\":[{\"@type\":\"ListItem\",\"position\":1,\"name\":\"Shop\",\"item\":\"https:\/\/crudo-leather.com\/shop\/\"},{\"@type\":\"ListItem\",\"position\":2,\"name\":\"Crayon Shinchan Customized Woven Leather T-Bar Bracelet\"}]},{\"@type\":\"WebSite\",\"@id\":\"https:\/\/crudo-leather.com\/#website\",\"url\":\"https:\/\/crudo-leather.com\/\",\"name\":\"Crudo\",\"description\":\"\",\"potentialAction\":[{\"@type\":\"SearchAction\",\"target\":{\"@type\":\"EntryPoint\",\"urlTemplate\":\"https:\/\/crudo-leather.com\/?s={search_term_string}\"},\"query-input\":{\"@type\":\"PropertyValueSpecification\",\"valueRequired\":true,\"valueName\":\"search_term_string\"}}],\"inLanguage\":\"en-US\"}]}<\/script>\n<!-- \/ Yoast SEO plugin. -->","yoast_head_json":{"title":"Crudo Crayon Shinchan personalisiertes geflochtenes Leder T-Verschluss Armband - Schwarz-Wei\u00df Gold Edition","description":"Entdecken Sie das Crudo Crayon Shinchan Limited Edition Schwarz-Wei\u00df-Gold Edition gewebtes Leder T-Band Armband. Hergestellt aus italienischem Vollrindleder und 316L-Stahl, mit kostenloser Gravur und optionalem Anh\u00e4nger. Klassisch und modisch, zeigt einzigartigen Stil.","robots":{"index":"index","follow":"follow","max-snippet":"max-snippet:-1","max-image-preview":"max-image-preview:large","max-video-preview":"max-video-preview:-1"},"canonical":"https:\/\/crudo-leather.com\/de\/product\/crayon-shinchan-customized-woven-leather-t-bar-bracelet-jet-black-white-gold-edition\/","og_locale":"en_US","og_type":"article","og_title":"Crudo Crayon Shinchan personalisiertes geflochtenes Leder T-Verschluss Armband - Schwarz-Wei\u00df Gold Edition","og_description":"Entdecken Sie das Crudo Crayon Shinchan Limited Edition Schwarz-Wei\u00df-Gold Edition gewebtes Leder T-Band Armband. Hergestellt aus italienischem Vollrindleder und 316L-Stahl, mit kostenloser Gravur und optionalem Anh\u00e4nger. Klassisch und modisch, zeigt einzigartigen Stil.","og_url":"https:\/\/crudo-leather.com\/product\/crayon-shinchan-customized-woven-leather-t-bar-bracelet-jet-black-white-gold-edition\/","og_site_name":"Crudo","article_modified_time":"2025-11-17T01:22:41+00:00","og_image":[{"width":640,"height":640,"url":"https:\/\/crudo-leather.com\/wp-content\/uploads\/2024\/08\/shinchan_wbg_brt07_gdbk_f640_1-1.jpg","type":"image\/jpeg"}],"twitter_card":"summary_large_image","twitter_misc":{"Est. reading time":"1 minute"},"schema":{"@context":"https:\/\/schema.org","@graph":[{"@type":"WebPage","@id":"https:\/\/crudo-leather.com\/product\/crayon-shinchan-customized-woven-leather-t-bar-bracelet-jet-black-white-gold-edition\/","url":"https:\/\/crudo-leather.com\/product\/crayon-shinchan-customized-woven-leather-t-bar-bracelet-jet-black-white-gold-edition\/","name":"Shinchan T-Bar Bracelet: Jet Black White Gold","isPartOf":{"@id":"https:\/\/crudo-leather.com\/#website"},"primaryImageOfPage":{"@id":"https:\/\/crudo-leather.com\/product\/crayon-shinchan-customized-woven-leather-t-bar-bracelet-jet-black-white-gold-edition\/#primaryimage"},"image":{"@id":"https:\/\/crudo-leather.com\/product\/crayon-shinchan-customized-woven-leather-t-bar-bracelet-jet-black-white-gold-edition\/#primaryimage"},"thumbnailUrl":"https:\/\/crudo-leather.com\/wp-content\/uploads\/2024\/08\/shinchan_wbg_brt07_gdbk_f640_1-1.jpg","datePublished":"2024-08-01T11:49:32+00:00","dateModified":"2025-11-17T01:22:41+00:00","description":"Personalize your style with the Crayon Shinchan Customized Woven Leather T-Bar Bracelet in Jet Black White Gold. A unique accessory.","breadcrumb":{"@id":"https:\/\/crudo-leather.com\/product\/crayon-shinchan-customized-woven-leather-t-bar-bracelet-jet-black-white-gold-edition\/#breadcrumb"},"inLanguage":"en-US","potentialAction":[{"@type":"ReadAction","target":["https:\/\/crudo-leather.com\/product\/crayon-shinchan-customized-woven-leather-t-bar-bracelet-jet-black-white-gold-edition\/"]}]},{"@type":"ImageObject","inLanguage":"en-US","@id":"https:\/\/crudo-leather.com\/product\/crayon-shinchan-customized-woven-leather-t-bar-bracelet-jet-black-white-gold-edition\/#primaryimage","url":"https:\/\/crudo-leather.com\/wp-content\/uploads\/2024\/08\/shinchan_wbg_brt07_gdbk_f640_1-1.jpg","contentUrl":"https:\/\/crudo-leather.com\/wp-content\/uploads\/2024\/08\/shinchan_wbg_brt07_gdbk_f640_1-1.jpg","width":640,"height":640},{"@type":"BreadcrumbList","@id":"https:\/\/crudo-leather.com\/product\/crayon-shinchan-customized-woven-leather-t-bar-bracelet-jet-black-white-gold-edition\/#breadcrumb","itemListElement":[{"@type":"ListItem","position":1,"name":"Shop","item":"https:\/\/crudo-leather.com\/shop\/"},{"@type":"ListItem","position":2,"name":"Crayon Shinchan Customized Woven Leather T-Bar Bracelet"}]},{"@type":"WebSite","@id":"https:\/\/crudo-leather.com\/#website","url":"https:\/\/crudo-leather.com\/","name":"Crudo","description":"","potentialAction":[{"@type":"SearchAction","target":{"@type":"EntryPoint","urlTemplate":"https:\/\/crudo-leather.com\/?s={search_term_string}"},"query-input":{"@type":"PropertyValueSpecification","valueRequired":true,"valueName":"search_term_string"}}],"inLanguage":"en-US"}]}},"_links":{"self":[{"href":"https:\/\/crudo-leather.com\/de\/wp-json\/wp\/v2\/product\/4750"}],"collection":[{"href":"https:\/\/crudo-leather.com\/de\/wp-json\/wp\/v2\/product"}],"about":[{"href":"https:\/\/crudo-leather.com\/de\/wp-json\/wp\/v2\/types\/product"}],"replies":[{"embeddable":true,"href":"https:\/\/crudo-leather.com\/de\/wp-json\/wp\/v2\/comments?post=4750"}],"wp:featuredmedia":[{"embeddable":true,"href":"https:\/\/crudo-leather.com\/de\/wp-json\/wp\/v2\/media\/12122"}],"wp:attachment":[{"href":"https:\/\/crudo-leather.com\/de\/wp-json\/wp\/v2\/media?parent=4750"}],"wp:term":[{"taxonomy":"collection","embeddable":true,"href":"https:\/\/crudo-leather.com\/de\/wp-json\/wp\/v2\/collection?post=4750"},{"taxonomy":"trending_cat","embeddable":true,"href":"https:\/\/crudo-leather.com\/de\/wp-json\/wp\/v2\/trending_cat?post=4750"},{"taxonomy":"product_cat","embeddable":true,"href":"https:\/\/crudo-leather.com\/de\/wp-json\/wp\/v2\/product_cat?post=4750"},{"taxonomy":"product_tag","embeddable":true,"href":"https:\/\/crudo-leather.com\/de\/wp-json\/wp\/v2\/product_tag?post=4750"}],"curies":[{"name":"wp","href":"https:\/\/api.w.org\/{rel}","templated":true}]}}