{"id":4752,"date":"2024-08-01T19:49:41","date_gmt":"2024-08-01T11:49:41","guid":{"rendered":"https:\/\/crudo-leather.com\/product\/bianco-metal-tag-keychain-white-gold-edition\/"},"modified":"2025-05-20T11:23:40","modified_gmt":"2025-05-20T03:23:40","slug":"bianco-metal-tag-keychain-white-gold-edition","status":"publish","type":"product","link":"https:\/\/crudo-leather.com\/de\/product\/bianco-metal-tag-keychain-white-gold-edition\/","title":{"rendered":"Bianco Stahlanh\u00e4nger Schl\u00fcsselanh\u00e4nger"},"content":{"rendered":"","protected":false},"excerpt":{"rendered":"<strong>Klicken Sie auf \"In den Warenkorb legen und gestalten\"<\/strong><strong>, um Ihren Gravurtext zu gestalten.<\/strong>\n\n<strong>Beschreibung :<\/strong>\n- Elegantes abgeschr\u00e4gtes Design\n- Zweifarbige Metallakzente f\u00fcr modischen Look\n- Kompakte Ma\u00dfe f\u00fcr einfachen Transport, auch als Anh\u00e4nger verwendbar\n- Personalisierter Gravurservice\n- \u00dcber 20 Schriftarten, 100 Emojis und 60 Gravurvorschl\u00e4ge zur Auswahl\n- Kostenloses Upgrade auf elegantes Geschenkset (inkl. Geschenkkarte und Produktgarantie)\n\n<strong>Produktionszeit und Versanddetails<\/strong><strong> <\/strong>\n- Jedes Produkt ben\u00f6tigt nur 1-5 Werktage zur Fertigstellung\n- Bestellungen von heute k\u00f6nnen bereits morgen versendet werden\n- Weltweiter Versand","protected":false},"featured_media":12140,"comment_status":"open","ping_status":"closed","template":"","meta":{"inline_featured_image":false},"collection":[2550],"trending_cat":[],"product_cat":[89],"product_tag":[],"class_list":{"0":"post-4752","1":"product","2":"type-product","3":"status-publish","4":"has-post-thumbnail","6":"product_cat-others-accessories","8":"first","9":"instock","10":"sale","11":"shipping-taxable","12":"purchasable","13":"product-type-variable"},"yoast_head":"<!-- This site is optimized with the Yoast SEO plugin v23.4 - https:\/\/yoast.com\/wordpress\/plugins\/seo\/ -->\n<title>Bianco Metallanh\u00e4nger Schl\u00fcsselanh\u00e4nger Platin Edition<\/title>\n<meta name=\"description\" content=\"Crudo Bianco Metallanh\u00e4nger Schl\u00fcsselanh\u00e4nger, Platin Edition 316L Edelstahl aus Deutschland. Zeitgem\u00e4\u00dfes Schr\u00e4gdesign, personalisierbare Gravur, leicht und tragbar, geeignet f\u00fcr empfindliche Haut.\" \/>\n<meta name=\"robots\" content=\"index, follow, max-snippet:-1, max-image-preview:large, max-video-preview:-1\" \/>\n<link rel=\"canonical\" href=\"https:\/\/crudo-leather.com\/de\/product\/bianco-metal-tag-keychain-white-gold-edition\/\" \/>\n<meta property=\"og:locale\" content=\"en_US\" \/>\n<meta property=\"og:type\" content=\"article\" \/>\n<meta property=\"og:title\" content=\"Bianco Metallanh\u00e4nger Schl\u00fcsselanh\u00e4nger Platin Edition\" \/>\n<meta property=\"og:description\" content=\"Crudo Bianco Metallanh\u00e4nger Schl\u00fcsselanh\u00e4nger, Platin Edition 316L Edelstahl aus Deutschland. Zeitgem\u00e4\u00dfes Schr\u00e4gdesign, personalisierbare Gravur, leicht und tragbar, geeignet f\u00fcr empfindliche Haut.\" \/>\n<meta property=\"og:url\" content=\"https:\/\/crudo-leather.com\/product\/bianco-metal-tag-keychain-white-gold-edition\/\" \/>\n<meta property=\"og:site_name\" content=\"Crudo\" \/>\n<meta property=\"article:modified_time\" content=\"2025-05-20T03:23:40+00:00\" \/>\n<meta property=\"og:image\" content=\"https:\/\/crudo-leather.com\/wp-content\/uploads\/2024\/08\/kec02_wg_front-1.jpg\" \/>\n\t<meta property=\"og:image:width\" content=\"640\" \/>\n\t<meta property=\"og:image:height\" content=\"640\" \/>\n\t<meta property=\"og:image:type\" content=\"image\/jpeg\" \/>\n<meta name=\"twitter:card\" content=\"summary_large_image\" \/>\n<meta name=\"twitter:label1\" content=\"Est. reading time\" \/>\n\t<meta name=\"twitter:data1\" content=\"1 minute\" \/>\n<script type=\"application\/ld+json\" class=\"yoast-schema-graph\">{\"@context\":\"https:\/\/schema.org\",\"@graph\":[{\"@type\":\"WebPage\",\"@id\":\"https:\/\/crudo-leather.com\/product\/bianco-metal-tag-keychain-white-gold-edition\/\",\"url\":\"https:\/\/crudo-leather.com\/product\/bianco-metal-tag-keychain-white-gold-edition\/\",\"name\":\"Bianco Metal Tag Keychain - White Gold Edition\",\"isPartOf\":{\"@id\":\"https:\/\/crudo-leather.com\/#website\"},\"primaryImageOfPage\":{\"@id\":\"https:\/\/crudo-leather.com\/product\/bianco-metal-tag-keychain-white-gold-edition\/#primaryimage\"},\"image\":{\"@id\":\"https:\/\/crudo-leather.com\/product\/bianco-metal-tag-keychain-white-gold-edition\/#primaryimage\"},\"thumbnailUrl\":\"https:\/\/crudo-leather.com\/wp-content\/uploads\/2024\/08\/kec02_wg_front-1.jpg\",\"datePublished\":\"2024-08-01T11:49:41+00:00\",\"dateModified\":\"2025-05-20T03:23:40+00:00\",\"description\":\"Discover Bianco metal tag keychain. White gold design, free engraving service & luxury gift box. A sleek and personalized accessory for your keys. Shop now!\",\"breadcrumb\":{\"@id\":\"https:\/\/crudo-leather.com\/product\/bianco-metal-tag-keychain-white-gold-edition\/#breadcrumb\"},\"inLanguage\":\"en-US\",\"potentialAction\":[{\"@type\":\"ReadAction\",\"target\":[\"https:\/\/crudo-leather.com\/product\/bianco-metal-tag-keychain-white-gold-edition\/\"]}]},{\"@type\":\"ImageObject\",\"inLanguage\":\"en-US\",\"@id\":\"https:\/\/crudo-leather.com\/product\/bianco-metal-tag-keychain-white-gold-edition\/#primaryimage\",\"url\":\"https:\/\/crudo-leather.com\/wp-content\/uploads\/2024\/08\/kec02_wg_front-1.jpg\",\"contentUrl\":\"https:\/\/crudo-leather.com\/wp-content\/uploads\/2024\/08\/kec02_wg_front-1.jpg\",\"width\":640,\"height\":640},{\"@type\":\"BreadcrumbList\",\"@id\":\"https:\/\/crudo-leather.com\/product\/bianco-metal-tag-keychain-white-gold-edition\/#breadcrumb\",\"itemListElement\":[{\"@type\":\"ListItem\",\"position\":1,\"name\":\"Shop\",\"item\":\"https:\/\/crudo-leather.com\/shop\/\"},{\"@type\":\"ListItem\",\"position\":2,\"name\":\"Bianco Metal Tag Keychain\"}]},{\"@type\":\"WebSite\",\"@id\":\"https:\/\/crudo-leather.com\/#website\",\"url\":\"https:\/\/crudo-leather.com\/\",\"name\":\"Crudo\",\"description\":\"\",\"potentialAction\":[{\"@type\":\"SearchAction\",\"target\":{\"@type\":\"EntryPoint\",\"urlTemplate\":\"https:\/\/crudo-leather.com\/?s={search_term_string}\"},\"query-input\":{\"@type\":\"PropertyValueSpecification\",\"valueRequired\":true,\"valueName\":\"search_term_string\"}}],\"inLanguage\":\"en-US\"}]}<\/script>\n<!-- \/ Yoast SEO plugin. -->","yoast_head_json":{"title":"Bianco Metallanh\u00e4nger Schl\u00fcsselanh\u00e4nger Platin Edition","description":"Crudo Bianco Metallanh\u00e4nger Schl\u00fcsselanh\u00e4nger, Platin Edition 316L Edelstahl aus Deutschland. Zeitgem\u00e4\u00dfes Schr\u00e4gdesign, personalisierbare Gravur, leicht und tragbar, geeignet f\u00fcr empfindliche Haut.","robots":{"index":"index","follow":"follow","max-snippet":"max-snippet:-1","max-image-preview":"max-image-preview:large","max-video-preview":"max-video-preview:-1"},"canonical":"https:\/\/crudo-leather.com\/de\/product\/bianco-metal-tag-keychain-white-gold-edition\/","og_locale":"en_US","og_type":"article","og_title":"Bianco Metallanh\u00e4nger Schl\u00fcsselanh\u00e4nger Platin Edition","og_description":"Crudo Bianco Metallanh\u00e4nger Schl\u00fcsselanh\u00e4nger, Platin Edition 316L Edelstahl aus Deutschland. Zeitgem\u00e4\u00dfes Schr\u00e4gdesign, personalisierbare Gravur, leicht und tragbar, geeignet f\u00fcr empfindliche Haut.","og_url":"https:\/\/crudo-leather.com\/product\/bianco-metal-tag-keychain-white-gold-edition\/","og_site_name":"Crudo","article_modified_time":"2025-05-20T03:23:40+00:00","og_image":[{"width":640,"height":640,"url":"https:\/\/crudo-leather.com\/wp-content\/uploads\/2024\/08\/kec02_wg_front-1.jpg","type":"image\/jpeg"}],"twitter_card":"summary_large_image","twitter_misc":{"Est. reading time":"1 minute"},"schema":{"@context":"https:\/\/schema.org","@graph":[{"@type":"WebPage","@id":"https:\/\/crudo-leather.com\/product\/bianco-metal-tag-keychain-white-gold-edition\/","url":"https:\/\/crudo-leather.com\/product\/bianco-metal-tag-keychain-white-gold-edition\/","name":"Bianco Metal Tag Keychain - White Gold Edition","isPartOf":{"@id":"https:\/\/crudo-leather.com\/#website"},"primaryImageOfPage":{"@id":"https:\/\/crudo-leather.com\/product\/bianco-metal-tag-keychain-white-gold-edition\/#primaryimage"},"image":{"@id":"https:\/\/crudo-leather.com\/product\/bianco-metal-tag-keychain-white-gold-edition\/#primaryimage"},"thumbnailUrl":"https:\/\/crudo-leather.com\/wp-content\/uploads\/2024\/08\/kec02_wg_front-1.jpg","datePublished":"2024-08-01T11:49:41+00:00","dateModified":"2025-05-20T03:23:40+00:00","description":"Discover Bianco metal tag keychain. White gold design, free engraving service & luxury gift box. A sleek and personalized accessory for your keys. Shop now!","breadcrumb":{"@id":"https:\/\/crudo-leather.com\/product\/bianco-metal-tag-keychain-white-gold-edition\/#breadcrumb"},"inLanguage":"en-US","potentialAction":[{"@type":"ReadAction","target":["https:\/\/crudo-leather.com\/product\/bianco-metal-tag-keychain-white-gold-edition\/"]}]},{"@type":"ImageObject","inLanguage":"en-US","@id":"https:\/\/crudo-leather.com\/product\/bianco-metal-tag-keychain-white-gold-edition\/#primaryimage","url":"https:\/\/crudo-leather.com\/wp-content\/uploads\/2024\/08\/kec02_wg_front-1.jpg","contentUrl":"https:\/\/crudo-leather.com\/wp-content\/uploads\/2024\/08\/kec02_wg_front-1.jpg","width":640,"height":640},{"@type":"BreadcrumbList","@id":"https:\/\/crudo-leather.com\/product\/bianco-metal-tag-keychain-white-gold-edition\/#breadcrumb","itemListElement":[{"@type":"ListItem","position":1,"name":"Shop","item":"https:\/\/crudo-leather.com\/shop\/"},{"@type":"ListItem","position":2,"name":"Bianco Metal Tag Keychain"}]},{"@type":"WebSite","@id":"https:\/\/crudo-leather.com\/#website","url":"https:\/\/crudo-leather.com\/","name":"Crudo","description":"","potentialAction":[{"@type":"SearchAction","target":{"@type":"EntryPoint","urlTemplate":"https:\/\/crudo-leather.com\/?s={search_term_string}"},"query-input":{"@type":"PropertyValueSpecification","valueRequired":true,"valueName":"search_term_string"}}],"inLanguage":"en-US"}]}},"_links":{"self":[{"href":"https:\/\/crudo-leather.com\/de\/wp-json\/wp\/v2\/product\/4752"}],"collection":[{"href":"https:\/\/crudo-leather.com\/de\/wp-json\/wp\/v2\/product"}],"about":[{"href":"https:\/\/crudo-leather.com\/de\/wp-json\/wp\/v2\/types\/product"}],"replies":[{"embeddable":true,"href":"https:\/\/crudo-leather.com\/de\/wp-json\/wp\/v2\/comments?post=4752"}],"wp:featuredmedia":[{"embeddable":true,"href":"https:\/\/crudo-leather.com\/de\/wp-json\/wp\/v2\/media\/12140"}],"wp:attachment":[{"href":"https:\/\/crudo-leather.com\/de\/wp-json\/wp\/v2\/media?parent=4752"}],"wp:term":[{"taxonomy":"collection","embeddable":true,"href":"https:\/\/crudo-leather.com\/de\/wp-json\/wp\/v2\/collection?post=4752"},{"taxonomy":"trending_cat","embeddable":true,"href":"https:\/\/crudo-leather.com\/de\/wp-json\/wp\/v2\/trending_cat?post=4752"},{"taxonomy":"product_cat","embeddable":true,"href":"https:\/\/crudo-leather.com\/de\/wp-json\/wp\/v2\/product_cat?post=4752"},{"taxonomy":"product_tag","embeddable":true,"href":"https:\/\/crudo-leather.com\/de\/wp-json\/wp\/v2\/product_tag?post=4752"}],"curies":[{"name":"wp","href":"https:\/\/api.w.org\/{rel}","templated":true}]}}