{"id":5131,"date":"2024-08-01T20:31:23","date_gmt":"2024-08-01T12:31:23","guid":{"rendered":"https:\/\/crudo-leather.com\/product\/disney-yululun-customized-italian-leather-wrap-bracelet-blossom-pink-rose-quartz\/"},"modified":"2026-03-18T17:03:13","modified_gmt":"2026-03-18T09:03:13","slug":"disney-yululun-customized-italian-leather-wrap-bracelet-blossom-pink-rose-quartz","status":"publish","type":"product","link":"https:\/\/crudo-leather.com\/de\/product\/disney-yululun-customized-italian-leather-wrap-bracelet-blossom-pink-rose-quartz\/","title":{"rendered":"Disney Yululun Limited Edition ma\u00dfgefertigtes geflochtenes Lederarmband"},"content":{"rendered":"","protected":false},"excerpt":{"rendered":"<strong>**Bitte w\u00e4hlen Sie mindestens ein Disney Yululun Charakter Metallanh\u00e4nger oder 925 Silber Anh\u00e4nger, sonst wird das Produkt nur mit dem urspr\u00fcnglichen Crudo runden Anh\u00e4nger geliefert und nicht mit der Disney Yululun Special Edition Geschenkbox**<\/strong>\n\n<ins><strong>Disney Special Edition<\/strong><\/ins>\nYululun l\u00e4sst die Herzen aller entspannen, sie lassen sich von nichts st\u00f6ren. Bestellen Sie jetzt Ihr pers\u00f6nliches Disney Yululun Special Edition Armband und tauchen Sie ein in die magische Welt der Disney Charaktere.\n\n<strong>Klicken Sie auf \"Zum Warenkorb hinzuf\u00fcgen und gestalten\", um Ihre Gravur zu entwerfen<\/strong>\n\n- Offiziell lizenziertes Disney Produkt\n- Verschiedene Disney Charakter Yululun Thema Metallanh\u00e4nger und reine Silber Anh\u00e4nger, frei kombinierbar und am Lederarmband befestigbar\n- Beim Kauf eines Disney Yululun Limited Edition Lederarmbands erhalten Sie eine Disney Yululun Special Edition Geschenkbox mit abl\u00f6sbarer Gru\u00dfkarte (inklusive Geschenkkarte und Produktgarantie)\n- Hergestellt aus italienischem geflochtenem Rindleder erster Wahl und feinstem 316L Edelstahl\n- Mit eingelassenen Rosenquarzsteinen auf der Oberfl\u00e4che des 316L Edelstahls\n- Handwerker verwenden pr\u00e4zise Edelsteinschneidetechniken, um wertvolle Steine in funkelndem Glanz erstrahlen zu lassen\n- Jeder Stein ist nat\u00fcrlich abgebaut und hat eine einzigartige nat\u00fcrliche Textur\n- Kostenloser Gravurservice, verschiedene Schriftarten, Emojis und Gravurvorschl\u00e4ge zur Auswahl\n- Verblasst und oxidiert nicht leicht, dauerhafte Haltbarkeit\n- Mit Magnetverschluss und exklusivem kleinen Achteckschnitt-Design\n- Geeignet f\u00fcr Menschen mit empfindlicher Haut\n- Hinweis: Das Armband ist nicht f\u00fcr Kinder unter 3 Jahren geeignet\n\n<strong>Herstellungszeit und Versanddetails<\/strong>\n- Jedes Produkt ben\u00f6tigt nur 1-5 Werktage zur Herstellung\n- Bestellungen von heute k\u00f6nnen bereits morgen versendet werden\n- Direktversand nach Hongkong und Macau","protected":false},"featured_media":289344,"comment_status":"open","ping_status":"closed","template":"","meta":{"inline_featured_image":false},"collection":[2291],"trending_cat":[2390],"product_cat":[17],"product_tag":[2403],"class_list":{"0":"post-5131","1":"product","2":"type-product","3":"status-publish","4":"has-post-thumbnail","6":"trending_cat-ricordi-leather-bracelet","7":"product_cat-bracelets-cuffs","8":"product_tag-disney-yululun","10":"first","11":"instock","12":"sale","13":"shipping-taxable","14":"purchasable","15":"product-type-variable"},"yoast_head":"<!-- This site is optimized with the Yoast SEO plugin v23.4 - https:\/\/yoast.com\/wordpress\/plugins\/seo\/ -->\n<title>Crudo Disney Yululun Lederarmband<\/title>\n<meta name=\"description\" content=\"Crudo Disney Yululun ma\u00dfgeschmacktes italienisches Leder geflochtenes Armband, Kirschbl\u00fctenrosa Rosenquarz Stil. Kostenlose Gravur, elegante Geschenkbox. Erstellen Sie einzigartigen Schmuck f\u00fcr Sie. Jetzt einkaufen.\" \/>\n<meta name=\"robots\" content=\"index, follow, max-snippet:-1, max-image-preview:large, max-video-preview:-1\" \/>\n<link rel=\"canonical\" href=\"https:\/\/crudo-leather.com\/de\/product\/disney-yululun-customized-italian-leather-wrap-bracelet-blossom-pink-rose-quartz\/\" \/>\n<meta property=\"og:locale\" content=\"en_US\" \/>\n<meta property=\"og:type\" content=\"article\" \/>\n<meta property=\"og:title\" content=\"Crudo Disney Yululun Lederarmband\" \/>\n<meta property=\"og:description\" content=\"Crudo Disney Yululun ma\u00dfgeschmacktes italienisches Leder geflochtenes Armband, Kirschbl\u00fctenrosa Rosenquarz Stil. Kostenlose Gravur, elegante Geschenkbox. Erstellen Sie einzigartigen Schmuck f\u00fcr Sie. Jetzt einkaufen.\" \/>\n<meta property=\"og:url\" content=\"https:\/\/crudo-leather.com\/product\/disney-yululun-customized-italian-leather-wrap-bracelet-blossom-pink-rose-quartz\/\" \/>\n<meta property=\"og:site_name\" content=\"Crudo\" \/>\n<meta property=\"article:modified_time\" content=\"2026-03-18T09:03:13+00:00\" \/>\n<meta property=\"og:image\" content=\"https:\/\/crudo-leather.com\/wp-content\/uploads\/2024\/08\/Sanrio_1st_WBG_BRT01stone_RQ_Notag-1.jpg\" \/>\n\t<meta property=\"og:image:width\" content=\"2000\" \/>\n\t<meta property=\"og:image:height\" content=\"2000\" \/>\n\t<meta property=\"og:image:type\" content=\"image\/jpeg\" \/>\n<meta name=\"twitter:card\" content=\"summary_large_image\" \/>\n<meta name=\"twitter:label1\" content=\"Est. reading time\" \/>\n\t<meta name=\"twitter:data1\" content=\"1 minute\" \/>\n<script type=\"application\/ld+json\" class=\"yoast-schema-graph\">{\"@context\":\"https:\/\/schema.org\",\"@graph\":[{\"@type\":\"WebPage\",\"@id\":\"https:\/\/crudo-leather.com\/product\/disney-yululun-customized-italian-leather-wrap-bracelet-blossom-pink-rose-quartz\/\",\"url\":\"https:\/\/crudo-leather.com\/product\/disney-yululun-customized-italian-leather-wrap-bracelet-blossom-pink-rose-quartz\/\",\"name\":\"Disney Yululun Customized Italian Leather Wrap Bracelet - Blossom Pink Rose Quartz\",\"isPartOf\":{\"@id\":\"https:\/\/crudo-leather.com\/#website\"},\"primaryImageOfPage\":{\"@id\":\"https:\/\/crudo-leather.com\/product\/disney-yululun-customized-italian-leather-wrap-bracelet-blossom-pink-rose-quartz\/#primaryimage\"},\"image\":{\"@id\":\"https:\/\/crudo-leather.com\/product\/disney-yululun-customized-italian-leather-wrap-bracelet-blossom-pink-rose-quartz\/#primaryimage\"},\"thumbnailUrl\":\"https:\/\/crudo-leather.com\/wp-content\/uploads\/2024\/08\/Sanrio_1st_WBG_BRT01stone_RQ_Notag-1.jpg\",\"datePublished\":\"2024-08-01T12:31:23+00:00\",\"dateModified\":\"2026-03-18T09:03:13+00:00\",\"description\":\"Explore officially licensed Disney Yululun customized Italian leather wrap bracelet. Blossom pink with rose quartz. Free engraving & luxury gift box. A unique accessory. Shop now!\",\"breadcrumb\":{\"@id\":\"https:\/\/crudo-leather.com\/product\/disney-yululun-customized-italian-leather-wrap-bracelet-blossom-pink-rose-quartz\/#breadcrumb\"},\"inLanguage\":\"en-US\",\"potentialAction\":[{\"@type\":\"ReadAction\",\"target\":[\"https:\/\/crudo-leather.com\/product\/disney-yululun-customized-italian-leather-wrap-bracelet-blossom-pink-rose-quartz\/\"]}]},{\"@type\":\"ImageObject\",\"inLanguage\":\"en-US\",\"@id\":\"https:\/\/crudo-leather.com\/product\/disney-yululun-customized-italian-leather-wrap-bracelet-blossom-pink-rose-quartz\/#primaryimage\",\"url\":\"https:\/\/crudo-leather.com\/wp-content\/uploads\/2024\/08\/Sanrio_1st_WBG_BRT01stone_RQ_Notag-1.jpg\",\"contentUrl\":\"https:\/\/crudo-leather.com\/wp-content\/uploads\/2024\/08\/Sanrio_1st_WBG_BRT01stone_RQ_Notag-1.jpg\",\"width\":2000,\"height\":2000},{\"@type\":\"BreadcrumbList\",\"@id\":\"https:\/\/crudo-leather.com\/product\/disney-yululun-customized-italian-leather-wrap-bracelet-blossom-pink-rose-quartz\/#breadcrumb\",\"itemListElement\":[{\"@type\":\"ListItem\",\"position\":1,\"name\":\"Shop\",\"item\":\"https:\/\/crudo-leather.com\/shop\/\"},{\"@type\":\"ListItem\",\"position\":2,\"name\":\"Disney Yululun Customized Italian Leather Wrap Gemstone Bracelet\"}]},{\"@type\":\"WebSite\",\"@id\":\"https:\/\/crudo-leather.com\/#website\",\"url\":\"https:\/\/crudo-leather.com\/\",\"name\":\"Crudo\",\"description\":\"\",\"potentialAction\":[{\"@type\":\"SearchAction\",\"target\":{\"@type\":\"EntryPoint\",\"urlTemplate\":\"https:\/\/crudo-leather.com\/?s={search_term_string}\"},\"query-input\":{\"@type\":\"PropertyValueSpecification\",\"valueRequired\":true,\"valueName\":\"search_term_string\"}}],\"inLanguage\":\"en-US\"}]}<\/script>\n<!-- \/ Yoast SEO plugin. -->","yoast_head_json":{"title":"Crudo Disney Yululun Lederarmband","description":"Crudo Disney Yululun ma\u00dfgeschmacktes italienisches Leder geflochtenes Armband, Kirschbl\u00fctenrosa Rosenquarz Stil. Kostenlose Gravur, elegante Geschenkbox. Erstellen Sie einzigartigen Schmuck f\u00fcr Sie. Jetzt einkaufen.","robots":{"index":"index","follow":"follow","max-snippet":"max-snippet:-1","max-image-preview":"max-image-preview:large","max-video-preview":"max-video-preview:-1"},"canonical":"https:\/\/crudo-leather.com\/de\/product\/disney-yululun-customized-italian-leather-wrap-bracelet-blossom-pink-rose-quartz\/","og_locale":"en_US","og_type":"article","og_title":"Crudo Disney Yululun Lederarmband","og_description":"Crudo Disney Yululun ma\u00dfgeschmacktes italienisches Leder geflochtenes Armband, Kirschbl\u00fctenrosa Rosenquarz Stil. Kostenlose Gravur, elegante Geschenkbox. Erstellen Sie einzigartigen Schmuck f\u00fcr Sie. Jetzt einkaufen.","og_url":"https:\/\/crudo-leather.com\/product\/disney-yululun-customized-italian-leather-wrap-bracelet-blossom-pink-rose-quartz\/","og_site_name":"Crudo","article_modified_time":"2026-03-18T09:03:13+00:00","og_image":[{"width":2000,"height":2000,"url":"https:\/\/crudo-leather.com\/wp-content\/uploads\/2024\/08\/Sanrio_1st_WBG_BRT01stone_RQ_Notag-1.jpg","type":"image\/jpeg"}],"twitter_card":"summary_large_image","twitter_misc":{"Est. reading time":"1 minute"},"schema":{"@context":"https:\/\/schema.org","@graph":[{"@type":"WebPage","@id":"https:\/\/crudo-leather.com\/product\/disney-yululun-customized-italian-leather-wrap-bracelet-blossom-pink-rose-quartz\/","url":"https:\/\/crudo-leather.com\/product\/disney-yululun-customized-italian-leather-wrap-bracelet-blossom-pink-rose-quartz\/","name":"Disney Yululun Customized Italian Leather Wrap Bracelet - Blossom Pink Rose Quartz","isPartOf":{"@id":"https:\/\/crudo-leather.com\/#website"},"primaryImageOfPage":{"@id":"https:\/\/crudo-leather.com\/product\/disney-yululun-customized-italian-leather-wrap-bracelet-blossom-pink-rose-quartz\/#primaryimage"},"image":{"@id":"https:\/\/crudo-leather.com\/product\/disney-yululun-customized-italian-leather-wrap-bracelet-blossom-pink-rose-quartz\/#primaryimage"},"thumbnailUrl":"https:\/\/crudo-leather.com\/wp-content\/uploads\/2024\/08\/Sanrio_1st_WBG_BRT01stone_RQ_Notag-1.jpg","datePublished":"2024-08-01T12:31:23+00:00","dateModified":"2026-03-18T09:03:13+00:00","description":"Explore officially licensed Disney Yululun customized Italian leather wrap bracelet. Blossom pink with rose quartz. Free engraving & luxury gift box. A unique accessory. Shop now!","breadcrumb":{"@id":"https:\/\/crudo-leather.com\/product\/disney-yululun-customized-italian-leather-wrap-bracelet-blossom-pink-rose-quartz\/#breadcrumb"},"inLanguage":"en-US","potentialAction":[{"@type":"ReadAction","target":["https:\/\/crudo-leather.com\/product\/disney-yululun-customized-italian-leather-wrap-bracelet-blossom-pink-rose-quartz\/"]}]},{"@type":"ImageObject","inLanguage":"en-US","@id":"https:\/\/crudo-leather.com\/product\/disney-yululun-customized-italian-leather-wrap-bracelet-blossom-pink-rose-quartz\/#primaryimage","url":"https:\/\/crudo-leather.com\/wp-content\/uploads\/2024\/08\/Sanrio_1st_WBG_BRT01stone_RQ_Notag-1.jpg","contentUrl":"https:\/\/crudo-leather.com\/wp-content\/uploads\/2024\/08\/Sanrio_1st_WBG_BRT01stone_RQ_Notag-1.jpg","width":2000,"height":2000},{"@type":"BreadcrumbList","@id":"https:\/\/crudo-leather.com\/product\/disney-yululun-customized-italian-leather-wrap-bracelet-blossom-pink-rose-quartz\/#breadcrumb","itemListElement":[{"@type":"ListItem","position":1,"name":"Shop","item":"https:\/\/crudo-leather.com\/shop\/"},{"@type":"ListItem","position":2,"name":"Disney Yululun Customized Italian Leather Wrap Gemstone Bracelet"}]},{"@type":"WebSite","@id":"https:\/\/crudo-leather.com\/#website","url":"https:\/\/crudo-leather.com\/","name":"Crudo","description":"","potentialAction":[{"@type":"SearchAction","target":{"@type":"EntryPoint","urlTemplate":"https:\/\/crudo-leather.com\/?s={search_term_string}"},"query-input":{"@type":"PropertyValueSpecification","valueRequired":true,"valueName":"search_term_string"}}],"inLanguage":"en-US"}]}},"_links":{"self":[{"href":"https:\/\/crudo-leather.com\/de\/wp-json\/wp\/v2\/product\/5131"}],"collection":[{"href":"https:\/\/crudo-leather.com\/de\/wp-json\/wp\/v2\/product"}],"about":[{"href":"https:\/\/crudo-leather.com\/de\/wp-json\/wp\/v2\/types\/product"}],"replies":[{"embeddable":true,"href":"https:\/\/crudo-leather.com\/de\/wp-json\/wp\/v2\/comments?post=5131"}],"wp:featuredmedia":[{"embeddable":true,"href":"https:\/\/crudo-leather.com\/de\/wp-json\/wp\/v2\/media\/289344"}],"wp:attachment":[{"href":"https:\/\/crudo-leather.com\/de\/wp-json\/wp\/v2\/media?parent=5131"}],"wp:term":[{"taxonomy":"collection","embeddable":true,"href":"https:\/\/crudo-leather.com\/de\/wp-json\/wp\/v2\/collection?post=5131"},{"taxonomy":"trending_cat","embeddable":true,"href":"https:\/\/crudo-leather.com\/de\/wp-json\/wp\/v2\/trending_cat?post=5131"},{"taxonomy":"product_cat","embeddable":true,"href":"https:\/\/crudo-leather.com\/de\/wp-json\/wp\/v2\/product_cat?post=5131"},{"taxonomy":"product_tag","embeddable":true,"href":"https:\/\/crudo-leather.com\/de\/wp-json\/wp\/v2\/product_tag?post=5131"}],"curies":[{"name":"wp","href":"https:\/\/api.w.org\/{rel}","templated":true}]}}