{"id":5136,"date":"2024-08-01T20:32:19","date_gmt":"2024-08-01T12:32:19","guid":{"rendered":"https:\/\/crudo-leather.com\/product\/disney-yululun-silver-beaded-heart-tag-bracelet-rose-gold\/"},"modified":"2025-10-10T16:17:56","modified_gmt":"2025-10-10T08:17:56","slug":"disney-yululun-silver-beaded-heart-tag-bracelet-rose-gold","status":"publish","type":"product","link":"https:\/\/crudo-leather.com\/de\/product\/disney-yululun-silver-beaded-heart-tag-bracelet-rose-gold\/","title":{"rendered":"Disney Yululun Limited Edition ma\u00dfgeschmiedete reine Silberperlenarmband"},"content":{"rendered":"","protected":false},"excerpt":{"rendered":"**Bitte w\u00e4hlen Sie mindestens ein Disney Yululun Charakter Metallanh\u00e4nger oder 925 Silber Anh\u00e4nger, sonst wird das Produkt nur mit dem urspr\u00fcnglichen Crudo runden Anh\u00e4nger geliefert und nicht mit der Disney Yululun Special Edition Geschenkbox**\n\n<ins><strong>Disney Special Edition<\/strong><\/ins>\nYululun l\u00e4sst die Herzen aller entspannen, sie lassen sich von nichts st\u00f6ren. Bestellen Sie jetzt Ihr personalisiertes Disney Yululun Special Edition Armband und tauchen Sie ein in die magische Welt der Disney Charaktere.\n\n<strong>Klicken Sie auf \"Zum Warenkorb hinzuf\u00fcgen und gestalten\", um Ihren Gravurinhalt zu gestalten<\/strong>\n\n- Offiziell lizenziertes Disney Produkt\n- Verschiedene Disney Charakter Yululun Thema Metallanh\u00e4nger und reine Silberanh\u00e4nger, frei kombinierbar und an der Perlenarmband befestigbar\n- Beim Kauf eines Disney Yululun Limited Edition reinen Silber Perlenarmbands erhalten Sie eine Disney Yululun Special Edition Geschenkbox mit abl\u00f6sbarer Gru\u00dfkarte (inklusive Geschenkkarte und Produktgarantie)\n- Hergestellt aus 925 reinem Silber Perlen, eleganter und luxuri\u00f6ser Look\n- Wundersch\u00f6ner Herz-Anh\u00e4nger, eine Seite mit funkelnden Edelsteinen besetzt, die andere Seite personalisierbar mit Laser-Gravur\n- Mit verstellbarem Verschluss, perfekter Sitz am Handgelenk\n- Kostenloser Gravurservice, verschiedene Schriftarten, Emojis und Gravurvorschl\u00e4ge zur Auswahl\n- Verblasst und oxidiert nicht leicht, dauerhafte Haltbarkeit\n- Reine Silber Schmuck geeignet f\u00fcr Menschen mit empfindlicher Haut\n\n<strong>Herstellungszeit und Versanddetails<\/strong>\n- Jedes Produkt ben\u00f6tigt nur 1-5 Werktage zur Fertigstellung\n- Bei Bestellung heute kann es bereits morgen versendet werden\n- Direktversand nach Hongkong und Macau","protected":false},"featured_media":289441,"comment_status":"open","ping_status":"closed","template":"","meta":{"inline_featured_image":false},"collection":[2291],"trending_cat":[],"product_cat":[17],"product_tag":[2403],"class_list":{"0":"post-5136","1":"product","2":"type-product","3":"status-publish","4":"has-post-thumbnail","6":"product_cat-bracelets-cuffs","7":"product_tag-disney-yululun","9":"first","10":"instock","11":"sale","12":"shipping-taxable","13":"purchasable","14":"product-type-variable"},"yoast_head":"<!-- This site is optimized with the Yoast SEO plugin v23.4 - https:\/\/yoast.com\/wordpress\/plugins\/seo\/ -->\n<title>Crudo Disney Yululun Silberperlen Armband<\/title>\n<meta name=\"description\" content=\"Crudo Disney Yululun Silberperlen Herz-Anh\u00e4nger Armband, Ros\u00e9gold-Variante. Exklusives Design, kostenlose Gravur. Verleiht Ihrem Handgelenk einen charmanten Look.\" \/>\n<meta name=\"robots\" content=\"index, follow, max-snippet:-1, max-image-preview:large, max-video-preview:-1\" \/>\n<link rel=\"canonical\" href=\"https:\/\/crudo-leather.com\/de\/product\/disney-yululun-silver-beaded-heart-tag-bracelet-rose-gold\/\" \/>\n<meta property=\"og:locale\" content=\"en_US\" \/>\n<meta property=\"og:type\" content=\"article\" \/>\n<meta property=\"og:title\" content=\"Crudo Disney Yululun Silberperlen Armband\" \/>\n<meta property=\"og:description\" content=\"Crudo Disney Yululun Silberperlen Herz-Anh\u00e4nger Armband, Ros\u00e9gold-Variante. Exklusives Design, kostenlose Gravur. Verleiht Ihrem Handgelenk einen charmanten Look.\" \/>\n<meta property=\"og:url\" content=\"https:\/\/crudo-leather.com\/product\/disney-yululun-silver-beaded-heart-tag-bracelet-rose-gold\/\" \/>\n<meta property=\"og:site_name\" content=\"Crudo\" \/>\n<meta property=\"article:modified_time\" content=\"2025-10-10T08:17:56+00:00\" \/>\n<meta property=\"og:image\" content=\"https:\/\/crudo-leather.com\/wp-content\/uploads\/2024\/08\/BeadWomen-Gold_KT01-1.jpg\" \/>\n\t<meta property=\"og:image:width\" content=\"2000\" \/>\n\t<meta property=\"og:image:height\" content=\"2000\" \/>\n\t<meta property=\"og:image:type\" content=\"image\/jpeg\" \/>\n<meta name=\"twitter:card\" content=\"summary_large_image\" \/>\n<meta name=\"twitter:label1\" content=\"Est. reading time\" \/>\n\t<meta name=\"twitter:data1\" content=\"1 minute\" \/>\n<script type=\"application\/ld+json\" class=\"yoast-schema-graph\">{\"@context\":\"https:\/\/schema.org\",\"@graph\":[{\"@type\":\"WebPage\",\"@id\":\"https:\/\/crudo-leather.com\/product\/disney-yululun-silver-beaded-heart-tag-bracelet-rose-gold\/\",\"url\":\"https:\/\/crudo-leather.com\/product\/disney-yululun-silver-beaded-heart-tag-bracelet-rose-gold\/\",\"name\":\"Disney Yululun Rose Gold Heart Tag Bracelet\",\"isPartOf\":{\"@id\":\"https:\/\/crudo-leather.com\/#website\"},\"primaryImageOfPage\":{\"@id\":\"https:\/\/crudo-leather.com\/product\/disney-yululun-silver-beaded-heart-tag-bracelet-rose-gold\/#primaryimage\"},\"image\":{\"@id\":\"https:\/\/crudo-leather.com\/product\/disney-yululun-silver-beaded-heart-tag-bracelet-rose-gold\/#primaryimage\"},\"thumbnailUrl\":\"https:\/\/crudo-leather.com\/wp-content\/uploads\/2024\/08\/BeadWomen-Gold_KT01-1.jpg\",\"datePublished\":\"2024-08-01T12:32:19+00:00\",\"dateModified\":\"2025-10-10T08:17:56+00:00\",\"description\":\"Add magic to your style with the Disney Yululun Silver Beaded Heart Tag Bracelet in Rose Gold. A delightful and personal accessory.\",\"breadcrumb\":{\"@id\":\"https:\/\/crudo-leather.com\/product\/disney-yululun-silver-beaded-heart-tag-bracelet-rose-gold\/#breadcrumb\"},\"inLanguage\":\"en-US\",\"potentialAction\":[{\"@type\":\"ReadAction\",\"target\":[\"https:\/\/crudo-leather.com\/product\/disney-yululun-silver-beaded-heart-tag-bracelet-rose-gold\/\"]}]},{\"@type\":\"ImageObject\",\"inLanguage\":\"en-US\",\"@id\":\"https:\/\/crudo-leather.com\/product\/disney-yululun-silver-beaded-heart-tag-bracelet-rose-gold\/#primaryimage\",\"url\":\"https:\/\/crudo-leather.com\/wp-content\/uploads\/2024\/08\/BeadWomen-Gold_KT01-1.jpg\",\"contentUrl\":\"https:\/\/crudo-leather.com\/wp-content\/uploads\/2024\/08\/BeadWomen-Gold_KT01-1.jpg\",\"width\":2000,\"height\":2000},{\"@type\":\"BreadcrumbList\",\"@id\":\"https:\/\/crudo-leather.com\/product\/disney-yululun-silver-beaded-heart-tag-bracelet-rose-gold\/#breadcrumb\",\"itemListElement\":[{\"@type\":\"ListItem\",\"position\":1,\"name\":\"Shop\",\"item\":\"https:\/\/crudo-leather.com\/shop\/\"},{\"@type\":\"ListItem\",\"position\":2,\"name\":\"Disney Yululun Silver Beaded Heart Tag Bracelet\"}]},{\"@type\":\"WebSite\",\"@id\":\"https:\/\/crudo-leather.com\/#website\",\"url\":\"https:\/\/crudo-leather.com\/\",\"name\":\"Crudo\",\"description\":\"\",\"potentialAction\":[{\"@type\":\"SearchAction\",\"target\":{\"@type\":\"EntryPoint\",\"urlTemplate\":\"https:\/\/crudo-leather.com\/?s={search_term_string}\"},\"query-input\":{\"@type\":\"PropertyValueSpecification\",\"valueRequired\":true,\"valueName\":\"search_term_string\"}}],\"inLanguage\":\"en-US\"}]}<\/script>\n<!-- \/ Yoast SEO plugin. -->","yoast_head_json":{"title":"Crudo Disney Yululun Silberperlen Armband","description":"Crudo Disney Yululun Silberperlen Herz-Anh\u00e4nger Armband, Ros\u00e9gold-Variante. Exklusives Design, kostenlose Gravur. Verleiht Ihrem Handgelenk einen charmanten Look.","robots":{"index":"index","follow":"follow","max-snippet":"max-snippet:-1","max-image-preview":"max-image-preview:large","max-video-preview":"max-video-preview:-1"},"canonical":"https:\/\/crudo-leather.com\/de\/product\/disney-yululun-silver-beaded-heart-tag-bracelet-rose-gold\/","og_locale":"en_US","og_type":"article","og_title":"Crudo Disney Yululun Silberperlen Armband","og_description":"Crudo Disney Yululun Silberperlen Herz-Anh\u00e4nger Armband, Ros\u00e9gold-Variante. Exklusives Design, kostenlose Gravur. Verleiht Ihrem Handgelenk einen charmanten Look.","og_url":"https:\/\/crudo-leather.com\/product\/disney-yululun-silver-beaded-heart-tag-bracelet-rose-gold\/","og_site_name":"Crudo","article_modified_time":"2025-10-10T08:17:56+00:00","og_image":[{"width":2000,"height":2000,"url":"https:\/\/crudo-leather.com\/wp-content\/uploads\/2024\/08\/BeadWomen-Gold_KT01-1.jpg","type":"image\/jpeg"}],"twitter_card":"summary_large_image","twitter_misc":{"Est. reading time":"1 minute"},"schema":{"@context":"https:\/\/schema.org","@graph":[{"@type":"WebPage","@id":"https:\/\/crudo-leather.com\/product\/disney-yululun-silver-beaded-heart-tag-bracelet-rose-gold\/","url":"https:\/\/crudo-leather.com\/product\/disney-yululun-silver-beaded-heart-tag-bracelet-rose-gold\/","name":"Disney Yululun Rose Gold Heart Tag Bracelet","isPartOf":{"@id":"https:\/\/crudo-leather.com\/#website"},"primaryImageOfPage":{"@id":"https:\/\/crudo-leather.com\/product\/disney-yululun-silver-beaded-heart-tag-bracelet-rose-gold\/#primaryimage"},"image":{"@id":"https:\/\/crudo-leather.com\/product\/disney-yululun-silver-beaded-heart-tag-bracelet-rose-gold\/#primaryimage"},"thumbnailUrl":"https:\/\/crudo-leather.com\/wp-content\/uploads\/2024\/08\/BeadWomen-Gold_KT01-1.jpg","datePublished":"2024-08-01T12:32:19+00:00","dateModified":"2025-10-10T08:17:56+00:00","description":"Add magic to your style with the Disney Yululun Silver Beaded Heart Tag Bracelet in Rose Gold. A delightful and personal accessory.","breadcrumb":{"@id":"https:\/\/crudo-leather.com\/product\/disney-yululun-silver-beaded-heart-tag-bracelet-rose-gold\/#breadcrumb"},"inLanguage":"en-US","potentialAction":[{"@type":"ReadAction","target":["https:\/\/crudo-leather.com\/product\/disney-yululun-silver-beaded-heart-tag-bracelet-rose-gold\/"]}]},{"@type":"ImageObject","inLanguage":"en-US","@id":"https:\/\/crudo-leather.com\/product\/disney-yululun-silver-beaded-heart-tag-bracelet-rose-gold\/#primaryimage","url":"https:\/\/crudo-leather.com\/wp-content\/uploads\/2024\/08\/BeadWomen-Gold_KT01-1.jpg","contentUrl":"https:\/\/crudo-leather.com\/wp-content\/uploads\/2024\/08\/BeadWomen-Gold_KT01-1.jpg","width":2000,"height":2000},{"@type":"BreadcrumbList","@id":"https:\/\/crudo-leather.com\/product\/disney-yululun-silver-beaded-heart-tag-bracelet-rose-gold\/#breadcrumb","itemListElement":[{"@type":"ListItem","position":1,"name":"Shop","item":"https:\/\/crudo-leather.com\/shop\/"},{"@type":"ListItem","position":2,"name":"Disney Yululun Silver Beaded Heart Tag Bracelet"}]},{"@type":"WebSite","@id":"https:\/\/crudo-leather.com\/#website","url":"https:\/\/crudo-leather.com\/","name":"Crudo","description":"","potentialAction":[{"@type":"SearchAction","target":{"@type":"EntryPoint","urlTemplate":"https:\/\/crudo-leather.com\/?s={search_term_string}"},"query-input":{"@type":"PropertyValueSpecification","valueRequired":true,"valueName":"search_term_string"}}],"inLanguage":"en-US"}]}},"_links":{"self":[{"href":"https:\/\/crudo-leather.com\/de\/wp-json\/wp\/v2\/product\/5136"}],"collection":[{"href":"https:\/\/crudo-leather.com\/de\/wp-json\/wp\/v2\/product"}],"about":[{"href":"https:\/\/crudo-leather.com\/de\/wp-json\/wp\/v2\/types\/product"}],"replies":[{"embeddable":true,"href":"https:\/\/crudo-leather.com\/de\/wp-json\/wp\/v2\/comments?post=5136"}],"wp:featuredmedia":[{"embeddable":true,"href":"https:\/\/crudo-leather.com\/de\/wp-json\/wp\/v2\/media\/289441"}],"wp:attachment":[{"href":"https:\/\/crudo-leather.com\/de\/wp-json\/wp\/v2\/media?parent=5136"}],"wp:term":[{"taxonomy":"collection","embeddable":true,"href":"https:\/\/crudo-leather.com\/de\/wp-json\/wp\/v2\/collection?post=5136"},{"taxonomy":"trending_cat","embeddable":true,"href":"https:\/\/crudo-leather.com\/de\/wp-json\/wp\/v2\/trending_cat?post=5136"},{"taxonomy":"product_cat","embeddable":true,"href":"https:\/\/crudo-leather.com\/de\/wp-json\/wp\/v2\/product_cat?post=5136"},{"taxonomy":"product_tag","embeddable":true,"href":"https:\/\/crudo-leather.com\/de\/wp-json\/wp\/v2\/product_tag?post=5136"}],"curies":[{"name":"wp","href":"https:\/\/api.w.org\/{rel}","templated":true}]}}