{"id":999,"date":"2024-08-01T12:40:10","date_gmt":"2024-08-01T04:40:10","guid":{"rendered":"https:\/\/crudo-leather.com\/product\/peanuts-customized-italian-leather-wrap-bracelet-swan-white\/"},"modified":"2026-02-03T12:06:51","modified_gmt":"2026-02-03T04:06:51","slug":"peanuts-customized-italian-leather-wrap-bracelet-swan-white","status":"publish","type":"product","link":"https:\/\/crudo-leather.com\/de\/product\/peanuts-customized-italian-leather-wrap-bracelet-swan-white\/","title":{"rendered":"Snoopy Limited Edition personalisiertes geflochtenes Lederarmband"},"content":{"rendered":"","protected":false},"excerpt":{"rendered":"<p>**Bitte w\u00e4hlen Sie mindestens ein PEANUTS-Charakter-Metallanh\u00e4nger oder 925-Sterling-Silber-Anh\u00e4nger aus, sonst wird das Produkt nur mit dem urspr\u00fcnglichen Crudo runden Anh\u00e4nger geliefert und nicht mit der PEANUTS Special Edition Geschenkbox**<\/p>\n\n<p><ins><strong>Crudo x PEANUTS<\/strong><\/ins><br \/>\nCrudo pr\u00e4sentiert in Zusammenarbeit mit PEANUTS eine offiziell lizenzierte, limitierte Edition von geflochtenen Lederarmb\u00e4ndern. Die klassischen Charaktere aus \"Peanuts\" verwandeln sich in feine, niedliche Metallanh\u00e4nger, die frei kombiniert und an Crudos beliebten Lederarmb\u00e4ndern befestigt werden k\u00f6nnen, um auf humorvolle Weise eine positive und optimistische Einstellung zu vermitteln.<br \/>\n<br \/>\n<strong>Klicken Sie auf \"Zum Warenkorb hinzuf\u00fcgen und gestalten\", um Ihren Gravurtext zu entwerfen<\/strong><\/p>\n\n<p>- Offiziell lizenziertes PEANUTS Lederarmband<br \/>\n- Kombinierbar mit 12 klassischen Peanuts-Charakteren, darunter Snoopy, Woodstock, Charlie Brown und Olaf, als bunte Emaille-Metallanh\u00e4nger und 925-Sterling-Silber-Anh\u00e4nger<br \/>\n- Beim Kauf eines PEANUTS Lederarmbands erhalten Sie eine PEANUTS limitierte Geschenkbox mit abziehbarer Gru\u00dfkarte (inklusive Geschenkkarte und Produktgarantie)<br \/>\n- Hergestellt aus italienischem, geflochtenem Rindleder erster Wahl und hochwertigem 316L-Edelstahl<br \/>\n- Kostenloser Gravurservice, verschiedene Schriftarten, \u00fcber 100 Emojis und 60 Gravurvorschl\u00e4ge zur Auswahl<br \/>\n- Verblasst und oxidiert nicht leicht, bleibt lange erhalten<br \/>\n- Geeignet f\u00fcr Menschen mit empfindlicher Haut<br \/>\n- Mit Magnetverschluss<br \/>\n- Exklusives achteckiges Metall-Cut-Out-Design<br \/>\n- Hinweis: Das Armband ist nicht f\u00fcr Kinder unter 3 Jahren geeignet<\/p>\n\n<p><strong>Herstellungszeit und Versanddetails<\/strong><br \/>\n- Jedes Produkt ben\u00f6tigt nur 1-5 Werktage zur Herstellung<br \/>\n- Bei Bestellung heute kann die Lieferung bereits morgen erfolgen<br \/>\n- Nur erh\u00e4ltlich in Hongkong, Taiwan, Macau, Singapur, Malaysia und dem chinesischen Festland<\/p>","protected":false},"featured_media":990,"comment_status":"open","ping_status":"closed","template":"","meta":{"inline_featured_image":false},"collection":[2284],"trending_cat":[2390],"product_cat":[17],"product_tag":[103],"class_list":{"0":"post-999","1":"product","2":"type-product","3":"status-publish","4":"has-post-thumbnail","6":"trending_cat-ricordi-leather-bracelet","7":"product_cat-bracelets-cuffs","8":"product_tag-peanuts","10":"first","11":"instock","12":"sale","13":"shipping-taxable","14":"purchasable","15":"product-type-variable"},"yoast_head":"<!-- This site is optimized with the Yoast SEO plugin v23.4 - https:\/\/yoast.com\/wordpress\/plugins\/seo\/ -->\n<title>Crudo Peanuts personalisiertes italienisches Leder geflochtenes Armband - Schwanenwei\u00df<\/title>\n<meta name=\"description\" content=\"Entdecken Sie das Crudo Peanuts-Kooperationsarmband aus italienischem Leder in Schwanenwei\u00df. Hergestellt aus hochwertigem Rindsleder und 316L-Stahl, mit Magnetverschluss, kostenloser Gravur und optionalen Anh\u00e4ngern. Schlicht und elegant, zeigt es frischen Stil.\" \/>\n<meta name=\"robots\" content=\"index, follow, max-snippet:-1, max-image-preview:large, max-video-preview:-1\" \/>\n<link rel=\"canonical\" href=\"https:\/\/crudo-leather.com\/de\/product\/peanuts-customized-italian-leather-wrap-bracelet-swan-white\/\" \/>\n<meta property=\"og:locale\" content=\"en_US\" \/>\n<meta property=\"og:type\" content=\"article\" \/>\n<meta property=\"og:title\" content=\"Crudo Peanuts personalisiertes italienisches Leder geflochtenes Armband - Schwanenwei\u00df\" \/>\n<meta property=\"og:description\" content=\"Entdecken Sie das Crudo Peanuts-Kooperationsarmband aus italienischem Leder in Schwanenwei\u00df. Hergestellt aus hochwertigem Rindsleder und 316L-Stahl, mit Magnetverschluss, kostenloser Gravur und optionalen Anh\u00e4ngern. Schlicht und elegant, zeigt es frischen Stil.\" \/>\n<meta property=\"og:url\" content=\"https:\/\/crudo-leather.com\/product\/peanuts-customized-italian-leather-wrap-bracelet-swan-white\/\" \/>\n<meta property=\"og:site_name\" content=\"Crudo\" \/>\n<meta property=\"article:modified_time\" content=\"2026-02-03T04:06:51+00:00\" \/>\n<meta property=\"og:image\" content=\"https:\/\/crudo-leather.com\/wp-content\/uploads\/2024\/08\/peanuts_wbg_brt01_we.jpg\" \/>\n\t<meta property=\"og:image:width\" content=\"640\" \/>\n\t<meta property=\"og:image:height\" content=\"640\" \/>\n\t<meta property=\"og:image:type\" content=\"image\/jpeg\" \/>\n<meta name=\"twitter:card\" content=\"summary_large_image\" \/>\n<meta name=\"twitter:label1\" content=\"Est. reading time\" \/>\n\t<meta name=\"twitter:data1\" content=\"1 minute\" \/>\n<script type=\"application\/ld+json\" class=\"yoast-schema-graph\">{\"@context\":\"https:\/\/schema.org\",\"@graph\":[{\"@type\":\"WebPage\",\"@id\":\"https:\/\/crudo-leather.com\/product\/peanuts-customized-italian-leather-wrap-bracelet-swan-white\/\",\"url\":\"https:\/\/crudo-leather.com\/product\/peanuts-customized-italian-leather-wrap-bracelet-swan-white\/\",\"name\":\"Peanuts Customized Italian Leather Wrap Bracelet - Swan White\",\"isPartOf\":{\"@id\":\"https:\/\/crudo-leather.com\/#website\"},\"primaryImageOfPage\":{\"@id\":\"https:\/\/crudo-leather.com\/product\/peanuts-customized-italian-leather-wrap-bracelet-swan-white\/#primaryimage\"},\"image\":{\"@id\":\"https:\/\/crudo-leather.com\/product\/peanuts-customized-italian-leather-wrap-bracelet-swan-white\/#primaryimage\"},\"thumbnailUrl\":\"https:\/\/crudo-leather.com\/wp-content\/uploads\/2024\/08\/peanuts_wbg_brt01_we.jpg\",\"datePublished\":\"2024-08-01T04:40:10+00:00\",\"dateModified\":\"2026-02-03T04:06:51+00:00\",\"description\":\"Explore officially licensed Peanuts customized Italian leather wrap bracelet in swan white. Free engraving & luxury gift box. A unique accessory. Shop now!\",\"breadcrumb\":{\"@id\":\"https:\/\/crudo-leather.com\/product\/peanuts-customized-italian-leather-wrap-bracelet-swan-white\/#breadcrumb\"},\"inLanguage\":\"en-US\",\"potentialAction\":[{\"@type\":\"ReadAction\",\"target\":[\"https:\/\/crudo-leather.com\/product\/peanuts-customized-italian-leather-wrap-bracelet-swan-white\/\"]}]},{\"@type\":\"ImageObject\",\"inLanguage\":\"en-US\",\"@id\":\"https:\/\/crudo-leather.com\/product\/peanuts-customized-italian-leather-wrap-bracelet-swan-white\/#primaryimage\",\"url\":\"https:\/\/crudo-leather.com\/wp-content\/uploads\/2024\/08\/peanuts_wbg_brt01_we.jpg\",\"contentUrl\":\"https:\/\/crudo-leather.com\/wp-content\/uploads\/2024\/08\/peanuts_wbg_brt01_we.jpg\",\"width\":640,\"height\":640},{\"@type\":\"BreadcrumbList\",\"@id\":\"https:\/\/crudo-leather.com\/product\/peanuts-customized-italian-leather-wrap-bracelet-swan-white\/#breadcrumb\",\"itemListElement\":[{\"@type\":\"ListItem\",\"position\":1,\"name\":\"Shop\",\"item\":\"https:\/\/crudo-leather.com\/shop\/\"},{\"@type\":\"ListItem\",\"position\":2,\"name\":\"Snoopy Customized Italian Leather Wrap Bracelet\"}]},{\"@type\":\"WebSite\",\"@id\":\"https:\/\/crudo-leather.com\/#website\",\"url\":\"https:\/\/crudo-leather.com\/\",\"name\":\"Crudo\",\"description\":\"\",\"potentialAction\":[{\"@type\":\"SearchAction\",\"target\":{\"@type\":\"EntryPoint\",\"urlTemplate\":\"https:\/\/crudo-leather.com\/?s={search_term_string}\"},\"query-input\":{\"@type\":\"PropertyValueSpecification\",\"valueRequired\":true,\"valueName\":\"search_term_string\"}}],\"inLanguage\":\"en-US\"}]}<\/script>\n<!-- \/ Yoast SEO plugin. -->","yoast_head_json":{"title":"Crudo Peanuts personalisiertes italienisches Leder geflochtenes Armband - Schwanenwei\u00df","description":"Entdecken Sie das Crudo Peanuts-Kooperationsarmband aus italienischem Leder in Schwanenwei\u00df. Hergestellt aus hochwertigem Rindsleder und 316L-Stahl, mit Magnetverschluss, kostenloser Gravur und optionalen Anh\u00e4ngern. Schlicht und elegant, zeigt es frischen Stil.","robots":{"index":"index","follow":"follow","max-snippet":"max-snippet:-1","max-image-preview":"max-image-preview:large","max-video-preview":"max-video-preview:-1"},"canonical":"https:\/\/crudo-leather.com\/de\/product\/peanuts-customized-italian-leather-wrap-bracelet-swan-white\/","og_locale":"en_US","og_type":"article","og_title":"Crudo Peanuts personalisiertes italienisches Leder geflochtenes Armband - Schwanenwei\u00df","og_description":"Entdecken Sie das Crudo Peanuts-Kooperationsarmband aus italienischem Leder in Schwanenwei\u00df. Hergestellt aus hochwertigem Rindsleder und 316L-Stahl, mit Magnetverschluss, kostenloser Gravur und optionalen Anh\u00e4ngern. Schlicht und elegant, zeigt es frischen Stil.","og_url":"https:\/\/crudo-leather.com\/product\/peanuts-customized-italian-leather-wrap-bracelet-swan-white\/","og_site_name":"Crudo","article_modified_time":"2026-02-03T04:06:51+00:00","og_image":[{"width":640,"height":640,"url":"https:\/\/crudo-leather.com\/wp-content\/uploads\/2024\/08\/peanuts_wbg_brt01_we.jpg","type":"image\/jpeg"}],"twitter_card":"summary_large_image","twitter_misc":{"Est. reading time":"1 minute"},"schema":{"@context":"https:\/\/schema.org","@graph":[{"@type":"WebPage","@id":"https:\/\/crudo-leather.com\/product\/peanuts-customized-italian-leather-wrap-bracelet-swan-white\/","url":"https:\/\/crudo-leather.com\/product\/peanuts-customized-italian-leather-wrap-bracelet-swan-white\/","name":"Peanuts Customized Italian Leather Wrap Bracelet - Swan White","isPartOf":{"@id":"https:\/\/crudo-leather.com\/#website"},"primaryImageOfPage":{"@id":"https:\/\/crudo-leather.com\/product\/peanuts-customized-italian-leather-wrap-bracelet-swan-white\/#primaryimage"},"image":{"@id":"https:\/\/crudo-leather.com\/product\/peanuts-customized-italian-leather-wrap-bracelet-swan-white\/#primaryimage"},"thumbnailUrl":"https:\/\/crudo-leather.com\/wp-content\/uploads\/2024\/08\/peanuts_wbg_brt01_we.jpg","datePublished":"2024-08-01T04:40:10+00:00","dateModified":"2026-02-03T04:06:51+00:00","description":"Explore officially licensed Peanuts customized Italian leather wrap bracelet in swan white. Free engraving & luxury gift box. A unique accessory. Shop now!","breadcrumb":{"@id":"https:\/\/crudo-leather.com\/product\/peanuts-customized-italian-leather-wrap-bracelet-swan-white\/#breadcrumb"},"inLanguage":"en-US","potentialAction":[{"@type":"ReadAction","target":["https:\/\/crudo-leather.com\/product\/peanuts-customized-italian-leather-wrap-bracelet-swan-white\/"]}]},{"@type":"ImageObject","inLanguage":"en-US","@id":"https:\/\/crudo-leather.com\/product\/peanuts-customized-italian-leather-wrap-bracelet-swan-white\/#primaryimage","url":"https:\/\/crudo-leather.com\/wp-content\/uploads\/2024\/08\/peanuts_wbg_brt01_we.jpg","contentUrl":"https:\/\/crudo-leather.com\/wp-content\/uploads\/2024\/08\/peanuts_wbg_brt01_we.jpg","width":640,"height":640},{"@type":"BreadcrumbList","@id":"https:\/\/crudo-leather.com\/product\/peanuts-customized-italian-leather-wrap-bracelet-swan-white\/#breadcrumb","itemListElement":[{"@type":"ListItem","position":1,"name":"Shop","item":"https:\/\/crudo-leather.com\/shop\/"},{"@type":"ListItem","position":2,"name":"Snoopy Customized Italian Leather Wrap Bracelet"}]},{"@type":"WebSite","@id":"https:\/\/crudo-leather.com\/#website","url":"https:\/\/crudo-leather.com\/","name":"Crudo","description":"","potentialAction":[{"@type":"SearchAction","target":{"@type":"EntryPoint","urlTemplate":"https:\/\/crudo-leather.com\/?s={search_term_string}"},"query-input":{"@type":"PropertyValueSpecification","valueRequired":true,"valueName":"search_term_string"}}],"inLanguage":"en-US"}]}},"_links":{"self":[{"href":"https:\/\/crudo-leather.com\/de\/wp-json\/wp\/v2\/product\/999"}],"collection":[{"href":"https:\/\/crudo-leather.com\/de\/wp-json\/wp\/v2\/product"}],"about":[{"href":"https:\/\/crudo-leather.com\/de\/wp-json\/wp\/v2\/types\/product"}],"replies":[{"embeddable":true,"href":"https:\/\/crudo-leather.com\/de\/wp-json\/wp\/v2\/comments?post=999"}],"wp:featuredmedia":[{"embeddable":true,"href":"https:\/\/crudo-leather.com\/de\/wp-json\/wp\/v2\/media\/990"}],"wp:attachment":[{"href":"https:\/\/crudo-leather.com\/de\/wp-json\/wp\/v2\/media?parent=999"}],"wp:term":[{"taxonomy":"collection","embeddable":true,"href":"https:\/\/crudo-leather.com\/de\/wp-json\/wp\/v2\/collection?post=999"},{"taxonomy":"trending_cat","embeddable":true,"href":"https:\/\/crudo-leather.com\/de\/wp-json\/wp\/v2\/trending_cat?post=999"},{"taxonomy":"product_cat","embeddable":true,"href":"https:\/\/crudo-leather.com\/de\/wp-json\/wp\/v2\/product_cat?post=999"},{"taxonomy":"product_tag","embeddable":true,"href":"https:\/\/crudo-leather.com\/de\/wp-json\/wp\/v2\/product_tag?post=999"}],"curies":[{"name":"wp","href":"https:\/\/api.w.org\/{rel}","templated":true}]}}